{"id":153618,"date":"2025-03-27T12:31:58","date_gmt":"2025-03-27T12:31:58","guid":{"rendered":"https:\/\/cuadrossils.com\/?page_id=153618"},"modified":"2025-04-11T10:23:03","modified_gmt":"2025-04-11T10:23:03","slug":"proceso-de-registro-y-compra","status":"publish","type":"page","link":"https:\/\/cuadrossils.com\/es_mx\/proceso-de-registro-y-compra\/","title":{"rendered":"Proceso de registro y compra"},"content":{"rendered":"<div data-elementor-type=\"wp-page\" data-elementor-id=\"153618\" class=\"elementor elementor-153618\" data-elementor-post-type=\"page\">\n\t\t\t\t<div class=\"elementor-element elementor-element-6295c85 e-flex e-con-boxed e-con e-parent\" data-id=\"6295c85\" data-element_type=\"container\">\n\t\t\t\t\t<div class=\"e-con-inner\">\n\t\t\t\t<div class=\"elementor-element elementor-element-82d8d51 elementor-widget-divider--view-line elementor-widget elementor-widget-divider\" data-id=\"82d8d51\" data-element_type=\"widget\" data-widget_type=\"divider.default\">\n\t\t\t\t<div class=\"elementor-widget-container\">\n\t\t\t\t\t<div class=\"elementor-divider\">\n\t\t\t<span class=\"elementor-divider-separator\">\n\t\t\t\t\t\t<\/span>\n\t\t<\/div>\n\t\t\t\t<\/div>\n\t\t\t\t<\/div>\n\t\t<div class=\"elementor-element elementor-element-5002a76 e-con-full e-flex e-con e-child\" data-id=\"5002a76\" data-element_type=\"container\">\n\t\t\t\t<div class=\"elementor-element elementor-element-c551b82 elementor-widget elementor-widget-heading\" data-id=\"c551b82\" data-element_type=\"widget\" data-widget_type=\"heading.default\">\n\t\t\t\t<div class=\"elementor-widget-container\">\n\t\t\t<h2 class=\"elementor-heading-title elementor-size-default\">PROCESO DE REGISTRO Y COMPRA<\/h2>\t\t<\/div>\n\t\t\t\t<\/div>\n\t\t\t\t<div class=\"elementor-element elementor-element-94767e0 elementor-widget-divider--view-line elementor-widget elementor-widget-divider\" data-id=\"94767e0\" data-element_type=\"widget\" data-widget_type=\"divider.default\">\n\t\t\t\t<div class=\"elementor-widget-container\">\n\t\t\t\t\t<div class=\"elementor-divider\">\n\t\t\t<span class=\"elementor-divider-separator\">\n\t\t\t\t\t\t<\/span>\n\t\t<\/div>\n\t\t\t\t<\/div>\n\t\t\t\t<\/div>\n\t\t\t\t<\/div>\n\t\t\t\t\t<\/div>\n\t\t\t\t<\/div>\n\t\t<div class=\"elementor-element elementor-element-7ba8423 e-flex e-con-boxed e-con e-parent\" data-id=\"7ba8423\" data-element_type=\"container\">\n\t\t\t\t\t<div class=\"e-con-inner\">\n\t\t\t\t<div class=\"elementor-element elementor-element-e8de86c elementor-widget elementor-widget-text-editor\" data-id=\"e8de86c\" data-element_type=\"widget\" data-widget_type=\"text-editor.default\">\n\t\t\t\t<div class=\"elementor-widget-container\">\n\t\t\t\t\t\t\t<h4 style=\"font-weight: 400\"><span style=\"color: #b39e8f\">En nuestra plataforma, ofrecemos un servicio exclusivo para clientes profesionales, brindando una experiencia de compra eficiente y personalizada. A continuaci\u00f3n, te explicamos los pasos para registrarte y realizar pedidos de nuestras obras.<\/span><\/h4><ol><li style=\"font-weight: 400\"><h5><strong> Registro y Aprobaci\u00f3n<\/strong><\/h5><\/li><\/ol><p style=\"font-weight: 400\">Para acceder a nuestro servicio de compra y postventa, es necesario registrarse como cliente profesional.<\/p><p style=\"font-weight: 400\">Para ello, solo tienes que completar el formulario de solicitud con tus datos profesionales. En un plazo de 24 a 48 horas revisaremos tu solicitud y activaremos tu cuenta. Una vez aprobada, podr\u00e1s:<\/p><ul style=\"font-weight: 400\"><li>Realizar pedidos de obras directamente desde nuestra web.<\/li><li>Tener una cuenta donde poder guardar tus propias composiciones, compartirlas, crear tu lista de deseos y consultar tus pedidos.<\/li><li>Acceder a nuestro servicio postventa.<\/li><\/ul><ol start=\"2\"><li style=\"font-weight: 400\"><h5><strong> Asesoramiento y Selecci\u00f3n del Producto<\/strong><\/h5><\/li><\/ol><p style=\"font-weight: 400\">Sabemos que cada proyecto es \u00fanico. Por eso, nuestro equipo te brinda asesoramiento personalizado para ayudarte a encontrar las obras que mejor se adapten a tus necesidades. Contamos con cinco cat\u00e1logos variados para ofrecerte la mejor selecci\u00f3n de productos.<\/p><ol start=\"3\"><li style=\"font-weight: 400\"><h5><strong> Primeros Pedidos con Asistencia<\/strong><\/h5><\/li><\/ol><p style=\"font-weight: 400\">Para facilitar tu experiencia de compra, nuestro equipo estar\u00e1 disponible para guiarte en tus primeros pedidos en la web, asegurando que el proceso sea \u00e1gil y sencillo.<\/p><ol start=\"4\"><li style=\"font-weight: 400\"><h5><strong> Formas de Pago<\/strong><\/h5><\/li><\/ol><p style=\"font-weight: 400\">Una vez registrado, nos pondremos en contacto contigo, en caso de ser un nuevo cliente, para establecer la forma de pago mas conveniente.<\/p><ol start=\"5\"><li style=\"font-weight: 400\"><h5><strong> Env\u00edo y Plazos de Entrega<\/strong><\/h5><\/li><\/ol><p style=\"font-weight: 400\">Trabajamos con mensajer\u00eda r\u00e1pida para garantizar que tu pedido llegue en un plazo de 24 a 48 horas desde el env\u00edo de la mercanc\u00eda. Nuestros tiempos de producci\u00f3n y entrega var\u00edan entre 10 y 30 d\u00edas, dependiendo de la colecci\u00f3n seleccionada.<\/p><ol start=\"6\"><li style=\"font-weight: 400\"><h5><strong> Servicio Postventa: Siempre a tu Lado<\/strong><\/h5><\/li><\/ol><p style=\"font-weight: 400\">Para nosotros, la relaci\u00f3n con nuestros clientes no termina con la compra. Sabemos que pueden surgir dudas o necesidades despu\u00e9s de recibir tu pedido, y estamos aqu\u00ed para ayudarte. Si necesitas gestionar cualquier incidencia, resolver preguntas o simplemente recibir asesoramiento adicional, nuestro equipo estar\u00e1 disponible para atenderte.<\/p>\t\t\t\t\t\t<\/div>\n\t\t\t\t<\/div>\n\t\t\t\t\t<\/div>\n\t\t\t\t<\/div>\n\t\t<div class=\"elementor-element elementor-element-c42ea79 e-flex e-con-boxed e-con e-parent\" data-id=\"c42ea79\" data-element_type=\"container\">\n\t\t\t\t\t<div class=\"e-con-inner\">\n\t\t\t\t<div class=\"elementor-element elementor-element-c79da2f elementor-align-center elementor-widget elementor-widget-button\" data-id=\"c79da2f\" data-element_type=\"widget\" data-widget_type=\"button.default\">\n\t\t\t\t<div class=\"elementor-widget-container\">\n\t\t\t\t\t<div class=\"elementor-button-wrapper\">\n\t\t\t<a class=\"elementor-button elementor-button-link elementor-size-sm elementor-animation-grow\" href=\"https:\/\/cuadrossils.com\/es_mx\/mi-cuenta\/\">\n\t\t\t\t\t\t<span class=\"elementor-button-content-wrapper\">\n\t\t\t\t\t\t\t\t\t<span class=\"elementor-button-text\">REG\u00cdSTRATE AQU\u00cd<\/span>\n\t\t\t\t\t<\/span>\n\t\t\t\t\t<\/a>\n\t\t<\/div>\n\t\t\t\t<\/div>\n\t\t\t\t<\/div>\n\t\t\t\t\t<\/div>\n\t\t\t\t<\/div>\n\t\t\t\t<\/div>","protected":false},"excerpt":{"rendered":"<p>PROCESO DE REGISTRO Y COMPRA En nuestra plataforma, ofrecemos un servicio exclusivo para clientes profesionales, brindando una experiencia de compra eficiente y personalizada. A continuaci\u00f3n, te explicamos los pasos para registrarte y realizar pedidos de nuestras obras. Registro y Aprobaci\u00f3n Para acceder a nuestro servicio de compra y postventa, es necesario registrarse como cliente profesional. [&hellip;]<\/p>","protected":false},"author":3,"featured_media":0,"parent":0,"menu_order":0,"comment_status":"closed","ping_status":"closed","template":"","meta":{"_acf_changed":false,"footnotes":""},"class_list":["post-153618","page","type-page","status-publish","hentry"],"acf":[],"yoast_head":"<!-- This site is optimized with the Yoast SEO plugin v24.8.1 - https:\/\/yoast.com\/wordpress\/plugins\/seo\/ -->\n<title>Proceso de registro y compra - Cuadros Sils<\/title>\n<meta name=\"robots\" content=\"index, follow, max-snippet:-1, max-image-preview:large, max-video-preview:-1\" \/>\n<link rel=\"canonical\" href=\"https:\/\/cuadrossils.com\/es_mx\/proceso-de-registro-y-compra\/\" \/>\n<meta property=\"og:locale\" content=\"es_MX\" \/>\n<meta property=\"og:type\" content=\"article\" \/>\n<meta property=\"og:title\" content=\"Proceso de registro y compra - Cuadros Sils\" \/>\n<meta property=\"og:description\" content=\"PROCESO DE REGISTRO Y COMPRA En nuestra plataforma, ofrecemos un servicio exclusivo para clientes profesionales, brindando una experiencia de compra eficiente y personalizada. A continuaci\u00f3n, te explicamos los pasos para registrarte y realizar pedidos de nuestras obras. Registro y Aprobaci\u00f3n Para acceder a nuestro servicio de compra y postventa, es necesario registrarse como cliente profesional. [&hellip;]\" \/>\n<meta property=\"og:url\" content=\"https:\/\/cuadrossils.com\/es_mx\/proceso-de-registro-y-compra\/\" \/>\n<meta property=\"og:site_name\" content=\"Cuadros Sils\" \/>\n<meta property=\"article:modified_time\" content=\"2025-04-11T10:23:03+00:00\" \/>\n<meta property=\"og:image\" content=\"https:\/\/cuadrossils.com\/wp-content\/uploads\/2025\/03\/901B21-A-2.jpg\" \/>\n\t<meta property=\"og:image:width\" content=\"1182\" \/>\n\t<meta property=\"og:image:height\" content=\"946\" \/>\n\t<meta property=\"og:image:type\" content=\"image\/jpeg\" \/>\n<meta name=\"twitter:card\" content=\"summary_large_image\" \/>\n<meta name=\"twitter:label1\" content=\"Tiempo de lectura\" \/>\n\t<meta name=\"twitter:data1\" content=\"2 minutos\" \/>\n<script type=\"application\/ld+json\" class=\"yoast-schema-graph\">{\"@context\":\"https:\/\/schema.org\",\"@graph\":[{\"@type\":\"WebPage\",\"@id\":\"https:\/\/cuadrossils.com\/proceso-de-registro-y-compra\/\",\"url\":\"https:\/\/cuadrossils.com\/proceso-de-registro-y-compra\/\",\"name\":\"Proceso de registro y compra - Cuadros Sils\",\"isPartOf\":{\"@id\":\"https:\/\/cuadrossils.com\/#website\"},\"datePublished\":\"2025-03-27T12:31:58+00:00\",\"dateModified\":\"2025-04-11T10:23:03+00:00\",\"breadcrumb\":{\"@id\":\"https:\/\/cuadrossils.com\/proceso-de-registro-y-compra\/#breadcrumb\"},\"inLanguage\":\"es\",\"potentialAction\":[{\"@type\":\"ReadAction\",\"target\":[\"https:\/\/cuadrossils.com\/proceso-de-registro-y-compra\/\"]}]},{\"@type\":\"BreadcrumbList\",\"@id\":\"https:\/\/cuadrossils.com\/proceso-de-registro-y-compra\/#breadcrumb\",\"itemListElement\":[{\"@type\":\"ListItem\",\"position\":1,\"name\":\"Home\",\"item\":\"https:\/\/cuadrossils.com\/\"},{\"@type\":\"ListItem\",\"position\":2,\"name\":\"Proceso de registro y compra\"}]},{\"@type\":\"WebSite\",\"@id\":\"https:\/\/cuadrossils.com\/#website\",\"url\":\"https:\/\/cuadrossils.com\/\",\"name\":\"Cuadros Sils\",\"description\":\"Cuadros Modernos Online\",\"publisher\":{\"@id\":\"https:\/\/cuadrossils.com\/#organization\"},\"potentialAction\":[{\"@type\":\"SearchAction\",\"target\":{\"@type\":\"EntryPoint\",\"urlTemplate\":\"https:\/\/cuadrossils.com\/?s={search_term_string}\"},\"query-input\":{\"@type\":\"PropertyValueSpecification\",\"valueRequired\":true,\"valueName\":\"search_term_string\"}}],\"inLanguage\":\"es\"},{\"@type\":\"Organization\",\"@id\":\"https:\/\/cuadrossils.com\/#organization\",\"name\":\"Cuadros Sils\",\"url\":\"https:\/\/cuadrossils.com\/\",\"logo\":{\"@type\":\"ImageObject\",\"inLanguage\":\"es\",\"@id\":\"https:\/\/cuadrossils.com\/#\/schema\/logo\/image\/\",\"url\":\"https:\/\/cuadrossils.com\/wp-content\/uploads\/2025\/11\/logotipo_cuadros_sils.png\",\"contentUrl\":\"https:\/\/cuadrossils.com\/wp-content\/uploads\/2025\/11\/logotipo_cuadros_sils.png\",\"width\":500,\"height\":122,\"caption\":\"Cuadros Sils\"},\"image\":{\"@id\":\"https:\/\/cuadrossils.com\/#\/schema\/logo\/image\/\"}}]}<\/script>\n<!-- \/ Yoast SEO plugin. -->","yoast_head_json":{"title":"Proceso de registro y compra - Cuadros Sils","robots":{"index":"index","follow":"follow","max-snippet":"max-snippet:-1","max-image-preview":"max-image-preview:large","max-video-preview":"max-video-preview:-1"},"canonical":"https:\/\/cuadrossils.com\/es_mx\/proceso-de-registro-y-compra\/","og_locale":"es_MX","og_type":"article","og_title":"Proceso de registro y compra - Cuadros Sils","og_description":"PROCESO DE REGISTRO Y COMPRA En nuestra plataforma, ofrecemos un servicio exclusivo para clientes profesionales, brindando una experiencia de compra eficiente y personalizada. A continuaci\u00f3n, te explicamos los pasos para registrarte y realizar pedidos de nuestras obras. Registro y Aprobaci\u00f3n Para acceder a nuestro servicio de compra y postventa, es necesario registrarse como cliente profesional. [&hellip;]","og_url":"https:\/\/cuadrossils.com\/es_mx\/proceso-de-registro-y-compra\/","og_site_name":"Cuadros Sils","article_modified_time":"2025-04-11T10:23:03+00:00","og_image":[{"width":1182,"height":946,"url":"https:\/\/cuadrossils.com\/wp-content\/uploads\/2025\/03\/901B21-A-2.jpg","type":"image\/jpeg"}],"twitter_card":"summary_large_image","twitter_misc":{"Tiempo de lectura":"2 minutos"},"schema":{"@context":"https:\/\/schema.org","@graph":[{"@type":"WebPage","@id":"https:\/\/cuadrossils.com\/proceso-de-registro-y-compra\/","url":"https:\/\/cuadrossils.com\/proceso-de-registro-y-compra\/","name":"Proceso de registro y compra - Cuadros Sils","isPartOf":{"@id":"https:\/\/cuadrossils.com\/#website"},"datePublished":"2025-03-27T12:31:58+00:00","dateModified":"2025-04-11T10:23:03+00:00","breadcrumb":{"@id":"https:\/\/cuadrossils.com\/proceso-de-registro-y-compra\/#breadcrumb"},"inLanguage":"es","potentialAction":[{"@type":"ReadAction","target":["https:\/\/cuadrossils.com\/proceso-de-registro-y-compra\/"]}]},{"@type":"BreadcrumbList","@id":"https:\/\/cuadrossils.com\/proceso-de-registro-y-compra\/#breadcrumb","itemListElement":[{"@type":"ListItem","position":1,"name":"Home","item":"https:\/\/cuadrossils.com\/"},{"@type":"ListItem","position":2,"name":"Proceso de registro y compra"}]},{"@type":"WebSite","@id":"https:\/\/cuadrossils.com\/#website","url":"https:\/\/cuadrossils.com\/","name":"Cuadros Sils","description":"Cuadros Modernos Online","publisher":{"@id":"https:\/\/cuadrossils.com\/#organization"},"potentialAction":[{"@type":"SearchAction","target":{"@type":"EntryPoint","urlTemplate":"https:\/\/cuadrossils.com\/?s={search_term_string}"},"query-input":{"@type":"PropertyValueSpecification","valueRequired":true,"valueName":"search_term_string"}}],"inLanguage":"es"},{"@type":"Organization","@id":"https:\/\/cuadrossils.com\/#organization","name":"Cuadros Sils","url":"https:\/\/cuadrossils.com\/","logo":{"@type":"ImageObject","inLanguage":"es","@id":"https:\/\/cuadrossils.com\/#\/schema\/logo\/image\/","url":"https:\/\/cuadrossils.com\/wp-content\/uploads\/2025\/11\/logotipo_cuadros_sils.png","contentUrl":"https:\/\/cuadrossils.com\/wp-content\/uploads\/2025\/11\/logotipo_cuadros_sils.png","width":500,"height":122,"caption":"Cuadros Sils"},"image":{"@id":"https:\/\/cuadrossils.com\/#\/schema\/logo\/image\/"}}]}},"_links":{"self":[{"href":"https:\/\/cuadrossils.com\/es_mx\/wp-json\/wp\/v2\/pages\/153618","targetHints":{"allow":["GET"]}}],"collection":[{"href":"https:\/\/cuadrossils.com\/es_mx\/wp-json\/wp\/v2\/pages"}],"about":[{"href":"https:\/\/cuadrossils.com\/es_mx\/wp-json\/wp\/v2\/types\/page"}],"author":[{"embeddable":true,"href":"https:\/\/cuadrossils.com\/es_mx\/wp-json\/wp\/v2\/users\/3"}],"replies":[{"embeddable":true,"href":"https:\/\/cuadrossils.com\/es_mx\/wp-json\/wp\/v2\/comments?post=153618"}],"version-history":[{"count":29,"href":"https:\/\/cuadrossils.com\/es_mx\/wp-json\/wp\/v2\/pages\/153618\/revisions"}],"predecessor-version":[{"id":154019,"href":"https:\/\/cuadrossils.com\/es_mx\/wp-json\/wp\/v2\/pages\/153618\/revisions\/154019"}],"wp:attachment":[{"href":"https:\/\/cuadrossils.com\/es_mx\/wp-json\/wp\/v2\/media?parent=153618"}],"curies":[{"name":"wp","href":"https:\/\/api.w.org\/{rel}","templated":true}]}}