{"id":154245,"date":"2025-04-29T08:29:45","date_gmt":"2025-04-29T08:29:45","guid":{"rendered":"https:\/\/cuadrossils.com\/?page_id=154245"},"modified":"2025-04-29T09:58:06","modified_gmt":"2025-04-29T09:58:06","slug":"tutorial-crea-tu-pared","status":"publish","type":"page","link":"https:\/\/cuadrossils.com\/es_mx\/tutorial-crea-tu-pared\/","title":{"rendered":"TUTORIAL"},"content":{"rendered":"<div data-elementor-type=\"wp-page\" data-elementor-id=\"154245\" class=\"elementor elementor-154245\" data-elementor-post-type=\"page\">\n\t\t\t\t<div class=\"elementor-element elementor-element-334ad7f e-flex e-con-boxed e-con e-parent\" data-id=\"334ad7f\" data-element_type=\"container\">\n\t\t\t\t\t<div class=\"e-con-inner\">\n\t\t\t\t<div class=\"elementor-element elementor-element-b01716f elementor-widget-divider--view-line elementor-widget elementor-widget-divider\" data-id=\"b01716f\" data-element_type=\"widget\" data-widget_type=\"divider.default\">\n\t\t\t\t<div class=\"elementor-widget-container\">\n\t\t\t\t\t<div class=\"elementor-divider\">\n\t\t\t<span class=\"elementor-divider-separator\">\n\t\t\t\t\t\t<\/span>\n\t\t<\/div>\n\t\t\t\t<\/div>\n\t\t\t\t<\/div>\n\t\t\t\t\t<\/div>\n\t\t\t\t<\/div>\n\t\t<div class=\"elementor-element elementor-element-f6b828d e-flex e-con-boxed e-con e-parent\" data-id=\"f6b828d\" data-element_type=\"container\">\n\t\t\t\t\t<div class=\"e-con-inner\">\n\t\t\t\t<div class=\"elementor-element elementor-element-d33a2e1 elementor-widget elementor-widget-heading\" data-id=\"d33a2e1\" data-element_type=\"widget\" data-widget_type=\"heading.default\">\n\t\t\t\t<div class=\"elementor-widget-container\">\n\t\t\t<h2 class=\"elementor-heading-title elementor-size-default\">Tutorial Crea tu Pared<\/h2>\t\t<\/div>\n\t\t\t\t<\/div>\n\t\t\t\t<div class=\"elementor-element elementor-element-6c51469 elementor-widget-divider--view-line elementor-widget elementor-widget-divider\" data-id=\"6c51469\" data-element_type=\"widget\" data-widget_type=\"divider.default\">\n\t\t\t\t<div class=\"elementor-widget-container\">\n\t\t\t\t\t<div class=\"elementor-divider\">\n\t\t\t<span class=\"elementor-divider-separator\">\n\t\t\t\t\t\t<\/span>\n\t\t<\/div>\n\t\t\t\t<\/div>\n\t\t\t\t<\/div>\n\t\t\t\t\t<\/div>\n\t\t\t\t<\/div>\n\t\t\t\t<section class=\"elementor-section elementor-top-section elementor-element elementor-element-4051870 animated-slow elementor-section-boxed elementor-section-height-default elementor-section-height-default elementor-invisible\" data-id=\"4051870\" data-element_type=\"section\" data-settings=\"{&quot;animation&quot;:&quot;fadeIn&quot;}\">\n\t\t\t\t\t\t<div class=\"elementor-container elementor-column-gap-default\">\n\t\t\t\t\t<div class=\"elementor-column elementor-col-100 elementor-top-column elementor-element elementor-element-3cb40fa\" data-id=\"3cb40fa\" data-element_type=\"column\">\n\t\t\t<div class=\"elementor-widget-wrap elementor-element-populated\">\n\t\t\t\t\t\t<div class=\"elementor-element elementor-element-efaf5f2 elementor-widget elementor-widget-text-editor\" data-id=\"efaf5f2\" data-element_type=\"widget\" data-widget_type=\"text-editor.default\">\n\t\t\t\t<div class=\"elementor-widget-container\">\n\t\t\t\t\t\t\t<p>A continuaci\u00f3n compartimos un video explicativo de como utilizar nuestra herramienta de creaci\u00f3n de composiciones con l\u00e1minas de nuestra colecci\u00f3n Q4attro en la secci\u00f3n \u00abCrea tu Pared\u00bb.<\/p>\t\t\t\t\t\t<\/div>\n\t\t\t\t<\/div>\n\t\t\t\t\t<\/div>\n\t\t<\/div>\n\t\t\t\t\t<\/div>\n\t\t<\/section>\n\t\t<div class=\"elementor-element elementor-element-5379045 e-flex e-con-boxed e-con e-parent\" data-id=\"5379045\" data-element_type=\"container\">\n\t\t\t\t\t<div class=\"e-con-inner\">\n\t\t\t\t<div class=\"elementor-element elementor-element-2d31ab8 elementor-widget elementor-widget-video\" data-id=\"2d31ab8\" data-element_type=\"widget\" data-settings=\"{&quot;video_type&quot;:&quot;hosted&quot;,&quot;controls&quot;:&quot;yes&quot;}\" data-widget_type=\"video.default\">\n\t\t\t\t<div class=\"elementor-widget-container\">\n\t\t\t\t\t<div class=\"e-hosted-video elementor-wrapper elementor-open-inline\">\n\t\t\t\t\t<video class=\"elementor-video\" src=\"https:\/\/cuadrossils.com\/wp-content\/uploads\/2025\/04\/Tutorial-Crea-tu-Pared-2.mp4\" controls=\"\" preload=\"metadata\" controlslist=\"nodownload\"><\/video>\n\t\t\t\t<\/div>\n\t\t\t\t<\/div>\n\t\t\t\t<\/div>\n\t\t\t\t\t<\/div>\n\t\t\t\t<\/div>\n\t\t\t\t<\/div>","protected":false},"excerpt":{"rendered":"<p>Tutorial Crea tu Pared A continuaci\u00f3n compartimos un video explicativo de como utilizar nuestra herramienta de creaci\u00f3n de composiciones con l\u00e1minas de nuestra colecci\u00f3n Q4attro en la secci\u00f3n \u00abCrea tu Pared\u00bb. https:\/\/cuadrossils.com\/wp-content\/uploads\/2025\/04\/Tutorial-Crea-tu-Pared-2.mp4<\/p>","protected":false},"author":3,"featured_media":0,"parent":0,"menu_order":0,"comment_status":"closed","ping_status":"closed","template":"","meta":{"_acf_changed":false,"footnotes":""},"class_list":["post-154245","page","type-page","status-publish","hentry"],"acf":[],"yoast_head":"<!-- This site is optimized with the Yoast SEO plugin v24.8.1 - https:\/\/yoast.com\/wordpress\/plugins\/seo\/ -->\n<title>TUTORIAL - Cuadros Sils<\/title>\n<meta name=\"robots\" content=\"index, follow, max-snippet:-1, max-image-preview:large, max-video-preview:-1\" \/>\n<link rel=\"canonical\" href=\"https:\/\/cuadrossils.com\/es_mx\/tutorial-crea-tu-pared\/\" \/>\n<meta property=\"og:locale\" content=\"es_MX\" \/>\n<meta property=\"og:type\" content=\"article\" \/>\n<meta property=\"og:title\" content=\"TUTORIAL - Cuadros Sils\" \/>\n<meta property=\"og:description\" content=\"Tutorial Crea tu Pared A continuaci\u00f3n compartimos un video explicativo de como utilizar nuestra herramienta de creaci\u00f3n de composiciones con l\u00e1minas de nuestra colecci\u00f3n Q4attro en la secci\u00f3n \u00abCrea tu Pared\u00bb. https:\/\/cuadrossils.com\/wp-content\/uploads\/2025\/04\/Tutorial-Crea-tu-Pared-2.mp4\" \/>\n<meta property=\"og:url\" content=\"https:\/\/cuadrossils.com\/es_mx\/tutorial-crea-tu-pared\/\" \/>\n<meta property=\"og:site_name\" content=\"Cuadros Sils\" \/>\n<meta property=\"article:modified_time\" content=\"2025-04-29T09:58:06+00:00\" \/>\n<meta property=\"og:image\" content=\"https:\/\/cuadrossils.com\/wp-content\/uploads\/2025\/03\/901B21-A-2.jpg\" \/>\n\t<meta property=\"og:image:width\" content=\"1182\" \/>\n\t<meta property=\"og:image:height\" content=\"946\" \/>\n\t<meta property=\"og:image:type\" content=\"image\/jpeg\" \/>\n<meta name=\"twitter:card\" content=\"summary_large_image\" \/>\n<meta name=\"twitter:label1\" content=\"Tiempo de lectura\" \/>\n\t<meta name=\"twitter:data1\" content=\"1 minuto\" \/>\n<script type=\"application\/ld+json\" class=\"yoast-schema-graph\">{\"@context\":\"https:\/\/schema.org\",\"@graph\":[{\"@type\":\"WebPage\",\"@id\":\"https:\/\/cuadrossils.com\/tutorial-crea-tu-pared\/\",\"url\":\"https:\/\/cuadrossils.com\/tutorial-crea-tu-pared\/\",\"name\":\"TUTORIAL - Cuadros Sils\",\"isPartOf\":{\"@id\":\"https:\/\/cuadrossils.com\/#website\"},\"datePublished\":\"2025-04-29T08:29:45+00:00\",\"dateModified\":\"2025-04-29T09:58:06+00:00\",\"breadcrumb\":{\"@id\":\"https:\/\/cuadrossils.com\/tutorial-crea-tu-pared\/#breadcrumb\"},\"inLanguage\":\"es\",\"potentialAction\":[{\"@type\":\"ReadAction\",\"target\":[\"https:\/\/cuadrossils.com\/tutorial-crea-tu-pared\/\"]}]},{\"@type\":\"BreadcrumbList\",\"@id\":\"https:\/\/cuadrossils.com\/tutorial-crea-tu-pared\/#breadcrumb\",\"itemListElement\":[{\"@type\":\"ListItem\",\"position\":1,\"name\":\"Home\",\"item\":\"https:\/\/cuadrossils.com\/\"},{\"@type\":\"ListItem\",\"position\":2,\"name\":\"TUTORIAL\"}]},{\"@type\":\"WebSite\",\"@id\":\"https:\/\/cuadrossils.com\/#website\",\"url\":\"https:\/\/cuadrossils.com\/\",\"name\":\"Cuadros Sils\",\"description\":\"Cuadros Modernos Online\",\"publisher\":{\"@id\":\"https:\/\/cuadrossils.com\/#organization\"},\"potentialAction\":[{\"@type\":\"SearchAction\",\"target\":{\"@type\":\"EntryPoint\",\"urlTemplate\":\"https:\/\/cuadrossils.com\/?s={search_term_string}\"},\"query-input\":{\"@type\":\"PropertyValueSpecification\",\"valueRequired\":true,\"valueName\":\"search_term_string\"}}],\"inLanguage\":\"es\"},{\"@type\":\"Organization\",\"@id\":\"https:\/\/cuadrossils.com\/#organization\",\"name\":\"Cuadros Sils\",\"url\":\"https:\/\/cuadrossils.com\/\",\"logo\":{\"@type\":\"ImageObject\",\"inLanguage\":\"es\",\"@id\":\"https:\/\/cuadrossils.com\/#\/schema\/logo\/image\/\",\"url\":\"https:\/\/cuadrossils.com\/wp-content\/uploads\/2025\/11\/logotipo_cuadros_sils.png\",\"contentUrl\":\"https:\/\/cuadrossils.com\/wp-content\/uploads\/2025\/11\/logotipo_cuadros_sils.png\",\"width\":500,\"height\":122,\"caption\":\"Cuadros Sils\"},\"image\":{\"@id\":\"https:\/\/cuadrossils.com\/#\/schema\/logo\/image\/\"}}]}<\/script>\n<!-- \/ Yoast SEO plugin. -->","yoast_head_json":{"title":"TUTORIAL - Cuadros Sils","robots":{"index":"index","follow":"follow","max-snippet":"max-snippet:-1","max-image-preview":"max-image-preview:large","max-video-preview":"max-video-preview:-1"},"canonical":"https:\/\/cuadrossils.com\/es_mx\/tutorial-crea-tu-pared\/","og_locale":"es_MX","og_type":"article","og_title":"TUTORIAL - Cuadros Sils","og_description":"Tutorial Crea tu Pared A continuaci\u00f3n compartimos un video explicativo de como utilizar nuestra herramienta de creaci\u00f3n de composiciones con l\u00e1minas de nuestra colecci\u00f3n Q4attro en la secci\u00f3n \u00abCrea tu Pared\u00bb. https:\/\/cuadrossils.com\/wp-content\/uploads\/2025\/04\/Tutorial-Crea-tu-Pared-2.mp4","og_url":"https:\/\/cuadrossils.com\/es_mx\/tutorial-crea-tu-pared\/","og_site_name":"Cuadros Sils","article_modified_time":"2025-04-29T09:58:06+00:00","og_image":[{"width":1182,"height":946,"url":"https:\/\/cuadrossils.com\/wp-content\/uploads\/2025\/03\/901B21-A-2.jpg","type":"image\/jpeg"}],"twitter_card":"summary_large_image","twitter_misc":{"Tiempo de lectura":"1 minuto"},"schema":{"@context":"https:\/\/schema.org","@graph":[{"@type":"WebPage","@id":"https:\/\/cuadrossils.com\/tutorial-crea-tu-pared\/","url":"https:\/\/cuadrossils.com\/tutorial-crea-tu-pared\/","name":"TUTORIAL - Cuadros Sils","isPartOf":{"@id":"https:\/\/cuadrossils.com\/#website"},"datePublished":"2025-04-29T08:29:45+00:00","dateModified":"2025-04-29T09:58:06+00:00","breadcrumb":{"@id":"https:\/\/cuadrossils.com\/tutorial-crea-tu-pared\/#breadcrumb"},"inLanguage":"es","potentialAction":[{"@type":"ReadAction","target":["https:\/\/cuadrossils.com\/tutorial-crea-tu-pared\/"]}]},{"@type":"BreadcrumbList","@id":"https:\/\/cuadrossils.com\/tutorial-crea-tu-pared\/#breadcrumb","itemListElement":[{"@type":"ListItem","position":1,"name":"Home","item":"https:\/\/cuadrossils.com\/"},{"@type":"ListItem","position":2,"name":"TUTORIAL"}]},{"@type":"WebSite","@id":"https:\/\/cuadrossils.com\/#website","url":"https:\/\/cuadrossils.com\/","name":"Cuadros Sils","description":"Cuadros Modernos Online","publisher":{"@id":"https:\/\/cuadrossils.com\/#organization"},"potentialAction":[{"@type":"SearchAction","target":{"@type":"EntryPoint","urlTemplate":"https:\/\/cuadrossils.com\/?s={search_term_string}"},"query-input":{"@type":"PropertyValueSpecification","valueRequired":true,"valueName":"search_term_string"}}],"inLanguage":"es"},{"@type":"Organization","@id":"https:\/\/cuadrossils.com\/#organization","name":"Cuadros Sils","url":"https:\/\/cuadrossils.com\/","logo":{"@type":"ImageObject","inLanguage":"es","@id":"https:\/\/cuadrossils.com\/#\/schema\/logo\/image\/","url":"https:\/\/cuadrossils.com\/wp-content\/uploads\/2025\/11\/logotipo_cuadros_sils.png","contentUrl":"https:\/\/cuadrossils.com\/wp-content\/uploads\/2025\/11\/logotipo_cuadros_sils.png","width":500,"height":122,"caption":"Cuadros Sils"},"image":{"@id":"https:\/\/cuadrossils.com\/#\/schema\/logo\/image\/"}}]}},"_links":{"self":[{"href":"https:\/\/cuadrossils.com\/es_mx\/wp-json\/wp\/v2\/pages\/154245","targetHints":{"allow":["GET"]}}],"collection":[{"href":"https:\/\/cuadrossils.com\/es_mx\/wp-json\/wp\/v2\/pages"}],"about":[{"href":"https:\/\/cuadrossils.com\/es_mx\/wp-json\/wp\/v2\/types\/page"}],"author":[{"embeddable":true,"href":"https:\/\/cuadrossils.com\/es_mx\/wp-json\/wp\/v2\/users\/3"}],"replies":[{"embeddable":true,"href":"https:\/\/cuadrossils.com\/es_mx\/wp-json\/wp\/v2\/comments?post=154245"}],"version-history":[{"count":19,"href":"https:\/\/cuadrossils.com\/es_mx\/wp-json\/wp\/v2\/pages\/154245\/revisions"}],"predecessor-version":[{"id":154283,"href":"https:\/\/cuadrossils.com\/es_mx\/wp-json\/wp\/v2\/pages\/154245\/revisions\/154283"}],"wp:attachment":[{"href":"https:\/\/cuadrossils.com\/es_mx\/wp-json\/wp\/v2\/media?parent=154245"}],"curies":[{"name":"wp","href":"https:\/\/api.w.org\/{rel}","templated":true}]}}