{"id":45134,"date":"2024-07-24T10:10:22","date_gmt":"2024-07-24T10:10:22","guid":{"rendered":"https:\/\/cuadrossils.com\/?page_id=45134"},"modified":"2025-05-12T12:20:35","modified_gmt":"2025-05-12T12:20:35","slug":"trabaja-con-nosotros","status":"publish","type":"page","link":"https:\/\/cuadrossils.com\/es_mx\/trabaja-con-nosotros\/","title":{"rendered":"TRABAJA CON NOSOTROS"},"content":{"rendered":"<div data-elementor-type=\"wp-page\" data-elementor-id=\"45134\" class=\"elementor elementor-45134\" data-elementor-post-type=\"page\">\n\t\t\t\t<div class=\"elementor-element elementor-element-203e52b e-flex e-con-boxed e-con e-parent\" data-id=\"203e52b\" data-element_type=\"container\">\n\t\t\t\t\t<div class=\"e-con-inner\">\n\t\t\t\t<div class=\"elementor-element elementor-element-5b7fc57 elementor-widget-divider--view-line elementor-widget elementor-widget-divider\" data-id=\"5b7fc57\" data-element_type=\"widget\" data-widget_type=\"divider.default\">\n\t\t\t\t<div class=\"elementor-widget-container\">\n\t\t\t\t\t<div class=\"elementor-divider\">\n\t\t\t<span class=\"elementor-divider-separator\">\n\t\t\t\t\t\t<\/span>\n\t\t<\/div>\n\t\t\t\t<\/div>\n\t\t\t\t<\/div>\n\t\t<div class=\"elementor-element elementor-element-1dc6b2c e-con-full e-flex e-con e-child\" data-id=\"1dc6b2c\" data-element_type=\"container\">\n\t\t\t\t<div class=\"elementor-element elementor-element-8004658 elementor-widget elementor-widget-heading\" data-id=\"8004658\" data-element_type=\"widget\" data-widget_type=\"heading.default\">\n\t\t\t\t<div class=\"elementor-widget-container\">\n\t\t\t<h2 class=\"elementor-heading-title elementor-size-default\">TRABAJA CON NOSOTROS<\/h2>\t\t<\/div>\n\t\t\t\t<\/div>\n\t\t\t\t<div class=\"elementor-element elementor-element-ca2d9ca elementor-widget-divider--view-line elementor-widget elementor-widget-divider\" data-id=\"ca2d9ca\" data-element_type=\"widget\" data-widget_type=\"divider.default\">\n\t\t\t\t<div class=\"elementor-widget-container\">\n\t\t\t\t\t<div class=\"elementor-divider\">\n\t\t\t<span class=\"elementor-divider-separator\">\n\t\t\t\t\t\t<\/span>\n\t\t<\/div>\n\t\t\t\t<\/div>\n\t\t\t\t<\/div>\n\t\t\t\t<\/div>\n\t\t\t\t\t<\/div>\n\t\t\t\t<\/div>\n\t\t<div class=\"elementor-element elementor-element-c68dd7f e-flex e-con-boxed e-con e-parent\" data-id=\"c68dd7f\" data-element_type=\"container\">\n\t\t\t\t\t<div class=\"e-con-inner\">\n\t\t\t\t<div class=\"elementor-element elementor-element-fd9852e elementor-align-center elementor-widget elementor-widget-button\" data-id=\"fd9852e\" data-element_type=\"widget\" data-widget_type=\"button.default\">\n\t\t\t\t<div class=\"elementor-widget-container\">\n\t\t\t\t\t<div class=\"elementor-button-wrapper\">\n\t\t\t<a class=\"elementor-button elementor-button-link elementor-size-sm elementor-animation-grow\" href=\"https:\/\/cuadrossils.com\/es_mx\/mi-cuenta\/\">\n\t\t\t\t\t\t<span class=\"elementor-button-content-wrapper\">\n\t\t\t\t\t\t\t\t\t<span class=\"elementor-button-text\">REG\u00cdSTRATE AQU\u00cd<\/span>\n\t\t\t\t\t<\/span>\n\t\t\t\t\t<\/a>\n\t\t<\/div>\n\t\t\t\t<\/div>\n\t\t\t\t<\/div>\n\t\t\t\t\t<\/div>\n\t\t\t\t<\/div>\n\t\t<div class=\"elementor-element elementor-element-9242556 e-flex e-con-boxed e-con e-parent\" data-id=\"9242556\" data-element_type=\"container\">\n\t\t\t\t\t<div class=\"e-con-inner\">\n\t\t\t\t<div class=\"elementor-element elementor-element-0aac1b3 animated-slow elementor-invisible elementor-widget elementor-widget-heading\" data-id=\"0aac1b3\" data-element_type=\"widget\" data-settings=\"{&quot;_animation&quot;:&quot;fadeIn&quot;}\" data-widget_type=\"heading.default\">\n\t\t\t\t<div class=\"elementor-widget-container\">\n\t\t\t<h2 class=\"elementor-heading-title elementor-size-default\">Transforma Espacios con Arte: Colabora con CUADROS SILS para Precios Especiales\n<\/h2>\t\t<\/div>\n\t\t\t\t<\/div>\n\t\t\t\t<div class=\"elementor-element elementor-element-61a6a91 elementor-widget elementor-widget-text-editor\" data-id=\"61a6a91\" data-element_type=\"widget\" data-widget_type=\"text-editor.default\">\n\t\t\t\t<div class=\"elementor-widget-container\">\n\t\t\t\t\t\t\t<p>En CUADROS SILS creemos que el arte tiene el poder de transformar cualquier espacio, convirtiendo lo ordinario en extraordinario. Nos especializamos en la venta de arte, l\u00e1minas impresas y enmarcaci\u00f3n de alta calidad, y estamos emocionados de ofrecer una oportunidad exclusiva para tiendas de muebles, estudios de decoraci\u00f3n, dise\u00f1adores de interiores, constructores y arquitectos.<\/p><p><strong>\u00bfPor qu\u00e9 Elegirnos?<\/strong><\/p><ol><li><strong>Calidad y Variedad:<\/strong> Nuestra colecci\u00f3n abarca una amplia gama de estilos y tem\u00e1ticas, desde modernas l\u00e1minas impresas hasta enmarcaciones artesanales. Cada pieza es seleccionada meticulosamente para garantizar la m\u00e1s alta calidad y una est\u00e9tica impecable.<\/li><li><strong>Dise\u00f1o Personalizado:<\/strong> Entendemos que cada proyecto es \u00fanico. Ofrecemos opciones de dise\u00f1o personalizado para adaptarnos a tus necesidades espec\u00edficas, asegurando que el arte complemente perfectamente la visi\u00f3n de tu proyecto.<\/li><li><strong>Precios Especiales para Socios:<\/strong> Como parte de nuestra red de colaboradores, disfrutar\u00e1s de precios especiales y descuentos exclusivos, permiti\u00e9ndote ofrecer a tus clientes productos de arte excepcionales a un valor competitivo.<\/li><li><strong>Asesor\u00eda Profesional:<\/strong> Nuestro equipo de expertos est\u00e1 disponible para brindarte asesor\u00eda personalizada en la selecci\u00f3n de piezas y enmarcaciones que se alineen con tu proyecto. Nos dedicamos a ayudarte a encontrar las soluciones de arte perfectas para cada espacio.<\/li><li><strong>Entrega R\u00e1pida y Fiable:<\/strong> Entendemos la importancia de los plazos en proyectos de dise\u00f1o y construcci\u00f3n. Nos comprometemos a una entrega r\u00e1pida y fiable para que puedas cumplir con tus cronogramas sin problemas.<\/li><\/ol>\t\t\t\t\t\t<\/div>\n\t\t\t\t<\/div>\n\t\t\t\t\t<\/div>\n\t\t\t\t<\/div>\n\t\t<div class=\"elementor-element elementor-element-954fd45 e-grid e-con-boxed e-con e-parent\" data-id=\"954fd45\" data-element_type=\"container\">\n\t\t\t\t\t<div class=\"e-con-inner\">\n\t\t\t\t<div class=\"elementor-element elementor-element-ddea487 elementor-widget elementor-widget-image\" data-id=\"ddea487\" data-element_type=\"widget\" data-settings=\"{&quot;_animation_tablet&quot;:&quot;fadeInRight&quot;}\" data-widget_type=\"image.default\">\n\t\t\t\t<div class=\"elementor-widget-container\">\n\t\t\t\t\t\t\t\t\t\t\t\t\t<img fetchpriority=\"high\" decoding=\"async\" width=\"768\" height=\"768\" src=\"https:\/\/cuadrossils.com\/wp-content\/uploads\/2024\/09\/18231453_438-pa-2671-pm-copia-768x768.jpg\" class=\"attachment-medium_large size-medium_large wp-image-45876\" alt=\"\" srcset=\"https:\/\/cuadrossils.com\/wp-content\/uploads\/2024\/09\/18231453_438-pa-2671-pm-copia-768x768.jpg 768w, https:\/\/cuadrossils.com\/wp-content\/uploads\/2024\/09\/18231453_438-pa-2671-pm-copia-280x280.jpg 280w, https:\/\/cuadrossils.com\/wp-content\/uploads\/2024\/09\/18231453_438-pa-2671-pm-copia-1024x1024.jpg 1024w, https:\/\/cuadrossils.com\/wp-content\/uploads\/2024\/09\/18231453_438-pa-2671-pm-copia-150x150.jpg 150w, https:\/\/cuadrossils.com\/wp-content\/uploads\/2024\/09\/18231453_438-pa-2671-pm-copia-300x300.jpg 300w, https:\/\/cuadrossils.com\/wp-content\/uploads\/2024\/09\/18231453_438-pa-2671-pm-copia-600x600.jpg 600w, https:\/\/cuadrossils.com\/wp-content\/uploads\/2024\/09\/18231453_438-pa-2671-pm-copia-100x100.jpg 100w, https:\/\/cuadrossils.com\/wp-content\/uploads\/2024\/09\/18231453_438-pa-2671-pm-copia.jpg 1182w\" sizes=\"(max-width: 768px) 100vw, 768px\" \/>\t\t\t\t\t\t\t\t\t\t\t\t\t<\/div>\n\t\t\t\t<\/div>\n\t\t\t\t<div class=\"elementor-element elementor-element-01d4771 elementor-widget elementor-widget-heading\" data-id=\"01d4771\" data-element_type=\"widget\" data-widget_type=\"heading.default\">\n\t\t\t\t<div class=\"elementor-widget-container\">\n\t\t\t<h2 class=\"elementor-heading-title elementor-size-default\">\"Unamos fuerzas para transformar espacios: \u00a1Cont\u00e1ctanos y comencemos nuestra colaboraci\u00f3n!\n<\/h2>\t\t<\/div>\n\t\t\t\t<\/div>\n\t\t\t\t\t<\/div>\n\t\t\t\t<\/div>\n\t\t\t\t<\/div>","protected":false},"excerpt":{"rendered":"<p>TRABAJA CON NOSOTROS REG\u00cdSTRATE AQU\u00cd Transforma Espacios con Arte: Colabora con CUADROS SILS para Precios Especiales En CUADROS SILS creemos que el arte tiene el poder de transformar cualquier espacio, convirtiendo lo ordinario en extraordinario. Nos especializamos en la venta de arte, l\u00e1minas impresas y enmarcaci\u00f3n de alta calidad, y estamos emocionados de ofrecer una [&hellip;]<\/p>","protected":false},"author":3,"featured_media":0,"parent":0,"menu_order":0,"comment_status":"closed","ping_status":"closed","template":"","meta":{"_acf_changed":false,"footnotes":""},"class_list":["post-45134","page","type-page","status-publish","hentry"],"acf":[],"yoast_head":"<!-- This site is optimized with the Yoast SEO plugin v24.8.1 - https:\/\/yoast.com\/wordpress\/plugins\/seo\/ -->\n<title>Cuadros Sils - Trabaja con nosotros<\/title>\n<meta name=\"description\" content=\"En Cuadros Sils ofrecemos arte, l\u00e1minas impresas y enmarcaci\u00f3n de alta calidad para tiendas, dise\u00f1adores, arquitectos y proyectos exclusivos.\" \/>\n<meta name=\"robots\" content=\"index, follow, max-snippet:-1, max-image-preview:large, max-video-preview:-1\" \/>\n<link rel=\"canonical\" href=\"https:\/\/cuadrossils.com\/es_mx\/trabaja-con-nosotros\/\" \/>\n<meta property=\"og:locale\" content=\"es_MX\" \/>\n<meta property=\"og:type\" content=\"article\" \/>\n<meta property=\"og:title\" content=\"Cuadros Sils - Trabaja con nosotros\" \/>\n<meta property=\"og:description\" content=\"En Cuadros Sils ofrecemos arte, l\u00e1minas impresas y enmarcaci\u00f3n de alta calidad para tiendas, dise\u00f1adores, arquitectos y proyectos exclusivos.\" \/>\n<meta property=\"og:url\" content=\"https:\/\/cuadrossils.com\/es_mx\/trabaja-con-nosotros\/\" \/>\n<meta property=\"og:site_name\" content=\"Cuadros Sils\" \/>\n<meta property=\"article:modified_time\" content=\"2025-05-12T12:20:35+00:00\" \/>\n<meta property=\"og:image\" content=\"https:\/\/cuadrossils.com\/wp-content\/uploads\/2024\/09\/18231453_438-pa-2671-pm-copia.jpg\" \/>\n\t<meta property=\"og:image:width\" content=\"1182\" \/>\n\t<meta property=\"og:image:height\" content=\"1182\" \/>\n\t<meta property=\"og:image:type\" content=\"image\/jpeg\" \/>\n<meta name=\"twitter:card\" content=\"summary_large_image\" \/>\n<meta name=\"twitter:label1\" content=\"Tiempo de lectura\" \/>\n\t<meta name=\"twitter:data1\" content=\"2 minutos\" \/>\n<script type=\"application\/ld+json\" class=\"yoast-schema-graph\">{\"@context\":\"https:\/\/schema.org\",\"@graph\":[{\"@type\":\"WebPage\",\"@id\":\"https:\/\/cuadrossils.com\/trabaja-con-nosotros\/\",\"url\":\"https:\/\/cuadrossils.com\/trabaja-con-nosotros\/\",\"name\":\"Cuadros Sils - Trabaja con nosotros\",\"isPartOf\":{\"@id\":\"https:\/\/cuadrossils.com\/#website\"},\"primaryImageOfPage\":{\"@id\":\"https:\/\/cuadrossils.com\/trabaja-con-nosotros\/#primaryimage\"},\"image\":{\"@id\":\"https:\/\/cuadrossils.com\/trabaja-con-nosotros\/#primaryimage\"},\"thumbnailUrl\":\"https:\/\/cuadrossils.com\/wp-content\/uploads\/2024\/09\/18231453_438-pa-2671-pm-copia-768x768.jpg\",\"datePublished\":\"2024-07-24T10:10:22+00:00\",\"dateModified\":\"2025-05-12T12:20:35+00:00\",\"description\":\"En Cuadros Sils ofrecemos arte, l\u00e1minas impresas y enmarcaci\u00f3n de alta calidad para tiendas, dise\u00f1adores, arquitectos y proyectos exclusivos.\",\"breadcrumb\":{\"@id\":\"https:\/\/cuadrossils.com\/trabaja-con-nosotros\/#breadcrumb\"},\"inLanguage\":\"es\",\"potentialAction\":[{\"@type\":\"ReadAction\",\"target\":[\"https:\/\/cuadrossils.com\/trabaja-con-nosotros\/\"]}]},{\"@type\":\"ImageObject\",\"inLanguage\":\"es\",\"@id\":\"https:\/\/cuadrossils.com\/trabaja-con-nosotros\/#primaryimage\",\"url\":\"https:\/\/cuadrossils.com\/wp-content\/uploads\/2024\/09\/18231453_438-pa-2671-pm-copia-768x768.jpg\",\"contentUrl\":\"https:\/\/cuadrossils.com\/wp-content\/uploads\/2024\/09\/18231453_438-pa-2671-pm-copia-768x768.jpg\"},{\"@type\":\"BreadcrumbList\",\"@id\":\"https:\/\/cuadrossils.com\/trabaja-con-nosotros\/#breadcrumb\",\"itemListElement\":[{\"@type\":\"ListItem\",\"position\":1,\"name\":\"Home\",\"item\":\"https:\/\/cuadrossils.com\/\"},{\"@type\":\"ListItem\",\"position\":2,\"name\":\"TRABAJA CON NOSOTROS\"}]},{\"@type\":\"WebSite\",\"@id\":\"https:\/\/cuadrossils.com\/#website\",\"url\":\"https:\/\/cuadrossils.com\/\",\"name\":\"Cuadros Sils\",\"description\":\"Cuadros Modernos Online\",\"publisher\":{\"@id\":\"https:\/\/cuadrossils.com\/#organization\"},\"potentialAction\":[{\"@type\":\"SearchAction\",\"target\":{\"@type\":\"EntryPoint\",\"urlTemplate\":\"https:\/\/cuadrossils.com\/?s={search_term_string}\"},\"query-input\":{\"@type\":\"PropertyValueSpecification\",\"valueRequired\":true,\"valueName\":\"search_term_string\"}}],\"inLanguage\":\"es\"},{\"@type\":\"Organization\",\"@id\":\"https:\/\/cuadrossils.com\/#organization\",\"name\":\"Cuadros Sils\",\"url\":\"https:\/\/cuadrossils.com\/\",\"logo\":{\"@type\":\"ImageObject\",\"inLanguage\":\"es\",\"@id\":\"https:\/\/cuadrossils.com\/#\/schema\/logo\/image\/\",\"url\":\"https:\/\/cuadrossils.com\/wp-content\/uploads\/2025\/11\/logotipo_cuadros_sils.png\",\"contentUrl\":\"https:\/\/cuadrossils.com\/wp-content\/uploads\/2025\/11\/logotipo_cuadros_sils.png\",\"width\":500,\"height\":122,\"caption\":\"Cuadros Sils\"},\"image\":{\"@id\":\"https:\/\/cuadrossils.com\/#\/schema\/logo\/image\/\"}}]}<\/script>\n<!-- \/ Yoast SEO plugin. -->","yoast_head_json":{"title":"Cuadros Sils - Trabaja con nosotros","description":"En Cuadros Sils ofrecemos arte, l\u00e1minas impresas y enmarcaci\u00f3n de alta calidad para tiendas, dise\u00f1adores, arquitectos y proyectos exclusivos.","robots":{"index":"index","follow":"follow","max-snippet":"max-snippet:-1","max-image-preview":"max-image-preview:large","max-video-preview":"max-video-preview:-1"},"canonical":"https:\/\/cuadrossils.com\/es_mx\/trabaja-con-nosotros\/","og_locale":"es_MX","og_type":"article","og_title":"Cuadros Sils - Trabaja con nosotros","og_description":"En Cuadros Sils ofrecemos arte, l\u00e1minas impresas y enmarcaci\u00f3n de alta calidad para tiendas, dise\u00f1adores, arquitectos y proyectos exclusivos.","og_url":"https:\/\/cuadrossils.com\/es_mx\/trabaja-con-nosotros\/","og_site_name":"Cuadros Sils","article_modified_time":"2025-05-12T12:20:35+00:00","og_image":[{"width":1182,"height":1182,"url":"https:\/\/cuadrossils.com\/wp-content\/uploads\/2024\/09\/18231453_438-pa-2671-pm-copia.jpg","type":"image\/jpeg"}],"twitter_card":"summary_large_image","twitter_misc":{"Tiempo de lectura":"2 minutos"},"schema":{"@context":"https:\/\/schema.org","@graph":[{"@type":"WebPage","@id":"https:\/\/cuadrossils.com\/trabaja-con-nosotros\/","url":"https:\/\/cuadrossils.com\/trabaja-con-nosotros\/","name":"Cuadros Sils - Trabaja con nosotros","isPartOf":{"@id":"https:\/\/cuadrossils.com\/#website"},"primaryImageOfPage":{"@id":"https:\/\/cuadrossils.com\/trabaja-con-nosotros\/#primaryimage"},"image":{"@id":"https:\/\/cuadrossils.com\/trabaja-con-nosotros\/#primaryimage"},"thumbnailUrl":"https:\/\/cuadrossils.com\/wp-content\/uploads\/2024\/09\/18231453_438-pa-2671-pm-copia-768x768.jpg","datePublished":"2024-07-24T10:10:22+00:00","dateModified":"2025-05-12T12:20:35+00:00","description":"En Cuadros Sils ofrecemos arte, l\u00e1minas impresas y enmarcaci\u00f3n de alta calidad para tiendas, dise\u00f1adores, arquitectos y proyectos exclusivos.","breadcrumb":{"@id":"https:\/\/cuadrossils.com\/trabaja-con-nosotros\/#breadcrumb"},"inLanguage":"es","potentialAction":[{"@type":"ReadAction","target":["https:\/\/cuadrossils.com\/trabaja-con-nosotros\/"]}]},{"@type":"ImageObject","inLanguage":"es","@id":"https:\/\/cuadrossils.com\/trabaja-con-nosotros\/#primaryimage","url":"https:\/\/cuadrossils.com\/wp-content\/uploads\/2024\/09\/18231453_438-pa-2671-pm-copia-768x768.jpg","contentUrl":"https:\/\/cuadrossils.com\/wp-content\/uploads\/2024\/09\/18231453_438-pa-2671-pm-copia-768x768.jpg"},{"@type":"BreadcrumbList","@id":"https:\/\/cuadrossils.com\/trabaja-con-nosotros\/#breadcrumb","itemListElement":[{"@type":"ListItem","position":1,"name":"Home","item":"https:\/\/cuadrossils.com\/"},{"@type":"ListItem","position":2,"name":"TRABAJA CON NOSOTROS"}]},{"@type":"WebSite","@id":"https:\/\/cuadrossils.com\/#website","url":"https:\/\/cuadrossils.com\/","name":"Cuadros Sils","description":"Cuadros Modernos Online","publisher":{"@id":"https:\/\/cuadrossils.com\/#organization"},"potentialAction":[{"@type":"SearchAction","target":{"@type":"EntryPoint","urlTemplate":"https:\/\/cuadrossils.com\/?s={search_term_string}"},"query-input":{"@type":"PropertyValueSpecification","valueRequired":true,"valueName":"search_term_string"}}],"inLanguage":"es"},{"@type":"Organization","@id":"https:\/\/cuadrossils.com\/#organization","name":"Cuadros Sils","url":"https:\/\/cuadrossils.com\/","logo":{"@type":"ImageObject","inLanguage":"es","@id":"https:\/\/cuadrossils.com\/#\/schema\/logo\/image\/","url":"https:\/\/cuadrossils.com\/wp-content\/uploads\/2025\/11\/logotipo_cuadros_sils.png","contentUrl":"https:\/\/cuadrossils.com\/wp-content\/uploads\/2025\/11\/logotipo_cuadros_sils.png","width":500,"height":122,"caption":"Cuadros Sils"},"image":{"@id":"https:\/\/cuadrossils.com\/#\/schema\/logo\/image\/"}}]}},"_links":{"self":[{"href":"https:\/\/cuadrossils.com\/es_mx\/wp-json\/wp\/v2\/pages\/45134","targetHints":{"allow":["GET"]}}],"collection":[{"href":"https:\/\/cuadrossils.com\/es_mx\/wp-json\/wp\/v2\/pages"}],"about":[{"href":"https:\/\/cuadrossils.com\/es_mx\/wp-json\/wp\/v2\/types\/page"}],"author":[{"embeddable":true,"href":"https:\/\/cuadrossils.com\/es_mx\/wp-json\/wp\/v2\/users\/3"}],"replies":[{"embeddable":true,"href":"https:\/\/cuadrossils.com\/es_mx\/wp-json\/wp\/v2\/comments?post=45134"}],"version-history":[{"count":76,"href":"https:\/\/cuadrossils.com\/es_mx\/wp-json\/wp\/v2\/pages\/45134\/revisions"}],"predecessor-version":[{"id":154301,"href":"https:\/\/cuadrossils.com\/es_mx\/wp-json\/wp\/v2\/pages\/45134\/revisions\/154301"}],"wp:attachment":[{"href":"https:\/\/cuadrossils.com\/es_mx\/wp-json\/wp\/v2\/media?parent=45134"}],"curies":[{"name":"wp","href":"https:\/\/api.w.org\/{rel}","templated":true}]}}