{"id":46181,"date":"2024-10-23T09:58:25","date_gmt":"2024-10-23T09:58:25","guid":{"rendered":"https:\/\/cuadrossils.com\/?page_id=46181"},"modified":"2026-03-25T14:41:25","modified_gmt":"2026-03-25T14:41:25","slug":"catalogos","status":"publish","type":"page","link":"https:\/\/cuadrossils.com\/es_mx\/catalogos\/","title":{"rendered":"Cat\u00e1logos"},"content":{"rendered":"<div data-elementor-type=\"wp-page\" data-elementor-id=\"46181\" class=\"elementor elementor-46181\" data-elementor-post-type=\"page\">\n\t\t\t\t<div class=\"elementor-element elementor-element-2fefe3c e-flex e-con-boxed e-con e-parent\" data-id=\"2fefe3c\" data-element_type=\"container\">\n\t\t\t\t\t<div class=\"e-con-inner\">\n\t\t\t\t<div class=\"elementor-element elementor-element-c88cc3e elementor-widget-divider--view-line elementor-widget elementor-widget-divider\" data-id=\"c88cc3e\" data-element_type=\"widget\" data-widget_type=\"divider.default\">\n\t\t\t\t<div class=\"elementor-widget-container\">\n\t\t\t\t\t<div class=\"elementor-divider\">\n\t\t\t<span class=\"elementor-divider-separator\">\n\t\t\t\t\t\t<\/span>\n\t\t<\/div>\n\t\t\t\t<\/div>\n\t\t\t\t<\/div>\n\t\t<div class=\"elementor-element elementor-element-6fd2466 e-con-full e-flex e-con e-child\" data-id=\"6fd2466\" data-element_type=\"container\">\n\t\t\t\t<div class=\"elementor-element elementor-element-1c1d2dc elementor-widget elementor-widget-heading\" data-id=\"1c1d2dc\" data-element_type=\"widget\" data-widget_type=\"heading.default\">\n\t\t\t\t<div class=\"elementor-widget-container\">\n\t\t\t<h2 class=\"elementor-heading-title elementor-size-default\">CAT\u00c1LOGOS<\/h2>\t\t<\/div>\n\t\t\t\t<\/div>\n\t\t\t\t<div class=\"elementor-element elementor-element-654b582 elementor-widget-divider--view-line elementor-widget elementor-widget-divider\" data-id=\"654b582\" data-element_type=\"widget\" data-widget_type=\"divider.default\">\n\t\t\t\t<div class=\"elementor-widget-container\">\n\t\t\t\t\t<div class=\"elementor-divider\">\n\t\t\t<span class=\"elementor-divider-separator\">\n\t\t\t\t\t\t<\/span>\n\t\t<\/div>\n\t\t\t\t<\/div>\n\t\t\t\t<\/div>\n\t\t\t\t<div class=\"elementor-element elementor-element-7f30ea6 elementor-widget elementor-widget-text-editor\" data-id=\"7f30ea6\" data-element_type=\"widget\" data-widget_type=\"text-editor.default\">\n\t\t\t\t<div class=\"elementor-widget-container\">\n\t\t\t\t\t\t\t<p>Desde aqu\u00ed podr\u00e1s descargar los cat\u00e1logos de nuestras colecciones. Pincha en cada logotipo para descargar el cat\u00e1logo.<\/p>\t\t\t\t\t\t<\/div>\n\t\t\t\t<\/div>\n\t\t\t\t<\/div>\n\t\t\t\t\t<\/div>\n\t\t\t\t<\/div>\n\t\t<div class=\"elementor-element elementor-element-bec6223 e-flex e-con-boxed e-con e-parent\" data-id=\"bec6223\" data-element_type=\"container\">\n\t\t\t\t\t<div class=\"e-con-inner\">\n\t\t<div class=\"elementor-element elementor-element-1321afe e-grid e-con-full e-con e-child\" data-id=\"1321afe\" data-element_type=\"container\">\n\t\t\t\t<div class=\"elementor-element elementor-element-ee727b1 elementor-widget elementor-widget-image\" data-id=\"ee727b1\" data-element_type=\"widget\" data-widget_type=\"image.default\">\n\t\t\t\t<div class=\"elementor-widget-container\">\n\t\t\t\t\t\t\t\t\t\t\t\t\t\t<a href=\"https:\/\/cuadrossils.com\/wp-content\/uploads\/2025\/12\/NUEVO-CATALOGO-SILS-ORIGINAL.pdf\" target=\"_blank\">\n\t\t\t\t\t\t\t<img fetchpriority=\"high\" decoding=\"async\" width=\"400\" height=\"267\" src=\"https:\/\/cuadrossils.com\/wp-content\/uploads\/2024\/10\/obra_original.jpg\" class=\"elementor-animation-shrink attachment-large size-large wp-image-46188\" alt=\"\" srcset=\"https:\/\/cuadrossils.com\/wp-content\/uploads\/2024\/10\/obra_original.jpg 400w, https:\/\/cuadrossils.com\/wp-content\/uploads\/2024\/10\/obra_original-280x187.jpg 280w, https:\/\/cuadrossils.com\/wp-content\/uploads\/2024\/10\/obra_original-300x200.jpg 300w\" sizes=\"(max-width: 400px) 100vw, 400px\" \/>\t\t\t\t\t\t\t\t<\/a>\n\t\t\t\t\t\t\t\t\t\t\t\t\t<\/div>\n\t\t\t\t<\/div>\n\t\t\t\t<div class=\"elementor-element elementor-element-94eb47d elementor-widget elementor-widget-image\" data-id=\"94eb47d\" data-element_type=\"widget\" data-widget_type=\"image.default\">\n\t\t\t\t<div class=\"elementor-widget-container\">\n\t\t\t\t\t\t\t\t\t\t\t\t\t\t<a href=\"https:\/\/cuadrossils.com\/wp-content\/uploads\/2026\/02\/CATALOGO-VANGUARD-NUEVO-2025.pdf\" target=\"_blank\">\n\t\t\t\t\t\t\t<img decoding=\"async\" width=\"400\" height=\"267\" src=\"https:\/\/cuadrossils.com\/wp-content\/uploads\/2024\/10\/vanguard.jpg\" class=\"elementor-animation-shrink attachment-large size-large wp-image-46190\" alt=\"\" srcset=\"https:\/\/cuadrossils.com\/wp-content\/uploads\/2024\/10\/vanguard.jpg 400w, https:\/\/cuadrossils.com\/wp-content\/uploads\/2024\/10\/vanguard-280x187.jpg 280w, https:\/\/cuadrossils.com\/wp-content\/uploads\/2024\/10\/vanguard-300x200.jpg 300w\" sizes=\"(max-width: 400px) 100vw, 400px\" \/>\t\t\t\t\t\t\t\t<\/a>\n\t\t\t\t\t\t\t\t\t\t\t\t\t<\/div>\n\t\t\t\t<\/div>\n\t\t\t\t<\/div>\n\t\t<div class=\"elementor-element elementor-element-ca52867 e-grid e-con-full e-con e-child\" data-id=\"ca52867\" data-element_type=\"container\">\n\t\t\t\t<div class=\"elementor-element elementor-element-2447b1c elementor-widget elementor-widget-image\" data-id=\"2447b1c\" data-element_type=\"widget\" data-widget_type=\"image.default\">\n\t\t\t\t<div class=\"elementor-widget-container\">\n\t\t\t\t\t\t\t\t\t\t\t\t\t\t<a href=\"https:\/\/cuadrossils.com\/wp-content\/uploads\/2026\/03\/CATALOGO-Q4ATTRO.pdf\" target=\"_blank\">\n\t\t\t\t\t\t\t<img decoding=\"async\" width=\"400\" height=\"267\" src=\"https:\/\/cuadrossils.com\/wp-content\/uploads\/2024\/10\/quattro.jpg\" class=\"elementor-animation-shrink attachment-large size-large wp-image-46189\" alt=\"\" srcset=\"https:\/\/cuadrossils.com\/wp-content\/uploads\/2024\/10\/quattro.jpg 400w, https:\/\/cuadrossils.com\/wp-content\/uploads\/2024\/10\/quattro-280x187.jpg 280w, https:\/\/cuadrossils.com\/wp-content\/uploads\/2024\/10\/quattro-300x200.jpg 300w\" sizes=\"(max-width: 400px) 100vw, 400px\" \/>\t\t\t\t\t\t\t\t<\/a>\n\t\t\t\t\t\t\t\t\t\t\t\t\t<\/div>\n\t\t\t\t<\/div>\n\t\t\t\t<div class=\"elementor-element elementor-element-8fb0cbb elementor-widget elementor-widget-image\" data-id=\"8fb0cbb\" data-element_type=\"widget\" data-widget_type=\"image.default\">\n\t\t\t\t<div class=\"elementor-widget-container\">\n\t\t\t\t\t\t\t\t\t\t\t\t\t\t<a href=\"https:\/\/cuadrossils.com\/wp-content\/uploads\/2025\/12\/CATALOGO-MINIMAL.pdf\" target=\"_blank\">\n\t\t\t\t\t\t\t<img loading=\"lazy\" decoding=\"async\" width=\"400\" height=\"267\" src=\"https:\/\/cuadrossils.com\/wp-content\/uploads\/2024\/10\/minimal.jpg\" class=\"elementor-animation-shrink attachment-large size-large wp-image-46187\" alt=\"\" srcset=\"https:\/\/cuadrossils.com\/wp-content\/uploads\/2024\/10\/minimal.jpg 400w, https:\/\/cuadrossils.com\/wp-content\/uploads\/2024\/10\/minimal-280x187.jpg 280w, https:\/\/cuadrossils.com\/wp-content\/uploads\/2024\/10\/minimal-300x200.jpg 300w\" sizes=\"(max-width: 400px) 100vw, 400px\" \/>\t\t\t\t\t\t\t\t<\/a>\n\t\t\t\t\t\t\t\t\t\t\t\t\t<\/div>\n\t\t\t\t<\/div>\n\t\t\t\t<div class=\"elementor-element elementor-element-f8ff302 elementor-widget elementor-widget-image\" data-id=\"f8ff302\" data-element_type=\"widget\" data-widget_type=\"image.default\">\n\t\t\t\t<div class=\"elementor-widget-container\">\n\t\t\t\t\t\t\t\t\t\t\t\t\t\t<a href=\"https:\/\/cuadrossils.com\/wp-content\/uploads\/2025\/12\/catalogo-ARTIC.pdf\" target=\"_blank\">\n\t\t\t\t\t\t\t<img loading=\"lazy\" decoding=\"async\" width=\"400\" height=\"267\" src=\"https:\/\/cuadrossils.com\/wp-content\/uploads\/2024\/10\/artic.jpg\" class=\"elementor-animation-shrink attachment-large size-large wp-image-46186\" alt=\"\" srcset=\"https:\/\/cuadrossils.com\/wp-content\/uploads\/2024\/10\/artic.jpg 400w, https:\/\/cuadrossils.com\/wp-content\/uploads\/2024\/10\/artic-280x187.jpg 280w, https:\/\/cuadrossils.com\/wp-content\/uploads\/2024\/10\/artic-300x200.jpg 300w\" sizes=\"(max-width: 400px) 100vw, 400px\" \/>\t\t\t\t\t\t\t\t<\/a>\n\t\t\t\t\t\t\t\t\t\t\t\t\t<\/div>\n\t\t\t\t<\/div>\n\t\t\t\t<\/div>\n\t\t\t\t\t<\/div>\n\t\t\t\t<\/div>\n\t\t\t\t<\/div>","protected":false},"excerpt":{"rendered":"<p>CAT\u00c1LOGOS Desde aqu\u00ed podr\u00e1s descargar los cat\u00e1logos de nuestras colecciones. Pincha en cada logotipo para descargar el cat\u00e1logo.<\/p>","protected":false},"author":1,"featured_media":0,"parent":0,"menu_order":0,"comment_status":"closed","ping_status":"closed","template":"","meta":{"_acf_changed":false,"footnotes":""},"class_list":["post-46181","page","type-page","status-publish","hentry"],"acf":[],"yoast_head":"<!-- This site is optimized with the Yoast SEO plugin v24.8.1 - https:\/\/yoast.com\/wordpress\/plugins\/seo\/ -->\n<title>Cuadros Sils - Cat\u00e1logos<\/title>\n<meta name=\"description\" content=\"Desde aqu\u00ed podr\u00e1s descargar los cat\u00e1logos de nuestras colecciones. Pincha en cada logotipo para descargar el cat\u00e1logo.\" \/>\n<meta name=\"robots\" content=\"index, follow, max-snippet:-1, max-image-preview:large, max-video-preview:-1\" \/>\n<link rel=\"canonical\" href=\"https:\/\/cuadrossils.com\/es_mx\/catalogos\/\" \/>\n<meta property=\"og:locale\" content=\"es_MX\" \/>\n<meta property=\"og:type\" content=\"article\" \/>\n<meta property=\"og:title\" content=\"Cuadros Sils - Cat\u00e1logos\" \/>\n<meta property=\"og:description\" content=\"Desde aqu\u00ed podr\u00e1s descargar los cat\u00e1logos de nuestras colecciones. Pincha en cada logotipo para descargar el cat\u00e1logo.\" \/>\n<meta property=\"og:url\" content=\"https:\/\/cuadrossils.com\/es_mx\/catalogos\/\" \/>\n<meta property=\"og:site_name\" content=\"Cuadros Sils\" \/>\n<meta property=\"article:modified_time\" content=\"2026-03-25T14:41:25+00:00\" \/>\n<meta property=\"og:image\" content=\"https:\/\/cuadrossils.com\/wp-content\/uploads\/2024\/10\/obra_original.jpg\" \/>\n\t<meta property=\"og:image:width\" content=\"400\" \/>\n\t<meta property=\"og:image:height\" content=\"267\" \/>\n\t<meta property=\"og:image:type\" content=\"image\/jpeg\" \/>\n<meta name=\"twitter:card\" content=\"summary_large_image\" \/>\n<meta name=\"twitter:label1\" content=\"Tiempo de lectura\" \/>\n\t<meta name=\"twitter:data1\" content=\"2 minutos\" \/>\n<script type=\"application\/ld+json\" class=\"yoast-schema-graph\">{\"@context\":\"https:\/\/schema.org\",\"@graph\":[{\"@type\":\"WebPage\",\"@id\":\"https:\/\/cuadrossils.com\/catalogos\/\",\"url\":\"https:\/\/cuadrossils.com\/catalogos\/\",\"name\":\"Cuadros Sils - Cat\u00e1logos\",\"isPartOf\":{\"@id\":\"https:\/\/cuadrossils.com\/#website\"},\"primaryImageOfPage\":{\"@id\":\"https:\/\/cuadrossils.com\/catalogos\/#primaryimage\"},\"image\":{\"@id\":\"https:\/\/cuadrossils.com\/catalogos\/#primaryimage\"},\"thumbnailUrl\":\"https:\/\/cuadrossils.com\/wp-content\/uploads\/2024\/10\/obra_original.jpg\",\"datePublished\":\"2024-10-23T09:58:25+00:00\",\"dateModified\":\"2026-03-25T14:41:25+00:00\",\"description\":\"Desde aqu\u00ed podr\u00e1s descargar los cat\u00e1logos de nuestras colecciones. Pincha en cada logotipo para descargar el cat\u00e1logo.\",\"breadcrumb\":{\"@id\":\"https:\/\/cuadrossils.com\/catalogos\/#breadcrumb\"},\"inLanguage\":\"es\",\"potentialAction\":[{\"@type\":\"ReadAction\",\"target\":[\"https:\/\/cuadrossils.com\/catalogos\/\"]}]},{\"@type\":\"ImageObject\",\"inLanguage\":\"es\",\"@id\":\"https:\/\/cuadrossils.com\/catalogos\/#primaryimage\",\"url\":\"https:\/\/cuadrossils.com\/wp-content\/uploads\/2024\/10\/obra_original.jpg\",\"contentUrl\":\"https:\/\/cuadrossils.com\/wp-content\/uploads\/2024\/10\/obra_original.jpg\"},{\"@type\":\"BreadcrumbList\",\"@id\":\"https:\/\/cuadrossils.com\/catalogos\/#breadcrumb\",\"itemListElement\":[{\"@type\":\"ListItem\",\"position\":1,\"name\":\"Home\",\"item\":\"https:\/\/cuadrossils.com\/\"},{\"@type\":\"ListItem\",\"position\":2,\"name\":\"Cat\u00e1logos\"}]},{\"@type\":\"WebSite\",\"@id\":\"https:\/\/cuadrossils.com\/#website\",\"url\":\"https:\/\/cuadrossils.com\/\",\"name\":\"Cuadros Sils\",\"description\":\"Cuadros Modernos Online\",\"publisher\":{\"@id\":\"https:\/\/cuadrossils.com\/#organization\"},\"potentialAction\":[{\"@type\":\"SearchAction\",\"target\":{\"@type\":\"EntryPoint\",\"urlTemplate\":\"https:\/\/cuadrossils.com\/?s={search_term_string}\"},\"query-input\":{\"@type\":\"PropertyValueSpecification\",\"valueRequired\":true,\"valueName\":\"search_term_string\"}}],\"inLanguage\":\"es\"},{\"@type\":\"Organization\",\"@id\":\"https:\/\/cuadrossils.com\/#organization\",\"name\":\"Cuadros Sils\",\"url\":\"https:\/\/cuadrossils.com\/\",\"logo\":{\"@type\":\"ImageObject\",\"inLanguage\":\"es\",\"@id\":\"https:\/\/cuadrossils.com\/#\/schema\/logo\/image\/\",\"url\":\"https:\/\/cuadrossils.com\/wp-content\/uploads\/2025\/11\/logotipo_cuadros_sils.png\",\"contentUrl\":\"https:\/\/cuadrossils.com\/wp-content\/uploads\/2025\/11\/logotipo_cuadros_sils.png\",\"width\":500,\"height\":122,\"caption\":\"Cuadros Sils\"},\"image\":{\"@id\":\"https:\/\/cuadrossils.com\/#\/schema\/logo\/image\/\"}}]}<\/script>\n<!-- \/ Yoast SEO plugin. -->","yoast_head_json":{"title":"Cuadros Sils - Cat\u00e1logos","description":"Desde aqu\u00ed podr\u00e1s descargar los cat\u00e1logos de nuestras colecciones. Pincha en cada logotipo para descargar el cat\u00e1logo.","robots":{"index":"index","follow":"follow","max-snippet":"max-snippet:-1","max-image-preview":"max-image-preview:large","max-video-preview":"max-video-preview:-1"},"canonical":"https:\/\/cuadrossils.com\/es_mx\/catalogos\/","og_locale":"es_MX","og_type":"article","og_title":"Cuadros Sils - Cat\u00e1logos","og_description":"Desde aqu\u00ed podr\u00e1s descargar los cat\u00e1logos de nuestras colecciones. Pincha en cada logotipo para descargar el cat\u00e1logo.","og_url":"https:\/\/cuadrossils.com\/es_mx\/catalogos\/","og_site_name":"Cuadros Sils","article_modified_time":"2026-03-25T14:41:25+00:00","og_image":[{"width":400,"height":267,"url":"https:\/\/cuadrossils.com\/wp-content\/uploads\/2024\/10\/obra_original.jpg","type":"image\/jpeg"}],"twitter_card":"summary_large_image","twitter_misc":{"Tiempo de lectura":"2 minutos"},"schema":{"@context":"https:\/\/schema.org","@graph":[{"@type":"WebPage","@id":"https:\/\/cuadrossils.com\/catalogos\/","url":"https:\/\/cuadrossils.com\/catalogos\/","name":"Cuadros Sils - Cat\u00e1logos","isPartOf":{"@id":"https:\/\/cuadrossils.com\/#website"},"primaryImageOfPage":{"@id":"https:\/\/cuadrossils.com\/catalogos\/#primaryimage"},"image":{"@id":"https:\/\/cuadrossils.com\/catalogos\/#primaryimage"},"thumbnailUrl":"https:\/\/cuadrossils.com\/wp-content\/uploads\/2024\/10\/obra_original.jpg","datePublished":"2024-10-23T09:58:25+00:00","dateModified":"2026-03-25T14:41:25+00:00","description":"Desde aqu\u00ed podr\u00e1s descargar los cat\u00e1logos de nuestras colecciones. Pincha en cada logotipo para descargar el cat\u00e1logo.","breadcrumb":{"@id":"https:\/\/cuadrossils.com\/catalogos\/#breadcrumb"},"inLanguage":"es","potentialAction":[{"@type":"ReadAction","target":["https:\/\/cuadrossils.com\/catalogos\/"]}]},{"@type":"ImageObject","inLanguage":"es","@id":"https:\/\/cuadrossils.com\/catalogos\/#primaryimage","url":"https:\/\/cuadrossils.com\/wp-content\/uploads\/2024\/10\/obra_original.jpg","contentUrl":"https:\/\/cuadrossils.com\/wp-content\/uploads\/2024\/10\/obra_original.jpg"},{"@type":"BreadcrumbList","@id":"https:\/\/cuadrossils.com\/catalogos\/#breadcrumb","itemListElement":[{"@type":"ListItem","position":1,"name":"Home","item":"https:\/\/cuadrossils.com\/"},{"@type":"ListItem","position":2,"name":"Cat\u00e1logos"}]},{"@type":"WebSite","@id":"https:\/\/cuadrossils.com\/#website","url":"https:\/\/cuadrossils.com\/","name":"Cuadros Sils","description":"Cuadros Modernos Online","publisher":{"@id":"https:\/\/cuadrossils.com\/#organization"},"potentialAction":[{"@type":"SearchAction","target":{"@type":"EntryPoint","urlTemplate":"https:\/\/cuadrossils.com\/?s={search_term_string}"},"query-input":{"@type":"PropertyValueSpecification","valueRequired":true,"valueName":"search_term_string"}}],"inLanguage":"es"},{"@type":"Organization","@id":"https:\/\/cuadrossils.com\/#organization","name":"Cuadros Sils","url":"https:\/\/cuadrossils.com\/","logo":{"@type":"ImageObject","inLanguage":"es","@id":"https:\/\/cuadrossils.com\/#\/schema\/logo\/image\/","url":"https:\/\/cuadrossils.com\/wp-content\/uploads\/2025\/11\/logotipo_cuadros_sils.png","contentUrl":"https:\/\/cuadrossils.com\/wp-content\/uploads\/2025\/11\/logotipo_cuadros_sils.png","width":500,"height":122,"caption":"Cuadros Sils"},"image":{"@id":"https:\/\/cuadrossils.com\/#\/schema\/logo\/image\/"}}]}},"_links":{"self":[{"href":"https:\/\/cuadrossils.com\/es_mx\/wp-json\/wp\/v2\/pages\/46181","targetHints":{"allow":["GET"]}}],"collection":[{"href":"https:\/\/cuadrossils.com\/es_mx\/wp-json\/wp\/v2\/pages"}],"about":[{"href":"https:\/\/cuadrossils.com\/es_mx\/wp-json\/wp\/v2\/types\/page"}],"author":[{"embeddable":true,"href":"https:\/\/cuadrossils.com\/es_mx\/wp-json\/wp\/v2\/users\/1"}],"replies":[{"embeddable":true,"href":"https:\/\/cuadrossils.com\/es_mx\/wp-json\/wp\/v2\/comments?post=46181"}],"version-history":[{"count":114,"href":"https:\/\/cuadrossils.com\/es_mx\/wp-json\/wp\/v2\/pages\/46181\/revisions"}],"predecessor-version":[{"id":169675,"href":"https:\/\/cuadrossils.com\/es_mx\/wp-json\/wp\/v2\/pages\/46181\/revisions\/169675"}],"wp:attachment":[{"href":"https:\/\/cuadrossils.com\/es_mx\/wp-json\/wp\/v2\/media?parent=46181"}],"curies":[{"name":"wp","href":"https:\/\/api.w.org\/{rel}","templated":true}]}}