{"id":109926,"date":"2025-03-18T09:48:59","date_gmt":"2025-03-18T09:48:59","guid":{"rendered":"https:\/\/cuadrossils.com\/producto\/flourish-9-3\/"},"modified":"2025-04-21T11:45:14","modified_gmt":"2025-04-21T11:45:14","slug":"flourish-9-3","status":"publish","type":"product","link":"https:\/\/cuadrossils.com\/es_mx\/producto\/flourish-9-3\/","title":{"rendered":"FLOURISH 9"},"content":{"rendered":"<p>Dibujo lineal elegante de una planta dorada sobre fondo blanco, perfecto para proyectos de decoraci\u00f3n moderna y de dise\u00f1o gr\u00e1fico que busquen un toque estiloso.<\/p>","protected":false},"excerpt":{"rendered":"<p>Dibujo lineal elegante de una planta dorada sobre fondo blanco, perfecto para proyectos de decoraci\u00f3n moderna y de dise\u00f1o gr\u00e1fico que busquen un toque estiloso.<\/p>","protected":false},"featured_media":131237,"comment_status":"closed","ping_status":"closed","template":"","meta":{"_acf_changed":false},"product_cat":[346,349,351,343,339,288,229,245,284,285],"product_tag":[],"class_list":{"0":"post-109926","1":"product","2":"type-product","3":"status-publish","4":"has-post-thumbnail","6":"product_cat-botanica","7":"product_cat-cocina","8":"product_cat-dorado-y-plateado","9":"product_cat-ilustracion","10":"product_cat-minimalistas","11":"product_cat-arte-grafico","12":"product_cat-minimal","13":"product_cat-trazos-y-lineas","14":"product_cat-formato","15":"product_cat-vertical","16":"pa_tamano-minimal-50x70","17":"pa_tamano-minimal-60x84","18":"pa_tamano-minimal-70x100","19":"pa_tamano-minimal-80x120","21":"first","22":"instock","23":"shipping-taxable","24":"purchasable","25":"product-type-variable","26":"has-default-attributes"},"acf":[],"yoast_head":"<!-- This site is optimized with the Yoast SEO plugin v24.8.1 - https:\/\/yoast.com\/wordpress\/plugins\/seo\/ -->\n<title>FLOURISH 9 - Cuadros Sils<\/title>\n<meta name=\"description\" content=\"Dibujo lineal elegante de una planta dorada sobre fondo blanco, perfecto para proyectos de decoraci\u00f3n moderna y de dise\u00f1o gr\u00e1fico que busquen.\" \/>\n<meta name=\"robots\" content=\"index, follow, max-snippet:-1, max-image-preview:large, max-video-preview:-1\" \/>\n<link rel=\"canonical\" href=\"https:\/\/cuadrossils.com\/es_mx\/producto\/flourish-9-3\/\" \/>\n<meta property=\"og:locale\" content=\"es_MX\" \/>\n<meta property=\"og:type\" content=\"article\" \/>\n<meta property=\"og:title\" content=\"FLOURISH 9 - Cuadros Sils\" \/>\n<meta property=\"og:description\" content=\"Dibujo lineal elegante de una planta dorada sobre fondo blanco, perfecto para proyectos de decoraci\u00f3n moderna y de dise\u00f1o gr\u00e1fico que busquen.\" \/>\n<meta property=\"og:url\" content=\"https:\/\/cuadrossils.com\/es_mx\/producto\/flourish-9-3\/\" \/>\n<meta property=\"og:site_name\" content=\"Cuadros Sils\" \/>\n<meta property=\"article:modified_time\" content=\"2025-04-21T11:45:14+00:00\" \/>\n<meta property=\"og:image\" content=\"https:\/\/cuadrossils.com\/wp-content\/uploads\/2025\/03\/SQ569.jpg\" \/>\n\t<meta property=\"og:image:width\" content=\"827\" \/>\n\t<meta property=\"og:image:height\" content=\"1182\" \/>\n\t<meta property=\"og:image:type\" content=\"image\/jpeg\" \/>\n<meta name=\"twitter:card\" content=\"summary_large_image\" \/>\n<meta name=\"twitter:label1\" content=\"Tiempo de lectura\" \/>\n\t<meta name=\"twitter:data1\" content=\"1 minuto\" \/>\n<script type=\"application\/ld+json\" class=\"yoast-schema-graph\">{\"@context\":\"https:\/\/schema.org\",\"@graph\":[{\"@type\":\"WebPage\",\"@id\":\"https:\/\/cuadrossils.com\/producto\/flourish-9-3\/\",\"url\":\"https:\/\/cuadrossils.com\/producto\/flourish-9-3\/\",\"name\":\"FLOURISH 9 - Cuadros Sils\",\"isPartOf\":{\"@id\":\"https:\/\/cuadrossils.com\/#website\"},\"primaryImageOfPage\":{\"@id\":\"https:\/\/cuadrossils.com\/producto\/flourish-9-3\/#primaryimage\"},\"image\":{\"@id\":\"https:\/\/cuadrossils.com\/producto\/flourish-9-3\/#primaryimage\"},\"thumbnailUrl\":\"https:\/\/cuadrossils.com\/wp-content\/uploads\/2025\/03\/SQ569.jpg\",\"datePublished\":\"2025-03-18T09:48:59+00:00\",\"dateModified\":\"2025-04-21T11:45:14+00:00\",\"description\":\"Dibujo lineal elegante de una planta dorada sobre fondo blanco, perfecto para proyectos de decoraci\u00f3n moderna y de dise\u00f1o gr\u00e1fico que busquen.\",\"breadcrumb\":{\"@id\":\"https:\/\/cuadrossils.com\/producto\/flourish-9-3\/#breadcrumb\"},\"inLanguage\":\"es\",\"potentialAction\":[{\"@type\":\"ReadAction\",\"target\":[\"https:\/\/cuadrossils.com\/producto\/flourish-9-3\/\"]}]},{\"@type\":\"ImageObject\",\"inLanguage\":\"es\",\"@id\":\"https:\/\/cuadrossils.com\/producto\/flourish-9-3\/#primaryimage\",\"url\":\"https:\/\/cuadrossils.com\/wp-content\/uploads\/2025\/03\/SQ569.jpg\",\"contentUrl\":\"https:\/\/cuadrossils.com\/wp-content\/uploads\/2025\/03\/SQ569.jpg\",\"width\":827,\"height\":1182,\"caption\":\"Ilustraci\u00f3n minimalista de hoja dorada\"},{\"@type\":\"BreadcrumbList\",\"@id\":\"https:\/\/cuadrossils.com\/producto\/flourish-9-3\/#breadcrumb\",\"itemListElement\":[{\"@type\":\"ListItem\",\"position\":1,\"name\":\"Home\",\"item\":\"https:\/\/cuadrossils.com\/\"},{\"@type\":\"ListItem\",\"position\":2,\"name\":\"Products\",\"item\":\"https:\/\/cuadrossils.com\/shop\/\"},{\"@type\":\"ListItem\",\"position\":3,\"name\":\"FLOURISH 9\"}]},{\"@type\":\"WebSite\",\"@id\":\"https:\/\/cuadrossils.com\/#website\",\"url\":\"https:\/\/cuadrossils.com\/\",\"name\":\"Cuadros Sils\",\"description\":\"Cuadros Modernos Online\",\"publisher\":{\"@id\":\"https:\/\/cuadrossils.com\/#organization\"},\"potentialAction\":[{\"@type\":\"SearchAction\",\"target\":{\"@type\":\"EntryPoint\",\"urlTemplate\":\"https:\/\/cuadrossils.com\/?s={search_term_string}\"},\"query-input\":{\"@type\":\"PropertyValueSpecification\",\"valueRequired\":true,\"valueName\":\"search_term_string\"}}],\"inLanguage\":\"es\"},{\"@type\":\"Organization\",\"@id\":\"https:\/\/cuadrossils.com\/#organization\",\"name\":\"Cuadros Sils\",\"url\":\"https:\/\/cuadrossils.com\/\",\"logo\":{\"@type\":\"ImageObject\",\"inLanguage\":\"es\",\"@id\":\"https:\/\/cuadrossils.com\/#\/schema\/logo\/image\/\",\"url\":\"https:\/\/cuadrossils.com\/wp-content\/uploads\/2025\/11\/logotipo_cuadros_sils.png\",\"contentUrl\":\"https:\/\/cuadrossils.com\/wp-content\/uploads\/2025\/11\/logotipo_cuadros_sils.png\",\"width\":500,\"height\":122,\"caption\":\"Cuadros Sils\"},\"image\":{\"@id\":\"https:\/\/cuadrossils.com\/#\/schema\/logo\/image\/\"}}]}<\/script>\n<!-- \/ Yoast SEO plugin. -->","yoast_head_json":{"title":"FLOURISH 9 - Cuadros Sils","description":"Dibujo lineal elegante de una planta dorada sobre fondo blanco, perfecto para proyectos de decoraci\u00f3n moderna y de dise\u00f1o gr\u00e1fico que busquen.","robots":{"index":"index","follow":"follow","max-snippet":"max-snippet:-1","max-image-preview":"max-image-preview:large","max-video-preview":"max-video-preview:-1"},"canonical":"https:\/\/cuadrossils.com\/es_mx\/producto\/flourish-9-3\/","og_locale":"es_MX","og_type":"article","og_title":"FLOURISH 9 - Cuadros Sils","og_description":"Dibujo lineal elegante de una planta dorada sobre fondo blanco, perfecto para proyectos de decoraci\u00f3n moderna y de dise\u00f1o gr\u00e1fico que busquen.","og_url":"https:\/\/cuadrossils.com\/es_mx\/producto\/flourish-9-3\/","og_site_name":"Cuadros Sils","article_modified_time":"2025-04-21T11:45:14+00:00","og_image":[{"width":827,"height":1182,"url":"https:\/\/cuadrossils.com\/wp-content\/uploads\/2025\/03\/SQ569.jpg","type":"image\/jpeg"}],"twitter_card":"summary_large_image","twitter_misc":{"Tiempo de lectura":"1 minuto"},"schema":{"@context":"https:\/\/schema.org","@graph":[{"@type":"WebPage","@id":"https:\/\/cuadrossils.com\/producto\/flourish-9-3\/","url":"https:\/\/cuadrossils.com\/producto\/flourish-9-3\/","name":"FLOURISH 9 - Cuadros Sils","isPartOf":{"@id":"https:\/\/cuadrossils.com\/#website"},"primaryImageOfPage":{"@id":"https:\/\/cuadrossils.com\/producto\/flourish-9-3\/#primaryimage"},"image":{"@id":"https:\/\/cuadrossils.com\/producto\/flourish-9-3\/#primaryimage"},"thumbnailUrl":"https:\/\/cuadrossils.com\/wp-content\/uploads\/2025\/03\/SQ569.jpg","datePublished":"2025-03-18T09:48:59+00:00","dateModified":"2025-04-21T11:45:14+00:00","description":"Dibujo lineal elegante de una planta dorada sobre fondo blanco, perfecto para proyectos de decoraci\u00f3n moderna y de dise\u00f1o gr\u00e1fico que busquen.","breadcrumb":{"@id":"https:\/\/cuadrossils.com\/producto\/flourish-9-3\/#breadcrumb"},"inLanguage":"es","potentialAction":[{"@type":"ReadAction","target":["https:\/\/cuadrossils.com\/producto\/flourish-9-3\/"]}]},{"@type":"ImageObject","inLanguage":"es","@id":"https:\/\/cuadrossils.com\/producto\/flourish-9-3\/#primaryimage","url":"https:\/\/cuadrossils.com\/wp-content\/uploads\/2025\/03\/SQ569.jpg","contentUrl":"https:\/\/cuadrossils.com\/wp-content\/uploads\/2025\/03\/SQ569.jpg","width":827,"height":1182,"caption":"Ilustraci\u00f3n minimalista de hoja dorada"},{"@type":"BreadcrumbList","@id":"https:\/\/cuadrossils.com\/producto\/flourish-9-3\/#breadcrumb","itemListElement":[{"@type":"ListItem","position":1,"name":"Home","item":"https:\/\/cuadrossils.com\/"},{"@type":"ListItem","position":2,"name":"Products","item":"https:\/\/cuadrossils.com\/shop\/"},{"@type":"ListItem","position":3,"name":"FLOURISH 9"}]},{"@type":"WebSite","@id":"https:\/\/cuadrossils.com\/#website","url":"https:\/\/cuadrossils.com\/","name":"Cuadros Sils","description":"Cuadros Modernos Online","publisher":{"@id":"https:\/\/cuadrossils.com\/#organization"},"potentialAction":[{"@type":"SearchAction","target":{"@type":"EntryPoint","urlTemplate":"https:\/\/cuadrossils.com\/?s={search_term_string}"},"query-input":{"@type":"PropertyValueSpecification","valueRequired":true,"valueName":"search_term_string"}}],"inLanguage":"es"},{"@type":"Organization","@id":"https:\/\/cuadrossils.com\/#organization","name":"Cuadros Sils","url":"https:\/\/cuadrossils.com\/","logo":{"@type":"ImageObject","inLanguage":"es","@id":"https:\/\/cuadrossils.com\/#\/schema\/logo\/image\/","url":"https:\/\/cuadrossils.com\/wp-content\/uploads\/2025\/11\/logotipo_cuadros_sils.png","contentUrl":"https:\/\/cuadrossils.com\/wp-content\/uploads\/2025\/11\/logotipo_cuadros_sils.png","width":500,"height":122,"caption":"Cuadros Sils"},"image":{"@id":"https:\/\/cuadrossils.com\/#\/schema\/logo\/image\/"}}]}},"_links":{"self":[{"href":"https:\/\/cuadrossils.com\/es_mx\/wp-json\/wp\/v2\/product\/109926","targetHints":{"allow":["GET"]}}],"collection":[{"href":"https:\/\/cuadrossils.com\/es_mx\/wp-json\/wp\/v2\/product"}],"about":[{"href":"https:\/\/cuadrossils.com\/es_mx\/wp-json\/wp\/v2\/types\/product"}],"replies":[{"embeddable":true,"href":"https:\/\/cuadrossils.com\/es_mx\/wp-json\/wp\/v2\/comments?post=109926"}],"version-history":[{"count":1,"href":"https:\/\/cuadrossils.com\/es_mx\/wp-json\/wp\/v2\/product\/109926\/revisions"}],"predecessor-version":[{"id":109927,"href":"https:\/\/cuadrossils.com\/es_mx\/wp-json\/wp\/v2\/product\/109926\/revisions\/109927"}],"wp:featuredmedia":[{"embeddable":true,"href":"https:\/\/cuadrossils.com\/es_mx\/wp-json\/wp\/v2\/media\/131237"}],"wp:attachment":[{"href":"https:\/\/cuadrossils.com\/es_mx\/wp-json\/wp\/v2\/media?parent=109926"}],"wp:term":[{"taxonomy":"product_cat","embeddable":true,"href":"https:\/\/cuadrossils.com\/es_mx\/wp-json\/wp\/v2\/product_cat?post=109926"},{"taxonomy":"product_tag","embeddable":true,"href":"https:\/\/cuadrossils.com\/es_mx\/wp-json\/wp\/v2\/product_tag?post=109926"}],"curies":[{"name":"wp","href":"https:\/\/api.w.org\/{rel}","templated":true}]}}