{"id":127754,"date":"2025-02-19T10:29:13","date_gmt":"2025-02-19T10:29:13","guid":{"rendered":"https:\/\/cuadrossils.com\/producto\/composicion-silk\/"},"modified":"2025-02-20T10:27:44","modified_gmt":"2025-02-20T10:27:44","slug":"composicion-silk","status":"publish","type":"product","link":"https:\/\/cuadrossils.com\/es_mx\/producto\/composicion-silk\/","title":{"rendered":"COMPOSICI\u00d3N SILK"},"content":{"rendered":"<p>Arte enmarcado que presenta un b\u00faho nevado y una pluma, con un estilo minimalista. Ideal para decoraci\u00f3n contempor\u00e1nea, a\u00f1adiendo sofisticaci\u00f3n y un ambiente creativo.<\/p>","protected":false},"excerpt":{"rendered":"<p>Arte enmarcado que presenta un b\u00faho nevado y una pluma, con un estilo minimalista. Ideal para decoraci\u00f3n contempor\u00e1nea, a\u00f1adiendo sofisticaci\u00f3n y un ambiente creativo.<\/p>","protected":false},"featured_media":46712,"comment_status":"closed","ping_status":"closed","template":"","meta":{"_acf_changed":false},"product_cat":[337,345,338,339,340,341,288,17,256,249,23,255,79],"product_tag":[],"class_list":{"0":"post-127754","1":"product","2":"type-product","3":"status-publish","4":"has-post-thumbnail","6":"product_cat-fotografia","7":"product_cat-juvenil","8":"product_cat-mindfulness","9":"product_cat-minimalistas","10":"product_cat-nordico","11":"product_cat-paisaje-y-naturaleza","12":"product_cat-arte-grafico","13":"product_cat-q4attro","14":"product_cat-animales","15":"product_cat-blanco-y-negro","16":"product_cat-color","17":"product_cat-diseno-grafico","18":"product_cat-inspiracion","20":"first","21":"instock","22":"product-type-yith_bundle"},"acf":[],"yoast_head":"<!-- This site is optimized with the Yoast SEO plugin v24.8.1 - https:\/\/yoast.com\/wordpress\/plugins\/seo\/ -->\n<title>COMPOSICI\u00d3N SILK - Cuadros Sils<\/title>\n<meta name=\"robots\" content=\"index, follow, max-snippet:-1, max-image-preview:large, max-video-preview:-1\" \/>\n<link rel=\"canonical\" href=\"https:\/\/cuadrossils.com\/es_mx\/producto\/composicion-silk\/\" \/>\n<meta property=\"og:locale\" content=\"es_MX\" \/>\n<meta property=\"og:type\" content=\"article\" \/>\n<meta property=\"og:title\" content=\"COMPOSICI\u00d3N SILK - Cuadros Sils\" \/>\n<meta property=\"og:description\" content=\"Arte enmarcado que presenta un b\u00faho nevado y una pluma, con un estilo minimalista. Ideal para decoraci\u00f3n contempor\u00e1nea, a\u00f1adiendo sofisticaci\u00f3n y un ambiente creativo.\" \/>\n<meta property=\"og:url\" content=\"https:\/\/cuadrossils.com\/es_mx\/producto\/composicion-silk\/\" \/>\n<meta property=\"og:site_name\" content=\"Cuadros Sils\" \/>\n<meta property=\"article:modified_time\" content=\"2025-02-20T10:27:44+00:00\" \/>\n<meta property=\"og:image\" content=\"https:\/\/cuadrossils.com\/wp-content\/uploads\/2025\/01\/Q4002.jpg\" \/>\n\t<meta property=\"og:image:width\" content=\"1710\" \/>\n\t<meta property=\"og:image:height\" content=\"1844\" \/>\n\t<meta property=\"og:image:type\" content=\"image\/jpeg\" \/>\n<meta name=\"twitter:card\" content=\"summary_large_image\" \/>\n<script type=\"application\/ld+json\" class=\"yoast-schema-graph\">{\"@context\":\"https:\/\/schema.org\",\"@graph\":[{\"@type\":\"WebPage\",\"@id\":\"https:\/\/cuadrossils.com\/producto\/composicion-silk\/\",\"url\":\"https:\/\/cuadrossils.com\/producto\/composicion-silk\/\",\"name\":\"COMPOSICI\u00d3N SILK - Cuadros Sils\",\"isPartOf\":{\"@id\":\"https:\/\/cuadrossils.com\/#website\"},\"primaryImageOfPage\":{\"@id\":\"https:\/\/cuadrossils.com\/producto\/composicion-silk\/#primaryimage\"},\"image\":{\"@id\":\"https:\/\/cuadrossils.com\/producto\/composicion-silk\/#primaryimage\"},\"thumbnailUrl\":\"https:\/\/cuadrossils.com\/wp-content\/uploads\/2025\/01\/Q4002.jpg\",\"datePublished\":\"2025-02-19T10:29:13+00:00\",\"dateModified\":\"2025-02-20T10:27:44+00:00\",\"breadcrumb\":{\"@id\":\"https:\/\/cuadrossils.com\/producto\/composicion-silk\/#breadcrumb\"},\"inLanguage\":\"es\",\"potentialAction\":[{\"@type\":\"ReadAction\",\"target\":[\"https:\/\/cuadrossils.com\/producto\/composicion-silk\/\"]}]},{\"@type\":\"ImageObject\",\"inLanguage\":\"es\",\"@id\":\"https:\/\/cuadrossils.com\/producto\/composicion-silk\/#primaryimage\",\"url\":\"https:\/\/cuadrossils.com\/wp-content\/uploads\/2025\/01\/Q4002.jpg\",\"contentUrl\":\"https:\/\/cuadrossils.com\/wp-content\/uploads\/2025\/01\/Q4002.jpg\",\"width\":1710,\"height\":1844,\"caption\":\"Conjunto de l\u00e1minas de b\u00faho y pluma art\u00edstico\"},{\"@type\":\"BreadcrumbList\",\"@id\":\"https:\/\/cuadrossils.com\/producto\/composicion-silk\/#breadcrumb\",\"itemListElement\":[{\"@type\":\"ListItem\",\"position\":1,\"name\":\"Home\",\"item\":\"https:\/\/cuadrossils.com\/\"},{\"@type\":\"ListItem\",\"position\":2,\"name\":\"Products\",\"item\":\"https:\/\/cuadrossils.com\/shop\/\"},{\"@type\":\"ListItem\",\"position\":3,\"name\":\"COMPOSICI\u00d3N SILK\"}]},{\"@type\":\"WebSite\",\"@id\":\"https:\/\/cuadrossils.com\/#website\",\"url\":\"https:\/\/cuadrossils.com\/\",\"name\":\"Cuadros Sils\",\"description\":\"Cuadros Modernos Online\",\"publisher\":{\"@id\":\"https:\/\/cuadrossils.com\/#organization\"},\"potentialAction\":[{\"@type\":\"SearchAction\",\"target\":{\"@type\":\"EntryPoint\",\"urlTemplate\":\"https:\/\/cuadrossils.com\/?s={search_term_string}\"},\"query-input\":{\"@type\":\"PropertyValueSpecification\",\"valueRequired\":true,\"valueName\":\"search_term_string\"}}],\"inLanguage\":\"es\"},{\"@type\":\"Organization\",\"@id\":\"https:\/\/cuadrossils.com\/#organization\",\"name\":\"Cuadros Sils\",\"url\":\"https:\/\/cuadrossils.com\/\",\"logo\":{\"@type\":\"ImageObject\",\"inLanguage\":\"es\",\"@id\":\"https:\/\/cuadrossils.com\/#\/schema\/logo\/image\/\",\"url\":\"https:\/\/cuadrossils.com\/wp-content\/uploads\/2025\/11\/logotipo_cuadros_sils.png\",\"contentUrl\":\"https:\/\/cuadrossils.com\/wp-content\/uploads\/2025\/11\/logotipo_cuadros_sils.png\",\"width\":500,\"height\":122,\"caption\":\"Cuadros Sils\"},\"image\":{\"@id\":\"https:\/\/cuadrossils.com\/#\/schema\/logo\/image\/\"}}]}<\/script>\n<!-- \/ Yoast SEO plugin. -->","yoast_head_json":{"title":"COMPOSICI\u00d3N SILK - Cuadros Sils","robots":{"index":"index","follow":"follow","max-snippet":"max-snippet:-1","max-image-preview":"max-image-preview:large","max-video-preview":"max-video-preview:-1"},"canonical":"https:\/\/cuadrossils.com\/es_mx\/producto\/composicion-silk\/","og_locale":"es_MX","og_type":"article","og_title":"COMPOSICI\u00d3N SILK - Cuadros Sils","og_description":"Arte enmarcado que presenta un b\u00faho nevado y una pluma, con un estilo minimalista. Ideal para decoraci\u00f3n contempor\u00e1nea, a\u00f1adiendo sofisticaci\u00f3n y un ambiente creativo.","og_url":"https:\/\/cuadrossils.com\/es_mx\/producto\/composicion-silk\/","og_site_name":"Cuadros Sils","article_modified_time":"2025-02-20T10:27:44+00:00","og_image":[{"width":1710,"height":1844,"url":"https:\/\/cuadrossils.com\/wp-content\/uploads\/2025\/01\/Q4002.jpg","type":"image\/jpeg"}],"twitter_card":"summary_large_image","schema":{"@context":"https:\/\/schema.org","@graph":[{"@type":"WebPage","@id":"https:\/\/cuadrossils.com\/producto\/composicion-silk\/","url":"https:\/\/cuadrossils.com\/producto\/composicion-silk\/","name":"COMPOSICI\u00d3N SILK - Cuadros Sils","isPartOf":{"@id":"https:\/\/cuadrossils.com\/#website"},"primaryImageOfPage":{"@id":"https:\/\/cuadrossils.com\/producto\/composicion-silk\/#primaryimage"},"image":{"@id":"https:\/\/cuadrossils.com\/producto\/composicion-silk\/#primaryimage"},"thumbnailUrl":"https:\/\/cuadrossils.com\/wp-content\/uploads\/2025\/01\/Q4002.jpg","datePublished":"2025-02-19T10:29:13+00:00","dateModified":"2025-02-20T10:27:44+00:00","breadcrumb":{"@id":"https:\/\/cuadrossils.com\/producto\/composicion-silk\/#breadcrumb"},"inLanguage":"es","potentialAction":[{"@type":"ReadAction","target":["https:\/\/cuadrossils.com\/producto\/composicion-silk\/"]}]},{"@type":"ImageObject","inLanguage":"es","@id":"https:\/\/cuadrossils.com\/producto\/composicion-silk\/#primaryimage","url":"https:\/\/cuadrossils.com\/wp-content\/uploads\/2025\/01\/Q4002.jpg","contentUrl":"https:\/\/cuadrossils.com\/wp-content\/uploads\/2025\/01\/Q4002.jpg","width":1710,"height":1844,"caption":"Conjunto de l\u00e1minas de b\u00faho y pluma art\u00edstico"},{"@type":"BreadcrumbList","@id":"https:\/\/cuadrossils.com\/producto\/composicion-silk\/#breadcrumb","itemListElement":[{"@type":"ListItem","position":1,"name":"Home","item":"https:\/\/cuadrossils.com\/"},{"@type":"ListItem","position":2,"name":"Products","item":"https:\/\/cuadrossils.com\/shop\/"},{"@type":"ListItem","position":3,"name":"COMPOSICI\u00d3N SILK"}]},{"@type":"WebSite","@id":"https:\/\/cuadrossils.com\/#website","url":"https:\/\/cuadrossils.com\/","name":"Cuadros Sils","description":"Cuadros Modernos Online","publisher":{"@id":"https:\/\/cuadrossils.com\/#organization"},"potentialAction":[{"@type":"SearchAction","target":{"@type":"EntryPoint","urlTemplate":"https:\/\/cuadrossils.com\/?s={search_term_string}"},"query-input":{"@type":"PropertyValueSpecification","valueRequired":true,"valueName":"search_term_string"}}],"inLanguage":"es"},{"@type":"Organization","@id":"https:\/\/cuadrossils.com\/#organization","name":"Cuadros Sils","url":"https:\/\/cuadrossils.com\/","logo":{"@type":"ImageObject","inLanguage":"es","@id":"https:\/\/cuadrossils.com\/#\/schema\/logo\/image\/","url":"https:\/\/cuadrossils.com\/wp-content\/uploads\/2025\/11\/logotipo_cuadros_sils.png","contentUrl":"https:\/\/cuadrossils.com\/wp-content\/uploads\/2025\/11\/logotipo_cuadros_sils.png","width":500,"height":122,"caption":"Cuadros Sils"},"image":{"@id":"https:\/\/cuadrossils.com\/#\/schema\/logo\/image\/"}}]}},"_links":{"self":[{"href":"https:\/\/cuadrossils.com\/es_mx\/wp-json\/wp\/v2\/product\/127754","targetHints":{"allow":["GET"]}}],"collection":[{"href":"https:\/\/cuadrossils.com\/es_mx\/wp-json\/wp\/v2\/product"}],"about":[{"href":"https:\/\/cuadrossils.com\/es_mx\/wp-json\/wp\/v2\/types\/product"}],"replies":[{"embeddable":true,"href":"https:\/\/cuadrossils.com\/es_mx\/wp-json\/wp\/v2\/comments?post=127754"}],"version-history":[{"count":1,"href":"https:\/\/cuadrossils.com\/es_mx\/wp-json\/wp\/v2\/product\/127754\/revisions"}],"predecessor-version":[{"id":127755,"href":"https:\/\/cuadrossils.com\/es_mx\/wp-json\/wp\/v2\/product\/127754\/revisions\/127755"}],"wp:featuredmedia":[{"embeddable":true,"href":"https:\/\/cuadrossils.com\/es_mx\/wp-json\/wp\/v2\/media\/46712"}],"wp:attachment":[{"href":"https:\/\/cuadrossils.com\/es_mx\/wp-json\/wp\/v2\/media?parent=127754"}],"wp:term":[{"taxonomy":"product_cat","embeddable":true,"href":"https:\/\/cuadrossils.com\/es_mx\/wp-json\/wp\/v2\/product_cat?post=127754"},{"taxonomy":"product_tag","embeddable":true,"href":"https:\/\/cuadrossils.com\/es_mx\/wp-json\/wp\/v2\/product_tag?post=127754"}],"curies":[{"name":"wp","href":"https:\/\/api.w.org\/{rel}","templated":true}]}}