{"id":127866,"date":"2025-02-19T10:29:39","date_gmt":"2025-02-19T10:29:39","guid":{"rendered":"https:\/\/cuadrossils.com\/producto\/composicion-sports\/"},"modified":"2025-04-23T09:53:46","modified_gmt":"2025-04-23T09:53:46","slug":"composicion-sports","status":"publish","type":"product","link":"https:\/\/cuadrossils.com\/es_mx\/producto\/composicion-sports\/","title":{"rendered":"COMPOSICI\u00d3N SPORTS"},"content":{"rendered":"<p>Colecci\u00f3n de arte enmarcado con tem\u00e1tica deportiva en colores vibrantes, ideal para habitaciones infantiles o espacios de entusiastas del deporte.<\/p>","protected":false},"excerpt":{"rendered":"<p>Colecci\u00f3n de arte enmarcado con tem\u00e1tica deportiva en colores vibrantes, ideal para habitaciones infantiles o espacios de entusiastas del deporte.<\/p>","protected":false},"featured_media":47753,"comment_status":"closed","ping_status":"closed","template":"","meta":{"_acf_changed":false},"product_cat":[343,350,345,344,288,17,23,255,245,79],"product_tag":[],"class_list":{"0":"post-127866","1":"product","2":"type-product","3":"status-publish","4":"has-post-thumbnail","6":"product_cat-ilustracion","7":"product_cat-infantiles","8":"product_cat-juvenil","9":"product_cat-textos-y-frases","10":"product_cat-arte-grafico","11":"product_cat-q4attro","12":"product_cat-color","13":"product_cat-diseno-grafico","14":"product_cat-trazos-y-lineas","15":"product_cat-inspiracion","17":"first","18":"instock","19":"product-type-yith_bundle"},"acf":[],"yoast_head":"<!-- This site is optimized with the Yoast SEO plugin v24.8.1 - https:\/\/yoast.com\/wordpress\/plugins\/seo\/ -->\n<title>COMPOSICI\u00d3N SPORTS - Cuadros Sils<\/title>\n<meta name=\"description\" content=\"Colecci\u00f3n de arte enmarcado con tem\u00e1tica deportiva en colores vibrantes, ideal para habitaciones infantiles o espacios de entusiastas del deporte.\" \/>\n<meta name=\"robots\" content=\"index, follow, max-snippet:-1, max-image-preview:large, max-video-preview:-1\" \/>\n<link rel=\"canonical\" href=\"https:\/\/cuadrossils.com\/es_mx\/producto\/composicion-sports\/\" \/>\n<meta property=\"og:locale\" content=\"es_MX\" \/>\n<meta property=\"og:type\" content=\"article\" \/>\n<meta property=\"og:title\" content=\"COMPOSICI\u00d3N SPORTS - Cuadros Sils\" \/>\n<meta property=\"og:description\" content=\"Colecci\u00f3n de arte enmarcado con tem\u00e1tica deportiva en colores vibrantes, ideal para habitaciones infantiles o espacios de entusiastas del deporte.\" \/>\n<meta property=\"og:url\" content=\"https:\/\/cuadrossils.com\/es_mx\/producto\/composicion-sports\/\" \/>\n<meta property=\"og:site_name\" content=\"Cuadros Sils\" \/>\n<meta property=\"article:modified_time\" content=\"2025-04-23T09:53:46+00:00\" \/>\n<meta property=\"og:image\" content=\"https:\/\/cuadrossils.com\/wp-content\/uploads\/2025\/01\/Q4058.jpg\" \/>\n\t<meta property=\"og:image:width\" content=\"2432\" \/>\n\t<meta property=\"og:image:height\" content=\"1862\" \/>\n\t<meta property=\"og:image:type\" content=\"image\/jpeg\" \/>\n<meta name=\"twitter:card\" content=\"summary_large_image\" \/>\n<meta name=\"twitter:label1\" content=\"Tiempo de lectura\" \/>\n\t<meta name=\"twitter:data1\" content=\"1 minuto\" \/>\n<script type=\"application\/ld+json\" class=\"yoast-schema-graph\">{\"@context\":\"https:\/\/schema.org\",\"@graph\":[{\"@type\":\"WebPage\",\"@id\":\"https:\/\/cuadrossils.com\/producto\/composicion-sports\/\",\"url\":\"https:\/\/cuadrossils.com\/producto\/composicion-sports\/\",\"name\":\"COMPOSICI\u00d3N SPORTS - Cuadros Sils\",\"isPartOf\":{\"@id\":\"https:\/\/cuadrossils.com\/#website\"},\"primaryImageOfPage\":{\"@id\":\"https:\/\/cuadrossils.com\/producto\/composicion-sports\/#primaryimage\"},\"image\":{\"@id\":\"https:\/\/cuadrossils.com\/producto\/composicion-sports\/#primaryimage\"},\"thumbnailUrl\":\"https:\/\/cuadrossils.com\/wp-content\/uploads\/2025\/01\/Q4058.jpg\",\"datePublished\":\"2025-02-19T10:29:39+00:00\",\"dateModified\":\"2025-04-23T09:53:46+00:00\",\"description\":\"Colecci\u00f3n de arte enmarcado con tem\u00e1tica deportiva en colores vibrantes, ideal para habitaciones infantiles o espacios de entusiastas del deporte.\",\"breadcrumb\":{\"@id\":\"https:\/\/cuadrossils.com\/producto\/composicion-sports\/#breadcrumb\"},\"inLanguage\":\"es\",\"potentialAction\":[{\"@type\":\"ReadAction\",\"target\":[\"https:\/\/cuadrossils.com\/producto\/composicion-sports\/\"]}]},{\"@type\":\"ImageObject\",\"inLanguage\":\"es\",\"@id\":\"https:\/\/cuadrossils.com\/producto\/composicion-sports\/#primaryimage\",\"url\":\"https:\/\/cuadrossils.com\/wp-content\/uploads\/2025\/01\/Q4058.jpg\",\"contentUrl\":\"https:\/\/cuadrossils.com\/wp-content\/uploads\/2025\/01\/Q4058.jpg\",\"width\":2432,\"height\":1862,\"caption\":\"Arte gr\u00e1fico decorativo con tem\u00e1tica deportiva\"},{\"@type\":\"BreadcrumbList\",\"@id\":\"https:\/\/cuadrossils.com\/producto\/composicion-sports\/#breadcrumb\",\"itemListElement\":[{\"@type\":\"ListItem\",\"position\":1,\"name\":\"Home\",\"item\":\"https:\/\/cuadrossils.com\/\"},{\"@type\":\"ListItem\",\"position\":2,\"name\":\"Products\",\"item\":\"https:\/\/cuadrossils.com\/shop\/\"},{\"@type\":\"ListItem\",\"position\":3,\"name\":\"COMPOSICI\u00d3N SPORTS\"}]},{\"@type\":\"WebSite\",\"@id\":\"https:\/\/cuadrossils.com\/#website\",\"url\":\"https:\/\/cuadrossils.com\/\",\"name\":\"Cuadros Sils\",\"description\":\"Cuadros Modernos Online\",\"publisher\":{\"@id\":\"https:\/\/cuadrossils.com\/#organization\"},\"potentialAction\":[{\"@type\":\"SearchAction\",\"target\":{\"@type\":\"EntryPoint\",\"urlTemplate\":\"https:\/\/cuadrossils.com\/?s={search_term_string}\"},\"query-input\":{\"@type\":\"PropertyValueSpecification\",\"valueRequired\":true,\"valueName\":\"search_term_string\"}}],\"inLanguage\":\"es\"},{\"@type\":\"Organization\",\"@id\":\"https:\/\/cuadrossils.com\/#organization\",\"name\":\"Cuadros Sils\",\"url\":\"https:\/\/cuadrossils.com\/\",\"logo\":{\"@type\":\"ImageObject\",\"inLanguage\":\"es\",\"@id\":\"https:\/\/cuadrossils.com\/#\/schema\/logo\/image\/\",\"url\":\"https:\/\/cuadrossils.com\/wp-content\/uploads\/2025\/11\/logotipo_cuadros_sils.png\",\"contentUrl\":\"https:\/\/cuadrossils.com\/wp-content\/uploads\/2025\/11\/logotipo_cuadros_sils.png\",\"width\":500,\"height\":122,\"caption\":\"Cuadros Sils\"},\"image\":{\"@id\":\"https:\/\/cuadrossils.com\/#\/schema\/logo\/image\/\"}}]}<\/script>\n<!-- \/ Yoast SEO plugin. -->","yoast_head_json":{"title":"COMPOSICI\u00d3N SPORTS - Cuadros Sils","description":"Colecci\u00f3n de arte enmarcado con tem\u00e1tica deportiva en colores vibrantes, ideal para habitaciones infantiles o espacios de entusiastas del deporte.","robots":{"index":"index","follow":"follow","max-snippet":"max-snippet:-1","max-image-preview":"max-image-preview:large","max-video-preview":"max-video-preview:-1"},"canonical":"https:\/\/cuadrossils.com\/es_mx\/producto\/composicion-sports\/","og_locale":"es_MX","og_type":"article","og_title":"COMPOSICI\u00d3N SPORTS - Cuadros Sils","og_description":"Colecci\u00f3n de arte enmarcado con tem\u00e1tica deportiva en colores vibrantes, ideal para habitaciones infantiles o espacios de entusiastas del deporte.","og_url":"https:\/\/cuadrossils.com\/es_mx\/producto\/composicion-sports\/","og_site_name":"Cuadros Sils","article_modified_time":"2025-04-23T09:53:46+00:00","og_image":[{"width":2432,"height":1862,"url":"https:\/\/cuadrossils.com\/wp-content\/uploads\/2025\/01\/Q4058.jpg","type":"image\/jpeg"}],"twitter_card":"summary_large_image","twitter_misc":{"Tiempo de lectura":"1 minuto"},"schema":{"@context":"https:\/\/schema.org","@graph":[{"@type":"WebPage","@id":"https:\/\/cuadrossils.com\/producto\/composicion-sports\/","url":"https:\/\/cuadrossils.com\/producto\/composicion-sports\/","name":"COMPOSICI\u00d3N SPORTS - Cuadros Sils","isPartOf":{"@id":"https:\/\/cuadrossils.com\/#website"},"primaryImageOfPage":{"@id":"https:\/\/cuadrossils.com\/producto\/composicion-sports\/#primaryimage"},"image":{"@id":"https:\/\/cuadrossils.com\/producto\/composicion-sports\/#primaryimage"},"thumbnailUrl":"https:\/\/cuadrossils.com\/wp-content\/uploads\/2025\/01\/Q4058.jpg","datePublished":"2025-02-19T10:29:39+00:00","dateModified":"2025-04-23T09:53:46+00:00","description":"Colecci\u00f3n de arte enmarcado con tem\u00e1tica deportiva en colores vibrantes, ideal para habitaciones infantiles o espacios de entusiastas del deporte.","breadcrumb":{"@id":"https:\/\/cuadrossils.com\/producto\/composicion-sports\/#breadcrumb"},"inLanguage":"es","potentialAction":[{"@type":"ReadAction","target":["https:\/\/cuadrossils.com\/producto\/composicion-sports\/"]}]},{"@type":"ImageObject","inLanguage":"es","@id":"https:\/\/cuadrossils.com\/producto\/composicion-sports\/#primaryimage","url":"https:\/\/cuadrossils.com\/wp-content\/uploads\/2025\/01\/Q4058.jpg","contentUrl":"https:\/\/cuadrossils.com\/wp-content\/uploads\/2025\/01\/Q4058.jpg","width":2432,"height":1862,"caption":"Arte gr\u00e1fico decorativo con tem\u00e1tica deportiva"},{"@type":"BreadcrumbList","@id":"https:\/\/cuadrossils.com\/producto\/composicion-sports\/#breadcrumb","itemListElement":[{"@type":"ListItem","position":1,"name":"Home","item":"https:\/\/cuadrossils.com\/"},{"@type":"ListItem","position":2,"name":"Products","item":"https:\/\/cuadrossils.com\/shop\/"},{"@type":"ListItem","position":3,"name":"COMPOSICI\u00d3N SPORTS"}]},{"@type":"WebSite","@id":"https:\/\/cuadrossils.com\/#website","url":"https:\/\/cuadrossils.com\/","name":"Cuadros Sils","description":"Cuadros Modernos Online","publisher":{"@id":"https:\/\/cuadrossils.com\/#organization"},"potentialAction":[{"@type":"SearchAction","target":{"@type":"EntryPoint","urlTemplate":"https:\/\/cuadrossils.com\/?s={search_term_string}"},"query-input":{"@type":"PropertyValueSpecification","valueRequired":true,"valueName":"search_term_string"}}],"inLanguage":"es"},{"@type":"Organization","@id":"https:\/\/cuadrossils.com\/#organization","name":"Cuadros Sils","url":"https:\/\/cuadrossils.com\/","logo":{"@type":"ImageObject","inLanguage":"es","@id":"https:\/\/cuadrossils.com\/#\/schema\/logo\/image\/","url":"https:\/\/cuadrossils.com\/wp-content\/uploads\/2025\/11\/logotipo_cuadros_sils.png","contentUrl":"https:\/\/cuadrossils.com\/wp-content\/uploads\/2025\/11\/logotipo_cuadros_sils.png","width":500,"height":122,"caption":"Cuadros Sils"},"image":{"@id":"https:\/\/cuadrossils.com\/#\/schema\/logo\/image\/"}}]}},"_links":{"self":[{"href":"https:\/\/cuadrossils.com\/es_mx\/wp-json\/wp\/v2\/product\/127866","targetHints":{"allow":["GET"]}}],"collection":[{"href":"https:\/\/cuadrossils.com\/es_mx\/wp-json\/wp\/v2\/product"}],"about":[{"href":"https:\/\/cuadrossils.com\/es_mx\/wp-json\/wp\/v2\/types\/product"}],"replies":[{"embeddable":true,"href":"https:\/\/cuadrossils.com\/es_mx\/wp-json\/wp\/v2\/comments?post=127866"}],"version-history":[{"count":1,"href":"https:\/\/cuadrossils.com\/es_mx\/wp-json\/wp\/v2\/product\/127866\/revisions"}],"predecessor-version":[{"id":127867,"href":"https:\/\/cuadrossils.com\/es_mx\/wp-json\/wp\/v2\/product\/127866\/revisions\/127867"}],"wp:featuredmedia":[{"embeddable":true,"href":"https:\/\/cuadrossils.com\/es_mx\/wp-json\/wp\/v2\/media\/47753"}],"wp:attachment":[{"href":"https:\/\/cuadrossils.com\/es_mx\/wp-json\/wp\/v2\/media?parent=127866"}],"wp:term":[{"taxonomy":"product_cat","embeddable":true,"href":"https:\/\/cuadrossils.com\/es_mx\/wp-json\/wp\/v2\/product_cat?post=127866"},{"taxonomy":"product_tag","embeddable":true,"href":"https:\/\/cuadrossils.com\/es_mx\/wp-json\/wp\/v2\/product_tag?post=127866"}],"curies":[{"name":"wp","href":"https:\/\/api.w.org\/{rel}","templated":true}]}}