{"id":128037,"date":"2025-02-19T10:30:40","date_gmt":"2025-02-19T10:30:40","guid":{"rendered":"https:\/\/cuadrossils.com\/producto\/composicion-venice\/"},"modified":"2025-02-24T12:09:12","modified_gmt":"2025-02-24T12:09:12","slug":"composicion-venice","status":"publish","type":"product","link":"https:\/\/cuadrossils.com\/es_mx\/producto\/composicion-venice\/","title":{"rendered":"COMPOSICI\u00d3N VENICE"},"content":{"rendered":"<p>Pared de galer\u00eda con fotograf\u00edas de playa en tonos pastel, ideal para crear un ambiente relajante e inspirador.<\/p>","protected":false},"excerpt":{"rendered":"<p>Pared de galer\u00eda con fotograf\u00edas de playa en tonos pastel, ideal para crear un ambiente relajante e inspirador.<\/p>","protected":false},"featured_media":49173,"comment_status":"closed","ping_status":"closed","template":"","meta":{"_acf_changed":false},"product_cat":[346,337,345,347,341,344,288,17,23,79],"product_tag":[],"class_list":{"0":"post-128037","1":"product","2":"type-product","3":"status-publish","4":"has-post-thumbnail","6":"product_cat-botanica","7":"product_cat-fotografia","8":"product_cat-juvenil","9":"product_cat-mapas-y-ciudades","10":"product_cat-paisaje-y-naturaleza","11":"product_cat-textos-y-frases","12":"product_cat-arte-grafico","13":"product_cat-q4attro","14":"product_cat-color","15":"product_cat-inspiracion","17":"first","18":"instock","19":"product-type-yith_bundle"},"acf":[],"yoast_head":"<!-- This site is optimized with the Yoast SEO plugin v24.8.1 - https:\/\/yoast.com\/wordpress\/plugins\/seo\/ -->\n<title>COMPOSICI\u00d3N VENICE - Cuadros Sils<\/title>\n<meta name=\"robots\" content=\"index, follow, max-snippet:-1, max-image-preview:large, max-video-preview:-1\" \/>\n<link rel=\"canonical\" href=\"https:\/\/cuadrossils.com\/es_mx\/producto\/composicion-venice\/\" \/>\n<meta property=\"og:locale\" content=\"es_MX\" \/>\n<meta property=\"og:type\" content=\"article\" \/>\n<meta property=\"og:title\" content=\"COMPOSICI\u00d3N VENICE - Cuadros Sils\" \/>\n<meta property=\"og:description\" content=\"Pared de galer\u00eda con fotograf\u00edas de playa en tonos pastel, ideal para crear un ambiente relajante e inspirador.\" \/>\n<meta property=\"og:url\" content=\"https:\/\/cuadrossils.com\/es_mx\/producto\/composicion-venice\/\" \/>\n<meta property=\"og:site_name\" content=\"Cuadros Sils\" \/>\n<meta property=\"article:modified_time\" content=\"2025-02-24T12:09:12+00:00\" \/>\n<meta property=\"og:image\" content=\"https:\/\/cuadrossils.com\/wp-content\/uploads\/2025\/01\/Q4142.jpg\" \/>\n\t<meta property=\"og:image:width\" content=\"1856\" \/>\n\t<meta property=\"og:image:height\" content=\"1570\" \/>\n\t<meta property=\"og:image:type\" content=\"image\/jpeg\" \/>\n<meta name=\"twitter:card\" content=\"summary_large_image\" \/>\n<script type=\"application\/ld+json\" class=\"yoast-schema-graph\">{\"@context\":\"https:\/\/schema.org\",\"@graph\":[{\"@type\":\"WebPage\",\"@id\":\"https:\/\/cuadrossils.com\/producto\/composicion-venice\/\",\"url\":\"https:\/\/cuadrossils.com\/producto\/composicion-venice\/\",\"name\":\"COMPOSICI\u00d3N VENICE - Cuadros Sils\",\"isPartOf\":{\"@id\":\"https:\/\/cuadrossils.com\/#website\"},\"primaryImageOfPage\":{\"@id\":\"https:\/\/cuadrossils.com\/producto\/composicion-venice\/#primaryimage\"},\"image\":{\"@id\":\"https:\/\/cuadrossils.com\/producto\/composicion-venice\/#primaryimage\"},\"thumbnailUrl\":\"https:\/\/cuadrossils.com\/wp-content\/uploads\/2025\/01\/Q4142.jpg\",\"datePublished\":\"2025-02-19T10:30:40+00:00\",\"dateModified\":\"2025-02-24T12:09:12+00:00\",\"breadcrumb\":{\"@id\":\"https:\/\/cuadrossils.com\/producto\/composicion-venice\/#breadcrumb\"},\"inLanguage\":\"es\",\"potentialAction\":[{\"@type\":\"ReadAction\",\"target\":[\"https:\/\/cuadrossils.com\/producto\/composicion-venice\/\"]}]},{\"@type\":\"ImageObject\",\"inLanguage\":\"es\",\"@id\":\"https:\/\/cuadrossils.com\/producto\/composicion-venice\/#primaryimage\",\"url\":\"https:\/\/cuadrossils.com\/wp-content\/uploads\/2025\/01\/Q4142.jpg\",\"contentUrl\":\"https:\/\/cuadrossils.com\/wp-content\/uploads\/2025\/01\/Q4142.jpg\",\"width\":1856,\"height\":1570,\"caption\":\"Galer\u00eda de arte en sal\u00f3n sereno\"},{\"@type\":\"BreadcrumbList\",\"@id\":\"https:\/\/cuadrossils.com\/producto\/composicion-venice\/#breadcrumb\",\"itemListElement\":[{\"@type\":\"ListItem\",\"position\":1,\"name\":\"Home\",\"item\":\"https:\/\/cuadrossils.com\/\"},{\"@type\":\"ListItem\",\"position\":2,\"name\":\"Products\",\"item\":\"https:\/\/cuadrossils.com\/shop\/\"},{\"@type\":\"ListItem\",\"position\":3,\"name\":\"COMPOSICI\u00d3N VENICE\"}]},{\"@type\":\"WebSite\",\"@id\":\"https:\/\/cuadrossils.com\/#website\",\"url\":\"https:\/\/cuadrossils.com\/\",\"name\":\"Cuadros Sils\",\"description\":\"Cuadros Modernos Online\",\"publisher\":{\"@id\":\"https:\/\/cuadrossils.com\/#organization\"},\"potentialAction\":[{\"@type\":\"SearchAction\",\"target\":{\"@type\":\"EntryPoint\",\"urlTemplate\":\"https:\/\/cuadrossils.com\/?s={search_term_string}\"},\"query-input\":{\"@type\":\"PropertyValueSpecification\",\"valueRequired\":true,\"valueName\":\"search_term_string\"}}],\"inLanguage\":\"es\"},{\"@type\":\"Organization\",\"@id\":\"https:\/\/cuadrossils.com\/#organization\",\"name\":\"Cuadros Sils\",\"url\":\"https:\/\/cuadrossils.com\/\",\"logo\":{\"@type\":\"ImageObject\",\"inLanguage\":\"es\",\"@id\":\"https:\/\/cuadrossils.com\/#\/schema\/logo\/image\/\",\"url\":\"https:\/\/cuadrossils.com\/wp-content\/uploads\/2025\/11\/logotipo_cuadros_sils.png\",\"contentUrl\":\"https:\/\/cuadrossils.com\/wp-content\/uploads\/2025\/11\/logotipo_cuadros_sils.png\",\"width\":500,\"height\":122,\"caption\":\"Cuadros Sils\"},\"image\":{\"@id\":\"https:\/\/cuadrossils.com\/#\/schema\/logo\/image\/\"}}]}<\/script>\n<!-- \/ Yoast SEO plugin. -->","yoast_head_json":{"title":"COMPOSICI\u00d3N VENICE - Cuadros Sils","robots":{"index":"index","follow":"follow","max-snippet":"max-snippet:-1","max-image-preview":"max-image-preview:large","max-video-preview":"max-video-preview:-1"},"canonical":"https:\/\/cuadrossils.com\/es_mx\/producto\/composicion-venice\/","og_locale":"es_MX","og_type":"article","og_title":"COMPOSICI\u00d3N VENICE - Cuadros Sils","og_description":"Pared de galer\u00eda con fotograf\u00edas de playa en tonos pastel, ideal para crear un ambiente relajante e inspirador.","og_url":"https:\/\/cuadrossils.com\/es_mx\/producto\/composicion-venice\/","og_site_name":"Cuadros Sils","article_modified_time":"2025-02-24T12:09:12+00:00","og_image":[{"width":1856,"height":1570,"url":"https:\/\/cuadrossils.com\/wp-content\/uploads\/2025\/01\/Q4142.jpg","type":"image\/jpeg"}],"twitter_card":"summary_large_image","schema":{"@context":"https:\/\/schema.org","@graph":[{"@type":"WebPage","@id":"https:\/\/cuadrossils.com\/producto\/composicion-venice\/","url":"https:\/\/cuadrossils.com\/producto\/composicion-venice\/","name":"COMPOSICI\u00d3N VENICE - Cuadros Sils","isPartOf":{"@id":"https:\/\/cuadrossils.com\/#website"},"primaryImageOfPage":{"@id":"https:\/\/cuadrossils.com\/producto\/composicion-venice\/#primaryimage"},"image":{"@id":"https:\/\/cuadrossils.com\/producto\/composicion-venice\/#primaryimage"},"thumbnailUrl":"https:\/\/cuadrossils.com\/wp-content\/uploads\/2025\/01\/Q4142.jpg","datePublished":"2025-02-19T10:30:40+00:00","dateModified":"2025-02-24T12:09:12+00:00","breadcrumb":{"@id":"https:\/\/cuadrossils.com\/producto\/composicion-venice\/#breadcrumb"},"inLanguage":"es","potentialAction":[{"@type":"ReadAction","target":["https:\/\/cuadrossils.com\/producto\/composicion-venice\/"]}]},{"@type":"ImageObject","inLanguage":"es","@id":"https:\/\/cuadrossils.com\/producto\/composicion-venice\/#primaryimage","url":"https:\/\/cuadrossils.com\/wp-content\/uploads\/2025\/01\/Q4142.jpg","contentUrl":"https:\/\/cuadrossils.com\/wp-content\/uploads\/2025\/01\/Q4142.jpg","width":1856,"height":1570,"caption":"Galer\u00eda de arte en sal\u00f3n sereno"},{"@type":"BreadcrumbList","@id":"https:\/\/cuadrossils.com\/producto\/composicion-venice\/#breadcrumb","itemListElement":[{"@type":"ListItem","position":1,"name":"Home","item":"https:\/\/cuadrossils.com\/"},{"@type":"ListItem","position":2,"name":"Products","item":"https:\/\/cuadrossils.com\/shop\/"},{"@type":"ListItem","position":3,"name":"COMPOSICI\u00d3N VENICE"}]},{"@type":"WebSite","@id":"https:\/\/cuadrossils.com\/#website","url":"https:\/\/cuadrossils.com\/","name":"Cuadros Sils","description":"Cuadros Modernos Online","publisher":{"@id":"https:\/\/cuadrossils.com\/#organization"},"potentialAction":[{"@type":"SearchAction","target":{"@type":"EntryPoint","urlTemplate":"https:\/\/cuadrossils.com\/?s={search_term_string}"},"query-input":{"@type":"PropertyValueSpecification","valueRequired":true,"valueName":"search_term_string"}}],"inLanguage":"es"},{"@type":"Organization","@id":"https:\/\/cuadrossils.com\/#organization","name":"Cuadros Sils","url":"https:\/\/cuadrossils.com\/","logo":{"@type":"ImageObject","inLanguage":"es","@id":"https:\/\/cuadrossils.com\/#\/schema\/logo\/image\/","url":"https:\/\/cuadrossils.com\/wp-content\/uploads\/2025\/11\/logotipo_cuadros_sils.png","contentUrl":"https:\/\/cuadrossils.com\/wp-content\/uploads\/2025\/11\/logotipo_cuadros_sils.png","width":500,"height":122,"caption":"Cuadros Sils"},"image":{"@id":"https:\/\/cuadrossils.com\/#\/schema\/logo\/image\/"}}]}},"_links":{"self":[{"href":"https:\/\/cuadrossils.com\/es_mx\/wp-json\/wp\/v2\/product\/128037","targetHints":{"allow":["GET"]}}],"collection":[{"href":"https:\/\/cuadrossils.com\/es_mx\/wp-json\/wp\/v2\/product"}],"about":[{"href":"https:\/\/cuadrossils.com\/es_mx\/wp-json\/wp\/v2\/types\/product"}],"replies":[{"embeddable":true,"href":"https:\/\/cuadrossils.com\/es_mx\/wp-json\/wp\/v2\/comments?post=128037"}],"version-history":[{"count":1,"href":"https:\/\/cuadrossils.com\/es_mx\/wp-json\/wp\/v2\/product\/128037\/revisions"}],"predecessor-version":[{"id":128038,"href":"https:\/\/cuadrossils.com\/es_mx\/wp-json\/wp\/v2\/product\/128037\/revisions\/128038"}],"wp:featuredmedia":[{"embeddable":true,"href":"https:\/\/cuadrossils.com\/es_mx\/wp-json\/wp\/v2\/media\/49173"}],"wp:attachment":[{"href":"https:\/\/cuadrossils.com\/es_mx\/wp-json\/wp\/v2\/media?parent=128037"}],"wp:term":[{"taxonomy":"product_cat","embeddable":true,"href":"https:\/\/cuadrossils.com\/es_mx\/wp-json\/wp\/v2\/product_cat?post=128037"},{"taxonomy":"product_tag","embeddable":true,"href":"https:\/\/cuadrossils.com\/es_mx\/wp-json\/wp\/v2\/product_tag?post=128037"}],"curies":[{"name":"wp","href":"https:\/\/api.w.org\/{rel}","templated":true}]}}