{"id":128275,"date":"2025-02-19T10:39:53","date_gmt":"2025-02-19T10:39:53","guid":{"rendered":"https:\/\/cuadrossils.com\/producto\/composicion-terracota\/"},"modified":"2025-04-23T09:07:06","modified_gmt":"2025-04-23T09:07:06","slug":"composicion-terracota","status":"publish","type":"product","link":"https:\/\/cuadrossils.com\/es_mx\/producto\/composicion-terracota\/","title":{"rendered":"COMPOSICI\u00d3N TERRACOTA"},"content":{"rendered":"<p>Arte abstracto en tonos neutros y tierra, con formas din\u00e1micas y composiciones minimalistas. Dise\u00f1os ideales para crear ambientes tranquilos y sofisticados.<\/p>","protected":false},"excerpt":{"rendered":"<p>Arte abstracto en tonos neutros y tierra, con formas din\u00e1micas y composiciones minimalistas. Dise\u00f1os ideales para crear ambientes tranquilos y sofisticados.<\/p>","protected":false},"featured_media":45772,"comment_status":"closed","ping_status":"closed","template":"","meta":{"_acf_changed":false},"product_cat":[343,348,288,229,241,23,255,252,245,79],"product_tag":[],"class_list":{"0":"post-128275","1":"product","2":"type-product","3":"status-publish","4":"has-post-thumbnail","6":"product_cat-ilustracion","7":"product_cat-vintage","8":"product_cat-arte-grafico","9":"product_cat-minimal","10":"product_cat-abstracto","11":"product_cat-color","12":"product_cat-diseno-grafico","13":"product_cat-tierras-y-ocres","14":"product_cat-trazos-y-lineas","15":"product_cat-inspiracion","17":"first","18":"instock","19":"product-type-yith_bundle"},"acf":[],"yoast_head":"<!-- This site is optimized with the Yoast SEO plugin v24.8.1 - https:\/\/yoast.com\/wordpress\/plugins\/seo\/ -->\n<title>COMPOSICI\u00d3N TERRACOTA - Cuadros Sils<\/title>\n<meta name=\"description\" content=\"Arte abstracto en tonos neutros y tierra, con formas din\u00e1micas y composiciones minimalistas. Dise\u00f1os ideales para crear ambientes tranquilos y sofisticados.\" \/>\n<meta name=\"robots\" content=\"index, follow, max-snippet:-1, max-image-preview:large, max-video-preview:-1\" \/>\n<link rel=\"canonical\" href=\"https:\/\/cuadrossils.com\/es_mx\/producto\/composicion-terracota\/\" \/>\n<meta property=\"og:locale\" content=\"es_MX\" \/>\n<meta property=\"og:type\" content=\"article\" \/>\n<meta property=\"og:title\" content=\"COMPOSICI\u00d3N TERRACOTA - Cuadros Sils\" \/>\n<meta property=\"og:description\" content=\"Arte abstracto en tonos neutros y tierra, con formas din\u00e1micas y composiciones minimalistas. Dise\u00f1os ideales para crear ambientes tranquilos y sofisticados.\" \/>\n<meta property=\"og:url\" content=\"https:\/\/cuadrossils.com\/es_mx\/producto\/composicion-terracota\/\" \/>\n<meta property=\"og:site_name\" content=\"Cuadros Sils\" \/>\n<meta property=\"article:modified_time\" content=\"2025-04-23T09:07:06+00:00\" \/>\n<meta property=\"og:image\" content=\"https:\/\/cuadrossils.com\/wp-content\/uploads\/2024\/08\/SM237-A.jpg\" \/>\n\t<meta property=\"og:image:width\" content=\"1182\" \/>\n\t<meta property=\"og:image:height\" content=\"827\" \/>\n\t<meta property=\"og:image:type\" content=\"image\/jpeg\" \/>\n<meta name=\"twitter:card\" content=\"summary_large_image\" \/>\n<meta name=\"twitter:label1\" content=\"Tiempo de lectura\" \/>\n\t<meta name=\"twitter:data1\" content=\"1 minuto\" \/>\n<script type=\"application\/ld+json\" class=\"yoast-schema-graph\">{\"@context\":\"https:\/\/schema.org\",\"@graph\":[{\"@type\":\"WebPage\",\"@id\":\"https:\/\/cuadrossils.com\/producto\/composicion-terracota\/\",\"url\":\"https:\/\/cuadrossils.com\/producto\/composicion-terracota\/\",\"name\":\"COMPOSICI\u00d3N TERRACOTA - Cuadros Sils\",\"isPartOf\":{\"@id\":\"https:\/\/cuadrossils.com\/#website\"},\"primaryImageOfPage\":{\"@id\":\"https:\/\/cuadrossils.com\/producto\/composicion-terracota\/#primaryimage\"},\"image\":{\"@id\":\"https:\/\/cuadrossils.com\/producto\/composicion-terracota\/#primaryimage\"},\"thumbnailUrl\":\"https:\/\/cuadrossils.com\/wp-content\/uploads\/2024\/08\/SM237-A.jpg\",\"datePublished\":\"2025-02-19T10:39:53+00:00\",\"dateModified\":\"2025-04-23T09:07:06+00:00\",\"description\":\"Arte abstracto en tonos neutros y tierra, con formas din\u00e1micas y composiciones minimalistas. Dise\u00f1os ideales para crear ambientes tranquilos y sofisticados.\",\"breadcrumb\":{\"@id\":\"https:\/\/cuadrossils.com\/producto\/composicion-terracota\/#breadcrumb\"},\"inLanguage\":\"es\",\"potentialAction\":[{\"@type\":\"ReadAction\",\"target\":[\"https:\/\/cuadrossils.com\/producto\/composicion-terracota\/\"]}]},{\"@type\":\"ImageObject\",\"inLanguage\":\"es\",\"@id\":\"https:\/\/cuadrossils.com\/producto\/composicion-terracota\/#primaryimage\",\"url\":\"https:\/\/cuadrossils.com\/wp-content\/uploads\/2024\/08\/SM237-A.jpg\",\"contentUrl\":\"https:\/\/cuadrossils.com\/wp-content\/uploads\/2024\/08\/SM237-A.jpg\",\"width\":1182,\"height\":827,\"caption\":\"Arte abstracto minimalista en tonos tierra\"},{\"@type\":\"BreadcrumbList\",\"@id\":\"https:\/\/cuadrossils.com\/producto\/composicion-terracota\/#breadcrumb\",\"itemListElement\":[{\"@type\":\"ListItem\",\"position\":1,\"name\":\"Home\",\"item\":\"https:\/\/cuadrossils.com\/\"},{\"@type\":\"ListItem\",\"position\":2,\"name\":\"Products\",\"item\":\"https:\/\/cuadrossils.com\/shop\/\"},{\"@type\":\"ListItem\",\"position\":3,\"name\":\"COMPOSICI\u00d3N TERRACOTA\"}]},{\"@type\":\"WebSite\",\"@id\":\"https:\/\/cuadrossils.com\/#website\",\"url\":\"https:\/\/cuadrossils.com\/\",\"name\":\"Cuadros Sils\",\"description\":\"Cuadros Modernos Online\",\"publisher\":{\"@id\":\"https:\/\/cuadrossils.com\/#organization\"},\"potentialAction\":[{\"@type\":\"SearchAction\",\"target\":{\"@type\":\"EntryPoint\",\"urlTemplate\":\"https:\/\/cuadrossils.com\/?s={search_term_string}\"},\"query-input\":{\"@type\":\"PropertyValueSpecification\",\"valueRequired\":true,\"valueName\":\"search_term_string\"}}],\"inLanguage\":\"es\"},{\"@type\":\"Organization\",\"@id\":\"https:\/\/cuadrossils.com\/#organization\",\"name\":\"Cuadros Sils\",\"url\":\"https:\/\/cuadrossils.com\/\",\"logo\":{\"@type\":\"ImageObject\",\"inLanguage\":\"es\",\"@id\":\"https:\/\/cuadrossils.com\/#\/schema\/logo\/image\/\",\"url\":\"https:\/\/cuadrossils.com\/wp-content\/uploads\/2025\/11\/logotipo_cuadros_sils.png\",\"contentUrl\":\"https:\/\/cuadrossils.com\/wp-content\/uploads\/2025\/11\/logotipo_cuadros_sils.png\",\"width\":500,\"height\":122,\"caption\":\"Cuadros Sils\"},\"image\":{\"@id\":\"https:\/\/cuadrossils.com\/#\/schema\/logo\/image\/\"}}]}<\/script>\n<!-- \/ Yoast SEO plugin. -->","yoast_head_json":{"title":"COMPOSICI\u00d3N TERRACOTA - Cuadros Sils","description":"Arte abstracto en tonos neutros y tierra, con formas din\u00e1micas y composiciones minimalistas. Dise\u00f1os ideales para crear ambientes tranquilos y sofisticados.","robots":{"index":"index","follow":"follow","max-snippet":"max-snippet:-1","max-image-preview":"max-image-preview:large","max-video-preview":"max-video-preview:-1"},"canonical":"https:\/\/cuadrossils.com\/es_mx\/producto\/composicion-terracota\/","og_locale":"es_MX","og_type":"article","og_title":"COMPOSICI\u00d3N TERRACOTA - Cuadros Sils","og_description":"Arte abstracto en tonos neutros y tierra, con formas din\u00e1micas y composiciones minimalistas. Dise\u00f1os ideales para crear ambientes tranquilos y sofisticados.","og_url":"https:\/\/cuadrossils.com\/es_mx\/producto\/composicion-terracota\/","og_site_name":"Cuadros Sils","article_modified_time":"2025-04-23T09:07:06+00:00","og_image":[{"width":1182,"height":827,"url":"https:\/\/cuadrossils.com\/wp-content\/uploads\/2024\/08\/SM237-A.jpg","type":"image\/jpeg"}],"twitter_card":"summary_large_image","twitter_misc":{"Tiempo de lectura":"1 minuto"},"schema":{"@context":"https:\/\/schema.org","@graph":[{"@type":"WebPage","@id":"https:\/\/cuadrossils.com\/producto\/composicion-terracota\/","url":"https:\/\/cuadrossils.com\/producto\/composicion-terracota\/","name":"COMPOSICI\u00d3N TERRACOTA - Cuadros Sils","isPartOf":{"@id":"https:\/\/cuadrossils.com\/#website"},"primaryImageOfPage":{"@id":"https:\/\/cuadrossils.com\/producto\/composicion-terracota\/#primaryimage"},"image":{"@id":"https:\/\/cuadrossils.com\/producto\/composicion-terracota\/#primaryimage"},"thumbnailUrl":"https:\/\/cuadrossils.com\/wp-content\/uploads\/2024\/08\/SM237-A.jpg","datePublished":"2025-02-19T10:39:53+00:00","dateModified":"2025-04-23T09:07:06+00:00","description":"Arte abstracto en tonos neutros y tierra, con formas din\u00e1micas y composiciones minimalistas. Dise\u00f1os ideales para crear ambientes tranquilos y sofisticados.","breadcrumb":{"@id":"https:\/\/cuadrossils.com\/producto\/composicion-terracota\/#breadcrumb"},"inLanguage":"es","potentialAction":[{"@type":"ReadAction","target":["https:\/\/cuadrossils.com\/producto\/composicion-terracota\/"]}]},{"@type":"ImageObject","inLanguage":"es","@id":"https:\/\/cuadrossils.com\/producto\/composicion-terracota\/#primaryimage","url":"https:\/\/cuadrossils.com\/wp-content\/uploads\/2024\/08\/SM237-A.jpg","contentUrl":"https:\/\/cuadrossils.com\/wp-content\/uploads\/2024\/08\/SM237-A.jpg","width":1182,"height":827,"caption":"Arte abstracto minimalista en tonos tierra"},{"@type":"BreadcrumbList","@id":"https:\/\/cuadrossils.com\/producto\/composicion-terracota\/#breadcrumb","itemListElement":[{"@type":"ListItem","position":1,"name":"Home","item":"https:\/\/cuadrossils.com\/"},{"@type":"ListItem","position":2,"name":"Products","item":"https:\/\/cuadrossils.com\/shop\/"},{"@type":"ListItem","position":3,"name":"COMPOSICI\u00d3N TERRACOTA"}]},{"@type":"WebSite","@id":"https:\/\/cuadrossils.com\/#website","url":"https:\/\/cuadrossils.com\/","name":"Cuadros Sils","description":"Cuadros Modernos Online","publisher":{"@id":"https:\/\/cuadrossils.com\/#organization"},"potentialAction":[{"@type":"SearchAction","target":{"@type":"EntryPoint","urlTemplate":"https:\/\/cuadrossils.com\/?s={search_term_string}"},"query-input":{"@type":"PropertyValueSpecification","valueRequired":true,"valueName":"search_term_string"}}],"inLanguage":"es"},{"@type":"Organization","@id":"https:\/\/cuadrossils.com\/#organization","name":"Cuadros Sils","url":"https:\/\/cuadrossils.com\/","logo":{"@type":"ImageObject","inLanguage":"es","@id":"https:\/\/cuadrossils.com\/#\/schema\/logo\/image\/","url":"https:\/\/cuadrossils.com\/wp-content\/uploads\/2025\/11\/logotipo_cuadros_sils.png","contentUrl":"https:\/\/cuadrossils.com\/wp-content\/uploads\/2025\/11\/logotipo_cuadros_sils.png","width":500,"height":122,"caption":"Cuadros Sils"},"image":{"@id":"https:\/\/cuadrossils.com\/#\/schema\/logo\/image\/"}}]}},"_links":{"self":[{"href":"https:\/\/cuadrossils.com\/es_mx\/wp-json\/wp\/v2\/product\/128275","targetHints":{"allow":["GET"]}}],"collection":[{"href":"https:\/\/cuadrossils.com\/es_mx\/wp-json\/wp\/v2\/product"}],"about":[{"href":"https:\/\/cuadrossils.com\/es_mx\/wp-json\/wp\/v2\/types\/product"}],"replies":[{"embeddable":true,"href":"https:\/\/cuadrossils.com\/es_mx\/wp-json\/wp\/v2\/comments?post=128275"}],"version-history":[{"count":1,"href":"https:\/\/cuadrossils.com\/es_mx\/wp-json\/wp\/v2\/product\/128275\/revisions"}],"predecessor-version":[{"id":128276,"href":"https:\/\/cuadrossils.com\/es_mx\/wp-json\/wp\/v2\/product\/128275\/revisions\/128276"}],"wp:featuredmedia":[{"embeddable":true,"href":"https:\/\/cuadrossils.com\/es_mx\/wp-json\/wp\/v2\/media\/45772"}],"wp:attachment":[{"href":"https:\/\/cuadrossils.com\/es_mx\/wp-json\/wp\/v2\/media?parent=128275"}],"wp:term":[{"taxonomy":"product_cat","embeddable":true,"href":"https:\/\/cuadrossils.com\/es_mx\/wp-json\/wp\/v2\/product_cat?post=128275"},{"taxonomy":"product_tag","embeddable":true,"href":"https:\/\/cuadrossils.com\/es_mx\/wp-json\/wp\/v2\/product_tag?post=128275"}],"curies":[{"name":"wp","href":"https:\/\/api.w.org\/{rel}","templated":true}]}}