{"id":128334,"date":"2025-02-19T10:40:17","date_gmt":"2025-02-19T10:40:17","guid":{"rendered":"https:\/\/cuadrossils.com\/producto\/composicion-lagos\/"},"modified":"2025-04-23T08:54:55","modified_gmt":"2025-04-23T08:54:55","slug":"composicion-lagos","status":"publish","type":"product","link":"https:\/\/cuadrossils.com\/es_mx\/producto\/composicion-lagos\/","title":{"rendered":"COMPOSICI\u00d3N LAGOS"},"content":{"rendered":"<div class=\"flex max-w-full flex-col flex-grow\">\n<div class=\"min-h-8 text-message relative flex w-full flex-col items-end gap-2 whitespace-normal break-words text-start [.text-message+&amp;]:mt-5\" dir=\"auto\" data-message-author-role=\"assistant\" data-message-id=\"51549f35-6f53-4578-b8fd-c964f57fcc2c\" data-message-model-slug=\"gpt-4o-mini\">\n<div class=\"flex w-full flex-col gap-1 empty:hidden first:pt-[3px]\">\n<div class=\"markdown prose w-full break-words dark:prose-invert light\">\n<p data-start=\"0\" data-end=\"227\" data-is-last-node=\"\" data-is-only-node=\"\">Impresiones de arte abstracto contempor\u00e1neo enmarcadas, que representan siluetas humanas rodeadas de follaje tropical. Con colores vibrantes y formas geom\u00e9tricas, a\u00f1aden sofisticaci\u00f3n y encanto natural a la decoraci\u00f3n interior.<\/p>\n<\/div>\n<\/div>\n<\/div>\n<\/div>","protected":false},"excerpt":{"rendered":"<p>Impresiones de arte abstracto contempor\u00e1neo enmarcadas, que representan siluetas humanas rodeadas de follaje tropical. Con colores vibrantes y formas geom\u00e9tricas, a\u00f1aden sofisticaci\u00f3n y encanto natural a la decoraci\u00f3n interior.<\/p>","protected":false},"featured_media":128336,"comment_status":"closed","ping_status":"closed","template":"","meta":{"_acf_changed":false},"product_cat":[346,343,345,348,288,229,23,255,245,79],"product_tag":[],"class_list":{"0":"post-128334","1":"product","2":"type-product","3":"status-publish","4":"has-post-thumbnail","6":"product_cat-botanica","7":"product_cat-ilustracion","8":"product_cat-juvenil","9":"product_cat-vintage","10":"product_cat-arte-grafico","11":"product_cat-minimal","12":"product_cat-color","13":"product_cat-diseno-grafico","14":"product_cat-trazos-y-lineas","15":"product_cat-inspiracion","17":"first","18":"instock","19":"product-type-yith_bundle"},"acf":[],"yoast_head":"<!-- This site is optimized with the Yoast SEO plugin v24.8.1 - https:\/\/yoast.com\/wordpress\/plugins\/seo\/ -->\n<title>COMPOSICI\u00d3N LAGOS - Cuadros Sils<\/title>\n<meta name=\"description\" content=\"Impresiones de arte abstracto contempor\u00e1neo enmarcadas, que representan siluetas humanas rodeadas de follaje tropical. Con colores vibrantes.\" \/>\n<meta name=\"robots\" content=\"index, follow, max-snippet:-1, max-image-preview:large, max-video-preview:-1\" \/>\n<link rel=\"canonical\" href=\"https:\/\/cuadrossils.com\/es_mx\/producto\/composicion-lagos\/\" \/>\n<meta property=\"og:locale\" content=\"es_MX\" \/>\n<meta property=\"og:type\" content=\"article\" \/>\n<meta property=\"og:title\" content=\"COMPOSICI\u00d3N LAGOS - Cuadros Sils\" \/>\n<meta property=\"og:description\" content=\"Impresiones de arte abstracto contempor\u00e1neo enmarcadas, que representan siluetas humanas rodeadas de follaje tropical. Con colores vibrantes.\" \/>\n<meta property=\"og:url\" content=\"https:\/\/cuadrossils.com\/es_mx\/producto\/composicion-lagos\/\" \/>\n<meta property=\"og:site_name\" content=\"Cuadros Sils\" \/>\n<meta property=\"article:modified_time\" content=\"2025-04-23T08:54:55+00:00\" \/>\n<meta property=\"og:image\" content=\"https:\/\/cuadrossils.com\/wp-content\/uploads\/2025\/02\/SM290-A.jpg\" \/>\n\t<meta property=\"og:image:width\" content=\"1200\" \/>\n\t<meta property=\"og:image:height\" content=\"800\" \/>\n\t<meta property=\"og:image:type\" content=\"image\/jpeg\" \/>\n<meta name=\"twitter:card\" content=\"summary_large_image\" \/>\n<meta name=\"twitter:label1\" content=\"Tiempo de lectura\" \/>\n\t<meta name=\"twitter:data1\" content=\"1 minuto\" \/>\n<script type=\"application\/ld+json\" class=\"yoast-schema-graph\">{\"@context\":\"https:\/\/schema.org\",\"@graph\":[{\"@type\":\"WebPage\",\"@id\":\"https:\/\/cuadrossils.com\/producto\/composicion-lagos\/\",\"url\":\"https:\/\/cuadrossils.com\/producto\/composicion-lagos\/\",\"name\":\"COMPOSICI\u00d3N LAGOS - Cuadros Sils\",\"isPartOf\":{\"@id\":\"https:\/\/cuadrossils.com\/#website\"},\"primaryImageOfPage\":{\"@id\":\"https:\/\/cuadrossils.com\/producto\/composicion-lagos\/#primaryimage\"},\"image\":{\"@id\":\"https:\/\/cuadrossils.com\/producto\/composicion-lagos\/#primaryimage\"},\"thumbnailUrl\":\"https:\/\/cuadrossils.com\/wp-content\/uploads\/2025\/02\/SM290-A.jpg\",\"datePublished\":\"2025-02-19T10:40:17+00:00\",\"dateModified\":\"2025-04-23T08:54:55+00:00\",\"description\":\"Impresiones de arte abstracto contempor\u00e1neo enmarcadas, que representan siluetas humanas rodeadas de follaje tropical. Con colores vibrantes.\",\"breadcrumb\":{\"@id\":\"https:\/\/cuadrossils.com\/producto\/composicion-lagos\/#breadcrumb\"},\"inLanguage\":\"es\",\"potentialAction\":[{\"@type\":\"ReadAction\",\"target\":[\"https:\/\/cuadrossils.com\/producto\/composicion-lagos\/\"]}]},{\"@type\":\"ImageObject\",\"inLanguage\":\"es\",\"@id\":\"https:\/\/cuadrossils.com\/producto\/composicion-lagos\/#primaryimage\",\"url\":\"https:\/\/cuadrossils.com\/wp-content\/uploads\/2025\/02\/SM290-A.jpg\",\"contentUrl\":\"https:\/\/cuadrossils.com\/wp-content\/uploads\/2025\/02\/SM290-A.jpg\",\"width\":1200,\"height\":800,\"caption\":\"Obra inspirada en la naturaleza\"},{\"@type\":\"BreadcrumbList\",\"@id\":\"https:\/\/cuadrossils.com\/producto\/composicion-lagos\/#breadcrumb\",\"itemListElement\":[{\"@type\":\"ListItem\",\"position\":1,\"name\":\"Home\",\"item\":\"https:\/\/cuadrossils.com\/\"},{\"@type\":\"ListItem\",\"position\":2,\"name\":\"Products\",\"item\":\"https:\/\/cuadrossils.com\/shop\/\"},{\"@type\":\"ListItem\",\"position\":3,\"name\":\"COMPOSICI\u00d3N LAGOS\"}]},{\"@type\":\"WebSite\",\"@id\":\"https:\/\/cuadrossils.com\/#website\",\"url\":\"https:\/\/cuadrossils.com\/\",\"name\":\"Cuadros Sils\",\"description\":\"Cuadros Modernos Online\",\"publisher\":{\"@id\":\"https:\/\/cuadrossils.com\/#organization\"},\"potentialAction\":[{\"@type\":\"SearchAction\",\"target\":{\"@type\":\"EntryPoint\",\"urlTemplate\":\"https:\/\/cuadrossils.com\/?s={search_term_string}\"},\"query-input\":{\"@type\":\"PropertyValueSpecification\",\"valueRequired\":true,\"valueName\":\"search_term_string\"}}],\"inLanguage\":\"es\"},{\"@type\":\"Organization\",\"@id\":\"https:\/\/cuadrossils.com\/#organization\",\"name\":\"Cuadros Sils\",\"url\":\"https:\/\/cuadrossils.com\/\",\"logo\":{\"@type\":\"ImageObject\",\"inLanguage\":\"es\",\"@id\":\"https:\/\/cuadrossils.com\/#\/schema\/logo\/image\/\",\"url\":\"https:\/\/cuadrossils.com\/wp-content\/uploads\/2025\/11\/logotipo_cuadros_sils.png\",\"contentUrl\":\"https:\/\/cuadrossils.com\/wp-content\/uploads\/2025\/11\/logotipo_cuadros_sils.png\",\"width\":500,\"height\":122,\"caption\":\"Cuadros Sils\"},\"image\":{\"@id\":\"https:\/\/cuadrossils.com\/#\/schema\/logo\/image\/\"}}]}<\/script>\n<!-- \/ Yoast SEO plugin. -->","yoast_head_json":{"title":"COMPOSICI\u00d3N LAGOS - Cuadros Sils","description":"Impresiones de arte abstracto contempor\u00e1neo enmarcadas, que representan siluetas humanas rodeadas de follaje tropical. Con colores vibrantes.","robots":{"index":"index","follow":"follow","max-snippet":"max-snippet:-1","max-image-preview":"max-image-preview:large","max-video-preview":"max-video-preview:-1"},"canonical":"https:\/\/cuadrossils.com\/es_mx\/producto\/composicion-lagos\/","og_locale":"es_MX","og_type":"article","og_title":"COMPOSICI\u00d3N LAGOS - Cuadros Sils","og_description":"Impresiones de arte abstracto contempor\u00e1neo enmarcadas, que representan siluetas humanas rodeadas de follaje tropical. Con colores vibrantes.","og_url":"https:\/\/cuadrossils.com\/es_mx\/producto\/composicion-lagos\/","og_site_name":"Cuadros Sils","article_modified_time":"2025-04-23T08:54:55+00:00","og_image":[{"width":1200,"height":800,"url":"https:\/\/cuadrossils.com\/wp-content\/uploads\/2025\/02\/SM290-A.jpg","type":"image\/jpeg"}],"twitter_card":"summary_large_image","twitter_misc":{"Tiempo de lectura":"1 minuto"},"schema":{"@context":"https:\/\/schema.org","@graph":[{"@type":"WebPage","@id":"https:\/\/cuadrossils.com\/producto\/composicion-lagos\/","url":"https:\/\/cuadrossils.com\/producto\/composicion-lagos\/","name":"COMPOSICI\u00d3N LAGOS - Cuadros Sils","isPartOf":{"@id":"https:\/\/cuadrossils.com\/#website"},"primaryImageOfPage":{"@id":"https:\/\/cuadrossils.com\/producto\/composicion-lagos\/#primaryimage"},"image":{"@id":"https:\/\/cuadrossils.com\/producto\/composicion-lagos\/#primaryimage"},"thumbnailUrl":"https:\/\/cuadrossils.com\/wp-content\/uploads\/2025\/02\/SM290-A.jpg","datePublished":"2025-02-19T10:40:17+00:00","dateModified":"2025-04-23T08:54:55+00:00","description":"Impresiones de arte abstracto contempor\u00e1neo enmarcadas, que representan siluetas humanas rodeadas de follaje tropical. Con colores vibrantes.","breadcrumb":{"@id":"https:\/\/cuadrossils.com\/producto\/composicion-lagos\/#breadcrumb"},"inLanguage":"es","potentialAction":[{"@type":"ReadAction","target":["https:\/\/cuadrossils.com\/producto\/composicion-lagos\/"]}]},{"@type":"ImageObject","inLanguage":"es","@id":"https:\/\/cuadrossils.com\/producto\/composicion-lagos\/#primaryimage","url":"https:\/\/cuadrossils.com\/wp-content\/uploads\/2025\/02\/SM290-A.jpg","contentUrl":"https:\/\/cuadrossils.com\/wp-content\/uploads\/2025\/02\/SM290-A.jpg","width":1200,"height":800,"caption":"Obra inspirada en la naturaleza"},{"@type":"BreadcrumbList","@id":"https:\/\/cuadrossils.com\/producto\/composicion-lagos\/#breadcrumb","itemListElement":[{"@type":"ListItem","position":1,"name":"Home","item":"https:\/\/cuadrossils.com\/"},{"@type":"ListItem","position":2,"name":"Products","item":"https:\/\/cuadrossils.com\/shop\/"},{"@type":"ListItem","position":3,"name":"COMPOSICI\u00d3N LAGOS"}]},{"@type":"WebSite","@id":"https:\/\/cuadrossils.com\/#website","url":"https:\/\/cuadrossils.com\/","name":"Cuadros Sils","description":"Cuadros Modernos Online","publisher":{"@id":"https:\/\/cuadrossils.com\/#organization"},"potentialAction":[{"@type":"SearchAction","target":{"@type":"EntryPoint","urlTemplate":"https:\/\/cuadrossils.com\/?s={search_term_string}"},"query-input":{"@type":"PropertyValueSpecification","valueRequired":true,"valueName":"search_term_string"}}],"inLanguage":"es"},{"@type":"Organization","@id":"https:\/\/cuadrossils.com\/#organization","name":"Cuadros Sils","url":"https:\/\/cuadrossils.com\/","logo":{"@type":"ImageObject","inLanguage":"es","@id":"https:\/\/cuadrossils.com\/#\/schema\/logo\/image\/","url":"https:\/\/cuadrossils.com\/wp-content\/uploads\/2025\/11\/logotipo_cuadros_sils.png","contentUrl":"https:\/\/cuadrossils.com\/wp-content\/uploads\/2025\/11\/logotipo_cuadros_sils.png","width":500,"height":122,"caption":"Cuadros Sils"},"image":{"@id":"https:\/\/cuadrossils.com\/#\/schema\/logo\/image\/"}}]}},"_links":{"self":[{"href":"https:\/\/cuadrossils.com\/es_mx\/wp-json\/wp\/v2\/product\/128334","targetHints":{"allow":["GET"]}}],"collection":[{"href":"https:\/\/cuadrossils.com\/es_mx\/wp-json\/wp\/v2\/product"}],"about":[{"href":"https:\/\/cuadrossils.com\/es_mx\/wp-json\/wp\/v2\/types\/product"}],"replies":[{"embeddable":true,"href":"https:\/\/cuadrossils.com\/es_mx\/wp-json\/wp\/v2\/comments?post=128334"}],"version-history":[{"count":3,"href":"https:\/\/cuadrossils.com\/es_mx\/wp-json\/wp\/v2\/product\/128334\/revisions"}],"predecessor-version":[{"id":128817,"href":"https:\/\/cuadrossils.com\/es_mx\/wp-json\/wp\/v2\/product\/128334\/revisions\/128817"}],"wp:featuredmedia":[{"embeddable":true,"href":"https:\/\/cuadrossils.com\/es_mx\/wp-json\/wp\/v2\/media\/128336"}],"wp:attachment":[{"href":"https:\/\/cuadrossils.com\/es_mx\/wp-json\/wp\/v2\/media?parent=128334"}],"wp:term":[{"taxonomy":"product_cat","embeddable":true,"href":"https:\/\/cuadrossils.com\/es_mx\/wp-json\/wp\/v2\/product_cat?post=128334"},{"taxonomy":"product_tag","embeddable":true,"href":"https:\/\/cuadrossils.com\/es_mx\/wp-json\/wp\/v2\/product_tag?post=128334"}],"curies":[{"name":"wp","href":"https:\/\/api.w.org\/{rel}","templated":true}]}}