{"id":132521,"date":"2025-03-18T12:24:09","date_gmt":"2025-03-18T12:24:09","guid":{"rendered":"https:\/\/cuadrossils.com\/producto\/karl-1-2\/"},"modified":"2025-04-16T09:06:22","modified_gmt":"2025-04-16T09:06:22","slug":"karl-1-2","status":"publish","type":"product","link":"https:\/\/cuadrossils.com\/es_mx\/producto\/karl-1-2\/","title":{"rendered":"KARL 1"},"content":{"rendered":"<p>Fotograf\u00eda bot\u00e1nica de Karl Blossfeldt \u0096 Imagen art\u00edstica de formas bot\u00e1nicas capturadas en 1928, resaltando las curvas org\u00e1nicas de la Cucurbita en una composici\u00f3n monocrom\u00e1tica. Un cl\u00e1sico ideal para realzar interiores modernos.<\/p>","protected":false},"excerpt":{"rendered":"<p>Fotograf\u00eda bot\u00e1nica de Karl Blossfeldt \u0096 Imagen art\u00edstica de formas bot\u00e1nicas capturadas en 1928, resaltando las curvas org\u00e1nicas de la Cucurbita en una composici\u00f3n monocrom\u00e1tica. Un cl\u00e1sico ideal para realzar interiores modernos.<\/p>","protected":false},"featured_media":132523,"comment_status":"closed","ping_status":"closed","template":"","meta":{"_acf_changed":false},"product_cat":[346,337,341,344,288,229,241,249,255,252,284,285],"product_tag":[],"class_list":{"0":"post-132521","1":"product","2":"type-product","3":"status-publish","4":"has-post-thumbnail","6":"product_cat-botanica","7":"product_cat-fotografia","8":"product_cat-paisaje-y-naturaleza","9":"product_cat-textos-y-frases","10":"product_cat-arte-grafico","11":"product_cat-minimal","12":"product_cat-abstracto","13":"product_cat-blanco-y-negro","14":"product_cat-diseno-grafico","15":"product_cat-tierras-y-ocres","16":"product_cat-formato","17":"product_cat-vertical","18":"pa_tamano-minimal-50x70","19":"pa_tamano-minimal-60x84","20":"pa_tamano-minimal-70x100","21":"pa_tamano-minimal-80x120","23":"first","24":"instock","25":"shipping-taxable","26":"purchasable","27":"product-type-variable","28":"has-default-attributes"},"acf":[],"yoast_head":"<!-- This site is optimized with the Yoast SEO plugin v24.8.1 - https:\/\/yoast.com\/wordpress\/plugins\/seo\/ -->\n<title>KARL 1 - Cuadros Sils<\/title>\n<meta name=\"description\" content=\"Imagen art\u00edstica de formas bot\u00e1nicas capturadas en 1928, resaltando las curvas org\u00e1nicas de la Cucurbita en una composici\u00f3n monocrom\u00e1tica.\" \/>\n<meta name=\"robots\" content=\"index, follow, max-snippet:-1, max-image-preview:large, max-video-preview:-1\" \/>\n<link rel=\"canonical\" href=\"https:\/\/cuadrossils.com\/es_mx\/producto\/karl-1-2\/\" \/>\n<meta property=\"og:locale\" content=\"es_MX\" \/>\n<meta property=\"og:type\" content=\"article\" \/>\n<meta property=\"og:title\" content=\"KARL 1 - Cuadros Sils\" \/>\n<meta property=\"og:description\" content=\"Imagen art\u00edstica de formas bot\u00e1nicas capturadas en 1928, resaltando las curvas org\u00e1nicas de la Cucurbita en una composici\u00f3n monocrom\u00e1tica.\" \/>\n<meta property=\"og:url\" content=\"https:\/\/cuadrossils.com\/es_mx\/producto\/karl-1-2\/\" \/>\n<meta property=\"og:site_name\" content=\"Cuadros Sils\" \/>\n<meta property=\"article:modified_time\" content=\"2025-04-16T09:06:22+00:00\" \/>\n<meta property=\"og:image\" content=\"https:\/\/cuadrossils.com\/wp-content\/uploads\/2025\/03\/SQ802-3.jpg\" \/>\n\t<meta property=\"og:image:width\" content=\"827\" \/>\n\t<meta property=\"og:image:height\" content=\"1182\" \/>\n\t<meta property=\"og:image:type\" content=\"image\/jpeg\" \/>\n<meta name=\"twitter:card\" content=\"summary_large_image\" \/>\n<meta name=\"twitter:label1\" content=\"Tiempo de lectura\" \/>\n\t<meta name=\"twitter:data1\" content=\"1 minuto\" \/>\n<script type=\"application\/ld+json\" class=\"yoast-schema-graph\">{\"@context\":\"https:\/\/schema.org\",\"@graph\":[{\"@type\":\"WebPage\",\"@id\":\"https:\/\/cuadrossils.com\/producto\/karl-1-2\/\",\"url\":\"https:\/\/cuadrossils.com\/producto\/karl-1-2\/\",\"name\":\"KARL 1 - Cuadros Sils\",\"isPartOf\":{\"@id\":\"https:\/\/cuadrossils.com\/#website\"},\"primaryImageOfPage\":{\"@id\":\"https:\/\/cuadrossils.com\/producto\/karl-1-2\/#primaryimage\"},\"image\":{\"@id\":\"https:\/\/cuadrossils.com\/producto\/karl-1-2\/#primaryimage\"},\"thumbnailUrl\":\"https:\/\/cuadrossils.com\/wp-content\/uploads\/2025\/03\/SQ802-3.jpg\",\"datePublished\":\"2025-03-18T12:24:09+00:00\",\"dateModified\":\"2025-04-16T09:06:22+00:00\",\"description\":\"Imagen art\u00edstica de formas bot\u00e1nicas capturadas en 1928, resaltando las curvas org\u00e1nicas de la Cucurbita en una composici\u00f3n monocrom\u00e1tica.\",\"breadcrumb\":{\"@id\":\"https:\/\/cuadrossils.com\/producto\/karl-1-2\/#breadcrumb\"},\"inLanguage\":\"es\",\"potentialAction\":[{\"@type\":\"ReadAction\",\"target\":[\"https:\/\/cuadrossils.com\/producto\/karl-1-2\/\"]}]},{\"@type\":\"ImageObject\",\"inLanguage\":\"es\",\"@id\":\"https:\/\/cuadrossils.com\/producto\/karl-1-2\/#primaryimage\",\"url\":\"https:\/\/cuadrossils.com\/wp-content\/uploads\/2025\/03\/SQ802-3.jpg\",\"contentUrl\":\"https:\/\/cuadrossils.com\/wp-content\/uploads\/2025\/03\/SQ802-3.jpg\",\"width\":827,\"height\":1182,\"caption\":\"Arte bot\u00e1nico abstracto de Karl Blossfeldt\"},{\"@type\":\"BreadcrumbList\",\"@id\":\"https:\/\/cuadrossils.com\/producto\/karl-1-2\/#breadcrumb\",\"itemListElement\":[{\"@type\":\"ListItem\",\"position\":1,\"name\":\"Home\",\"item\":\"https:\/\/cuadrossils.com\/\"},{\"@type\":\"ListItem\",\"position\":2,\"name\":\"Products\",\"item\":\"https:\/\/cuadrossils.com\/shop\/\"},{\"@type\":\"ListItem\",\"position\":3,\"name\":\"KARL 1\"}]},{\"@type\":\"WebSite\",\"@id\":\"https:\/\/cuadrossils.com\/#website\",\"url\":\"https:\/\/cuadrossils.com\/\",\"name\":\"Cuadros Sils\",\"description\":\"Cuadros Modernos Online\",\"publisher\":{\"@id\":\"https:\/\/cuadrossils.com\/#organization\"},\"potentialAction\":[{\"@type\":\"SearchAction\",\"target\":{\"@type\":\"EntryPoint\",\"urlTemplate\":\"https:\/\/cuadrossils.com\/?s={search_term_string}\"},\"query-input\":{\"@type\":\"PropertyValueSpecification\",\"valueRequired\":true,\"valueName\":\"search_term_string\"}}],\"inLanguage\":\"es\"},{\"@type\":\"Organization\",\"@id\":\"https:\/\/cuadrossils.com\/#organization\",\"name\":\"Cuadros Sils\",\"url\":\"https:\/\/cuadrossils.com\/\",\"logo\":{\"@type\":\"ImageObject\",\"inLanguage\":\"es\",\"@id\":\"https:\/\/cuadrossils.com\/#\/schema\/logo\/image\/\",\"url\":\"https:\/\/cuadrossils.com\/wp-content\/uploads\/2025\/11\/logotipo_cuadros_sils.png\",\"contentUrl\":\"https:\/\/cuadrossils.com\/wp-content\/uploads\/2025\/11\/logotipo_cuadros_sils.png\",\"width\":500,\"height\":122,\"caption\":\"Cuadros Sils\"},\"image\":{\"@id\":\"https:\/\/cuadrossils.com\/#\/schema\/logo\/image\/\"}}]}<\/script>\n<!-- \/ Yoast SEO plugin. -->","yoast_head_json":{"title":"KARL 1 - Cuadros Sils","description":"Imagen art\u00edstica de formas bot\u00e1nicas capturadas en 1928, resaltando las curvas org\u00e1nicas de la Cucurbita en una composici\u00f3n monocrom\u00e1tica.","robots":{"index":"index","follow":"follow","max-snippet":"max-snippet:-1","max-image-preview":"max-image-preview:large","max-video-preview":"max-video-preview:-1"},"canonical":"https:\/\/cuadrossils.com\/es_mx\/producto\/karl-1-2\/","og_locale":"es_MX","og_type":"article","og_title":"KARL 1 - Cuadros Sils","og_description":"Imagen art\u00edstica de formas bot\u00e1nicas capturadas en 1928, resaltando las curvas org\u00e1nicas de la Cucurbita en una composici\u00f3n monocrom\u00e1tica.","og_url":"https:\/\/cuadrossils.com\/es_mx\/producto\/karl-1-2\/","og_site_name":"Cuadros Sils","article_modified_time":"2025-04-16T09:06:22+00:00","og_image":[{"width":827,"height":1182,"url":"https:\/\/cuadrossils.com\/wp-content\/uploads\/2025\/03\/SQ802-3.jpg","type":"image\/jpeg"}],"twitter_card":"summary_large_image","twitter_misc":{"Tiempo de lectura":"1 minuto"},"schema":{"@context":"https:\/\/schema.org","@graph":[{"@type":"WebPage","@id":"https:\/\/cuadrossils.com\/producto\/karl-1-2\/","url":"https:\/\/cuadrossils.com\/producto\/karl-1-2\/","name":"KARL 1 - Cuadros Sils","isPartOf":{"@id":"https:\/\/cuadrossils.com\/#website"},"primaryImageOfPage":{"@id":"https:\/\/cuadrossils.com\/producto\/karl-1-2\/#primaryimage"},"image":{"@id":"https:\/\/cuadrossils.com\/producto\/karl-1-2\/#primaryimage"},"thumbnailUrl":"https:\/\/cuadrossils.com\/wp-content\/uploads\/2025\/03\/SQ802-3.jpg","datePublished":"2025-03-18T12:24:09+00:00","dateModified":"2025-04-16T09:06:22+00:00","description":"Imagen art\u00edstica de formas bot\u00e1nicas capturadas en 1928, resaltando las curvas org\u00e1nicas de la Cucurbita en una composici\u00f3n monocrom\u00e1tica.","breadcrumb":{"@id":"https:\/\/cuadrossils.com\/producto\/karl-1-2\/#breadcrumb"},"inLanguage":"es","potentialAction":[{"@type":"ReadAction","target":["https:\/\/cuadrossils.com\/producto\/karl-1-2\/"]}]},{"@type":"ImageObject","inLanguage":"es","@id":"https:\/\/cuadrossils.com\/producto\/karl-1-2\/#primaryimage","url":"https:\/\/cuadrossils.com\/wp-content\/uploads\/2025\/03\/SQ802-3.jpg","contentUrl":"https:\/\/cuadrossils.com\/wp-content\/uploads\/2025\/03\/SQ802-3.jpg","width":827,"height":1182,"caption":"Arte bot\u00e1nico abstracto de Karl Blossfeldt"},{"@type":"BreadcrumbList","@id":"https:\/\/cuadrossils.com\/producto\/karl-1-2\/#breadcrumb","itemListElement":[{"@type":"ListItem","position":1,"name":"Home","item":"https:\/\/cuadrossils.com\/"},{"@type":"ListItem","position":2,"name":"Products","item":"https:\/\/cuadrossils.com\/shop\/"},{"@type":"ListItem","position":3,"name":"KARL 1"}]},{"@type":"WebSite","@id":"https:\/\/cuadrossils.com\/#website","url":"https:\/\/cuadrossils.com\/","name":"Cuadros Sils","description":"Cuadros Modernos Online","publisher":{"@id":"https:\/\/cuadrossils.com\/#organization"},"potentialAction":[{"@type":"SearchAction","target":{"@type":"EntryPoint","urlTemplate":"https:\/\/cuadrossils.com\/?s={search_term_string}"},"query-input":{"@type":"PropertyValueSpecification","valueRequired":true,"valueName":"search_term_string"}}],"inLanguage":"es"},{"@type":"Organization","@id":"https:\/\/cuadrossils.com\/#organization","name":"Cuadros Sils","url":"https:\/\/cuadrossils.com\/","logo":{"@type":"ImageObject","inLanguage":"es","@id":"https:\/\/cuadrossils.com\/#\/schema\/logo\/image\/","url":"https:\/\/cuadrossils.com\/wp-content\/uploads\/2025\/11\/logotipo_cuadros_sils.png","contentUrl":"https:\/\/cuadrossils.com\/wp-content\/uploads\/2025\/11\/logotipo_cuadros_sils.png","width":500,"height":122,"caption":"Cuadros Sils"},"image":{"@id":"https:\/\/cuadrossils.com\/#\/schema\/logo\/image\/"}}]}},"_links":{"self":[{"href":"https:\/\/cuadrossils.com\/es_mx\/wp-json\/wp\/v2\/product\/132521","targetHints":{"allow":["GET"]}}],"collection":[{"href":"https:\/\/cuadrossils.com\/es_mx\/wp-json\/wp\/v2\/product"}],"about":[{"href":"https:\/\/cuadrossils.com\/es_mx\/wp-json\/wp\/v2\/types\/product"}],"replies":[{"embeddable":true,"href":"https:\/\/cuadrossils.com\/es_mx\/wp-json\/wp\/v2\/comments?post=132521"}],"version-history":[{"count":1,"href":"https:\/\/cuadrossils.com\/es_mx\/wp-json\/wp\/v2\/product\/132521\/revisions"}],"predecessor-version":[{"id":132522,"href":"https:\/\/cuadrossils.com\/es_mx\/wp-json\/wp\/v2\/product\/132521\/revisions\/132522"}],"wp:featuredmedia":[{"embeddable":true,"href":"https:\/\/cuadrossils.com\/es_mx\/wp-json\/wp\/v2\/media\/132523"}],"wp:attachment":[{"href":"https:\/\/cuadrossils.com\/es_mx\/wp-json\/wp\/v2\/media?parent=132521"}],"wp:term":[{"taxonomy":"product_cat","embeddable":true,"href":"https:\/\/cuadrossils.com\/es_mx\/wp-json\/wp\/v2\/product_cat?post=132521"},{"taxonomy":"product_tag","embeddable":true,"href":"https:\/\/cuadrossils.com\/es_mx\/wp-json\/wp\/v2\/product_tag?post=132521"}],"curies":[{"name":"wp","href":"https:\/\/api.w.org\/{rel}","templated":true}]}}