{"id":138491,"date":"2025-03-21T12:50:55","date_gmt":"2025-03-21T12:50:55","guid":{"rendered":"https:\/\/cuadrossils.com\/producto\/obra-manos\/"},"modified":"2026-01-15T14:00:00","modified_gmt":"2026-01-15T14:00:00","slug":"obra-manos","status":"publish","type":"product","link":"https:\/\/cuadrossils.com\/es_mx\/producto\/obra-manos\/","title":{"rendered":"OBRA MANOS"},"content":{"rendered":"<p>Dise\u00f1o monocrom\u00e1tico que muestra manos entrelazadas, s\u00edmbolo de conexi\u00f3n y unidad. Obra contempor\u00e1nea con pinceladas expresivas y paleta neutra, perfecta para interiores modernos con un toque emocional.<\/p>","protected":false},"excerpt":{"rendered":"<p>Dise\u00f1o monocrom\u00e1tico que muestra manos entrelazadas, s\u00edmbolo de conexi\u00f3n y unidad. Obra contempor\u00e1nea con pinceladas expresivas y paleta neutra, perfecta para interiores modernos con un toque emocional.<\/p>","protected":false},"featured_media":139785,"comment_status":"closed","ping_status":"closed","template":"","meta":{"_acf_changed":false},"product_cat":[225,249,25,243,245,281,284],"product_tag":[],"class_list":{"0":"post-138491","1":"product","2":"type-product","3":"status-publish","4":"has-post-thumbnail","6":"product_cat-vanguard","7":"product_cat-blanco-y-negro","8":"product_cat-figurativo","9":"product_cat-minimalista-sils","10":"product_cat-trazos-y-lineas","11":"product_cat-venta","12":"product_cat-formato","14":"first","15":"instock","16":"shipping-taxable","17":"purchasable","18":"product-type-variable","19":"has-default-attributes"},"acf":[],"yoast_head":"<!-- This site is optimized with the Yoast SEO plugin v24.8.1 - https:\/\/yoast.com\/wordpress\/plugins\/seo\/ -->\n<title>OBRA MANOS - Cuadros Sils<\/title>\n<meta name=\"description\" content=\"Dise\u00f1o monocrom\u00e1tico que muestra manos entrelazadas, s\u00edmbolo de conexi\u00f3n y unidad. Obra contempor\u00e1nea con pinceladas expresivas y paleta neutra.\" \/>\n<meta name=\"robots\" content=\"index, follow, max-snippet:-1, max-image-preview:large, max-video-preview:-1\" \/>\n<link rel=\"canonical\" href=\"https:\/\/cuadrossils.com\/es_mx\/producto\/obra-manos\/\" \/>\n<meta property=\"og:locale\" content=\"es_MX\" \/>\n<meta property=\"og:type\" content=\"article\" \/>\n<meta property=\"og:title\" content=\"OBRA MANOS - Cuadros Sils\" \/>\n<meta property=\"og:description\" content=\"Dise\u00f1o monocrom\u00e1tico que muestra manos entrelazadas, s\u00edmbolo de conexi\u00f3n y unidad. Obra contempor\u00e1nea con pinceladas expresivas y paleta neutra.\" \/>\n<meta property=\"og:url\" content=\"https:\/\/cuadrossils.com\/es_mx\/producto\/obra-manos\/\" \/>\n<meta property=\"og:site_name\" content=\"Cuadros Sils\" \/>\n<meta property=\"article:modified_time\" content=\"2026-01-15T14:00:00+00:00\" \/>\n<meta property=\"og:image\" content=\"https:\/\/cuadrossils.com\/wp-content\/uploads\/2025\/03\/SV252-3.jpg\" \/>\n\t<meta property=\"og:image:width\" content=\"1359\" \/>\n\t<meta property=\"og:image:height\" content=\"1920\" \/>\n\t<meta property=\"og:image:type\" content=\"image\/jpeg\" \/>\n<meta name=\"twitter:card\" content=\"summary_large_image\" \/>\n<meta name=\"twitter:label1\" content=\"Tiempo de lectura\" \/>\n\t<meta name=\"twitter:data1\" content=\"1 minuto\" \/>\n<script type=\"application\/ld+json\" class=\"yoast-schema-graph\">{\"@context\":\"https:\/\/schema.org\",\"@graph\":[{\"@type\":\"WebPage\",\"@id\":\"https:\/\/cuadrossils.com\/producto\/obra-manos\/\",\"url\":\"https:\/\/cuadrossils.com\/producto\/obra-manos\/\",\"name\":\"OBRA MANOS - Cuadros Sils\",\"isPartOf\":{\"@id\":\"https:\/\/cuadrossils.com\/#website\"},\"primaryImageOfPage\":{\"@id\":\"https:\/\/cuadrossils.com\/producto\/obra-manos\/#primaryimage\"},\"image\":{\"@id\":\"https:\/\/cuadrossils.com\/producto\/obra-manos\/#primaryimage\"},\"thumbnailUrl\":\"https:\/\/cuadrossils.com\/wp-content\/uploads\/2025\/03\/SV252-3.jpg\",\"datePublished\":\"2025-03-21T12:50:55+00:00\",\"dateModified\":\"2026-01-15T14:00:00+00:00\",\"description\":\"Dise\u00f1o monocrom\u00e1tico que muestra manos entrelazadas, s\u00edmbolo de conexi\u00f3n y unidad. Obra contempor\u00e1nea con pinceladas expresivas y paleta neutra.\",\"breadcrumb\":{\"@id\":\"https:\/\/cuadrossils.com\/producto\/obra-manos\/#breadcrumb\"},\"inLanguage\":\"es\",\"potentialAction\":[{\"@type\":\"ReadAction\",\"target\":[\"https:\/\/cuadrossils.com\/producto\/obra-manos\/\"]}]},{\"@type\":\"ImageObject\",\"inLanguage\":\"es\",\"@id\":\"https:\/\/cuadrossils.com\/producto\/obra-manos\/#primaryimage\",\"url\":\"https:\/\/cuadrossils.com\/wp-content\/uploads\/2025\/03\/SV252-3.jpg\",\"contentUrl\":\"https:\/\/cuadrossils.com\/wp-content\/uploads\/2025\/03\/SV252-3.jpg\",\"width\":1359,\"height\":1920,\"caption\":\"Dibujo monocromo de manos enlazadas\"},{\"@type\":\"BreadcrumbList\",\"@id\":\"https:\/\/cuadrossils.com\/producto\/obra-manos\/#breadcrumb\",\"itemListElement\":[{\"@type\":\"ListItem\",\"position\":1,\"name\":\"Home\",\"item\":\"https:\/\/cuadrossils.com\/\"},{\"@type\":\"ListItem\",\"position\":2,\"name\":\"Products\",\"item\":\"https:\/\/cuadrossils.com\/shop\/\"},{\"@type\":\"ListItem\",\"position\":3,\"name\":\"OBRA MANOS\"}]},{\"@type\":\"WebSite\",\"@id\":\"https:\/\/cuadrossils.com\/#website\",\"url\":\"https:\/\/cuadrossils.com\/\",\"name\":\"Cuadros Sils\",\"description\":\"Cuadros Modernos Online\",\"publisher\":{\"@id\":\"https:\/\/cuadrossils.com\/#organization\"},\"potentialAction\":[{\"@type\":\"SearchAction\",\"target\":{\"@type\":\"EntryPoint\",\"urlTemplate\":\"https:\/\/cuadrossils.com\/?s={search_term_string}\"},\"query-input\":{\"@type\":\"PropertyValueSpecification\",\"valueRequired\":true,\"valueName\":\"search_term_string\"}}],\"inLanguage\":\"es\"},{\"@type\":\"Organization\",\"@id\":\"https:\/\/cuadrossils.com\/#organization\",\"name\":\"Cuadros Sils\",\"url\":\"https:\/\/cuadrossils.com\/\",\"logo\":{\"@type\":\"ImageObject\",\"inLanguage\":\"es\",\"@id\":\"https:\/\/cuadrossils.com\/#\/schema\/logo\/image\/\",\"url\":\"https:\/\/cuadrossils.com\/wp-content\/uploads\/2025\/11\/logotipo_cuadros_sils.png\",\"contentUrl\":\"https:\/\/cuadrossils.com\/wp-content\/uploads\/2025\/11\/logotipo_cuadros_sils.png\",\"width\":500,\"height\":122,\"caption\":\"Cuadros Sils\"},\"image\":{\"@id\":\"https:\/\/cuadrossils.com\/#\/schema\/logo\/image\/\"}}]}<\/script>\n<!-- \/ Yoast SEO plugin. -->","yoast_head_json":{"title":"OBRA MANOS - Cuadros Sils","description":"Dise\u00f1o monocrom\u00e1tico que muestra manos entrelazadas, s\u00edmbolo de conexi\u00f3n y unidad. Obra contempor\u00e1nea con pinceladas expresivas y paleta neutra.","robots":{"index":"index","follow":"follow","max-snippet":"max-snippet:-1","max-image-preview":"max-image-preview:large","max-video-preview":"max-video-preview:-1"},"canonical":"https:\/\/cuadrossils.com\/es_mx\/producto\/obra-manos\/","og_locale":"es_MX","og_type":"article","og_title":"OBRA MANOS - Cuadros Sils","og_description":"Dise\u00f1o monocrom\u00e1tico que muestra manos entrelazadas, s\u00edmbolo de conexi\u00f3n y unidad. Obra contempor\u00e1nea con pinceladas expresivas y paleta neutra.","og_url":"https:\/\/cuadrossils.com\/es_mx\/producto\/obra-manos\/","og_site_name":"Cuadros Sils","article_modified_time":"2026-01-15T14:00:00+00:00","og_image":[{"width":1359,"height":1920,"url":"https:\/\/cuadrossils.com\/wp-content\/uploads\/2025\/03\/SV252-3.jpg","type":"image\/jpeg"}],"twitter_card":"summary_large_image","twitter_misc":{"Tiempo de lectura":"1 minuto"},"schema":{"@context":"https:\/\/schema.org","@graph":[{"@type":"WebPage","@id":"https:\/\/cuadrossils.com\/producto\/obra-manos\/","url":"https:\/\/cuadrossils.com\/producto\/obra-manos\/","name":"OBRA MANOS - Cuadros Sils","isPartOf":{"@id":"https:\/\/cuadrossils.com\/#website"},"primaryImageOfPage":{"@id":"https:\/\/cuadrossils.com\/producto\/obra-manos\/#primaryimage"},"image":{"@id":"https:\/\/cuadrossils.com\/producto\/obra-manos\/#primaryimage"},"thumbnailUrl":"https:\/\/cuadrossils.com\/wp-content\/uploads\/2025\/03\/SV252-3.jpg","datePublished":"2025-03-21T12:50:55+00:00","dateModified":"2026-01-15T14:00:00+00:00","description":"Dise\u00f1o monocrom\u00e1tico que muestra manos entrelazadas, s\u00edmbolo de conexi\u00f3n y unidad. Obra contempor\u00e1nea con pinceladas expresivas y paleta neutra.","breadcrumb":{"@id":"https:\/\/cuadrossils.com\/producto\/obra-manos\/#breadcrumb"},"inLanguage":"es","potentialAction":[{"@type":"ReadAction","target":["https:\/\/cuadrossils.com\/producto\/obra-manos\/"]}]},{"@type":"ImageObject","inLanguage":"es","@id":"https:\/\/cuadrossils.com\/producto\/obra-manos\/#primaryimage","url":"https:\/\/cuadrossils.com\/wp-content\/uploads\/2025\/03\/SV252-3.jpg","contentUrl":"https:\/\/cuadrossils.com\/wp-content\/uploads\/2025\/03\/SV252-3.jpg","width":1359,"height":1920,"caption":"Dibujo monocromo de manos enlazadas"},{"@type":"BreadcrumbList","@id":"https:\/\/cuadrossils.com\/producto\/obra-manos\/#breadcrumb","itemListElement":[{"@type":"ListItem","position":1,"name":"Home","item":"https:\/\/cuadrossils.com\/"},{"@type":"ListItem","position":2,"name":"Products","item":"https:\/\/cuadrossils.com\/shop\/"},{"@type":"ListItem","position":3,"name":"OBRA MANOS"}]},{"@type":"WebSite","@id":"https:\/\/cuadrossils.com\/#website","url":"https:\/\/cuadrossils.com\/","name":"Cuadros Sils","description":"Cuadros Modernos Online","publisher":{"@id":"https:\/\/cuadrossils.com\/#organization"},"potentialAction":[{"@type":"SearchAction","target":{"@type":"EntryPoint","urlTemplate":"https:\/\/cuadrossils.com\/?s={search_term_string}"},"query-input":{"@type":"PropertyValueSpecification","valueRequired":true,"valueName":"search_term_string"}}],"inLanguage":"es"},{"@type":"Organization","@id":"https:\/\/cuadrossils.com\/#organization","name":"Cuadros Sils","url":"https:\/\/cuadrossils.com\/","logo":{"@type":"ImageObject","inLanguage":"es","@id":"https:\/\/cuadrossils.com\/#\/schema\/logo\/image\/","url":"https:\/\/cuadrossils.com\/wp-content\/uploads\/2025\/11\/logotipo_cuadros_sils.png","contentUrl":"https:\/\/cuadrossils.com\/wp-content\/uploads\/2025\/11\/logotipo_cuadros_sils.png","width":500,"height":122,"caption":"Cuadros Sils"},"image":{"@id":"https:\/\/cuadrossils.com\/#\/schema\/logo\/image\/"}}]}},"_links":{"self":[{"href":"https:\/\/cuadrossils.com\/es_mx\/wp-json\/wp\/v2\/product\/138491","targetHints":{"allow":["GET"]}}],"collection":[{"href":"https:\/\/cuadrossils.com\/es_mx\/wp-json\/wp\/v2\/product"}],"about":[{"href":"https:\/\/cuadrossils.com\/es_mx\/wp-json\/wp\/v2\/types\/product"}],"replies":[{"embeddable":true,"href":"https:\/\/cuadrossils.com\/es_mx\/wp-json\/wp\/v2\/comments?post=138491"}],"version-history":[{"count":1,"href":"https:\/\/cuadrossils.com\/es_mx\/wp-json\/wp\/v2\/product\/138491\/revisions"}],"predecessor-version":[{"id":138492,"href":"https:\/\/cuadrossils.com\/es_mx\/wp-json\/wp\/v2\/product\/138491\/revisions\/138492"}],"wp:featuredmedia":[{"embeddable":true,"href":"https:\/\/cuadrossils.com\/es_mx\/wp-json\/wp\/v2\/media\/139785"}],"wp:attachment":[{"href":"https:\/\/cuadrossils.com\/es_mx\/wp-json\/wp\/v2\/media?parent=138491"}],"wp:term":[{"taxonomy":"product_cat","embeddable":true,"href":"https:\/\/cuadrossils.com\/es_mx\/wp-json\/wp\/v2\/product_cat?post=138491"},{"taxonomy":"product_tag","embeddable":true,"href":"https:\/\/cuadrossils.com\/es_mx\/wp-json\/wp\/v2\/product_tag?post=138491"}],"curies":[{"name":"wp","href":"https:\/\/api.w.org\/{rel}","templated":true}]}}