{"id":149233,"date":"2025-03-25T11:50:48","date_gmt":"2025-03-25T11:50:48","guid":{"rendered":"https:\/\/cuadrossils.com\/producto\/obra-descend\/"},"modified":"2026-01-21T10:08:39","modified_gmt":"2026-01-21T10:08:39","slug":"obra-descend","status":"publish","type":"product","link":"https:\/\/cuadrossils.com\/es_mx\/producto\/obra-descend\/","title":{"rendered":"OBRA DESCEND"},"content":{"rendered":"<p>Obra Texturizada Minimalista y Abstracta. Dise\u00f1o depurado con base neutra y relieve suave. Recomendable en hoteles, recepciones corporativas o \u00e1reas de descanso que prioricen una decoraci\u00f3n discreta y moderna.<\/p>","protected":false},"excerpt":{"rendered":"<p>Obra Texturizada Minimalista y Abstracta.?Dise\u00f1o depurado con base neutra y relieve suave. Recomendable en hoteles, recepciones corporativas o \u00e1reas de descanso que prioricen una decoraci\u00f3n discreta y moderna.<\/p>","protected":false},"featured_media":149235,"comment_status":"closed","ping_status":"closed","template":"","meta":{"_acf_changed":false},"product_cat":[16,282,290,241,249,24,253,243,252,245,281,284,286,285],"product_tag":[],"class_list":{"0":"post-149233","1":"product","2":"type-product","3":"status-publish","4":"has-post-thumbnail","6":"product_cat-sils","7":"product_cat-artistas","8":"product_cat-antonio-vilchez","9":"product_cat-abstracto","10":"product_cat-blanco-y-negro","11":"product_cat-escultura","12":"product_cat-geometrico","13":"product_cat-minimalista-sils","14":"product_cat-tierras-y-ocres","15":"product_cat-trazos-y-lineas","16":"product_cat-venta","17":"product_cat-formato","18":"product_cat-horizontal","19":"product_cat-vertical","20":"pa_tamano-sils-90x90","21":"pa_tamano-sils-110x80","22":"pa_tamano-sils-120x120","23":"pa_tamano-sils-130x100","24":"pa_tamano-sils-150x90","25":"pa_tamano-sils-150x120","26":"pa_tamano-sils-150x150","27":"pa_tamano-sils-180x94","28":"pa_tamano-sils-190x150","29":"pa_tamano-sils-200x120","31":"first","32":"instock","33":"shipping-taxable","34":"purchasable","35":"product-type-variable","36":"has-default-attributes"},"acf":[],"yoast_head":"<!-- This site is optimized with the Yoast SEO plugin v24.8.1 - https:\/\/yoast.com\/wordpress\/plugins\/seo\/ -->\n<title>OBRA DESCEND - Cuadros Sils<\/title>\n<meta name=\"description\" content=\"Obra Texturizada Minimalista y Abstracta. Dise\u00f1o depurado con base neutra y relieve suave. Recomendable en hoteles o recepciones corporativas.\" \/>\n<meta name=\"robots\" content=\"index, follow, max-snippet:-1, max-image-preview:large, max-video-preview:-1\" \/>\n<link rel=\"canonical\" href=\"https:\/\/cuadrossils.com\/es_mx\/producto\/obra-descend\/\" \/>\n<meta property=\"og:locale\" content=\"es_MX\" \/>\n<meta property=\"og:type\" content=\"article\" \/>\n<meta property=\"og:title\" content=\"OBRA DESCEND - Cuadros Sils\" \/>\n<meta property=\"og:description\" content=\"Obra Texturizada Minimalista y Abstracta. Dise\u00f1o depurado con base neutra y relieve suave. Recomendable en hoteles o recepciones corporativas.\" \/>\n<meta property=\"og:url\" content=\"https:\/\/cuadrossils.com\/es_mx\/producto\/obra-descend\/\" \/>\n<meta property=\"og:site_name\" content=\"Cuadros Sils\" \/>\n<meta property=\"article:modified_time\" content=\"2026-01-21T10:08:39+00:00\" \/>\n<meta property=\"og:image\" content=\"https:\/\/cuadrossils.com\/wp-content\/uploads\/2025\/03\/901AV15-3.jpg\" \/>\n\t<meta property=\"og:image:width\" content=\"946\" \/>\n\t<meta property=\"og:image:height\" content=\"1182\" \/>\n\t<meta property=\"og:image:type\" content=\"image\/jpeg\" \/>\n<meta name=\"twitter:card\" content=\"summary_large_image\" \/>\n<meta name=\"twitter:label1\" content=\"Tiempo de lectura\" \/>\n\t<meta name=\"twitter:data1\" content=\"1 minuto\" \/>\n<script type=\"application\/ld+json\" class=\"yoast-schema-graph\">{\"@context\":\"https:\/\/schema.org\",\"@graph\":[{\"@type\":\"WebPage\",\"@id\":\"https:\/\/cuadrossils.com\/producto\/obra-descend\/\",\"url\":\"https:\/\/cuadrossils.com\/producto\/obra-descend\/\",\"name\":\"OBRA DESCEND - Cuadros Sils\",\"isPartOf\":{\"@id\":\"https:\/\/cuadrossils.com\/#website\"},\"primaryImageOfPage\":{\"@id\":\"https:\/\/cuadrossils.com\/producto\/obra-descend\/#primaryimage\"},\"image\":{\"@id\":\"https:\/\/cuadrossils.com\/producto\/obra-descend\/#primaryimage\"},\"thumbnailUrl\":\"https:\/\/cuadrossils.com\/wp-content\/uploads\/2025\/03\/901AV15-3.jpg\",\"datePublished\":\"2025-03-25T11:50:48+00:00\",\"dateModified\":\"2026-01-21T10:08:39+00:00\",\"description\":\"Obra Texturizada Minimalista y Abstracta. Dise\u00f1o depurado con base neutra y relieve suave. Recomendable en hoteles o recepciones corporativas.\",\"breadcrumb\":{\"@id\":\"https:\/\/cuadrossils.com\/producto\/obra-descend\/#breadcrumb\"},\"inLanguage\":\"es\",\"potentialAction\":[{\"@type\":\"ReadAction\",\"target\":[\"https:\/\/cuadrossils.com\/producto\/obra-descend\/\"]}]},{\"@type\":\"ImageObject\",\"inLanguage\":\"es\",\"@id\":\"https:\/\/cuadrossils.com\/producto\/obra-descend\/#primaryimage\",\"url\":\"https:\/\/cuadrossils.com\/wp-content\/uploads\/2025\/03\/901AV15-3.jpg\",\"contentUrl\":\"https:\/\/cuadrossils.com\/wp-content\/uploads\/2025\/03\/901AV15-3.jpg\",\"width\":946,\"height\":1182,\"caption\":\"Obra abstracta de est\u00e9tica minimalista\"},{\"@type\":\"BreadcrumbList\",\"@id\":\"https:\/\/cuadrossils.com\/producto\/obra-descend\/#breadcrumb\",\"itemListElement\":[{\"@type\":\"ListItem\",\"position\":1,\"name\":\"Home\",\"item\":\"https:\/\/cuadrossils.com\/\"},{\"@type\":\"ListItem\",\"position\":2,\"name\":\"Products\",\"item\":\"https:\/\/cuadrossils.com\/shop\/\"},{\"@type\":\"ListItem\",\"position\":3,\"name\":\"OBRA DESCEND\"}]},{\"@type\":\"WebSite\",\"@id\":\"https:\/\/cuadrossils.com\/#website\",\"url\":\"https:\/\/cuadrossils.com\/\",\"name\":\"Cuadros Sils\",\"description\":\"Cuadros Modernos Online\",\"publisher\":{\"@id\":\"https:\/\/cuadrossils.com\/#organization\"},\"potentialAction\":[{\"@type\":\"SearchAction\",\"target\":{\"@type\":\"EntryPoint\",\"urlTemplate\":\"https:\/\/cuadrossils.com\/?s={search_term_string}\"},\"query-input\":{\"@type\":\"PropertyValueSpecification\",\"valueRequired\":true,\"valueName\":\"search_term_string\"}}],\"inLanguage\":\"es\"},{\"@type\":\"Organization\",\"@id\":\"https:\/\/cuadrossils.com\/#organization\",\"name\":\"Cuadros Sils\",\"url\":\"https:\/\/cuadrossils.com\/\",\"logo\":{\"@type\":\"ImageObject\",\"inLanguage\":\"es\",\"@id\":\"https:\/\/cuadrossils.com\/#\/schema\/logo\/image\/\",\"url\":\"https:\/\/cuadrossils.com\/wp-content\/uploads\/2025\/11\/logotipo_cuadros_sils.png\",\"contentUrl\":\"https:\/\/cuadrossils.com\/wp-content\/uploads\/2025\/11\/logotipo_cuadros_sils.png\",\"width\":500,\"height\":122,\"caption\":\"Cuadros Sils\"},\"image\":{\"@id\":\"https:\/\/cuadrossils.com\/#\/schema\/logo\/image\/\"}}]}<\/script>\n<!-- \/ Yoast SEO plugin. -->","yoast_head_json":{"title":"OBRA DESCEND - Cuadros Sils","description":"Obra Texturizada Minimalista y Abstracta. Dise\u00f1o depurado con base neutra y relieve suave. Recomendable en hoteles o recepciones corporativas.","robots":{"index":"index","follow":"follow","max-snippet":"max-snippet:-1","max-image-preview":"max-image-preview:large","max-video-preview":"max-video-preview:-1"},"canonical":"https:\/\/cuadrossils.com\/es_mx\/producto\/obra-descend\/","og_locale":"es_MX","og_type":"article","og_title":"OBRA DESCEND - Cuadros Sils","og_description":"Obra Texturizada Minimalista y Abstracta. Dise\u00f1o depurado con base neutra y relieve suave. Recomendable en hoteles o recepciones corporativas.","og_url":"https:\/\/cuadrossils.com\/es_mx\/producto\/obra-descend\/","og_site_name":"Cuadros Sils","article_modified_time":"2026-01-21T10:08:39+00:00","og_image":[{"width":946,"height":1182,"url":"https:\/\/cuadrossils.com\/wp-content\/uploads\/2025\/03\/901AV15-3.jpg","type":"image\/jpeg"}],"twitter_card":"summary_large_image","twitter_misc":{"Tiempo de lectura":"1 minuto"},"schema":{"@context":"https:\/\/schema.org","@graph":[{"@type":"WebPage","@id":"https:\/\/cuadrossils.com\/producto\/obra-descend\/","url":"https:\/\/cuadrossils.com\/producto\/obra-descend\/","name":"OBRA DESCEND - Cuadros Sils","isPartOf":{"@id":"https:\/\/cuadrossils.com\/#website"},"primaryImageOfPage":{"@id":"https:\/\/cuadrossils.com\/producto\/obra-descend\/#primaryimage"},"image":{"@id":"https:\/\/cuadrossils.com\/producto\/obra-descend\/#primaryimage"},"thumbnailUrl":"https:\/\/cuadrossils.com\/wp-content\/uploads\/2025\/03\/901AV15-3.jpg","datePublished":"2025-03-25T11:50:48+00:00","dateModified":"2026-01-21T10:08:39+00:00","description":"Obra Texturizada Minimalista y Abstracta. Dise\u00f1o depurado con base neutra y relieve suave. Recomendable en hoteles o recepciones corporativas.","breadcrumb":{"@id":"https:\/\/cuadrossils.com\/producto\/obra-descend\/#breadcrumb"},"inLanguage":"es","potentialAction":[{"@type":"ReadAction","target":["https:\/\/cuadrossils.com\/producto\/obra-descend\/"]}]},{"@type":"ImageObject","inLanguage":"es","@id":"https:\/\/cuadrossils.com\/producto\/obra-descend\/#primaryimage","url":"https:\/\/cuadrossils.com\/wp-content\/uploads\/2025\/03\/901AV15-3.jpg","contentUrl":"https:\/\/cuadrossils.com\/wp-content\/uploads\/2025\/03\/901AV15-3.jpg","width":946,"height":1182,"caption":"Obra abstracta de est\u00e9tica minimalista"},{"@type":"BreadcrumbList","@id":"https:\/\/cuadrossils.com\/producto\/obra-descend\/#breadcrumb","itemListElement":[{"@type":"ListItem","position":1,"name":"Home","item":"https:\/\/cuadrossils.com\/"},{"@type":"ListItem","position":2,"name":"Products","item":"https:\/\/cuadrossils.com\/shop\/"},{"@type":"ListItem","position":3,"name":"OBRA DESCEND"}]},{"@type":"WebSite","@id":"https:\/\/cuadrossils.com\/#website","url":"https:\/\/cuadrossils.com\/","name":"Cuadros Sils","description":"Cuadros Modernos Online","publisher":{"@id":"https:\/\/cuadrossils.com\/#organization"},"potentialAction":[{"@type":"SearchAction","target":{"@type":"EntryPoint","urlTemplate":"https:\/\/cuadrossils.com\/?s={search_term_string}"},"query-input":{"@type":"PropertyValueSpecification","valueRequired":true,"valueName":"search_term_string"}}],"inLanguage":"es"},{"@type":"Organization","@id":"https:\/\/cuadrossils.com\/#organization","name":"Cuadros Sils","url":"https:\/\/cuadrossils.com\/","logo":{"@type":"ImageObject","inLanguage":"es","@id":"https:\/\/cuadrossils.com\/#\/schema\/logo\/image\/","url":"https:\/\/cuadrossils.com\/wp-content\/uploads\/2025\/11\/logotipo_cuadros_sils.png","contentUrl":"https:\/\/cuadrossils.com\/wp-content\/uploads\/2025\/11\/logotipo_cuadros_sils.png","width":500,"height":122,"caption":"Cuadros Sils"},"image":{"@id":"https:\/\/cuadrossils.com\/#\/schema\/logo\/image\/"}}]}},"_links":{"self":[{"href":"https:\/\/cuadrossils.com\/es_mx\/wp-json\/wp\/v2\/product\/149233","targetHints":{"allow":["GET"]}}],"collection":[{"href":"https:\/\/cuadrossils.com\/es_mx\/wp-json\/wp\/v2\/product"}],"about":[{"href":"https:\/\/cuadrossils.com\/es_mx\/wp-json\/wp\/v2\/types\/product"}],"replies":[{"embeddable":true,"href":"https:\/\/cuadrossils.com\/es_mx\/wp-json\/wp\/v2\/comments?post=149233"}],"version-history":[{"count":2,"href":"https:\/\/cuadrossils.com\/es_mx\/wp-json\/wp\/v2\/product\/149233\/revisions"}],"predecessor-version":[{"id":153692,"href":"https:\/\/cuadrossils.com\/es_mx\/wp-json\/wp\/v2\/product\/149233\/revisions\/153692"}],"wp:featuredmedia":[{"embeddable":true,"href":"https:\/\/cuadrossils.com\/es_mx\/wp-json\/wp\/v2\/media\/149235"}],"wp:attachment":[{"href":"https:\/\/cuadrossils.com\/es_mx\/wp-json\/wp\/v2\/media?parent=149233"}],"wp:term":[{"taxonomy":"product_cat","embeddable":true,"href":"https:\/\/cuadrossils.com\/es_mx\/wp-json\/wp\/v2\/product_cat?post=149233"},{"taxonomy":"product_tag","embeddable":true,"href":"https:\/\/cuadrossils.com\/es_mx\/wp-json\/wp\/v2\/product_tag?post=149233"}],"curies":[{"name":"wp","href":"https:\/\/api.w.org\/{rel}","templated":true}]}}