{"id":152851,"date":"2025-03-25T12:01:43","date_gmt":"2025-03-25T12:01:43","guid":{"rendered":"https:\/\/cuadrossils.com\/producto\/obra-aira\/"},"modified":"2025-04-11T07:58:44","modified_gmt":"2025-04-11T07:58:44","slug":"obra-aira","status":"publish","type":"product","link":"https:\/\/cuadrossils.com\/es_mx\/producto\/obra-aira\/","title":{"rendered":"OBRA AIRA"},"content":{"rendered":"<p>Pintura al \u00f3leo inmersiva de un camino rodeado de follaje oto\u00f1al c\u00e1lido, donde los tonos rojos vibrantes se mezclan con colores naturales. Ideal para crear un ambiente acogedor en interiores modernos o tradicionales.<\/p>","protected":false},"excerpt":{"rendered":"<p>Pintura al \u00f3leo inmersiva de un camino rodeado de follaje oto\u00f1al c\u00e1lido, donde los tonos rojos vibrantes se mezclan con colores naturales. Ideal para crear un ambiente acogedor en interiores modernos o tradicionales.<\/p>","protected":false},"featured_media":152853,"comment_status":"closed","ping_status":"closed","template":"","meta":{"_acf_changed":false},"product_cat":[16,282,292,23,254,27,281,284,286],"product_tag":[],"class_list":{"0":"post-152851","1":"product","2":"type-product","3":"status-publish","4":"has-post-thumbnail","6":"product_cat-sils","7":"product_cat-artistas","8":"product_cat-morilla","9":"product_cat-color","10":"product_cat-paisaje","11":"product_cat-texturas","12":"product_cat-venta","13":"product_cat-formato","14":"product_cat-horizontal","15":"pa_tamano-sils-90x90","16":"pa_tamano-sils-110x80","17":"pa_tamano-sils-120x120","18":"pa_tamano-sils-130x100","19":"pa_tamano-sils-150x90","20":"pa_tamano-sils-150x120","21":"pa_tamano-sils-150x150","22":"pa_tamano-sils-180x94","23":"pa_tamano-sils-190x150","24":"pa_tamano-sils-200x120","26":"first","27":"instock","28":"shipping-taxable","29":"purchasable","30":"product-type-variable","31":"has-default-attributes"},"acf":[],"yoast_head":"<!-- This site is optimized with the Yoast SEO plugin v24.8.1 - https:\/\/yoast.com\/wordpress\/plugins\/seo\/ -->\n<title>OBRA AIRA - Cuadros Sils<\/title>\n<meta name=\"description\" content=\"Pintura al \u00f3leo inmersiva de un camino rodeado de follaje oto\u00f1al c\u00e1lido, donde los tonos rojos vibrantes se mezclan con colores naturales.\" \/>\n<meta name=\"robots\" content=\"index, follow, max-snippet:-1, max-image-preview:large, max-video-preview:-1\" \/>\n<link rel=\"canonical\" href=\"https:\/\/cuadrossils.com\/es_mx\/producto\/obra-aira\/\" \/>\n<meta property=\"og:locale\" content=\"es_MX\" \/>\n<meta property=\"og:type\" content=\"article\" \/>\n<meta property=\"og:title\" content=\"OBRA AIRA - Cuadros Sils\" \/>\n<meta property=\"og:description\" content=\"Pintura al \u00f3leo inmersiva de un camino rodeado de follaje oto\u00f1al c\u00e1lido, donde los tonos rojos vibrantes se mezclan con colores naturales.\" \/>\n<meta property=\"og:url\" content=\"https:\/\/cuadrossils.com\/es_mx\/producto\/obra-aira\/\" \/>\n<meta property=\"og:site_name\" content=\"Cuadros Sils\" \/>\n<meta property=\"article:modified_time\" content=\"2025-04-11T07:58:44+00:00\" \/>\n<meta property=\"og:image\" content=\"https:\/\/cuadrossils.com\/wp-content\/uploads\/2025\/03\/904M40-1.jpg\" \/>\n\t<meta property=\"og:image:width\" content=\"1182\" \/>\n\t<meta property=\"og:image:height\" content=\"709\" \/>\n\t<meta property=\"og:image:type\" content=\"image\/jpeg\" \/>\n<meta name=\"twitter:card\" content=\"summary_large_image\" \/>\n<meta name=\"twitter:label1\" content=\"Tiempo de lectura\" \/>\n\t<meta name=\"twitter:data1\" content=\"1 minuto\" \/>\n<script type=\"application\/ld+json\" class=\"yoast-schema-graph\">{\"@context\":\"https:\/\/schema.org\",\"@graph\":[{\"@type\":\"WebPage\",\"@id\":\"https:\/\/cuadrossils.com\/producto\/obra-aira\/\",\"url\":\"https:\/\/cuadrossils.com\/producto\/obra-aira\/\",\"name\":\"OBRA AIRA - Cuadros Sils\",\"isPartOf\":{\"@id\":\"https:\/\/cuadrossils.com\/#website\"},\"primaryImageOfPage\":{\"@id\":\"https:\/\/cuadrossils.com\/producto\/obra-aira\/#primaryimage\"},\"image\":{\"@id\":\"https:\/\/cuadrossils.com\/producto\/obra-aira\/#primaryimage\"},\"thumbnailUrl\":\"https:\/\/cuadrossils.com\/wp-content\/uploads\/2025\/03\/904M40-1.jpg\",\"datePublished\":\"2025-03-25T12:01:43+00:00\",\"dateModified\":\"2025-04-11T07:58:44+00:00\",\"description\":\"Pintura al \u00f3leo inmersiva de un camino rodeado de follaje oto\u00f1al c\u00e1lido, donde los tonos rojos vibrantes se mezclan con colores naturales.\",\"breadcrumb\":{\"@id\":\"https:\/\/cuadrossils.com\/producto\/obra-aira\/#breadcrumb\"},\"inLanguage\":\"es\",\"potentialAction\":[{\"@type\":\"ReadAction\",\"target\":[\"https:\/\/cuadrossils.com\/producto\/obra-aira\/\"]}]},{\"@type\":\"ImageObject\",\"inLanguage\":\"es\",\"@id\":\"https:\/\/cuadrossils.com\/producto\/obra-aira\/#primaryimage\",\"url\":\"https:\/\/cuadrossils.com\/wp-content\/uploads\/2025\/03\/904M40-1.jpg\",\"contentUrl\":\"https:\/\/cuadrossils.com\/wp-content\/uploads\/2025\/03\/904M40-1.jpg\",\"width\":1182,\"height\":709,\"caption\":\"Pintura de Sendero Oto\u00f1al en \u00d3leo Vibrante\"},{\"@type\":\"BreadcrumbList\",\"@id\":\"https:\/\/cuadrossils.com\/producto\/obra-aira\/#breadcrumb\",\"itemListElement\":[{\"@type\":\"ListItem\",\"position\":1,\"name\":\"Home\",\"item\":\"https:\/\/cuadrossils.com\/\"},{\"@type\":\"ListItem\",\"position\":2,\"name\":\"Products\",\"item\":\"https:\/\/cuadrossils.com\/shop\/\"},{\"@type\":\"ListItem\",\"position\":3,\"name\":\"OBRA AIRA\"}]},{\"@type\":\"WebSite\",\"@id\":\"https:\/\/cuadrossils.com\/#website\",\"url\":\"https:\/\/cuadrossils.com\/\",\"name\":\"Cuadros Sils\",\"description\":\"Cuadros Modernos Online\",\"publisher\":{\"@id\":\"https:\/\/cuadrossils.com\/#organization\"},\"potentialAction\":[{\"@type\":\"SearchAction\",\"target\":{\"@type\":\"EntryPoint\",\"urlTemplate\":\"https:\/\/cuadrossils.com\/?s={search_term_string}\"},\"query-input\":{\"@type\":\"PropertyValueSpecification\",\"valueRequired\":true,\"valueName\":\"search_term_string\"}}],\"inLanguage\":\"es\"},{\"@type\":\"Organization\",\"@id\":\"https:\/\/cuadrossils.com\/#organization\",\"name\":\"Cuadros Sils\",\"url\":\"https:\/\/cuadrossils.com\/\",\"logo\":{\"@type\":\"ImageObject\",\"inLanguage\":\"es\",\"@id\":\"https:\/\/cuadrossils.com\/#\/schema\/logo\/image\/\",\"url\":\"https:\/\/cuadrossils.com\/wp-content\/uploads\/2025\/11\/logotipo_cuadros_sils.png\",\"contentUrl\":\"https:\/\/cuadrossils.com\/wp-content\/uploads\/2025\/11\/logotipo_cuadros_sils.png\",\"width\":500,\"height\":122,\"caption\":\"Cuadros Sils\"},\"image\":{\"@id\":\"https:\/\/cuadrossils.com\/#\/schema\/logo\/image\/\"}}]}<\/script>\n<!-- \/ Yoast SEO plugin. -->","yoast_head_json":{"title":"OBRA AIRA - Cuadros Sils","description":"Pintura al \u00f3leo inmersiva de un camino rodeado de follaje oto\u00f1al c\u00e1lido, donde los tonos rojos vibrantes se mezclan con colores naturales.","robots":{"index":"index","follow":"follow","max-snippet":"max-snippet:-1","max-image-preview":"max-image-preview:large","max-video-preview":"max-video-preview:-1"},"canonical":"https:\/\/cuadrossils.com\/es_mx\/producto\/obra-aira\/","og_locale":"es_MX","og_type":"article","og_title":"OBRA AIRA - Cuadros Sils","og_description":"Pintura al \u00f3leo inmersiva de un camino rodeado de follaje oto\u00f1al c\u00e1lido, donde los tonos rojos vibrantes se mezclan con colores naturales.","og_url":"https:\/\/cuadrossils.com\/es_mx\/producto\/obra-aira\/","og_site_name":"Cuadros Sils","article_modified_time":"2025-04-11T07:58:44+00:00","og_image":[{"width":1182,"height":709,"url":"https:\/\/cuadrossils.com\/wp-content\/uploads\/2025\/03\/904M40-1.jpg","type":"image\/jpeg"}],"twitter_card":"summary_large_image","twitter_misc":{"Tiempo de lectura":"1 minuto"},"schema":{"@context":"https:\/\/schema.org","@graph":[{"@type":"WebPage","@id":"https:\/\/cuadrossils.com\/producto\/obra-aira\/","url":"https:\/\/cuadrossils.com\/producto\/obra-aira\/","name":"OBRA AIRA - Cuadros Sils","isPartOf":{"@id":"https:\/\/cuadrossils.com\/#website"},"primaryImageOfPage":{"@id":"https:\/\/cuadrossils.com\/producto\/obra-aira\/#primaryimage"},"image":{"@id":"https:\/\/cuadrossils.com\/producto\/obra-aira\/#primaryimage"},"thumbnailUrl":"https:\/\/cuadrossils.com\/wp-content\/uploads\/2025\/03\/904M40-1.jpg","datePublished":"2025-03-25T12:01:43+00:00","dateModified":"2025-04-11T07:58:44+00:00","description":"Pintura al \u00f3leo inmersiva de un camino rodeado de follaje oto\u00f1al c\u00e1lido, donde los tonos rojos vibrantes se mezclan con colores naturales.","breadcrumb":{"@id":"https:\/\/cuadrossils.com\/producto\/obra-aira\/#breadcrumb"},"inLanguage":"es","potentialAction":[{"@type":"ReadAction","target":["https:\/\/cuadrossils.com\/producto\/obra-aira\/"]}]},{"@type":"ImageObject","inLanguage":"es","@id":"https:\/\/cuadrossils.com\/producto\/obra-aira\/#primaryimage","url":"https:\/\/cuadrossils.com\/wp-content\/uploads\/2025\/03\/904M40-1.jpg","contentUrl":"https:\/\/cuadrossils.com\/wp-content\/uploads\/2025\/03\/904M40-1.jpg","width":1182,"height":709,"caption":"Pintura de Sendero Oto\u00f1al en \u00d3leo Vibrante"},{"@type":"BreadcrumbList","@id":"https:\/\/cuadrossils.com\/producto\/obra-aira\/#breadcrumb","itemListElement":[{"@type":"ListItem","position":1,"name":"Home","item":"https:\/\/cuadrossils.com\/"},{"@type":"ListItem","position":2,"name":"Products","item":"https:\/\/cuadrossils.com\/shop\/"},{"@type":"ListItem","position":3,"name":"OBRA AIRA"}]},{"@type":"WebSite","@id":"https:\/\/cuadrossils.com\/#website","url":"https:\/\/cuadrossils.com\/","name":"Cuadros Sils","description":"Cuadros Modernos Online","publisher":{"@id":"https:\/\/cuadrossils.com\/#organization"},"potentialAction":[{"@type":"SearchAction","target":{"@type":"EntryPoint","urlTemplate":"https:\/\/cuadrossils.com\/?s={search_term_string}"},"query-input":{"@type":"PropertyValueSpecification","valueRequired":true,"valueName":"search_term_string"}}],"inLanguage":"es"},{"@type":"Organization","@id":"https:\/\/cuadrossils.com\/#organization","name":"Cuadros Sils","url":"https:\/\/cuadrossils.com\/","logo":{"@type":"ImageObject","inLanguage":"es","@id":"https:\/\/cuadrossils.com\/#\/schema\/logo\/image\/","url":"https:\/\/cuadrossils.com\/wp-content\/uploads\/2025\/11\/logotipo_cuadros_sils.png","contentUrl":"https:\/\/cuadrossils.com\/wp-content\/uploads\/2025\/11\/logotipo_cuadros_sils.png","width":500,"height":122,"caption":"Cuadros Sils"},"image":{"@id":"https:\/\/cuadrossils.com\/#\/schema\/logo\/image\/"}}]}},"_links":{"self":[{"href":"https:\/\/cuadrossils.com\/es_mx\/wp-json\/wp\/v2\/product\/152851","targetHints":{"allow":["GET"]}}],"collection":[{"href":"https:\/\/cuadrossils.com\/es_mx\/wp-json\/wp\/v2\/product"}],"about":[{"href":"https:\/\/cuadrossils.com\/es_mx\/wp-json\/wp\/v2\/types\/product"}],"replies":[{"embeddable":true,"href":"https:\/\/cuadrossils.com\/es_mx\/wp-json\/wp\/v2\/comments?post=152851"}],"version-history":[{"count":1,"href":"https:\/\/cuadrossils.com\/es_mx\/wp-json\/wp\/v2\/product\/152851\/revisions"}],"predecessor-version":[{"id":152852,"href":"https:\/\/cuadrossils.com\/es_mx\/wp-json\/wp\/v2\/product\/152851\/revisions\/152852"}],"wp:featuredmedia":[{"embeddable":true,"href":"https:\/\/cuadrossils.com\/es_mx\/wp-json\/wp\/v2\/media\/152853"}],"wp:attachment":[{"href":"https:\/\/cuadrossils.com\/es_mx\/wp-json\/wp\/v2\/media?parent=152851"}],"wp:term":[{"taxonomy":"product_cat","embeddable":true,"href":"https:\/\/cuadrossils.com\/es_mx\/wp-json\/wp\/v2\/product_cat?post=152851"},{"taxonomy":"product_tag","embeddable":true,"href":"https:\/\/cuadrossils.com\/es_mx\/wp-json\/wp\/v2\/product_tag?post=152851"}],"curies":[{"name":"wp","href":"https:\/\/api.w.org\/{rel}","templated":true}]}}