{"id":153907,"date":"2025-04-10T10:34:46","date_gmt":"2025-04-10T10:34:46","guid":{"rendered":"https:\/\/cuadrossils.com\/producto\/obra-astada\/"},"modified":"2026-01-21T09:59:55","modified_gmt":"2026-01-21T09:59:55","slug":"obra-astada","status":"publish","type":"product","link":"https:\/\/cuadrossils.com\/es_mx\/producto\/obra-astada\/","title":{"rendered":"OBRA ASTADA"},"content":{"rendered":"<p>Pintura Original Toro Bravo: Energ\u00eda y Fuerza para Espacios Modernos. Impactante obra de arte original que captura la esencia indomable del toro bravo con una paleta de colores contrastada en blanco, negro y grises. Su estilo expresionista y contempor\u00e1neo, con pinceladas en\u00e9rgicas y din\u00e1micas, aporta una dosis de fuerza y movimiento a cualquier ambiente. Ideal para los que buscan una pieza central audaz y con car\u00e1cter para salones, estudios o espacios comerciales que deseen transmitir pasi\u00f3n y vitalidad. Esta pintura original se integra perfectamente en proyectos de interiorismo modernos y de estilo industrial, a\u00f1adiendo un toque art\u00edstico \u00fanico y sofisticado.<\/p>","protected":false},"excerpt":{"rendered":"<p>Pintura Original Toro Bravo: Energ\u00eda y Fuerza para Espacios Modernos. Impactante obra de arte original que captura la esencia indomable del toro bravo con una paleta de colores contrastada en blanco, negro y grises. Su estilo expresionista y contempor\u00e1neo, con pinceladas en\u00e9rgicas y din\u00e1micas, aporta una dosis de fuerza y movimiento a cualquier ambiente. Ideal para los que buscan una pieza central audaz y con car\u00e1cter para salones, estudios o espacios comerciales que deseen transmitir pasi\u00f3n y vitalidad. Esta pintura original se integra perfectamente en proyectos de interiorismo modernos y de estilo industrial, a\u00f1adiendo un toque art\u00edstico \u00fanico y sofisticado.<\/p>","protected":false},"featured_media":153955,"comment_status":"closed","ping_status":"closed","template":"","meta":{"_acf_changed":false},"product_cat":[16,282,290,241,256,249,25,252,245,281,284],"product_tag":[],"class_list":{"0":"post-153907","1":"product","2":"type-product","3":"status-publish","4":"has-post-thumbnail","6":"product_cat-sils","7":"product_cat-artistas","8":"product_cat-antonio-vilchez","9":"product_cat-abstracto","10":"product_cat-animales","11":"product_cat-blanco-y-negro","12":"product_cat-figurativo","13":"product_cat-tierras-y-ocres","14":"product_cat-trazos-y-lineas","15":"product_cat-venta","16":"product_cat-formato","17":"pa_tamano-sils-90x90","18":"pa_tamano-sils-110x80","19":"pa_tamano-sils-120x120","20":"pa_tamano-sils-130x100","21":"pa_tamano-sils-150x90","22":"pa_tamano-sils-150x120","23":"pa_tamano-sils-150x150","24":"pa_tamano-sils-180x94","25":"pa_tamano-sils-190x150","26":"pa_tamano-sils-200x120","28":"first","29":"instock","30":"shipping-taxable","31":"purchasable","32":"product-type-variable","33":"has-default-attributes"},"acf":[],"yoast_head":"<!-- This site is optimized with the Yoast SEO plugin v24.8.1 - https:\/\/yoast.com\/wordpress\/plugins\/seo\/ -->\n<title>OBRA ASTADA - Cuadros Sils<\/title>\n<meta name=\"description\" content=\"Pintura Original Toro Bravo: Obra de arte original que captura la esencia indomable del toro bravo con una paleta de colores en blanco, negro y gris.\" \/>\n<meta name=\"robots\" content=\"index, follow, max-snippet:-1, max-image-preview:large, max-video-preview:-1\" \/>\n<link rel=\"canonical\" href=\"https:\/\/cuadrossils.com\/es_mx\/producto\/obra-astada\/\" \/>\n<meta property=\"og:locale\" content=\"es_MX\" \/>\n<meta property=\"og:type\" content=\"article\" \/>\n<meta property=\"og:title\" content=\"OBRA ASTADA - Cuadros Sils\" \/>\n<meta property=\"og:description\" content=\"Pintura Original Toro Bravo: Obra de arte original que captura la esencia indomable del toro bravo con una paleta de colores en blanco, negro y gris.\" \/>\n<meta property=\"og:url\" content=\"https:\/\/cuadrossils.com\/es_mx\/producto\/obra-astada\/\" \/>\n<meta property=\"og:site_name\" content=\"Cuadros Sils\" \/>\n<meta property=\"article:modified_time\" content=\"2026-01-21T09:59:55+00:00\" \/>\n<meta property=\"og:image\" content=\"https:\/\/cuadrossils.com\/wp-content\/uploads\/2025\/04\/901AV50.jpg\" \/>\n\t<meta property=\"og:image:width\" content=\"1182\" \/>\n\t<meta property=\"og:image:height\" content=\"946\" \/>\n\t<meta property=\"og:image:type\" content=\"image\/jpeg\" \/>\n<meta name=\"twitter:card\" content=\"summary_large_image\" \/>\n<meta name=\"twitter:label1\" content=\"Tiempo de lectura\" \/>\n\t<meta name=\"twitter:data1\" content=\"1 minuto\" \/>\n<script type=\"application\/ld+json\" class=\"yoast-schema-graph\">{\"@context\":\"https:\/\/schema.org\",\"@graph\":[{\"@type\":\"WebPage\",\"@id\":\"https:\/\/cuadrossils.com\/producto\/obra-astada\/\",\"url\":\"https:\/\/cuadrossils.com\/producto\/obra-astada\/\",\"name\":\"OBRA ASTADA - Cuadros Sils\",\"isPartOf\":{\"@id\":\"https:\/\/cuadrossils.com\/#website\"},\"primaryImageOfPage\":{\"@id\":\"https:\/\/cuadrossils.com\/producto\/obra-astada\/#primaryimage\"},\"image\":{\"@id\":\"https:\/\/cuadrossils.com\/producto\/obra-astada\/#primaryimage\"},\"thumbnailUrl\":\"https:\/\/cuadrossils.com\/wp-content\/uploads\/2025\/04\/901AV50.jpg\",\"datePublished\":\"2025-04-10T10:34:46+00:00\",\"dateModified\":\"2026-01-21T09:59:55+00:00\",\"description\":\"Pintura Original Toro Bravo: Obra de arte original que captura la esencia indomable del toro bravo con una paleta de colores en blanco, negro y gris.\",\"breadcrumb\":{\"@id\":\"https:\/\/cuadrossils.com\/producto\/obra-astada\/#breadcrumb\"},\"inLanguage\":\"es\",\"potentialAction\":[{\"@type\":\"ReadAction\",\"target\":[\"https:\/\/cuadrossils.com\/producto\/obra-astada\/\"]}]},{\"@type\":\"ImageObject\",\"inLanguage\":\"es\",\"@id\":\"https:\/\/cuadrossils.com\/producto\/obra-astada\/#primaryimage\",\"url\":\"https:\/\/cuadrossils.com\/wp-content\/uploads\/2025\/04\/901AV50.jpg\",\"contentUrl\":\"https:\/\/cuadrossils.com\/wp-content\/uploads\/2025\/04\/901AV50.jpg\",\"width\":1182,\"height\":946},{\"@type\":\"BreadcrumbList\",\"@id\":\"https:\/\/cuadrossils.com\/producto\/obra-astada\/#breadcrumb\",\"itemListElement\":[{\"@type\":\"ListItem\",\"position\":1,\"name\":\"Home\",\"item\":\"https:\/\/cuadrossils.com\/\"},{\"@type\":\"ListItem\",\"position\":2,\"name\":\"Products\",\"item\":\"https:\/\/cuadrossils.com\/shop\/\"},{\"@type\":\"ListItem\",\"position\":3,\"name\":\"OBRA ASTADA\"}]},{\"@type\":\"WebSite\",\"@id\":\"https:\/\/cuadrossils.com\/#website\",\"url\":\"https:\/\/cuadrossils.com\/\",\"name\":\"Cuadros Sils\",\"description\":\"Cuadros Modernos Online\",\"publisher\":{\"@id\":\"https:\/\/cuadrossils.com\/#organization\"},\"potentialAction\":[{\"@type\":\"SearchAction\",\"target\":{\"@type\":\"EntryPoint\",\"urlTemplate\":\"https:\/\/cuadrossils.com\/?s={search_term_string}\"},\"query-input\":{\"@type\":\"PropertyValueSpecification\",\"valueRequired\":true,\"valueName\":\"search_term_string\"}}],\"inLanguage\":\"es\"},{\"@type\":\"Organization\",\"@id\":\"https:\/\/cuadrossils.com\/#organization\",\"name\":\"Cuadros Sils\",\"url\":\"https:\/\/cuadrossils.com\/\",\"logo\":{\"@type\":\"ImageObject\",\"inLanguage\":\"es\",\"@id\":\"https:\/\/cuadrossils.com\/#\/schema\/logo\/image\/\",\"url\":\"https:\/\/cuadrossils.com\/wp-content\/uploads\/2025\/11\/logotipo_cuadros_sils.png\",\"contentUrl\":\"https:\/\/cuadrossils.com\/wp-content\/uploads\/2025\/11\/logotipo_cuadros_sils.png\",\"width\":500,\"height\":122,\"caption\":\"Cuadros Sils\"},\"image\":{\"@id\":\"https:\/\/cuadrossils.com\/#\/schema\/logo\/image\/\"}}]}<\/script>\n<!-- \/ Yoast SEO plugin. -->","yoast_head_json":{"title":"OBRA ASTADA - Cuadros Sils","description":"Pintura Original Toro Bravo: Obra de arte original que captura la esencia indomable del toro bravo con una paleta de colores en blanco, negro y gris.","robots":{"index":"index","follow":"follow","max-snippet":"max-snippet:-1","max-image-preview":"max-image-preview:large","max-video-preview":"max-video-preview:-1"},"canonical":"https:\/\/cuadrossils.com\/es_mx\/producto\/obra-astada\/","og_locale":"es_MX","og_type":"article","og_title":"OBRA ASTADA - Cuadros Sils","og_description":"Pintura Original Toro Bravo: Obra de arte original que captura la esencia indomable del toro bravo con una paleta de colores en blanco, negro y gris.","og_url":"https:\/\/cuadrossils.com\/es_mx\/producto\/obra-astada\/","og_site_name":"Cuadros Sils","article_modified_time":"2026-01-21T09:59:55+00:00","og_image":[{"width":1182,"height":946,"url":"https:\/\/cuadrossils.com\/wp-content\/uploads\/2025\/04\/901AV50.jpg","type":"image\/jpeg"}],"twitter_card":"summary_large_image","twitter_misc":{"Tiempo de lectura":"1 minuto"},"schema":{"@context":"https:\/\/schema.org","@graph":[{"@type":"WebPage","@id":"https:\/\/cuadrossils.com\/producto\/obra-astada\/","url":"https:\/\/cuadrossils.com\/producto\/obra-astada\/","name":"OBRA ASTADA - Cuadros Sils","isPartOf":{"@id":"https:\/\/cuadrossils.com\/#website"},"primaryImageOfPage":{"@id":"https:\/\/cuadrossils.com\/producto\/obra-astada\/#primaryimage"},"image":{"@id":"https:\/\/cuadrossils.com\/producto\/obra-astada\/#primaryimage"},"thumbnailUrl":"https:\/\/cuadrossils.com\/wp-content\/uploads\/2025\/04\/901AV50.jpg","datePublished":"2025-04-10T10:34:46+00:00","dateModified":"2026-01-21T09:59:55+00:00","description":"Pintura Original Toro Bravo: Obra de arte original que captura la esencia indomable del toro bravo con una paleta de colores en blanco, negro y gris.","breadcrumb":{"@id":"https:\/\/cuadrossils.com\/producto\/obra-astada\/#breadcrumb"},"inLanguage":"es","potentialAction":[{"@type":"ReadAction","target":["https:\/\/cuadrossils.com\/producto\/obra-astada\/"]}]},{"@type":"ImageObject","inLanguage":"es","@id":"https:\/\/cuadrossils.com\/producto\/obra-astada\/#primaryimage","url":"https:\/\/cuadrossils.com\/wp-content\/uploads\/2025\/04\/901AV50.jpg","contentUrl":"https:\/\/cuadrossils.com\/wp-content\/uploads\/2025\/04\/901AV50.jpg","width":1182,"height":946},{"@type":"BreadcrumbList","@id":"https:\/\/cuadrossils.com\/producto\/obra-astada\/#breadcrumb","itemListElement":[{"@type":"ListItem","position":1,"name":"Home","item":"https:\/\/cuadrossils.com\/"},{"@type":"ListItem","position":2,"name":"Products","item":"https:\/\/cuadrossils.com\/shop\/"},{"@type":"ListItem","position":3,"name":"OBRA ASTADA"}]},{"@type":"WebSite","@id":"https:\/\/cuadrossils.com\/#website","url":"https:\/\/cuadrossils.com\/","name":"Cuadros Sils","description":"Cuadros Modernos Online","publisher":{"@id":"https:\/\/cuadrossils.com\/#organization"},"potentialAction":[{"@type":"SearchAction","target":{"@type":"EntryPoint","urlTemplate":"https:\/\/cuadrossils.com\/?s={search_term_string}"},"query-input":{"@type":"PropertyValueSpecification","valueRequired":true,"valueName":"search_term_string"}}],"inLanguage":"es"},{"@type":"Organization","@id":"https:\/\/cuadrossils.com\/#organization","name":"Cuadros Sils","url":"https:\/\/cuadrossils.com\/","logo":{"@type":"ImageObject","inLanguage":"es","@id":"https:\/\/cuadrossils.com\/#\/schema\/logo\/image\/","url":"https:\/\/cuadrossils.com\/wp-content\/uploads\/2025\/11\/logotipo_cuadros_sils.png","contentUrl":"https:\/\/cuadrossils.com\/wp-content\/uploads\/2025\/11\/logotipo_cuadros_sils.png","width":500,"height":122,"caption":"Cuadros Sils"},"image":{"@id":"https:\/\/cuadrossils.com\/#\/schema\/logo\/image\/"}}]}},"_links":{"self":[{"href":"https:\/\/cuadrossils.com\/es_mx\/wp-json\/wp\/v2\/product\/153907","targetHints":{"allow":["GET"]}}],"collection":[{"href":"https:\/\/cuadrossils.com\/es_mx\/wp-json\/wp\/v2\/product"}],"about":[{"href":"https:\/\/cuadrossils.com\/es_mx\/wp-json\/wp\/v2\/types\/product"}],"replies":[{"embeddable":true,"href":"https:\/\/cuadrossils.com\/es_mx\/wp-json\/wp\/v2\/comments?post=153907"}],"version-history":[{"count":2,"href":"https:\/\/cuadrossils.com\/es_mx\/wp-json\/wp\/v2\/product\/153907\/revisions"}],"predecessor-version":[{"id":154175,"href":"https:\/\/cuadrossils.com\/es_mx\/wp-json\/wp\/v2\/product\/153907\/revisions\/154175"}],"wp:featuredmedia":[{"embeddable":true,"href":"https:\/\/cuadrossils.com\/es_mx\/wp-json\/wp\/v2\/media\/153955"}],"wp:attachment":[{"href":"https:\/\/cuadrossils.com\/es_mx\/wp-json\/wp\/v2\/media?parent=153907"}],"wp:term":[{"taxonomy":"product_cat","embeddable":true,"href":"https:\/\/cuadrossils.com\/es_mx\/wp-json\/wp\/v2\/product_cat?post=153907"},{"taxonomy":"product_tag","embeddable":true,"href":"https:\/\/cuadrossils.com\/es_mx\/wp-json\/wp\/v2\/product_tag?post=153907"}],"curies":[{"name":"wp","href":"https:\/\/api.w.org\/{rel}","templated":true}]}}