{"id":155057,"date":"2026-01-21T09:50:49","date_gmt":"2026-01-21T09:50:49","guid":{"rendered":"https:\/\/cuadrossils.com\/producto\/obra-oxyon\/"},"modified":"2026-01-21T09:57:19","modified_gmt":"2026-01-21T09:57:19","slug":"obra-oxyon","status":"publish","type":"product","link":"https:\/\/cuadrossils.com\/es_mx\/producto\/obra-oxyon\/","title":{"rendered":"OBRA OXYON"},"content":{"rendered":"<p>Dise\u00f1o abstracto en blanco sobre blanco con formas curvas y textura sutil. Su est\u00e9tica limpia y monocrom\u00e1tica aporta luz y equilibrio a interiores sofisticados y espacios de inspiraci\u00f3n minimalista.<\/p>","protected":false},"excerpt":{"rendered":"<p>Dise\u00f1o abstracto en blanco sobre blanco con formas curvas y textura sutil. Su est\u00e9tica limpia y monocrom\u00e1tica aporta luz y equilibrio a interiores sofisticados y espacios de inspiraci\u00f3n minimalista.<\/p>","protected":false},"featured_media":155059,"comment_status":"closed","ping_status":"closed","template":"","meta":{"_acf_changed":false},"product_cat":[379,316,16,282,290,241,249,24,243,27,252,281,284],"product_tag":[],"class_list":{"0":"post-155057","1":"product","2":"type-product","3":"status-publish","4":"has-post-thumbnail","6":"product_cat-goemetrico","7":"product_cat-novedades","8":"product_cat-sils","9":"product_cat-artistas","10":"product_cat-antonio-vilchez","11":"product_cat-abstracto","12":"product_cat-blanco-y-negro","13":"product_cat-escultura","14":"product_cat-minimalista-sils","15":"product_cat-texturas","16":"product_cat-tierras-y-ocres","17":"product_cat-venta","18":"product_cat-formato","19":"pa_tamano-sils-90x90","20":"pa_tamano-sils-110x80","21":"pa_tamano-sils-120x120","22":"pa_tamano-sils-130x100","23":"pa_tamano-sils-150x90","24":"pa_tamano-sils-150x120","25":"pa_tamano-sils-150x150","26":"pa_tamano-sils-180x94","27":"pa_tamano-sils-190x150","28":"pa_tamano-sils-200x120","30":"first","31":"instock","32":"shipping-taxable","33":"purchasable","34":"product-type-variable","35":"has-default-attributes"},"acf":[],"yoast_head":"<!-- This site is optimized with the Yoast SEO plugin v24.8.1 - https:\/\/yoast.com\/wordpress\/plugins\/seo\/ -->\n<title>OBRA OXYON - Cuadros Sils<\/title>\n<meta name=\"robots\" content=\"index, follow, max-snippet:-1, max-image-preview:large, max-video-preview:-1\" \/>\n<link rel=\"canonical\" href=\"https:\/\/cuadrossils.com\/es_mx\/producto\/obra-oxyon\/\" \/>\n<meta property=\"og:locale\" content=\"es_MX\" \/>\n<meta property=\"og:type\" content=\"article\" \/>\n<meta property=\"og:title\" content=\"OBRA OXYON - Cuadros Sils\" \/>\n<meta property=\"og:description\" content=\"Dise\u00f1o abstracto en blanco sobre blanco con formas curvas y textura sutil. Su est\u00e9tica limpia y monocrom\u00e1tica aporta luz y equilibrio a interiores sofisticados y espacios de inspiraci\u00f3n minimalista.\" \/>\n<meta property=\"og:url\" content=\"https:\/\/cuadrossils.com\/es_mx\/producto\/obra-oxyon\/\" \/>\n<meta property=\"og:site_name\" content=\"Cuadros Sils\" \/>\n<meta property=\"article:modified_time\" content=\"2026-01-21T09:57:19+00:00\" \/>\n<meta property=\"og:image\" content=\"https:\/\/cuadrossils.com\/wp-content\/uploads\/2026\/01\/901AV56.jpg\" \/>\n\t<meta property=\"og:image:width\" content=\"946\" \/>\n\t<meta property=\"og:image:height\" content=\"1182\" \/>\n\t<meta property=\"og:image:type\" content=\"image\/jpeg\" \/>\n<meta name=\"twitter:card\" content=\"summary_large_image\" \/>\n<script type=\"application\/ld+json\" class=\"yoast-schema-graph\">{\"@context\":\"https:\/\/schema.org\",\"@graph\":[{\"@type\":\"WebPage\",\"@id\":\"https:\/\/cuadrossils.com\/producto\/obra-oxyon\/\",\"url\":\"https:\/\/cuadrossils.com\/producto\/obra-oxyon\/\",\"name\":\"OBRA OXYON - Cuadros Sils\",\"isPartOf\":{\"@id\":\"https:\/\/cuadrossils.com\/#website\"},\"primaryImageOfPage\":{\"@id\":\"https:\/\/cuadrossils.com\/producto\/obra-oxyon\/#primaryimage\"},\"image\":{\"@id\":\"https:\/\/cuadrossils.com\/producto\/obra-oxyon\/#primaryimage\"},\"thumbnailUrl\":\"https:\/\/cuadrossils.com\/wp-content\/uploads\/2026\/01\/901AV56.jpg\",\"datePublished\":\"2026-01-21T09:50:49+00:00\",\"dateModified\":\"2026-01-21T09:57:19+00:00\",\"breadcrumb\":{\"@id\":\"https:\/\/cuadrossils.com\/producto\/obra-oxyon\/#breadcrumb\"},\"inLanguage\":\"es\",\"potentialAction\":[{\"@type\":\"ReadAction\",\"target\":[\"https:\/\/cuadrossils.com\/producto\/obra-oxyon\/\"]}]},{\"@type\":\"ImageObject\",\"inLanguage\":\"es\",\"@id\":\"https:\/\/cuadrossils.com\/producto\/obra-oxyon\/#primaryimage\",\"url\":\"https:\/\/cuadrossils.com\/wp-content\/uploads\/2026\/01\/901AV56.jpg\",\"contentUrl\":\"https:\/\/cuadrossils.com\/wp-content\/uploads\/2026\/01\/901AV56.jpg\",\"width\":946,\"height\":1182,\"caption\":\"Geometr\u00eda T\u00e1ctil en Blanco Tonal\"},{\"@type\":\"BreadcrumbList\",\"@id\":\"https:\/\/cuadrossils.com\/producto\/obra-oxyon\/#breadcrumb\",\"itemListElement\":[{\"@type\":\"ListItem\",\"position\":1,\"name\":\"Home\",\"item\":\"https:\/\/cuadrossils.com\/\"},{\"@type\":\"ListItem\",\"position\":2,\"name\":\"Products\",\"item\":\"https:\/\/cuadrossils.com\/shop\/\"},{\"@type\":\"ListItem\",\"position\":3,\"name\":\"OBRA OXYON\"}]},{\"@type\":\"WebSite\",\"@id\":\"https:\/\/cuadrossils.com\/#website\",\"url\":\"https:\/\/cuadrossils.com\/\",\"name\":\"Cuadros Sils\",\"description\":\"Cuadros Modernos Online\",\"publisher\":{\"@id\":\"https:\/\/cuadrossils.com\/#organization\"},\"potentialAction\":[{\"@type\":\"SearchAction\",\"target\":{\"@type\":\"EntryPoint\",\"urlTemplate\":\"https:\/\/cuadrossils.com\/?s={search_term_string}\"},\"query-input\":{\"@type\":\"PropertyValueSpecification\",\"valueRequired\":true,\"valueName\":\"search_term_string\"}}],\"inLanguage\":\"es\"},{\"@type\":\"Organization\",\"@id\":\"https:\/\/cuadrossils.com\/#organization\",\"name\":\"Cuadros Sils\",\"url\":\"https:\/\/cuadrossils.com\/\",\"logo\":{\"@type\":\"ImageObject\",\"inLanguage\":\"es\",\"@id\":\"https:\/\/cuadrossils.com\/#\/schema\/logo\/image\/\",\"url\":\"https:\/\/cuadrossils.com\/wp-content\/uploads\/2025\/11\/logotipo_cuadros_sils.png\",\"contentUrl\":\"https:\/\/cuadrossils.com\/wp-content\/uploads\/2025\/11\/logotipo_cuadros_sils.png\",\"width\":500,\"height\":122,\"caption\":\"Cuadros Sils\"},\"image\":{\"@id\":\"https:\/\/cuadrossils.com\/#\/schema\/logo\/image\/\"}}]}<\/script>\n<!-- \/ Yoast SEO plugin. -->","yoast_head_json":{"title":"OBRA OXYON - Cuadros Sils","robots":{"index":"index","follow":"follow","max-snippet":"max-snippet:-1","max-image-preview":"max-image-preview:large","max-video-preview":"max-video-preview:-1"},"canonical":"https:\/\/cuadrossils.com\/es_mx\/producto\/obra-oxyon\/","og_locale":"es_MX","og_type":"article","og_title":"OBRA OXYON - Cuadros Sils","og_description":"Dise\u00f1o abstracto en blanco sobre blanco con formas curvas y textura sutil. Su est\u00e9tica limpia y monocrom\u00e1tica aporta luz y equilibrio a interiores sofisticados y espacios de inspiraci\u00f3n minimalista.","og_url":"https:\/\/cuadrossils.com\/es_mx\/producto\/obra-oxyon\/","og_site_name":"Cuadros Sils","article_modified_time":"2026-01-21T09:57:19+00:00","og_image":[{"width":946,"height":1182,"url":"https:\/\/cuadrossils.com\/wp-content\/uploads\/2026\/01\/901AV56.jpg","type":"image\/jpeg"}],"twitter_card":"summary_large_image","schema":{"@context":"https:\/\/schema.org","@graph":[{"@type":"WebPage","@id":"https:\/\/cuadrossils.com\/producto\/obra-oxyon\/","url":"https:\/\/cuadrossils.com\/producto\/obra-oxyon\/","name":"OBRA OXYON - Cuadros Sils","isPartOf":{"@id":"https:\/\/cuadrossils.com\/#website"},"primaryImageOfPage":{"@id":"https:\/\/cuadrossils.com\/producto\/obra-oxyon\/#primaryimage"},"image":{"@id":"https:\/\/cuadrossils.com\/producto\/obra-oxyon\/#primaryimage"},"thumbnailUrl":"https:\/\/cuadrossils.com\/wp-content\/uploads\/2026\/01\/901AV56.jpg","datePublished":"2026-01-21T09:50:49+00:00","dateModified":"2026-01-21T09:57:19+00:00","breadcrumb":{"@id":"https:\/\/cuadrossils.com\/producto\/obra-oxyon\/#breadcrumb"},"inLanguage":"es","potentialAction":[{"@type":"ReadAction","target":["https:\/\/cuadrossils.com\/producto\/obra-oxyon\/"]}]},{"@type":"ImageObject","inLanguage":"es","@id":"https:\/\/cuadrossils.com\/producto\/obra-oxyon\/#primaryimage","url":"https:\/\/cuadrossils.com\/wp-content\/uploads\/2026\/01\/901AV56.jpg","contentUrl":"https:\/\/cuadrossils.com\/wp-content\/uploads\/2026\/01\/901AV56.jpg","width":946,"height":1182,"caption":"Geometr\u00eda T\u00e1ctil en Blanco Tonal"},{"@type":"BreadcrumbList","@id":"https:\/\/cuadrossils.com\/producto\/obra-oxyon\/#breadcrumb","itemListElement":[{"@type":"ListItem","position":1,"name":"Home","item":"https:\/\/cuadrossils.com\/"},{"@type":"ListItem","position":2,"name":"Products","item":"https:\/\/cuadrossils.com\/shop\/"},{"@type":"ListItem","position":3,"name":"OBRA OXYON"}]},{"@type":"WebSite","@id":"https:\/\/cuadrossils.com\/#website","url":"https:\/\/cuadrossils.com\/","name":"Cuadros Sils","description":"Cuadros Modernos Online","publisher":{"@id":"https:\/\/cuadrossils.com\/#organization"},"potentialAction":[{"@type":"SearchAction","target":{"@type":"EntryPoint","urlTemplate":"https:\/\/cuadrossils.com\/?s={search_term_string}"},"query-input":{"@type":"PropertyValueSpecification","valueRequired":true,"valueName":"search_term_string"}}],"inLanguage":"es"},{"@type":"Organization","@id":"https:\/\/cuadrossils.com\/#organization","name":"Cuadros Sils","url":"https:\/\/cuadrossils.com\/","logo":{"@type":"ImageObject","inLanguage":"es","@id":"https:\/\/cuadrossils.com\/#\/schema\/logo\/image\/","url":"https:\/\/cuadrossils.com\/wp-content\/uploads\/2025\/11\/logotipo_cuadros_sils.png","contentUrl":"https:\/\/cuadrossils.com\/wp-content\/uploads\/2025\/11\/logotipo_cuadros_sils.png","width":500,"height":122,"caption":"Cuadros Sils"},"image":{"@id":"https:\/\/cuadrossils.com\/#\/schema\/logo\/image\/"}}]}},"_links":{"self":[{"href":"https:\/\/cuadrossils.com\/es_mx\/wp-json\/wp\/v2\/product\/155057","targetHints":{"allow":["GET"]}}],"collection":[{"href":"https:\/\/cuadrossils.com\/es_mx\/wp-json\/wp\/v2\/product"}],"about":[{"href":"https:\/\/cuadrossils.com\/es_mx\/wp-json\/wp\/v2\/types\/product"}],"replies":[{"embeddable":true,"href":"https:\/\/cuadrossils.com\/es_mx\/wp-json\/wp\/v2\/comments?post=155057"}],"version-history":[{"count":1,"href":"https:\/\/cuadrossils.com\/es_mx\/wp-json\/wp\/v2\/product\/155057\/revisions"}],"predecessor-version":[{"id":155058,"href":"https:\/\/cuadrossils.com\/es_mx\/wp-json\/wp\/v2\/product\/155057\/revisions\/155058"}],"wp:featuredmedia":[{"embeddable":true,"href":"https:\/\/cuadrossils.com\/es_mx\/wp-json\/wp\/v2\/media\/155059"}],"wp:attachment":[{"href":"https:\/\/cuadrossils.com\/es_mx\/wp-json\/wp\/v2\/media?parent=155057"}],"wp:term":[{"taxonomy":"product_cat","embeddable":true,"href":"https:\/\/cuadrossils.com\/es_mx\/wp-json\/wp\/v2\/product_cat?post=155057"},{"taxonomy":"product_tag","embeddable":true,"href":"https:\/\/cuadrossils.com\/es_mx\/wp-json\/wp\/v2\/product_tag?post=155057"}],"curies":[{"name":"wp","href":"https:\/\/api.w.org\/{rel}","templated":true}]}}