{"id":155219,"date":"2026-01-21T09:51:18","date_gmt":"2026-01-21T09:51:18","guid":{"rendered":"https:\/\/cuadrossils.com\/producto\/obra-origenes\/"},"modified":"2026-01-21T09:55:11","modified_gmt":"2026-01-21T09:55:11","slug":"obra-origenes","status":"publish","type":"product","link":"https:\/\/cuadrossils.com\/es_mx\/producto\/obra-origenes\/","title":{"rendered":"OBRA ORIGENES"},"content":{"rendered":"<p>Descubre &#8216;Or\u00edgenes&#8217;, una obra abstracta que evoca la serenidad de un paisaje natural con un estilo contempor\u00e1neo. Predominan los tonos neutros de blanco, gris y azul p\u00e1lido, contrastados por una franja central con texturas marcadas en marrones, negros y vibrantes acentos de naranja. Las salpicaduras dispersas a\u00f1aden un dinamismo org\u00e1nico. Ideal para decoradores y dise\u00f1adores de interiores que buscan piezas que aporten calma, sofisticaci\u00f3n y un toque r\u00fastico-chic, creando ambientes con una conexi\u00f3n sutil con la naturaleza y un dise\u00f1o depurado.<\/p>","protected":false},"excerpt":{"rendered":"<p>Descubre &#8216;Or\u00edgenes&#8217;, una obra abstracta que evoca la serenidad de un paisaje natural con un estilo contempor\u00e1neo. Predominan los tonos neutros de blanco, gris y azul p\u00e1lido, contrastados por una franja central con texturas marcadas en marrones, negros y vibrantes acentos de naranja. Las salpicaduras dispersas a\u00f1aden un dinamismo org\u00e1nico. Ideal para decoradores y dise\u00f1adores de interiores que buscan piezas que aporten calma, sofisticaci\u00f3n y un toque r\u00fastico-chic, creando ambientes con una conexi\u00f3n sutil con la naturaleza y un dise\u00f1o depurado.<\/p>","protected":false},"featured_media":155221,"comment_status":"closed","ping_status":"closed","template":"","meta":{"_acf_changed":false},"product_cat":[316,332,16,282,241,242,23,243,245,281,284],"product_tag":[],"class_list":{"0":"post-155219","1":"product","2":"type-product","3":"status-publish","4":"has-post-thumbnail","6":"product_cat-novedades","7":"product_cat-paumar-artistas","8":"product_cat-sils","9":"product_cat-artistas","10":"product_cat-abstracto","11":"product_cat-aguadas","12":"product_cat-color","13":"product_cat-minimalista-sils","14":"product_cat-trazos-y-lineas","15":"product_cat-venta","16":"product_cat-formato","17":"pa_tamano-sils-90x90","18":"pa_tamano-sils-110x80","19":"pa_tamano-sils-120x120","20":"pa_tamano-sils-130x100","21":"pa_tamano-sils-150x90","22":"pa_tamano-sils-150x120","23":"pa_tamano-sils-150x150","24":"pa_tamano-sils-180x94","25":"pa_tamano-sils-190x150","26":"pa_tamano-sils-200x120","28":"first","29":"instock","30":"shipping-taxable","31":"purchasable","32":"product-type-variable","33":"has-default-attributes"},"acf":[],"yoast_head":"<!-- This site is optimized with the Yoast SEO plugin v24.8.1 - https:\/\/yoast.com\/wordpress\/plugins\/seo\/ -->\n<title>OBRA ORIGENES - Cuadros Sils<\/title>\n<meta name=\"robots\" content=\"index, follow, max-snippet:-1, max-image-preview:large, max-video-preview:-1\" \/>\n<link rel=\"canonical\" href=\"https:\/\/cuadrossils.com\/es_mx\/producto\/obra-origenes\/\" \/>\n<meta property=\"og:locale\" content=\"es_MX\" \/>\n<meta property=\"og:type\" content=\"article\" \/>\n<meta property=\"og:title\" content=\"OBRA ORIGENES - Cuadros Sils\" \/>\n<meta property=\"og:description\" content=\"Descubre &#039;Or\u00edgenes&#039;, una obra abstracta que evoca la serenidad de un paisaje natural con un estilo contempor\u00e1neo. Predominan los tonos neutros de blanco, gris y azul p\u00e1lido, contrastados por una franja central con texturas marcadas en marrones, negros y vibrantes acentos de naranja. Las salpicaduras dispersas a\u00f1aden un dinamismo org\u00e1nico. Ideal para decoradores y dise\u00f1adores de interiores que buscan piezas que aporten calma, sofisticaci\u00f3n y un toque r\u00fastico-chic, creando ambientes con una conexi\u00f3n sutil con la naturaleza y un dise\u00f1o depurado.\" \/>\n<meta property=\"og:url\" content=\"https:\/\/cuadrossils.com\/es_mx\/producto\/obra-origenes\/\" \/>\n<meta property=\"og:site_name\" content=\"Cuadros Sils\" \/>\n<meta property=\"article:modified_time\" content=\"2026-01-21T09:55:11+00:00\" \/>\n<meta property=\"og:image\" content=\"https:\/\/cuadrossils.com\/wp-content\/uploads\/2026\/01\/903PAU14.jpg\" \/>\n\t<meta property=\"og:image:width\" content=\"1182\" \/>\n\t<meta property=\"og:image:height\" content=\"1182\" \/>\n\t<meta property=\"og:image:type\" content=\"image\/jpeg\" \/>\n<meta name=\"twitter:card\" content=\"summary_large_image\" \/>\n<script type=\"application\/ld+json\" class=\"yoast-schema-graph\">{\"@context\":\"https:\/\/schema.org\",\"@graph\":[{\"@type\":\"WebPage\",\"@id\":\"https:\/\/cuadrossils.com\/producto\/obra-origenes\/\",\"url\":\"https:\/\/cuadrossils.com\/producto\/obra-origenes\/\",\"name\":\"OBRA ORIGENES - Cuadros Sils\",\"isPartOf\":{\"@id\":\"https:\/\/cuadrossils.com\/#website\"},\"primaryImageOfPage\":{\"@id\":\"https:\/\/cuadrossils.com\/producto\/obra-origenes\/#primaryimage\"},\"image\":{\"@id\":\"https:\/\/cuadrossils.com\/producto\/obra-origenes\/#primaryimage\"},\"thumbnailUrl\":\"https:\/\/cuadrossils.com\/wp-content\/uploads\/2026\/01\/903PAU14.jpg\",\"datePublished\":\"2026-01-21T09:51:18+00:00\",\"dateModified\":\"2026-01-21T09:55:11+00:00\",\"breadcrumb\":{\"@id\":\"https:\/\/cuadrossils.com\/producto\/obra-origenes\/#breadcrumb\"},\"inLanguage\":\"es\",\"potentialAction\":[{\"@type\":\"ReadAction\",\"target\":[\"https:\/\/cuadrossils.com\/producto\/obra-origenes\/\"]}]},{\"@type\":\"ImageObject\",\"inLanguage\":\"es\",\"@id\":\"https:\/\/cuadrossils.com\/producto\/obra-origenes\/#primaryimage\",\"url\":\"https:\/\/cuadrossils.com\/wp-content\/uploads\/2026\/01\/903PAU14.jpg\",\"contentUrl\":\"https:\/\/cuadrossils.com\/wp-content\/uploads\/2026\/01\/903PAU14.jpg\",\"width\":1182,\"height\":1182,\"caption\":\"Abstracci\u00f3n Paisaj\u00edstica en Tonos Neutros y Acabados R\u00fasticos\"},{\"@type\":\"BreadcrumbList\",\"@id\":\"https:\/\/cuadrossils.com\/producto\/obra-origenes\/#breadcrumb\",\"itemListElement\":[{\"@type\":\"ListItem\",\"position\":1,\"name\":\"Home\",\"item\":\"https:\/\/cuadrossils.com\/\"},{\"@type\":\"ListItem\",\"position\":2,\"name\":\"Products\",\"item\":\"https:\/\/cuadrossils.com\/shop\/\"},{\"@type\":\"ListItem\",\"position\":3,\"name\":\"OBRA ORIGENES\"}]},{\"@type\":\"WebSite\",\"@id\":\"https:\/\/cuadrossils.com\/#website\",\"url\":\"https:\/\/cuadrossils.com\/\",\"name\":\"Cuadros Sils\",\"description\":\"Cuadros Modernos Online\",\"publisher\":{\"@id\":\"https:\/\/cuadrossils.com\/#organization\"},\"potentialAction\":[{\"@type\":\"SearchAction\",\"target\":{\"@type\":\"EntryPoint\",\"urlTemplate\":\"https:\/\/cuadrossils.com\/?s={search_term_string}\"},\"query-input\":{\"@type\":\"PropertyValueSpecification\",\"valueRequired\":true,\"valueName\":\"search_term_string\"}}],\"inLanguage\":\"es\"},{\"@type\":\"Organization\",\"@id\":\"https:\/\/cuadrossils.com\/#organization\",\"name\":\"Cuadros Sils\",\"url\":\"https:\/\/cuadrossils.com\/\",\"logo\":{\"@type\":\"ImageObject\",\"inLanguage\":\"es\",\"@id\":\"https:\/\/cuadrossils.com\/#\/schema\/logo\/image\/\",\"url\":\"https:\/\/cuadrossils.com\/wp-content\/uploads\/2025\/11\/logotipo_cuadros_sils.png\",\"contentUrl\":\"https:\/\/cuadrossils.com\/wp-content\/uploads\/2025\/11\/logotipo_cuadros_sils.png\",\"width\":500,\"height\":122,\"caption\":\"Cuadros Sils\"},\"image\":{\"@id\":\"https:\/\/cuadrossils.com\/#\/schema\/logo\/image\/\"}}]}<\/script>\n<!-- \/ Yoast SEO plugin. -->","yoast_head_json":{"title":"OBRA ORIGENES - Cuadros Sils","robots":{"index":"index","follow":"follow","max-snippet":"max-snippet:-1","max-image-preview":"max-image-preview:large","max-video-preview":"max-video-preview:-1"},"canonical":"https:\/\/cuadrossils.com\/es_mx\/producto\/obra-origenes\/","og_locale":"es_MX","og_type":"article","og_title":"OBRA ORIGENES - Cuadros Sils","og_description":"Descubre 'Or\u00edgenes', una obra abstracta que evoca la serenidad de un paisaje natural con un estilo contempor\u00e1neo. Predominan los tonos neutros de blanco, gris y azul p\u00e1lido, contrastados por una franja central con texturas marcadas en marrones, negros y vibrantes acentos de naranja. Las salpicaduras dispersas a\u00f1aden un dinamismo org\u00e1nico. Ideal para decoradores y dise\u00f1adores de interiores que buscan piezas que aporten calma, sofisticaci\u00f3n y un toque r\u00fastico-chic, creando ambientes con una conexi\u00f3n sutil con la naturaleza y un dise\u00f1o depurado.","og_url":"https:\/\/cuadrossils.com\/es_mx\/producto\/obra-origenes\/","og_site_name":"Cuadros Sils","article_modified_time":"2026-01-21T09:55:11+00:00","og_image":[{"width":1182,"height":1182,"url":"https:\/\/cuadrossils.com\/wp-content\/uploads\/2026\/01\/903PAU14.jpg","type":"image\/jpeg"}],"twitter_card":"summary_large_image","schema":{"@context":"https:\/\/schema.org","@graph":[{"@type":"WebPage","@id":"https:\/\/cuadrossils.com\/producto\/obra-origenes\/","url":"https:\/\/cuadrossils.com\/producto\/obra-origenes\/","name":"OBRA ORIGENES - Cuadros Sils","isPartOf":{"@id":"https:\/\/cuadrossils.com\/#website"},"primaryImageOfPage":{"@id":"https:\/\/cuadrossils.com\/producto\/obra-origenes\/#primaryimage"},"image":{"@id":"https:\/\/cuadrossils.com\/producto\/obra-origenes\/#primaryimage"},"thumbnailUrl":"https:\/\/cuadrossils.com\/wp-content\/uploads\/2026\/01\/903PAU14.jpg","datePublished":"2026-01-21T09:51:18+00:00","dateModified":"2026-01-21T09:55:11+00:00","breadcrumb":{"@id":"https:\/\/cuadrossils.com\/producto\/obra-origenes\/#breadcrumb"},"inLanguage":"es","potentialAction":[{"@type":"ReadAction","target":["https:\/\/cuadrossils.com\/producto\/obra-origenes\/"]}]},{"@type":"ImageObject","inLanguage":"es","@id":"https:\/\/cuadrossils.com\/producto\/obra-origenes\/#primaryimage","url":"https:\/\/cuadrossils.com\/wp-content\/uploads\/2026\/01\/903PAU14.jpg","contentUrl":"https:\/\/cuadrossils.com\/wp-content\/uploads\/2026\/01\/903PAU14.jpg","width":1182,"height":1182,"caption":"Abstracci\u00f3n Paisaj\u00edstica en Tonos Neutros y Acabados R\u00fasticos"},{"@type":"BreadcrumbList","@id":"https:\/\/cuadrossils.com\/producto\/obra-origenes\/#breadcrumb","itemListElement":[{"@type":"ListItem","position":1,"name":"Home","item":"https:\/\/cuadrossils.com\/"},{"@type":"ListItem","position":2,"name":"Products","item":"https:\/\/cuadrossils.com\/shop\/"},{"@type":"ListItem","position":3,"name":"OBRA ORIGENES"}]},{"@type":"WebSite","@id":"https:\/\/cuadrossils.com\/#website","url":"https:\/\/cuadrossils.com\/","name":"Cuadros Sils","description":"Cuadros Modernos Online","publisher":{"@id":"https:\/\/cuadrossils.com\/#organization"},"potentialAction":[{"@type":"SearchAction","target":{"@type":"EntryPoint","urlTemplate":"https:\/\/cuadrossils.com\/?s={search_term_string}"},"query-input":{"@type":"PropertyValueSpecification","valueRequired":true,"valueName":"search_term_string"}}],"inLanguage":"es"},{"@type":"Organization","@id":"https:\/\/cuadrossils.com\/#organization","name":"Cuadros Sils","url":"https:\/\/cuadrossils.com\/","logo":{"@type":"ImageObject","inLanguage":"es","@id":"https:\/\/cuadrossils.com\/#\/schema\/logo\/image\/","url":"https:\/\/cuadrossils.com\/wp-content\/uploads\/2025\/11\/logotipo_cuadros_sils.png","contentUrl":"https:\/\/cuadrossils.com\/wp-content\/uploads\/2025\/11\/logotipo_cuadros_sils.png","width":500,"height":122,"caption":"Cuadros Sils"},"image":{"@id":"https:\/\/cuadrossils.com\/#\/schema\/logo\/image\/"}}]}},"_links":{"self":[{"href":"https:\/\/cuadrossils.com\/es_mx\/wp-json\/wp\/v2\/product\/155219","targetHints":{"allow":["GET"]}}],"collection":[{"href":"https:\/\/cuadrossils.com\/es_mx\/wp-json\/wp\/v2\/product"}],"about":[{"href":"https:\/\/cuadrossils.com\/es_mx\/wp-json\/wp\/v2\/types\/product"}],"replies":[{"embeddable":true,"href":"https:\/\/cuadrossils.com\/es_mx\/wp-json\/wp\/v2\/comments?post=155219"}],"version-history":[{"count":1,"href":"https:\/\/cuadrossils.com\/es_mx\/wp-json\/wp\/v2\/product\/155219\/revisions"}],"predecessor-version":[{"id":155220,"href":"https:\/\/cuadrossils.com\/es_mx\/wp-json\/wp\/v2\/product\/155219\/revisions\/155220"}],"wp:featuredmedia":[{"embeddable":true,"href":"https:\/\/cuadrossils.com\/es_mx\/wp-json\/wp\/v2\/media\/155221"}],"wp:attachment":[{"href":"https:\/\/cuadrossils.com\/es_mx\/wp-json\/wp\/v2\/media?parent=155219"}],"wp:term":[{"taxonomy":"product_cat","embeddable":true,"href":"https:\/\/cuadrossils.com\/es_mx\/wp-json\/wp\/v2\/product_cat?post=155219"},{"taxonomy":"product_tag","embeddable":true,"href":"https:\/\/cuadrossils.com\/es_mx\/wp-json\/wp\/v2\/product_tag?post=155219"}],"curies":[{"name":"wp","href":"https:\/\/api.w.org\/{rel}","templated":true}]}}