{"id":159438,"date":"2026-01-29T14:44:30","date_gmt":"2026-01-29T14:44:30","guid":{"rendered":"https:\/\/cuadrossils.com\/producto\/kakto-4-5\/"},"modified":"2026-01-29T14:44:39","modified_gmt":"2026-01-29T14:44:39","slug":"kakto-4-5","status":"publish","type":"product","link":"https:\/\/cuadrossils.com\/es_mx\/producto\/kakto-4-5\/","title":{"rendered":"KAKTO 4"},"content":{"rendered":"<p>Primer plano detallado de un cactus verde con espinas marcadas sobre un fondo en tonos pastel, resaltando textura y dise\u00f1o natural. Ideal para proyectos bot\u00e1nicos, naturales o con tem\u00e1tica des\u00e9rtica.<\/p>","protected":false},"excerpt":{"rendered":"<p>Primer plano detallado de un cactus verde con espinas marcadas sobre un fondo en tonos pastel, resaltando textura y dise\u00f1o natural. Ideal para proyectos bot\u00e1nicos, naturales o con tem\u00e1tica des\u00e9rtica.<\/p>","protected":false},"featured_media":159440,"comment_status":"closed","ping_status":"open","template":"","meta":{"_acf_changed":false},"product_cat":[382,337,341,288,265,23,284,287,286,285],"product_tag":[],"class_list":{"0":"post-159438","1":"product","2":"type-product","3":"status-publish","4":"has-post-thumbnail","6":"product_cat-botanica-2","7":"product_cat-fotografia","8":"product_cat-paisaje-y-naturaleza","9":"product_cat-arte-grafico","10":"product_cat-artic","11":"product_cat-color","12":"product_cat-formato","13":"product_cat-cuadrado","14":"product_cat-horizontal","15":"product_cat-vertical","16":"pa_tamano-artic-60x80","17":"pa_tamano-artic-70x100","19":"first","20":"instock","21":"shipping-taxable","22":"purchasable","23":"product-type-variable","24":"has-default-attributes"},"acf":[],"yoast_head":"<!-- This site is optimized with the Yoast SEO plugin v24.8.1 - https:\/\/yoast.com\/wordpress\/plugins\/seo\/ -->\n<title>KAKTO 4 - Cuadros Sils<\/title>\n<meta name=\"robots\" content=\"index, follow, max-snippet:-1, max-image-preview:large, max-video-preview:-1\" \/>\n<link rel=\"canonical\" href=\"https:\/\/cuadrossils.com\/es_mx\/producto\/kakto-4-5\/\" \/>\n<meta property=\"og:locale\" content=\"es_MX\" \/>\n<meta property=\"og:type\" content=\"article\" \/>\n<meta property=\"og:title\" content=\"KAKTO 4 - Cuadros Sils\" \/>\n<meta property=\"og:description\" content=\"Primer plano detallado de un cactus verde con espinas marcadas sobre un fondo en tonos pastel, resaltando textura y dise\u00f1o natural. Ideal para proyectos bot\u00e1nicos, naturales o con tem\u00e1tica des\u00e9rtica.\" \/>\n<meta property=\"og:url\" content=\"https:\/\/cuadrossils.com\/es_mx\/producto\/kakto-4-5\/\" \/>\n<meta property=\"og:site_name\" content=\"Cuadros Sils\" \/>\n<meta property=\"article:modified_time\" content=\"2026-01-29T14:44:39+00:00\" \/>\n<meta property=\"og:image\" content=\"https:\/\/cuadrossils.com\/wp-content\/uploads\/2026\/01\/SQ913-1.jpg\" \/>\n\t<meta property=\"og:image:width\" content=\"1182\" \/>\n\t<meta property=\"og:image:height\" content=\"1182\" \/>\n\t<meta property=\"og:image:type\" content=\"image\/jpeg\" \/>\n<meta name=\"twitter:card\" content=\"summary_large_image\" \/>\n<script type=\"application\/ld+json\" class=\"yoast-schema-graph\">{\"@context\":\"https:\/\/schema.org\",\"@graph\":[{\"@type\":\"WebPage\",\"@id\":\"https:\/\/cuadrossils.com\/producto\/kakto-4-5\/\",\"url\":\"https:\/\/cuadrossils.com\/producto\/kakto-4-5\/\",\"name\":\"KAKTO 4 - Cuadros Sils\",\"isPartOf\":{\"@id\":\"https:\/\/cuadrossils.com\/#website\"},\"primaryImageOfPage\":{\"@id\":\"https:\/\/cuadrossils.com\/producto\/kakto-4-5\/#primaryimage\"},\"image\":{\"@id\":\"https:\/\/cuadrossils.com\/producto\/kakto-4-5\/#primaryimage\"},\"thumbnailUrl\":\"https:\/\/cuadrossils.com\/wp-content\/uploads\/2026\/01\/SQ913-1.jpg\",\"datePublished\":\"2026-01-29T14:44:30+00:00\",\"dateModified\":\"2026-01-29T14:44:39+00:00\",\"breadcrumb\":{\"@id\":\"https:\/\/cuadrossils.com\/producto\/kakto-4-5\/#breadcrumb\"},\"inLanguage\":\"es\",\"potentialAction\":[{\"@type\":\"ReadAction\",\"target\":[\"https:\/\/cuadrossils.com\/producto\/kakto-4-5\/\"]}]},{\"@type\":\"ImageObject\",\"inLanguage\":\"es\",\"@id\":\"https:\/\/cuadrossils.com\/producto\/kakto-4-5\/#primaryimage\",\"url\":\"https:\/\/cuadrossils.com\/wp-content\/uploads\/2026\/01\/SQ913-1.jpg\",\"contentUrl\":\"https:\/\/cuadrossils.com\/wp-content\/uploads\/2026\/01\/SQ913-1.jpg\",\"width\":1182,\"height\":1182,\"caption\":\"Primer Plano de Espinas de Cactus Verde\"},{\"@type\":\"BreadcrumbList\",\"@id\":\"https:\/\/cuadrossils.com\/producto\/kakto-4-5\/#breadcrumb\",\"itemListElement\":[{\"@type\":\"ListItem\",\"position\":1,\"name\":\"Home\",\"item\":\"https:\/\/cuadrossils.com\/\"},{\"@type\":\"ListItem\",\"position\":2,\"name\":\"Products\",\"item\":\"https:\/\/cuadrossils.com\/shop\/\"},{\"@type\":\"ListItem\",\"position\":3,\"name\":\"KAKTO 4\"}]},{\"@type\":\"WebSite\",\"@id\":\"https:\/\/cuadrossils.com\/#website\",\"url\":\"https:\/\/cuadrossils.com\/\",\"name\":\"Cuadros Sils\",\"description\":\"Cuadros Modernos Online\",\"publisher\":{\"@id\":\"https:\/\/cuadrossils.com\/#organization\"},\"potentialAction\":[{\"@type\":\"SearchAction\",\"target\":{\"@type\":\"EntryPoint\",\"urlTemplate\":\"https:\/\/cuadrossils.com\/?s={search_term_string}\"},\"query-input\":{\"@type\":\"PropertyValueSpecification\",\"valueRequired\":true,\"valueName\":\"search_term_string\"}}],\"inLanguage\":\"es\"},{\"@type\":\"Organization\",\"@id\":\"https:\/\/cuadrossils.com\/#organization\",\"name\":\"Cuadros Sils\",\"url\":\"https:\/\/cuadrossils.com\/\",\"logo\":{\"@type\":\"ImageObject\",\"inLanguage\":\"es\",\"@id\":\"https:\/\/cuadrossils.com\/#\/schema\/logo\/image\/\",\"url\":\"https:\/\/cuadrossils.com\/wp-content\/uploads\/2025\/11\/logotipo_cuadros_sils.png\",\"contentUrl\":\"https:\/\/cuadrossils.com\/wp-content\/uploads\/2025\/11\/logotipo_cuadros_sils.png\",\"width\":500,\"height\":122,\"caption\":\"Cuadros Sils\"},\"image\":{\"@id\":\"https:\/\/cuadrossils.com\/#\/schema\/logo\/image\/\"}}]}<\/script>\n<!-- \/ Yoast SEO plugin. -->","yoast_head_json":{"title":"KAKTO 4 - Cuadros Sils","robots":{"index":"index","follow":"follow","max-snippet":"max-snippet:-1","max-image-preview":"max-image-preview:large","max-video-preview":"max-video-preview:-1"},"canonical":"https:\/\/cuadrossils.com\/es_mx\/producto\/kakto-4-5\/","og_locale":"es_MX","og_type":"article","og_title":"KAKTO 4 - Cuadros Sils","og_description":"Primer plano detallado de un cactus verde con espinas marcadas sobre un fondo en tonos pastel, resaltando textura y dise\u00f1o natural. Ideal para proyectos bot\u00e1nicos, naturales o con tem\u00e1tica des\u00e9rtica.","og_url":"https:\/\/cuadrossils.com\/es_mx\/producto\/kakto-4-5\/","og_site_name":"Cuadros Sils","article_modified_time":"2026-01-29T14:44:39+00:00","og_image":[{"width":1182,"height":1182,"url":"https:\/\/cuadrossils.com\/wp-content\/uploads\/2026\/01\/SQ913-1.jpg","type":"image\/jpeg"}],"twitter_card":"summary_large_image","schema":{"@context":"https:\/\/schema.org","@graph":[{"@type":"WebPage","@id":"https:\/\/cuadrossils.com\/producto\/kakto-4-5\/","url":"https:\/\/cuadrossils.com\/producto\/kakto-4-5\/","name":"KAKTO 4 - Cuadros Sils","isPartOf":{"@id":"https:\/\/cuadrossils.com\/#website"},"primaryImageOfPage":{"@id":"https:\/\/cuadrossils.com\/producto\/kakto-4-5\/#primaryimage"},"image":{"@id":"https:\/\/cuadrossils.com\/producto\/kakto-4-5\/#primaryimage"},"thumbnailUrl":"https:\/\/cuadrossils.com\/wp-content\/uploads\/2026\/01\/SQ913-1.jpg","datePublished":"2026-01-29T14:44:30+00:00","dateModified":"2026-01-29T14:44:39+00:00","breadcrumb":{"@id":"https:\/\/cuadrossils.com\/producto\/kakto-4-5\/#breadcrumb"},"inLanguage":"es","potentialAction":[{"@type":"ReadAction","target":["https:\/\/cuadrossils.com\/producto\/kakto-4-5\/"]}]},{"@type":"ImageObject","inLanguage":"es","@id":"https:\/\/cuadrossils.com\/producto\/kakto-4-5\/#primaryimage","url":"https:\/\/cuadrossils.com\/wp-content\/uploads\/2026\/01\/SQ913-1.jpg","contentUrl":"https:\/\/cuadrossils.com\/wp-content\/uploads\/2026\/01\/SQ913-1.jpg","width":1182,"height":1182,"caption":"Primer Plano de Espinas de Cactus Verde"},{"@type":"BreadcrumbList","@id":"https:\/\/cuadrossils.com\/producto\/kakto-4-5\/#breadcrumb","itemListElement":[{"@type":"ListItem","position":1,"name":"Home","item":"https:\/\/cuadrossils.com\/"},{"@type":"ListItem","position":2,"name":"Products","item":"https:\/\/cuadrossils.com\/shop\/"},{"@type":"ListItem","position":3,"name":"KAKTO 4"}]},{"@type":"WebSite","@id":"https:\/\/cuadrossils.com\/#website","url":"https:\/\/cuadrossils.com\/","name":"Cuadros Sils","description":"Cuadros Modernos Online","publisher":{"@id":"https:\/\/cuadrossils.com\/#organization"},"potentialAction":[{"@type":"SearchAction","target":{"@type":"EntryPoint","urlTemplate":"https:\/\/cuadrossils.com\/?s={search_term_string}"},"query-input":{"@type":"PropertyValueSpecification","valueRequired":true,"valueName":"search_term_string"}}],"inLanguage":"es"},{"@type":"Organization","@id":"https:\/\/cuadrossils.com\/#organization","name":"Cuadros Sils","url":"https:\/\/cuadrossils.com\/","logo":{"@type":"ImageObject","inLanguage":"es","@id":"https:\/\/cuadrossils.com\/#\/schema\/logo\/image\/","url":"https:\/\/cuadrossils.com\/wp-content\/uploads\/2025\/11\/logotipo_cuadros_sils.png","contentUrl":"https:\/\/cuadrossils.com\/wp-content\/uploads\/2025\/11\/logotipo_cuadros_sils.png","width":500,"height":122,"caption":"Cuadros Sils"},"image":{"@id":"https:\/\/cuadrossils.com\/#\/schema\/logo\/image\/"}}]}},"_links":{"self":[{"href":"https:\/\/cuadrossils.com\/es_mx\/wp-json\/wp\/v2\/product\/159438","targetHints":{"allow":["GET"]}}],"collection":[{"href":"https:\/\/cuadrossils.com\/es_mx\/wp-json\/wp\/v2\/product"}],"about":[{"href":"https:\/\/cuadrossils.com\/es_mx\/wp-json\/wp\/v2\/types\/product"}],"replies":[{"embeddable":true,"href":"https:\/\/cuadrossils.com\/es_mx\/wp-json\/wp\/v2\/comments?post=159438"}],"version-history":[{"count":1,"href":"https:\/\/cuadrossils.com\/es_mx\/wp-json\/wp\/v2\/product\/159438\/revisions"}],"predecessor-version":[{"id":159439,"href":"https:\/\/cuadrossils.com\/es_mx\/wp-json\/wp\/v2\/product\/159438\/revisions\/159439"}],"wp:featuredmedia":[{"embeddable":true,"href":"https:\/\/cuadrossils.com\/es_mx\/wp-json\/wp\/v2\/media\/159440"}],"wp:attachment":[{"href":"https:\/\/cuadrossils.com\/es_mx\/wp-json\/wp\/v2\/media?parent=159438"}],"wp:term":[{"taxonomy":"product_cat","embeddable":true,"href":"https:\/\/cuadrossils.com\/es_mx\/wp-json\/wp\/v2\/product_cat?post=159438"},{"taxonomy":"product_tag","embeddable":true,"href":"https:\/\/cuadrossils.com\/es_mx\/wp-json\/wp\/v2\/product_tag?post=159438"}],"curies":[{"name":"wp","href":"https:\/\/api.w.org\/{rel}","templated":true}]}}