{"id":165172,"date":"2026-02-09T10:57:44","date_gmt":"2026-02-09T10:57:44","guid":{"rendered":"https:\/\/cuadrossils.com\/producto\/obra-liminal\/"},"modified":"2026-02-09T11:05:35","modified_gmt":"2026-02-09T11:05:35","slug":"obra-liminal","status":"publish","type":"product","link":"https:\/\/cuadrossils.com\/es_mx\/producto\/obra-liminal\/","title":{"rendered":"OBRA LIMINAL"},"content":{"rendered":"<p>Cuadro abstracto de est\u00e9tica contempor\u00e1nea que destaca por su l\u00ednea fluida y composici\u00f3n horizontal. Aporta dinamismo y elegancia a la pared, siendo ideal para espacios amplios y proyectos de interiorismo actual. Una obra que conecta arte y arquitectura.<\/p>","protected":false},"excerpt":{"rendered":"<p>Cuadro abstracto de est\u00e9tica contempor\u00e1nea que destaca por su l\u00ednea fluida y composici\u00f3n horizontal. Aporta dinamismo y elegancia a la pared, siendo ideal para espacios amplios y proyectos de interiorismo actual. Una obra que conecta arte y arquitectura.<\/p>","protected":false},"featured_media":165174,"comment_status":"closed","ping_status":"closed","template":"","meta":{"_acf_changed":false},"product_cat":[316,225,241,243,252,245,281,284],"product_tag":[],"class_list":{"0":"post-165172","1":"product","2":"type-product","3":"status-publish","4":"has-post-thumbnail","6":"product_cat-novedades","7":"product_cat-vanguard","8":"product_cat-abstracto","9":"product_cat-minimalista-sils","10":"product_cat-tierras-y-ocres","11":"product_cat-trazos-y-lineas","12":"product_cat-venta","13":"product_cat-formato","15":"first","16":"instock","17":"shipping-taxable","18":"purchasable","19":"product-type-variable","20":"has-default-attributes"},"acf":[],"yoast_head":"<!-- This site is optimized with the Yoast SEO plugin v24.8.1 - https:\/\/yoast.com\/wordpress\/plugins\/seo\/ -->\n<title>OBRA LIMINAL - Cuadros Sils<\/title>\n<meta name=\"robots\" content=\"index, follow, max-snippet:-1, max-image-preview:large, max-video-preview:-1\" \/>\n<link rel=\"canonical\" href=\"https:\/\/cuadrossils.com\/es_mx\/producto\/obra-liminal\/\" \/>\n<meta property=\"og:locale\" content=\"es_MX\" \/>\n<meta property=\"og:type\" content=\"article\" \/>\n<meta property=\"og:title\" content=\"OBRA LIMINAL - Cuadros Sils\" \/>\n<meta property=\"og:description\" content=\"Cuadro abstracto de est\u00e9tica contempor\u00e1nea que destaca por su l\u00ednea fluida y composici\u00f3n horizontal. Aporta dinamismo y elegancia a la pared, siendo ideal para espacios amplios y proyectos de interiorismo actual. Una obra que conecta arte y arquitectura.\" \/>\n<meta property=\"og:url\" content=\"https:\/\/cuadrossils.com\/es_mx\/producto\/obra-liminal\/\" \/>\n<meta property=\"og:site_name\" content=\"Cuadros Sils\" \/>\n<meta property=\"article:modified_time\" content=\"2026-02-09T11:05:35+00:00\" \/>\n<meta property=\"og:image\" content=\"https:\/\/cuadrossils.com\/wp-content\/uploads\/2026\/02\/SV348.jpg\" \/>\n\t<meta property=\"og:image:width\" content=\"1920\" \/>\n\t<meta property=\"og:image:height\" content=\"1003\" \/>\n\t<meta property=\"og:image:type\" content=\"image\/jpeg\" \/>\n<meta name=\"twitter:card\" content=\"summary_large_image\" \/>\n<script type=\"application\/ld+json\" class=\"yoast-schema-graph\">{\"@context\":\"https:\/\/schema.org\",\"@graph\":[{\"@type\":\"WebPage\",\"@id\":\"https:\/\/cuadrossils.com\/producto\/obra-liminal\/\",\"url\":\"https:\/\/cuadrossils.com\/producto\/obra-liminal\/\",\"name\":\"OBRA LIMINAL - Cuadros Sils\",\"isPartOf\":{\"@id\":\"https:\/\/cuadrossils.com\/#website\"},\"primaryImageOfPage\":{\"@id\":\"https:\/\/cuadrossils.com\/producto\/obra-liminal\/#primaryimage\"},\"image\":{\"@id\":\"https:\/\/cuadrossils.com\/producto\/obra-liminal\/#primaryimage\"},\"thumbnailUrl\":\"https:\/\/cuadrossils.com\/wp-content\/uploads\/2026\/02\/SV348.jpg\",\"datePublished\":\"2026-02-09T10:57:44+00:00\",\"dateModified\":\"2026-02-09T11:05:35+00:00\",\"breadcrumb\":{\"@id\":\"https:\/\/cuadrossils.com\/producto\/obra-liminal\/#breadcrumb\"},\"inLanguage\":\"es\",\"potentialAction\":[{\"@type\":\"ReadAction\",\"target\":[\"https:\/\/cuadrossils.com\/producto\/obra-liminal\/\"]}]},{\"@type\":\"ImageObject\",\"inLanguage\":\"es\",\"@id\":\"https:\/\/cuadrossils.com\/producto\/obra-liminal\/#primaryimage\",\"url\":\"https:\/\/cuadrossils.com\/wp-content\/uploads\/2026\/02\/SV348.jpg\",\"contentUrl\":\"https:\/\/cuadrossils.com\/wp-content\/uploads\/2026\/02\/SV348.jpg\",\"width\":1920,\"height\":1003,\"caption\":\"Cuadro abstracto horizontal con l\u00ednea org\u00e1nica y tonos suaves\"},{\"@type\":\"BreadcrumbList\",\"@id\":\"https:\/\/cuadrossils.com\/producto\/obra-liminal\/#breadcrumb\",\"itemListElement\":[{\"@type\":\"ListItem\",\"position\":1,\"name\":\"Home\",\"item\":\"https:\/\/cuadrossils.com\/\"},{\"@type\":\"ListItem\",\"position\":2,\"name\":\"Products\",\"item\":\"https:\/\/cuadrossils.com\/shop\/\"},{\"@type\":\"ListItem\",\"position\":3,\"name\":\"OBRA LIMINAL\"}]},{\"@type\":\"WebSite\",\"@id\":\"https:\/\/cuadrossils.com\/#website\",\"url\":\"https:\/\/cuadrossils.com\/\",\"name\":\"Cuadros Sils\",\"description\":\"Cuadros Modernos Online\",\"publisher\":{\"@id\":\"https:\/\/cuadrossils.com\/#organization\"},\"potentialAction\":[{\"@type\":\"SearchAction\",\"target\":{\"@type\":\"EntryPoint\",\"urlTemplate\":\"https:\/\/cuadrossils.com\/?s={search_term_string}\"},\"query-input\":{\"@type\":\"PropertyValueSpecification\",\"valueRequired\":true,\"valueName\":\"search_term_string\"}}],\"inLanguage\":\"es\"},{\"@type\":\"Organization\",\"@id\":\"https:\/\/cuadrossils.com\/#organization\",\"name\":\"Cuadros Sils\",\"url\":\"https:\/\/cuadrossils.com\/\",\"logo\":{\"@type\":\"ImageObject\",\"inLanguage\":\"es\",\"@id\":\"https:\/\/cuadrossils.com\/#\/schema\/logo\/image\/\",\"url\":\"https:\/\/cuadrossils.com\/wp-content\/uploads\/2025\/11\/logotipo_cuadros_sils.png\",\"contentUrl\":\"https:\/\/cuadrossils.com\/wp-content\/uploads\/2025\/11\/logotipo_cuadros_sils.png\",\"width\":500,\"height\":122,\"caption\":\"Cuadros Sils\"},\"image\":{\"@id\":\"https:\/\/cuadrossils.com\/#\/schema\/logo\/image\/\"}}]}<\/script>\n<!-- \/ Yoast SEO plugin. -->","yoast_head_json":{"title":"OBRA LIMINAL - Cuadros Sils","robots":{"index":"index","follow":"follow","max-snippet":"max-snippet:-1","max-image-preview":"max-image-preview:large","max-video-preview":"max-video-preview:-1"},"canonical":"https:\/\/cuadrossils.com\/es_mx\/producto\/obra-liminal\/","og_locale":"es_MX","og_type":"article","og_title":"OBRA LIMINAL - Cuadros Sils","og_description":"Cuadro abstracto de est\u00e9tica contempor\u00e1nea que destaca por su l\u00ednea fluida y composici\u00f3n horizontal. Aporta dinamismo y elegancia a la pared, siendo ideal para espacios amplios y proyectos de interiorismo actual. Una obra que conecta arte y arquitectura.","og_url":"https:\/\/cuadrossils.com\/es_mx\/producto\/obra-liminal\/","og_site_name":"Cuadros Sils","article_modified_time":"2026-02-09T11:05:35+00:00","og_image":[{"width":1920,"height":1003,"url":"https:\/\/cuadrossils.com\/wp-content\/uploads\/2026\/02\/SV348.jpg","type":"image\/jpeg"}],"twitter_card":"summary_large_image","schema":{"@context":"https:\/\/schema.org","@graph":[{"@type":"WebPage","@id":"https:\/\/cuadrossils.com\/producto\/obra-liminal\/","url":"https:\/\/cuadrossils.com\/producto\/obra-liminal\/","name":"OBRA LIMINAL - Cuadros Sils","isPartOf":{"@id":"https:\/\/cuadrossils.com\/#website"},"primaryImageOfPage":{"@id":"https:\/\/cuadrossils.com\/producto\/obra-liminal\/#primaryimage"},"image":{"@id":"https:\/\/cuadrossils.com\/producto\/obra-liminal\/#primaryimage"},"thumbnailUrl":"https:\/\/cuadrossils.com\/wp-content\/uploads\/2026\/02\/SV348.jpg","datePublished":"2026-02-09T10:57:44+00:00","dateModified":"2026-02-09T11:05:35+00:00","breadcrumb":{"@id":"https:\/\/cuadrossils.com\/producto\/obra-liminal\/#breadcrumb"},"inLanguage":"es","potentialAction":[{"@type":"ReadAction","target":["https:\/\/cuadrossils.com\/producto\/obra-liminal\/"]}]},{"@type":"ImageObject","inLanguage":"es","@id":"https:\/\/cuadrossils.com\/producto\/obra-liminal\/#primaryimage","url":"https:\/\/cuadrossils.com\/wp-content\/uploads\/2026\/02\/SV348.jpg","contentUrl":"https:\/\/cuadrossils.com\/wp-content\/uploads\/2026\/02\/SV348.jpg","width":1920,"height":1003,"caption":"Cuadro abstracto horizontal con l\u00ednea org\u00e1nica y tonos suaves"},{"@type":"BreadcrumbList","@id":"https:\/\/cuadrossils.com\/producto\/obra-liminal\/#breadcrumb","itemListElement":[{"@type":"ListItem","position":1,"name":"Home","item":"https:\/\/cuadrossils.com\/"},{"@type":"ListItem","position":2,"name":"Products","item":"https:\/\/cuadrossils.com\/shop\/"},{"@type":"ListItem","position":3,"name":"OBRA LIMINAL"}]},{"@type":"WebSite","@id":"https:\/\/cuadrossils.com\/#website","url":"https:\/\/cuadrossils.com\/","name":"Cuadros Sils","description":"Cuadros Modernos Online","publisher":{"@id":"https:\/\/cuadrossils.com\/#organization"},"potentialAction":[{"@type":"SearchAction","target":{"@type":"EntryPoint","urlTemplate":"https:\/\/cuadrossils.com\/?s={search_term_string}"},"query-input":{"@type":"PropertyValueSpecification","valueRequired":true,"valueName":"search_term_string"}}],"inLanguage":"es"},{"@type":"Organization","@id":"https:\/\/cuadrossils.com\/#organization","name":"Cuadros Sils","url":"https:\/\/cuadrossils.com\/","logo":{"@type":"ImageObject","inLanguage":"es","@id":"https:\/\/cuadrossils.com\/#\/schema\/logo\/image\/","url":"https:\/\/cuadrossils.com\/wp-content\/uploads\/2025\/11\/logotipo_cuadros_sils.png","contentUrl":"https:\/\/cuadrossils.com\/wp-content\/uploads\/2025\/11\/logotipo_cuadros_sils.png","width":500,"height":122,"caption":"Cuadros Sils"},"image":{"@id":"https:\/\/cuadrossils.com\/#\/schema\/logo\/image\/"}}]}},"_links":{"self":[{"href":"https:\/\/cuadrossils.com\/es_mx\/wp-json\/wp\/v2\/product\/165172","targetHints":{"allow":["GET"]}}],"collection":[{"href":"https:\/\/cuadrossils.com\/es_mx\/wp-json\/wp\/v2\/product"}],"about":[{"href":"https:\/\/cuadrossils.com\/es_mx\/wp-json\/wp\/v2\/types\/product"}],"replies":[{"embeddable":true,"href":"https:\/\/cuadrossils.com\/es_mx\/wp-json\/wp\/v2\/comments?post=165172"}],"version-history":[{"count":1,"href":"https:\/\/cuadrossils.com\/es_mx\/wp-json\/wp\/v2\/product\/165172\/revisions"}],"predecessor-version":[{"id":165173,"href":"https:\/\/cuadrossils.com\/es_mx\/wp-json\/wp\/v2\/product\/165172\/revisions\/165173"}],"wp:featuredmedia":[{"embeddable":true,"href":"https:\/\/cuadrossils.com\/es_mx\/wp-json\/wp\/v2\/media\/165174"}],"wp:attachment":[{"href":"https:\/\/cuadrossils.com\/es_mx\/wp-json\/wp\/v2\/media?parent=165172"}],"wp:term":[{"taxonomy":"product_cat","embeddable":true,"href":"https:\/\/cuadrossils.com\/es_mx\/wp-json\/wp\/v2\/product_cat?post=165172"},{"taxonomy":"product_tag","embeddable":true,"href":"https:\/\/cuadrossils.com\/es_mx\/wp-json\/wp\/v2\/product_tag?post=165172"}],"curies":[{"name":"wp","href":"https:\/\/api.w.org\/{rel}","templated":true}]}}