{"id":165308,"date":"2026-02-09T11:00:36","date_gmt":"2026-02-09T11:00:36","guid":{"rendered":"https:\/\/cuadrossils.com\/producto\/composicion-crox\/"},"modified":"2026-02-09T11:31:19","modified_gmt":"2026-02-09T11:31:19","slug":"composicion-crox","status":"publish","type":"product","link":"https:\/\/cuadrossils.com\/es_mx\/producto\/composicion-crox\/","title":{"rendered":"COMPOSICI\u00d3N CROX"},"content":{"rendered":"<p>Espacio elegante decorado con una composici\u00f3n de cuadros abstractos en tonos neutros, integrada en un entorno arquitect\u00f3nico con arcos. Una propuesta sofisticada que demuestra c\u00f3mo el arte contempor\u00e1neo puede realzar espacios modernos y proyectos de alto nivel decorativo.<\/p>","protected":false},"excerpt":{"rendered":"<p>Espacio elegante decorado con una composici\u00f3n de cuadros abstractos en tonos neutros, integrada en un entorno arquitect\u00f3nico con arcos. Una propuesta sofisticada que demuestra c\u00f3mo el arte contempor\u00e1neo puede realzar espacios modernos y proyectos de alto nivel decorativo.<\/p>","protected":false},"featured_media":165247,"comment_status":"closed","ping_status":"closed","template":"","meta":{"_acf_changed":false},"product_cat":[316,225,241,243,27,252,79],"product_tag":[],"class_list":{"0":"post-165308","1":"product","2":"type-product","3":"status-publish","4":"has-post-thumbnail","6":"product_cat-novedades","7":"product_cat-vanguard","8":"product_cat-abstracto","9":"product_cat-minimalista-sils","10":"product_cat-texturas","11":"product_cat-tierras-y-ocres","12":"product_cat-inspiracion","14":"first","15":"instock","16":"product-type-yith_bundle"},"acf":[],"yoast_head":"<!-- This site is optimized with the Yoast SEO plugin v24.8.1 - https:\/\/yoast.com\/wordpress\/plugins\/seo\/ -->\n<title>COMPOSICI\u00d3N CROX - Cuadros Sils<\/title>\n<meta name=\"robots\" content=\"index, follow, max-snippet:-1, max-image-preview:large, max-video-preview:-1\" \/>\n<link rel=\"canonical\" href=\"https:\/\/cuadrossils.com\/es_mx\/producto\/composicion-crox\/\" \/>\n<meta property=\"og:locale\" content=\"es_MX\" \/>\n<meta property=\"og:type\" content=\"article\" \/>\n<meta property=\"og:title\" content=\"COMPOSICI\u00d3N CROX - Cuadros Sils\" \/>\n<meta property=\"og:description\" content=\"Espacio elegante decorado con una composici\u00f3n de cuadros abstractos en tonos neutros, integrada en un entorno arquitect\u00f3nico con arcos. Una propuesta sofisticada que demuestra c\u00f3mo el arte contempor\u00e1neo puede realzar espacios modernos y proyectos de alto nivel decorativo.\" \/>\n<meta property=\"og:url\" content=\"https:\/\/cuadrossils.com\/es_mx\/producto\/composicion-crox\/\" \/>\n<meta property=\"og:site_name\" content=\"Cuadros Sils\" \/>\n<meta property=\"article:modified_time\" content=\"2026-02-09T11:31:19+00:00\" \/>\n<meta property=\"og:image\" content=\"https:\/\/cuadrossils.com\/wp-content\/uploads\/2026\/02\/SV356-A-1024x819.jpg\" \/>\n\t<meta property=\"og:image:width\" content=\"1024\" \/>\n\t<meta property=\"og:image:height\" content=\"819\" \/>\n\t<meta property=\"og:image:type\" content=\"image\/jpeg\" \/>\n<meta name=\"twitter:card\" content=\"summary_large_image\" \/>\n<meta name=\"twitter:label1\" content=\"Tiempo de lectura\" \/>\n\t<meta name=\"twitter:data1\" content=\"1 minuto\" \/>\n<script type=\"application\/ld+json\" class=\"yoast-schema-graph\">{\"@context\":\"https:\/\/schema.org\",\"@graph\":[{\"@type\":\"WebPage\",\"@id\":\"https:\/\/cuadrossils.com\/producto\/composicion-crox\/\",\"url\":\"https:\/\/cuadrossils.com\/producto\/composicion-crox\/\",\"name\":\"COMPOSICI\u00d3N CROX - Cuadros Sils\",\"isPartOf\":{\"@id\":\"https:\/\/cuadrossils.com\/#website\"},\"primaryImageOfPage\":{\"@id\":\"https:\/\/cuadrossils.com\/producto\/composicion-crox\/#primaryimage\"},\"image\":{\"@id\":\"https:\/\/cuadrossils.com\/producto\/composicion-crox\/#primaryimage\"},\"thumbnailUrl\":\"https:\/\/cuadrossils.com\/wp-content\/uploads\/2026\/02\/SV356-A.jpg\",\"datePublished\":\"2026-02-09T11:00:36+00:00\",\"dateModified\":\"2026-02-09T11:31:19+00:00\",\"breadcrumb\":{\"@id\":\"https:\/\/cuadrossils.com\/producto\/composicion-crox\/#breadcrumb\"},\"inLanguage\":\"es\",\"potentialAction\":[{\"@type\":\"ReadAction\",\"target\":[\"https:\/\/cuadrossils.com\/producto\/composicion-crox\/\"]}]},{\"@type\":\"ImageObject\",\"inLanguage\":\"es\",\"@id\":\"https:\/\/cuadrossils.com\/producto\/composicion-crox\/#primaryimage\",\"url\":\"https:\/\/cuadrossils.com\/wp-content\/uploads\/2026\/02\/SV356-A.jpg\",\"contentUrl\":\"https:\/\/cuadrossils.com\/wp-content\/uploads\/2026\/02\/SV356-A.jpg\",\"width\":1920,\"height\":1536,\"caption\":\"Ambiente elegante con composici\u00f3n de cuadros abstractos en tonos neutros\"},{\"@type\":\"BreadcrumbList\",\"@id\":\"https:\/\/cuadrossils.com\/producto\/composicion-crox\/#breadcrumb\",\"itemListElement\":[{\"@type\":\"ListItem\",\"position\":1,\"name\":\"Home\",\"item\":\"https:\/\/cuadrossils.com\/\"},{\"@type\":\"ListItem\",\"position\":2,\"name\":\"Products\",\"item\":\"https:\/\/cuadrossils.com\/shop\/\"},{\"@type\":\"ListItem\",\"position\":3,\"name\":\"COMPOSICI\u00d3N CROX\"}]},{\"@type\":\"WebSite\",\"@id\":\"https:\/\/cuadrossils.com\/#website\",\"url\":\"https:\/\/cuadrossils.com\/\",\"name\":\"Cuadros Sils\",\"description\":\"Cuadros Modernos Online\",\"publisher\":{\"@id\":\"https:\/\/cuadrossils.com\/#organization\"},\"potentialAction\":[{\"@type\":\"SearchAction\",\"target\":{\"@type\":\"EntryPoint\",\"urlTemplate\":\"https:\/\/cuadrossils.com\/?s={search_term_string}\"},\"query-input\":{\"@type\":\"PropertyValueSpecification\",\"valueRequired\":true,\"valueName\":\"search_term_string\"}}],\"inLanguage\":\"es\"},{\"@type\":\"Organization\",\"@id\":\"https:\/\/cuadrossils.com\/#organization\",\"name\":\"Cuadros Sils\",\"url\":\"https:\/\/cuadrossils.com\/\",\"logo\":{\"@type\":\"ImageObject\",\"inLanguage\":\"es\",\"@id\":\"https:\/\/cuadrossils.com\/#\/schema\/logo\/image\/\",\"url\":\"https:\/\/cuadrossils.com\/wp-content\/uploads\/2025\/11\/logotipo_cuadros_sils.png\",\"contentUrl\":\"https:\/\/cuadrossils.com\/wp-content\/uploads\/2025\/11\/logotipo_cuadros_sils.png\",\"width\":500,\"height\":122,\"caption\":\"Cuadros Sils\"},\"image\":{\"@id\":\"https:\/\/cuadrossils.com\/#\/schema\/logo\/image\/\"}}]}<\/script>\n<!-- \/ Yoast SEO plugin. -->","yoast_head_json":{"title":"COMPOSICI\u00d3N CROX - Cuadros Sils","robots":{"index":"index","follow":"follow","max-snippet":"max-snippet:-1","max-image-preview":"max-image-preview:large","max-video-preview":"max-video-preview:-1"},"canonical":"https:\/\/cuadrossils.com\/es_mx\/producto\/composicion-crox\/","og_locale":"es_MX","og_type":"article","og_title":"COMPOSICI\u00d3N CROX - Cuadros Sils","og_description":"Espacio elegante decorado con una composici\u00f3n de cuadros abstractos en tonos neutros, integrada en un entorno arquitect\u00f3nico con arcos. Una propuesta sofisticada que demuestra c\u00f3mo el arte contempor\u00e1neo puede realzar espacios modernos y proyectos de alto nivel decorativo.","og_url":"https:\/\/cuadrossils.com\/es_mx\/producto\/composicion-crox\/","og_site_name":"Cuadros Sils","article_modified_time":"2026-02-09T11:31:19+00:00","og_image":[{"width":1024,"height":819,"url":"https:\/\/cuadrossils.com\/wp-content\/uploads\/2026\/02\/SV356-A-1024x819.jpg","type":"image\/jpeg"}],"twitter_card":"summary_large_image","twitter_misc":{"Tiempo de lectura":"1 minuto"},"schema":{"@context":"https:\/\/schema.org","@graph":[{"@type":"WebPage","@id":"https:\/\/cuadrossils.com\/producto\/composicion-crox\/","url":"https:\/\/cuadrossils.com\/producto\/composicion-crox\/","name":"COMPOSICI\u00d3N CROX - Cuadros Sils","isPartOf":{"@id":"https:\/\/cuadrossils.com\/#website"},"primaryImageOfPage":{"@id":"https:\/\/cuadrossils.com\/producto\/composicion-crox\/#primaryimage"},"image":{"@id":"https:\/\/cuadrossils.com\/producto\/composicion-crox\/#primaryimage"},"thumbnailUrl":"https:\/\/cuadrossils.com\/wp-content\/uploads\/2026\/02\/SV356-A.jpg","datePublished":"2026-02-09T11:00:36+00:00","dateModified":"2026-02-09T11:31:19+00:00","breadcrumb":{"@id":"https:\/\/cuadrossils.com\/producto\/composicion-crox\/#breadcrumb"},"inLanguage":"es","potentialAction":[{"@type":"ReadAction","target":["https:\/\/cuadrossils.com\/producto\/composicion-crox\/"]}]},{"@type":"ImageObject","inLanguage":"es","@id":"https:\/\/cuadrossils.com\/producto\/composicion-crox\/#primaryimage","url":"https:\/\/cuadrossils.com\/wp-content\/uploads\/2026\/02\/SV356-A.jpg","contentUrl":"https:\/\/cuadrossils.com\/wp-content\/uploads\/2026\/02\/SV356-A.jpg","width":1920,"height":1536,"caption":"Ambiente elegante con composici\u00f3n de cuadros abstractos en tonos neutros"},{"@type":"BreadcrumbList","@id":"https:\/\/cuadrossils.com\/producto\/composicion-crox\/#breadcrumb","itemListElement":[{"@type":"ListItem","position":1,"name":"Home","item":"https:\/\/cuadrossils.com\/"},{"@type":"ListItem","position":2,"name":"Products","item":"https:\/\/cuadrossils.com\/shop\/"},{"@type":"ListItem","position":3,"name":"COMPOSICI\u00d3N CROX"}]},{"@type":"WebSite","@id":"https:\/\/cuadrossils.com\/#website","url":"https:\/\/cuadrossils.com\/","name":"Cuadros Sils","description":"Cuadros Modernos Online","publisher":{"@id":"https:\/\/cuadrossils.com\/#organization"},"potentialAction":[{"@type":"SearchAction","target":{"@type":"EntryPoint","urlTemplate":"https:\/\/cuadrossils.com\/?s={search_term_string}"},"query-input":{"@type":"PropertyValueSpecification","valueRequired":true,"valueName":"search_term_string"}}],"inLanguage":"es"},{"@type":"Organization","@id":"https:\/\/cuadrossils.com\/#organization","name":"Cuadros Sils","url":"https:\/\/cuadrossils.com\/","logo":{"@type":"ImageObject","inLanguage":"es","@id":"https:\/\/cuadrossils.com\/#\/schema\/logo\/image\/","url":"https:\/\/cuadrossils.com\/wp-content\/uploads\/2025\/11\/logotipo_cuadros_sils.png","contentUrl":"https:\/\/cuadrossils.com\/wp-content\/uploads\/2025\/11\/logotipo_cuadros_sils.png","width":500,"height":122,"caption":"Cuadros Sils"},"image":{"@id":"https:\/\/cuadrossils.com\/#\/schema\/logo\/image\/"}}]}},"_links":{"self":[{"href":"https:\/\/cuadrossils.com\/es_mx\/wp-json\/wp\/v2\/product\/165308","targetHints":{"allow":["GET"]}}],"collection":[{"href":"https:\/\/cuadrossils.com\/es_mx\/wp-json\/wp\/v2\/product"}],"about":[{"href":"https:\/\/cuadrossils.com\/es_mx\/wp-json\/wp\/v2\/types\/product"}],"replies":[{"embeddable":true,"href":"https:\/\/cuadrossils.com\/es_mx\/wp-json\/wp\/v2\/comments?post=165308"}],"version-history":[{"count":1,"href":"https:\/\/cuadrossils.com\/es_mx\/wp-json\/wp\/v2\/product\/165308\/revisions"}],"predecessor-version":[{"id":165309,"href":"https:\/\/cuadrossils.com\/es_mx\/wp-json\/wp\/v2\/product\/165308\/revisions\/165309"}],"wp:featuredmedia":[{"embeddable":true,"href":"https:\/\/cuadrossils.com\/es_mx\/wp-json\/wp\/v2\/media\/165247"}],"wp:attachment":[{"href":"https:\/\/cuadrossils.com\/es_mx\/wp-json\/wp\/v2\/media?parent=165308"}],"wp:term":[{"taxonomy":"product_cat","embeddable":true,"href":"https:\/\/cuadrossils.com\/es_mx\/wp-json\/wp\/v2\/product_cat?post=165308"},{"taxonomy":"product_tag","embeddable":true,"href":"https:\/\/cuadrossils.com\/es_mx\/wp-json\/wp\/v2\/product_tag?post=165308"}],"curies":[{"name":"wp","href":"https:\/\/api.w.org\/{rel}","templated":true}]}}