{"id":167644,"date":"2026-02-16T10:10:32","date_gmt":"2026-02-16T10:10:32","guid":{"rendered":"https:\/\/cuadrossils.com\/producto\/all-you-need-1\/"},"modified":"2026-02-16T10:33:39","modified_gmt":"2026-02-16T10:33:39","slug":"all-you-need-1","status":"publish","type":"product","link":"https:\/\/cuadrossils.com\/es_mx\/producto\/all-you-need-1\/","title":{"rendered":"ALL YOU NEED 1"},"content":{"rendered":"<p>Ilustraci\u00f3n monocrom\u00e1tica art\u00edstica de un gato, con un dise\u00f1o creativo y minimalista en tonos negros y formas l\u00fadicas. Ideal para colecciones art\u00edsticas modernas o decoraci\u00f3n del hogar.<\/p>","protected":false},"excerpt":{"rendered":"<p>Ilustraci\u00f3n monocrom\u00e1tica art\u00edstica de un gato, con un dise\u00f1o creativo y minimalista en tonos negros y formas l\u00fadicas. Ideal para colecciones art\u00edsticas modernas o decoraci\u00f3n del hogar.<\/p>","protected":false},"featured_media":167646,"comment_status":"closed","ping_status":"closed","template":"","meta":{"_acf_changed":false},"product_cat":[343,350,345,340,316,288,17,241,256,249,281,284,286,285],"product_tag":[],"class_list":{"0":"post-167644","1":"product","2":"type-product","3":"status-publish","4":"has-post-thumbnail","6":"product_cat-ilustracion","7":"product_cat-infantiles","8":"product_cat-juvenil","9":"product_cat-nordico","10":"product_cat-novedades","11":"product_cat-arte-grafico","12":"product_cat-q4attro","13":"product_cat-abstracto","14":"product_cat-animales","15":"product_cat-blanco-y-negro","16":"product_cat-venta","17":"product_cat-formato","18":"product_cat-horizontal","19":"product_cat-vertical","20":"pa_tamano-q4attro-21x30","21":"pa_tamano-q4attro-28x40","22":"pa_tamano-q4attro-30x30","23":"pa_tamano-q4attro-42x60","24":"pa_tamano-q4attro-50x50","25":"pa_tamano-q4attro-50x70","26":"pa_tamano-q4attro-60x84","27":"pa_tamano-q4attro-70x100","29":"first","30":"instock","31":"shipping-taxable","32":"purchasable","33":"product-type-variable","34":"has-default-attributes"},"acf":[],"yoast_head":"<!-- This site is optimized with the Yoast SEO plugin v24.8.1 - https:\/\/yoast.com\/wordpress\/plugins\/seo\/ -->\n<title>ALL YOU NEED 1 - Cuadros Sils<\/title>\n<meta name=\"robots\" content=\"index, follow, max-snippet:-1, max-image-preview:large, max-video-preview:-1\" \/>\n<link rel=\"canonical\" href=\"https:\/\/cuadrossils.com\/es_mx\/producto\/all-you-need-1\/\" \/>\n<meta property=\"og:locale\" content=\"es_MX\" \/>\n<meta property=\"og:type\" content=\"article\" \/>\n<meta property=\"og:title\" content=\"ALL YOU NEED 1 - Cuadros Sils\" \/>\n<meta property=\"og:description\" content=\"Ilustraci\u00f3n monocrom\u00e1tica art\u00edstica de un gato, con un dise\u00f1o creativo y minimalista en tonos negros y formas l\u00fadicas. Ideal para colecciones art\u00edsticas modernas o decoraci\u00f3n del hogar.\" \/>\n<meta property=\"og:url\" content=\"https:\/\/cuadrossils.com\/es_mx\/producto\/all-you-need-1\/\" \/>\n<meta property=\"og:site_name\" content=\"Cuadros Sils\" \/>\n<meta property=\"article:modified_time\" content=\"2026-02-16T10:33:39+00:00\" \/>\n<meta property=\"og:image\" content=\"https:\/\/cuadrossils.com\/wp-content\/uploads\/2026\/02\/SQ983.jpg\" \/>\n\t<meta property=\"og:image:width\" content=\"827\" \/>\n\t<meta property=\"og:image:height\" content=\"1182\" \/>\n\t<meta property=\"og:image:type\" content=\"image\/jpeg\" \/>\n<meta name=\"twitter:card\" content=\"summary_large_image\" \/>\n<script type=\"application\/ld+json\" class=\"yoast-schema-graph\">{\"@context\":\"https:\/\/schema.org\",\"@graph\":[{\"@type\":\"WebPage\",\"@id\":\"https:\/\/cuadrossils.com\/producto\/all-you-need-1\/\",\"url\":\"https:\/\/cuadrossils.com\/producto\/all-you-need-1\/\",\"name\":\"ALL YOU NEED 1 - Cuadros Sils\",\"isPartOf\":{\"@id\":\"https:\/\/cuadrossils.com\/#website\"},\"primaryImageOfPage\":{\"@id\":\"https:\/\/cuadrossils.com\/producto\/all-you-need-1\/#primaryimage\"},\"image\":{\"@id\":\"https:\/\/cuadrossils.com\/producto\/all-you-need-1\/#primaryimage\"},\"thumbnailUrl\":\"https:\/\/cuadrossils.com\/wp-content\/uploads\/2026\/02\/SQ983.jpg\",\"datePublished\":\"2026-02-16T10:10:32+00:00\",\"dateModified\":\"2026-02-16T10:33:39+00:00\",\"breadcrumb\":{\"@id\":\"https:\/\/cuadrossils.com\/producto\/all-you-need-1\/#breadcrumb\"},\"inLanguage\":\"es\",\"potentialAction\":[{\"@type\":\"ReadAction\",\"target\":[\"https:\/\/cuadrossils.com\/producto\/all-you-need-1\/\"]}]},{\"@type\":\"ImageObject\",\"inLanguage\":\"es\",\"@id\":\"https:\/\/cuadrossils.com\/producto\/all-you-need-1\/#primaryimage\",\"url\":\"https:\/\/cuadrossils.com\/wp-content\/uploads\/2026\/02\/SQ983.jpg\",\"contentUrl\":\"https:\/\/cuadrossils.com\/wp-content\/uploads\/2026\/02\/SQ983.jpg\",\"width\":827,\"height\":1182,\"caption\":\"Ilustraci\u00f3n Abstracta de Gato con Estilo Minimalista\"},{\"@type\":\"BreadcrumbList\",\"@id\":\"https:\/\/cuadrossils.com\/producto\/all-you-need-1\/#breadcrumb\",\"itemListElement\":[{\"@type\":\"ListItem\",\"position\":1,\"name\":\"Home\",\"item\":\"https:\/\/cuadrossils.com\/\"},{\"@type\":\"ListItem\",\"position\":2,\"name\":\"Products\",\"item\":\"https:\/\/cuadrossils.com\/shop\/\"},{\"@type\":\"ListItem\",\"position\":3,\"name\":\"ALL YOU NEED 1\"}]},{\"@type\":\"WebSite\",\"@id\":\"https:\/\/cuadrossils.com\/#website\",\"url\":\"https:\/\/cuadrossils.com\/\",\"name\":\"Cuadros Sils\",\"description\":\"Cuadros Modernos Online\",\"publisher\":{\"@id\":\"https:\/\/cuadrossils.com\/#organization\"},\"potentialAction\":[{\"@type\":\"SearchAction\",\"target\":{\"@type\":\"EntryPoint\",\"urlTemplate\":\"https:\/\/cuadrossils.com\/?s={search_term_string}\"},\"query-input\":{\"@type\":\"PropertyValueSpecification\",\"valueRequired\":true,\"valueName\":\"search_term_string\"}}],\"inLanguage\":\"es\"},{\"@type\":\"Organization\",\"@id\":\"https:\/\/cuadrossils.com\/#organization\",\"name\":\"Cuadros Sils\",\"url\":\"https:\/\/cuadrossils.com\/\",\"logo\":{\"@type\":\"ImageObject\",\"inLanguage\":\"es\",\"@id\":\"https:\/\/cuadrossils.com\/#\/schema\/logo\/image\/\",\"url\":\"https:\/\/cuadrossils.com\/wp-content\/uploads\/2025\/11\/logotipo_cuadros_sils.png\",\"contentUrl\":\"https:\/\/cuadrossils.com\/wp-content\/uploads\/2025\/11\/logotipo_cuadros_sils.png\",\"width\":500,\"height\":122,\"caption\":\"Cuadros Sils\"},\"image\":{\"@id\":\"https:\/\/cuadrossils.com\/#\/schema\/logo\/image\/\"}}]}<\/script>\n<!-- \/ Yoast SEO plugin. -->","yoast_head_json":{"title":"ALL YOU NEED 1 - Cuadros Sils","robots":{"index":"index","follow":"follow","max-snippet":"max-snippet:-1","max-image-preview":"max-image-preview:large","max-video-preview":"max-video-preview:-1"},"canonical":"https:\/\/cuadrossils.com\/es_mx\/producto\/all-you-need-1\/","og_locale":"es_MX","og_type":"article","og_title":"ALL YOU NEED 1 - Cuadros Sils","og_description":"Ilustraci\u00f3n monocrom\u00e1tica art\u00edstica de un gato, con un dise\u00f1o creativo y minimalista en tonos negros y formas l\u00fadicas. Ideal para colecciones art\u00edsticas modernas o decoraci\u00f3n del hogar.","og_url":"https:\/\/cuadrossils.com\/es_mx\/producto\/all-you-need-1\/","og_site_name":"Cuadros Sils","article_modified_time":"2026-02-16T10:33:39+00:00","og_image":[{"width":827,"height":1182,"url":"https:\/\/cuadrossils.com\/wp-content\/uploads\/2026\/02\/SQ983.jpg","type":"image\/jpeg"}],"twitter_card":"summary_large_image","schema":{"@context":"https:\/\/schema.org","@graph":[{"@type":"WebPage","@id":"https:\/\/cuadrossils.com\/producto\/all-you-need-1\/","url":"https:\/\/cuadrossils.com\/producto\/all-you-need-1\/","name":"ALL YOU NEED 1 - Cuadros Sils","isPartOf":{"@id":"https:\/\/cuadrossils.com\/#website"},"primaryImageOfPage":{"@id":"https:\/\/cuadrossils.com\/producto\/all-you-need-1\/#primaryimage"},"image":{"@id":"https:\/\/cuadrossils.com\/producto\/all-you-need-1\/#primaryimage"},"thumbnailUrl":"https:\/\/cuadrossils.com\/wp-content\/uploads\/2026\/02\/SQ983.jpg","datePublished":"2026-02-16T10:10:32+00:00","dateModified":"2026-02-16T10:33:39+00:00","breadcrumb":{"@id":"https:\/\/cuadrossils.com\/producto\/all-you-need-1\/#breadcrumb"},"inLanguage":"es","potentialAction":[{"@type":"ReadAction","target":["https:\/\/cuadrossils.com\/producto\/all-you-need-1\/"]}]},{"@type":"ImageObject","inLanguage":"es","@id":"https:\/\/cuadrossils.com\/producto\/all-you-need-1\/#primaryimage","url":"https:\/\/cuadrossils.com\/wp-content\/uploads\/2026\/02\/SQ983.jpg","contentUrl":"https:\/\/cuadrossils.com\/wp-content\/uploads\/2026\/02\/SQ983.jpg","width":827,"height":1182,"caption":"Ilustraci\u00f3n Abstracta de Gato con Estilo Minimalista"},{"@type":"BreadcrumbList","@id":"https:\/\/cuadrossils.com\/producto\/all-you-need-1\/#breadcrumb","itemListElement":[{"@type":"ListItem","position":1,"name":"Home","item":"https:\/\/cuadrossils.com\/"},{"@type":"ListItem","position":2,"name":"Products","item":"https:\/\/cuadrossils.com\/shop\/"},{"@type":"ListItem","position":3,"name":"ALL YOU NEED 1"}]},{"@type":"WebSite","@id":"https:\/\/cuadrossils.com\/#website","url":"https:\/\/cuadrossils.com\/","name":"Cuadros Sils","description":"Cuadros Modernos Online","publisher":{"@id":"https:\/\/cuadrossils.com\/#organization"},"potentialAction":[{"@type":"SearchAction","target":{"@type":"EntryPoint","urlTemplate":"https:\/\/cuadrossils.com\/?s={search_term_string}"},"query-input":{"@type":"PropertyValueSpecification","valueRequired":true,"valueName":"search_term_string"}}],"inLanguage":"es"},{"@type":"Organization","@id":"https:\/\/cuadrossils.com\/#organization","name":"Cuadros Sils","url":"https:\/\/cuadrossils.com\/","logo":{"@type":"ImageObject","inLanguage":"es","@id":"https:\/\/cuadrossils.com\/#\/schema\/logo\/image\/","url":"https:\/\/cuadrossils.com\/wp-content\/uploads\/2025\/11\/logotipo_cuadros_sils.png","contentUrl":"https:\/\/cuadrossils.com\/wp-content\/uploads\/2025\/11\/logotipo_cuadros_sils.png","width":500,"height":122,"caption":"Cuadros Sils"},"image":{"@id":"https:\/\/cuadrossils.com\/#\/schema\/logo\/image\/"}}]}},"_links":{"self":[{"href":"https:\/\/cuadrossils.com\/es_mx\/wp-json\/wp\/v2\/product\/167644","targetHints":{"allow":["GET"]}}],"collection":[{"href":"https:\/\/cuadrossils.com\/es_mx\/wp-json\/wp\/v2\/product"}],"about":[{"href":"https:\/\/cuadrossils.com\/es_mx\/wp-json\/wp\/v2\/types\/product"}],"replies":[{"embeddable":true,"href":"https:\/\/cuadrossils.com\/es_mx\/wp-json\/wp\/v2\/comments?post=167644"}],"version-history":[{"count":1,"href":"https:\/\/cuadrossils.com\/es_mx\/wp-json\/wp\/v2\/product\/167644\/revisions"}],"predecessor-version":[{"id":167645,"href":"https:\/\/cuadrossils.com\/es_mx\/wp-json\/wp\/v2\/product\/167644\/revisions\/167645"}],"wp:featuredmedia":[{"embeddable":true,"href":"https:\/\/cuadrossils.com\/es_mx\/wp-json\/wp\/v2\/media\/167646"}],"wp:attachment":[{"href":"https:\/\/cuadrossils.com\/es_mx\/wp-json\/wp\/v2\/media?parent=167644"}],"wp:term":[{"taxonomy":"product_cat","embeddable":true,"href":"https:\/\/cuadrossils.com\/es_mx\/wp-json\/wp\/v2\/product_cat?post=167644"},{"taxonomy":"product_tag","embeddable":true,"href":"https:\/\/cuadrossils.com\/es_mx\/wp-json\/wp\/v2\/product_tag?post=167644"}],"curies":[{"name":"wp","href":"https:\/\/api.w.org\/{rel}","templated":true}]}}