{"id":168672,"date":"2026-02-16T10:19:15","date_gmt":"2026-02-16T10:19:15","guid":{"rendered":"https:\/\/cuadrossils.com\/producto\/sweetness-2-2\/"},"modified":"2026-02-16T10:19:22","modified_gmt":"2026-02-16T10:19:22","slug":"sweetness-2-2","status":"publish","type":"product","link":"https:\/\/cuadrossils.com\/es_mx\/producto\/sweetness-2-2\/","title":{"rendered":"SWEETNESS 2"},"content":{"rendered":"<p>Ilustraci\u00f3n caprichosa de un perrito en la cesta de un globo aerost\u00e1tico de lunares. Ideal para decoraci\u00f3n de guarder\u00eda o proyectos con tem\u00e1tica so\u00f1adora y divertida.<\/p>","protected":false},"excerpt":{"rendered":"<p>Ilustraci\u00f3n caprichosa de un perrito en la cesta de un globo aerost\u00e1tico de lunares. Ideal para decoraci\u00f3n de guarder\u00eda o proyectos con tem\u00e1tica so\u00f1adora y divertida.<\/p>","protected":false},"featured_media":168674,"comment_status":"closed","ping_status":"open","template":"","meta":{"_acf_changed":false},"product_cat":[343,350,340,344,288,229,256,23,284,287,285],"product_tag":[],"class_list":{"0":"post-168672","1":"product","2":"type-product","3":"status-publish","4":"has-post-thumbnail","6":"product_cat-ilustracion","7":"product_cat-infantiles","8":"product_cat-nordico","9":"product_cat-textos-y-frases","10":"product_cat-arte-grafico","11":"product_cat-minimal","12":"product_cat-animales","13":"product_cat-color","14":"product_cat-formato","15":"product_cat-cuadrado","16":"product_cat-vertical","17":"pa_tamano-minimal-50x70","18":"pa_tamano-minimal-60x84","19":"pa_tamano-minimal-70x100","20":"pa_tamano-minimal-80x120","22":"first","23":"instock","24":"shipping-taxable","25":"purchasable","26":"product-type-variable","27":"has-default-attributes"},"acf":[],"yoast_head":"<!-- This site is optimized with the Yoast SEO plugin v24.8.1 - https:\/\/yoast.com\/wordpress\/plugins\/seo\/ -->\n<title>SWEETNESS 2 - Cuadros Sils<\/title>\n<meta name=\"robots\" content=\"index, follow, max-snippet:-1, max-image-preview:large, max-video-preview:-1\" \/>\n<link rel=\"canonical\" href=\"https:\/\/cuadrossils.com\/es_mx\/producto\/sweetness-2-2\/\" \/>\n<meta property=\"og:locale\" content=\"es_MX\" \/>\n<meta property=\"og:type\" content=\"article\" \/>\n<meta property=\"og:title\" content=\"SWEETNESS 2 - Cuadros Sils\" \/>\n<meta property=\"og:description\" content=\"Ilustraci\u00f3n caprichosa de un perrito en la cesta de un globo aerost\u00e1tico de lunares. Ideal para decoraci\u00f3n de guarder\u00eda o proyectos con tem\u00e1tica so\u00f1adora y divertida.\" \/>\n<meta property=\"og:url\" content=\"https:\/\/cuadrossils.com\/es_mx\/producto\/sweetness-2-2\/\" \/>\n<meta property=\"og:site_name\" content=\"Cuadros Sils\" \/>\n<meta property=\"article:modified_time\" content=\"2026-02-16T10:19:22+00:00\" \/>\n<meta property=\"og:image\" content=\"https:\/\/cuadrossils.com\/wp-content\/uploads\/2026\/02\/SQ1010-1.jpg\" \/>\n\t<meta property=\"og:image:width\" content=\"827\" \/>\n\t<meta property=\"og:image:height\" content=\"1182\" \/>\n\t<meta property=\"og:image:type\" content=\"image\/jpeg\" \/>\n<meta name=\"twitter:card\" content=\"summary_large_image\" \/>\n<script type=\"application\/ld+json\" class=\"yoast-schema-graph\">{\"@context\":\"https:\/\/schema.org\",\"@graph\":[{\"@type\":\"WebPage\",\"@id\":\"https:\/\/cuadrossils.com\/producto\/sweetness-2-2\/\",\"url\":\"https:\/\/cuadrossils.com\/producto\/sweetness-2-2\/\",\"name\":\"SWEETNESS 2 - Cuadros Sils\",\"isPartOf\":{\"@id\":\"https:\/\/cuadrossils.com\/#website\"},\"primaryImageOfPage\":{\"@id\":\"https:\/\/cuadrossils.com\/producto\/sweetness-2-2\/#primaryimage\"},\"image\":{\"@id\":\"https:\/\/cuadrossils.com\/producto\/sweetness-2-2\/#primaryimage\"},\"thumbnailUrl\":\"https:\/\/cuadrossils.com\/wp-content\/uploads\/2026\/02\/SQ1010-1.jpg\",\"datePublished\":\"2026-02-16T10:19:15+00:00\",\"dateModified\":\"2026-02-16T10:19:22+00:00\",\"breadcrumb\":{\"@id\":\"https:\/\/cuadrossils.com\/producto\/sweetness-2-2\/#breadcrumb\"},\"inLanguage\":\"es\",\"potentialAction\":[{\"@type\":\"ReadAction\",\"target\":[\"https:\/\/cuadrossils.com\/producto\/sweetness-2-2\/\"]}]},{\"@type\":\"ImageObject\",\"inLanguage\":\"es\",\"@id\":\"https:\/\/cuadrossils.com\/producto\/sweetness-2-2\/#primaryimage\",\"url\":\"https:\/\/cuadrossils.com\/wp-content\/uploads\/2026\/02\/SQ1010-1.jpg\",\"contentUrl\":\"https:\/\/cuadrossils.com\/wp-content\/uploads\/2026\/02\/SQ1010-1.jpg\",\"width\":827,\"height\":1182,\"caption\":\"Perro Adorable en Globo Aerost\u00e1tico\"},{\"@type\":\"BreadcrumbList\",\"@id\":\"https:\/\/cuadrossils.com\/producto\/sweetness-2-2\/#breadcrumb\",\"itemListElement\":[{\"@type\":\"ListItem\",\"position\":1,\"name\":\"Home\",\"item\":\"https:\/\/cuadrossils.com\/\"},{\"@type\":\"ListItem\",\"position\":2,\"name\":\"Products\",\"item\":\"https:\/\/cuadrossils.com\/shop\/\"},{\"@type\":\"ListItem\",\"position\":3,\"name\":\"SWEETNESS 2\"}]},{\"@type\":\"WebSite\",\"@id\":\"https:\/\/cuadrossils.com\/#website\",\"url\":\"https:\/\/cuadrossils.com\/\",\"name\":\"Cuadros Sils\",\"description\":\"Cuadros Modernos Online\",\"publisher\":{\"@id\":\"https:\/\/cuadrossils.com\/#organization\"},\"potentialAction\":[{\"@type\":\"SearchAction\",\"target\":{\"@type\":\"EntryPoint\",\"urlTemplate\":\"https:\/\/cuadrossils.com\/?s={search_term_string}\"},\"query-input\":{\"@type\":\"PropertyValueSpecification\",\"valueRequired\":true,\"valueName\":\"search_term_string\"}}],\"inLanguage\":\"es\"},{\"@type\":\"Organization\",\"@id\":\"https:\/\/cuadrossils.com\/#organization\",\"name\":\"Cuadros Sils\",\"url\":\"https:\/\/cuadrossils.com\/\",\"logo\":{\"@type\":\"ImageObject\",\"inLanguage\":\"es\",\"@id\":\"https:\/\/cuadrossils.com\/#\/schema\/logo\/image\/\",\"url\":\"https:\/\/cuadrossils.com\/wp-content\/uploads\/2025\/11\/logotipo_cuadros_sils.png\",\"contentUrl\":\"https:\/\/cuadrossils.com\/wp-content\/uploads\/2025\/11\/logotipo_cuadros_sils.png\",\"width\":500,\"height\":122,\"caption\":\"Cuadros Sils\"},\"image\":{\"@id\":\"https:\/\/cuadrossils.com\/#\/schema\/logo\/image\/\"}}]}<\/script>\n<!-- \/ Yoast SEO plugin. -->","yoast_head_json":{"title":"SWEETNESS 2 - Cuadros Sils","robots":{"index":"index","follow":"follow","max-snippet":"max-snippet:-1","max-image-preview":"max-image-preview:large","max-video-preview":"max-video-preview:-1"},"canonical":"https:\/\/cuadrossils.com\/es_mx\/producto\/sweetness-2-2\/","og_locale":"es_MX","og_type":"article","og_title":"SWEETNESS 2 - Cuadros Sils","og_description":"Ilustraci\u00f3n caprichosa de un perrito en la cesta de un globo aerost\u00e1tico de lunares. Ideal para decoraci\u00f3n de guarder\u00eda o proyectos con tem\u00e1tica so\u00f1adora y divertida.","og_url":"https:\/\/cuadrossils.com\/es_mx\/producto\/sweetness-2-2\/","og_site_name":"Cuadros Sils","article_modified_time":"2026-02-16T10:19:22+00:00","og_image":[{"width":827,"height":1182,"url":"https:\/\/cuadrossils.com\/wp-content\/uploads\/2026\/02\/SQ1010-1.jpg","type":"image\/jpeg"}],"twitter_card":"summary_large_image","schema":{"@context":"https:\/\/schema.org","@graph":[{"@type":"WebPage","@id":"https:\/\/cuadrossils.com\/producto\/sweetness-2-2\/","url":"https:\/\/cuadrossils.com\/producto\/sweetness-2-2\/","name":"SWEETNESS 2 - Cuadros Sils","isPartOf":{"@id":"https:\/\/cuadrossils.com\/#website"},"primaryImageOfPage":{"@id":"https:\/\/cuadrossils.com\/producto\/sweetness-2-2\/#primaryimage"},"image":{"@id":"https:\/\/cuadrossils.com\/producto\/sweetness-2-2\/#primaryimage"},"thumbnailUrl":"https:\/\/cuadrossils.com\/wp-content\/uploads\/2026\/02\/SQ1010-1.jpg","datePublished":"2026-02-16T10:19:15+00:00","dateModified":"2026-02-16T10:19:22+00:00","breadcrumb":{"@id":"https:\/\/cuadrossils.com\/producto\/sweetness-2-2\/#breadcrumb"},"inLanguage":"es","potentialAction":[{"@type":"ReadAction","target":["https:\/\/cuadrossils.com\/producto\/sweetness-2-2\/"]}]},{"@type":"ImageObject","inLanguage":"es","@id":"https:\/\/cuadrossils.com\/producto\/sweetness-2-2\/#primaryimage","url":"https:\/\/cuadrossils.com\/wp-content\/uploads\/2026\/02\/SQ1010-1.jpg","contentUrl":"https:\/\/cuadrossils.com\/wp-content\/uploads\/2026\/02\/SQ1010-1.jpg","width":827,"height":1182,"caption":"Perro Adorable en Globo Aerost\u00e1tico"},{"@type":"BreadcrumbList","@id":"https:\/\/cuadrossils.com\/producto\/sweetness-2-2\/#breadcrumb","itemListElement":[{"@type":"ListItem","position":1,"name":"Home","item":"https:\/\/cuadrossils.com\/"},{"@type":"ListItem","position":2,"name":"Products","item":"https:\/\/cuadrossils.com\/shop\/"},{"@type":"ListItem","position":3,"name":"SWEETNESS 2"}]},{"@type":"WebSite","@id":"https:\/\/cuadrossils.com\/#website","url":"https:\/\/cuadrossils.com\/","name":"Cuadros Sils","description":"Cuadros Modernos Online","publisher":{"@id":"https:\/\/cuadrossils.com\/#organization"},"potentialAction":[{"@type":"SearchAction","target":{"@type":"EntryPoint","urlTemplate":"https:\/\/cuadrossils.com\/?s={search_term_string}"},"query-input":{"@type":"PropertyValueSpecification","valueRequired":true,"valueName":"search_term_string"}}],"inLanguage":"es"},{"@type":"Organization","@id":"https:\/\/cuadrossils.com\/#organization","name":"Cuadros Sils","url":"https:\/\/cuadrossils.com\/","logo":{"@type":"ImageObject","inLanguage":"es","@id":"https:\/\/cuadrossils.com\/#\/schema\/logo\/image\/","url":"https:\/\/cuadrossils.com\/wp-content\/uploads\/2025\/11\/logotipo_cuadros_sils.png","contentUrl":"https:\/\/cuadrossils.com\/wp-content\/uploads\/2025\/11\/logotipo_cuadros_sils.png","width":500,"height":122,"caption":"Cuadros Sils"},"image":{"@id":"https:\/\/cuadrossils.com\/#\/schema\/logo\/image\/"}}]}},"_links":{"self":[{"href":"https:\/\/cuadrossils.com\/es_mx\/wp-json\/wp\/v2\/product\/168672","targetHints":{"allow":["GET"]}}],"collection":[{"href":"https:\/\/cuadrossils.com\/es_mx\/wp-json\/wp\/v2\/product"}],"about":[{"href":"https:\/\/cuadrossils.com\/es_mx\/wp-json\/wp\/v2\/types\/product"}],"replies":[{"embeddable":true,"href":"https:\/\/cuadrossils.com\/es_mx\/wp-json\/wp\/v2\/comments?post=168672"}],"version-history":[{"count":1,"href":"https:\/\/cuadrossils.com\/es_mx\/wp-json\/wp\/v2\/product\/168672\/revisions"}],"predecessor-version":[{"id":168673,"href":"https:\/\/cuadrossils.com\/es_mx\/wp-json\/wp\/v2\/product\/168672\/revisions\/168673"}],"wp:featuredmedia":[{"embeddable":true,"href":"https:\/\/cuadrossils.com\/es_mx\/wp-json\/wp\/v2\/media\/168674"}],"wp:attachment":[{"href":"https:\/\/cuadrossils.com\/es_mx\/wp-json\/wp\/v2\/media?parent=168672"}],"wp:term":[{"taxonomy":"product_cat","embeddable":true,"href":"https:\/\/cuadrossils.com\/es_mx\/wp-json\/wp\/v2\/product_cat?post=168672"},{"taxonomy":"product_tag","embeddable":true,"href":"https:\/\/cuadrossils.com\/es_mx\/wp-json\/wp\/v2\/product_tag?post=168672"}],"curies":[{"name":"wp","href":"https:\/\/api.w.org\/{rel}","templated":true}]}}