{"id":169012,"date":"2026-02-16T10:22:08","date_gmt":"2026-02-16T10:22:08","guid":{"rendered":"https:\/\/cuadrossils.com\/producto\/all-you-need-2-3\/"},"modified":"2026-02-16T10:22:20","modified_gmt":"2026-02-16T10:22:20","slug":"all-you-need-2-3","status":"publish","type":"product","link":"https:\/\/cuadrossils.com\/es_mx\/producto\/all-you-need-2-3\/","title":{"rendered":"ALL YOU NEED 2"},"content":{"rendered":"<p>Representaci\u00f3n alegre y estilizada de un gato negro con tipograf\u00eda llamativa en la parte superior. Usa tonos c\u00e1lidos de naranja y negro sobre un fondo claro, ideal para interiores modernos y tem\u00e1ticas decorativas originales.<\/p>","protected":false},"excerpt":{"rendered":"<p>Representaci\u00f3n alegre y estilizada de un gato negro con tipograf\u00eda llamativa en la parte superior. Usa tonos c\u00e1lidos de naranja y negro sobre un fondo claro, ideal para interiores modernos y tem\u00e1ticas decorativas originales.<\/p>","protected":false},"featured_media":169014,"comment_status":"closed","ping_status":"open","template":"","meta":{"_acf_changed":false},"product_cat":[343,345,340,344,288,265,256,249,23,255,284,285],"product_tag":[],"class_list":{"0":"post-169012","1":"product","2":"type-product","3":"status-publish","4":"has-post-thumbnail","6":"product_cat-ilustracion","7":"product_cat-juvenil","8":"product_cat-nordico","9":"product_cat-textos-y-frases","10":"product_cat-arte-grafico","11":"product_cat-artic","12":"product_cat-animales","13":"product_cat-blanco-y-negro","14":"product_cat-color","15":"product_cat-diseno-grafico","16":"product_cat-formato","17":"product_cat-vertical","18":"pa_tamano-artic-60x80","19":"pa_tamano-artic-70x100","21":"first","22":"instock","23":"shipping-taxable","24":"purchasable","25":"product-type-variable","26":"has-default-attributes"},"acf":[],"yoast_head":"<!-- This site is optimized with the Yoast SEO plugin v24.8.1 - https:\/\/yoast.com\/wordpress\/plugins\/seo\/ -->\n<title>ALL YOU NEED 2 - Cuadros Sils<\/title>\n<meta name=\"robots\" content=\"index, follow, max-snippet:-1, max-image-preview:large, max-video-preview:-1\" \/>\n<link rel=\"canonical\" href=\"https:\/\/cuadrossils.com\/es_mx\/producto\/all-you-need-2-3\/\" \/>\n<meta property=\"og:locale\" content=\"es_MX\" \/>\n<meta property=\"og:type\" content=\"article\" \/>\n<meta property=\"og:title\" content=\"ALL YOU NEED 2 - Cuadros Sils\" \/>\n<meta property=\"og:description\" content=\"Representaci\u00f3n alegre y estilizada de un gato negro con tipograf\u00eda llamativa en la parte superior. Usa tonos c\u00e1lidos de naranja y negro sobre un fondo claro, ideal para interiores modernos y tem\u00e1ticas decorativas originales.\" \/>\n<meta property=\"og:url\" content=\"https:\/\/cuadrossils.com\/es_mx\/producto\/all-you-need-2-3\/\" \/>\n<meta property=\"og:site_name\" content=\"Cuadros Sils\" \/>\n<meta property=\"article:modified_time\" content=\"2026-02-16T10:22:20+00:00\" \/>\n<meta property=\"og:image\" content=\"https:\/\/cuadrossils.com\/wp-content\/uploads\/2026\/02\/SQ984-2.jpg\" \/>\n\t<meta property=\"og:image:width\" content=\"827\" \/>\n\t<meta property=\"og:image:height\" content=\"1182\" \/>\n\t<meta property=\"og:image:type\" content=\"image\/jpeg\" \/>\n<meta name=\"twitter:card\" content=\"summary_large_image\" \/>\n<script type=\"application\/ld+json\" class=\"yoast-schema-graph\">{\"@context\":\"https:\/\/schema.org\",\"@graph\":[{\"@type\":\"WebPage\",\"@id\":\"https:\/\/cuadrossils.com\/producto\/all-you-need-2-3\/\",\"url\":\"https:\/\/cuadrossils.com\/producto\/all-you-need-2-3\/\",\"name\":\"ALL YOU NEED 2 - Cuadros Sils\",\"isPartOf\":{\"@id\":\"https:\/\/cuadrossils.com\/#website\"},\"primaryImageOfPage\":{\"@id\":\"https:\/\/cuadrossils.com\/producto\/all-you-need-2-3\/#primaryimage\"},\"image\":{\"@id\":\"https:\/\/cuadrossils.com\/producto\/all-you-need-2-3\/#primaryimage\"},\"thumbnailUrl\":\"https:\/\/cuadrossils.com\/wp-content\/uploads\/2026\/02\/SQ984-2.jpg\",\"datePublished\":\"2026-02-16T10:22:08+00:00\",\"dateModified\":\"2026-02-16T10:22:20+00:00\",\"breadcrumb\":{\"@id\":\"https:\/\/cuadrossils.com\/producto\/all-you-need-2-3\/#breadcrumb\"},\"inLanguage\":\"es\",\"potentialAction\":[{\"@type\":\"ReadAction\",\"target\":[\"https:\/\/cuadrossils.com\/producto\/all-you-need-2-3\/\"]}]},{\"@type\":\"ImageObject\",\"inLanguage\":\"es\",\"@id\":\"https:\/\/cuadrossils.com\/producto\/all-you-need-2-3\/#primaryimage\",\"url\":\"https:\/\/cuadrossils.com\/wp-content\/uploads\/2026\/02\/SQ984-2.jpg\",\"contentUrl\":\"https:\/\/cuadrossils.com\/wp-content\/uploads\/2026\/02\/SQ984-2.jpg\",\"width\":827,\"height\":1182,\"caption\":\"P\u00f3ster Divertido de Gato con Tipograf\u00eda Audaz\"},{\"@type\":\"BreadcrumbList\",\"@id\":\"https:\/\/cuadrossils.com\/producto\/all-you-need-2-3\/#breadcrumb\",\"itemListElement\":[{\"@type\":\"ListItem\",\"position\":1,\"name\":\"Home\",\"item\":\"https:\/\/cuadrossils.com\/\"},{\"@type\":\"ListItem\",\"position\":2,\"name\":\"Products\",\"item\":\"https:\/\/cuadrossils.com\/shop\/\"},{\"@type\":\"ListItem\",\"position\":3,\"name\":\"ALL YOU NEED 2\"}]},{\"@type\":\"WebSite\",\"@id\":\"https:\/\/cuadrossils.com\/#website\",\"url\":\"https:\/\/cuadrossils.com\/\",\"name\":\"Cuadros Sils\",\"description\":\"Cuadros Modernos Online\",\"publisher\":{\"@id\":\"https:\/\/cuadrossils.com\/#organization\"},\"potentialAction\":[{\"@type\":\"SearchAction\",\"target\":{\"@type\":\"EntryPoint\",\"urlTemplate\":\"https:\/\/cuadrossils.com\/?s={search_term_string}\"},\"query-input\":{\"@type\":\"PropertyValueSpecification\",\"valueRequired\":true,\"valueName\":\"search_term_string\"}}],\"inLanguage\":\"es\"},{\"@type\":\"Organization\",\"@id\":\"https:\/\/cuadrossils.com\/#organization\",\"name\":\"Cuadros Sils\",\"url\":\"https:\/\/cuadrossils.com\/\",\"logo\":{\"@type\":\"ImageObject\",\"inLanguage\":\"es\",\"@id\":\"https:\/\/cuadrossils.com\/#\/schema\/logo\/image\/\",\"url\":\"https:\/\/cuadrossils.com\/wp-content\/uploads\/2025\/11\/logotipo_cuadros_sils.png\",\"contentUrl\":\"https:\/\/cuadrossils.com\/wp-content\/uploads\/2025\/11\/logotipo_cuadros_sils.png\",\"width\":500,\"height\":122,\"caption\":\"Cuadros Sils\"},\"image\":{\"@id\":\"https:\/\/cuadrossils.com\/#\/schema\/logo\/image\/\"}}]}<\/script>\n<!-- \/ Yoast SEO plugin. -->","yoast_head_json":{"title":"ALL YOU NEED 2 - Cuadros Sils","robots":{"index":"index","follow":"follow","max-snippet":"max-snippet:-1","max-image-preview":"max-image-preview:large","max-video-preview":"max-video-preview:-1"},"canonical":"https:\/\/cuadrossils.com\/es_mx\/producto\/all-you-need-2-3\/","og_locale":"es_MX","og_type":"article","og_title":"ALL YOU NEED 2 - Cuadros Sils","og_description":"Representaci\u00f3n alegre y estilizada de un gato negro con tipograf\u00eda llamativa en la parte superior. Usa tonos c\u00e1lidos de naranja y negro sobre un fondo claro, ideal para interiores modernos y tem\u00e1ticas decorativas originales.","og_url":"https:\/\/cuadrossils.com\/es_mx\/producto\/all-you-need-2-3\/","og_site_name":"Cuadros Sils","article_modified_time":"2026-02-16T10:22:20+00:00","og_image":[{"width":827,"height":1182,"url":"https:\/\/cuadrossils.com\/wp-content\/uploads\/2026\/02\/SQ984-2.jpg","type":"image\/jpeg"}],"twitter_card":"summary_large_image","schema":{"@context":"https:\/\/schema.org","@graph":[{"@type":"WebPage","@id":"https:\/\/cuadrossils.com\/producto\/all-you-need-2-3\/","url":"https:\/\/cuadrossils.com\/producto\/all-you-need-2-3\/","name":"ALL YOU NEED 2 - Cuadros Sils","isPartOf":{"@id":"https:\/\/cuadrossils.com\/#website"},"primaryImageOfPage":{"@id":"https:\/\/cuadrossils.com\/producto\/all-you-need-2-3\/#primaryimage"},"image":{"@id":"https:\/\/cuadrossils.com\/producto\/all-you-need-2-3\/#primaryimage"},"thumbnailUrl":"https:\/\/cuadrossils.com\/wp-content\/uploads\/2026\/02\/SQ984-2.jpg","datePublished":"2026-02-16T10:22:08+00:00","dateModified":"2026-02-16T10:22:20+00:00","breadcrumb":{"@id":"https:\/\/cuadrossils.com\/producto\/all-you-need-2-3\/#breadcrumb"},"inLanguage":"es","potentialAction":[{"@type":"ReadAction","target":["https:\/\/cuadrossils.com\/producto\/all-you-need-2-3\/"]}]},{"@type":"ImageObject","inLanguage":"es","@id":"https:\/\/cuadrossils.com\/producto\/all-you-need-2-3\/#primaryimage","url":"https:\/\/cuadrossils.com\/wp-content\/uploads\/2026\/02\/SQ984-2.jpg","contentUrl":"https:\/\/cuadrossils.com\/wp-content\/uploads\/2026\/02\/SQ984-2.jpg","width":827,"height":1182,"caption":"P\u00f3ster Divertido de Gato con Tipograf\u00eda Audaz"},{"@type":"BreadcrumbList","@id":"https:\/\/cuadrossils.com\/producto\/all-you-need-2-3\/#breadcrumb","itemListElement":[{"@type":"ListItem","position":1,"name":"Home","item":"https:\/\/cuadrossils.com\/"},{"@type":"ListItem","position":2,"name":"Products","item":"https:\/\/cuadrossils.com\/shop\/"},{"@type":"ListItem","position":3,"name":"ALL YOU NEED 2"}]},{"@type":"WebSite","@id":"https:\/\/cuadrossils.com\/#website","url":"https:\/\/cuadrossils.com\/","name":"Cuadros Sils","description":"Cuadros Modernos Online","publisher":{"@id":"https:\/\/cuadrossils.com\/#organization"},"potentialAction":[{"@type":"SearchAction","target":{"@type":"EntryPoint","urlTemplate":"https:\/\/cuadrossils.com\/?s={search_term_string}"},"query-input":{"@type":"PropertyValueSpecification","valueRequired":true,"valueName":"search_term_string"}}],"inLanguage":"es"},{"@type":"Organization","@id":"https:\/\/cuadrossils.com\/#organization","name":"Cuadros Sils","url":"https:\/\/cuadrossils.com\/","logo":{"@type":"ImageObject","inLanguage":"es","@id":"https:\/\/cuadrossils.com\/#\/schema\/logo\/image\/","url":"https:\/\/cuadrossils.com\/wp-content\/uploads\/2025\/11\/logotipo_cuadros_sils.png","contentUrl":"https:\/\/cuadrossils.com\/wp-content\/uploads\/2025\/11\/logotipo_cuadros_sils.png","width":500,"height":122,"caption":"Cuadros Sils"},"image":{"@id":"https:\/\/cuadrossils.com\/#\/schema\/logo\/image\/"}}]}},"_links":{"self":[{"href":"https:\/\/cuadrossils.com\/es_mx\/wp-json\/wp\/v2\/product\/169012","targetHints":{"allow":["GET"]}}],"collection":[{"href":"https:\/\/cuadrossils.com\/es_mx\/wp-json\/wp\/v2\/product"}],"about":[{"href":"https:\/\/cuadrossils.com\/es_mx\/wp-json\/wp\/v2\/types\/product"}],"replies":[{"embeddable":true,"href":"https:\/\/cuadrossils.com\/es_mx\/wp-json\/wp\/v2\/comments?post=169012"}],"version-history":[{"count":1,"href":"https:\/\/cuadrossils.com\/es_mx\/wp-json\/wp\/v2\/product\/169012\/revisions"}],"predecessor-version":[{"id":169013,"href":"https:\/\/cuadrossils.com\/es_mx\/wp-json\/wp\/v2\/product\/169012\/revisions\/169013"}],"wp:featuredmedia":[{"embeddable":true,"href":"https:\/\/cuadrossils.com\/es_mx\/wp-json\/wp\/v2\/media\/169014"}],"wp:attachment":[{"href":"https:\/\/cuadrossils.com\/es_mx\/wp-json\/wp\/v2\/media?parent=169012"}],"wp:term":[{"taxonomy":"product_cat","embeddable":true,"href":"https:\/\/cuadrossils.com\/es_mx\/wp-json\/wp\/v2\/product_cat?post=169012"},{"taxonomy":"product_tag","embeddable":true,"href":"https:\/\/cuadrossils.com\/es_mx\/wp-json\/wp\/v2\/product_tag?post=169012"}],"curies":[{"name":"wp","href":"https:\/\/api.w.org\/{rel}","templated":true}]}}