{"id":169627,"date":"2026-02-16T10:43:26","date_gmt":"2026-02-16T10:43:26","guid":{"rendered":"https:\/\/cuadrossils.com\/producto\/composicion-citric\/"},"modified":"2026-02-16T13:48:27","modified_gmt":"2026-02-16T13:48:27","slug":"composicion-citric","status":"publish","type":"product","link":"https:\/\/cuadrossils.com\/es_mx\/producto\/composicion-citric\/","title":{"rendered":"COMPOSICI\u00d3N CITRIC"},"content":{"rendered":"<p>Colecci\u00f3n de l\u00e1minas con motivos abstractos, animales y patrones coloridos. Una opci\u00f3n ideal para decorar habitaciones infantiles con un estilo alegre y desenfadado.<\/p>","protected":false},"excerpt":{"rendered":"<p>Colecci\u00f3n de l\u00e1minas con motivos abstractos, animales y patrones coloridos. Una opci\u00f3n ideal para decorar habitaciones infantiles con un estilo alegre y desenfadado.<\/p>","protected":false},"featured_media":168373,"comment_status":"closed","ping_status":"closed","template":"","meta":{"_acf_changed":false},"product_cat":[382,343,350,340,316,288,17,241,256,23,245,79],"product_tag":[],"class_list":{"0":"post-169627","1":"product","2":"type-product","3":"status-publish","4":"has-post-thumbnail","6":"product_cat-botanica-2","7":"product_cat-ilustracion","8":"product_cat-infantiles","9":"product_cat-nordico","10":"product_cat-novedades","11":"product_cat-arte-grafico","12":"product_cat-q4attro","13":"product_cat-abstracto","14":"product_cat-animales","15":"product_cat-color","16":"product_cat-trazos-y-lineas","17":"product_cat-inspiracion","19":"first","20":"instock","21":"product-type-yith_bundle"},"acf":[],"yoast_head":"<!-- This site is optimized with the Yoast SEO plugin v24.8.1 - https:\/\/yoast.com\/wordpress\/plugins\/seo\/ -->\n<title>COMPOSICI\u00d3N CITRIC - Cuadros Sils<\/title>\n<meta name=\"robots\" content=\"index, follow, max-snippet:-1, max-image-preview:large, max-video-preview:-1\" \/>\n<link rel=\"canonical\" href=\"https:\/\/cuadrossils.com\/es_mx\/producto\/composicion-citric\/\" \/>\n<meta property=\"og:locale\" content=\"es_MX\" \/>\n<meta property=\"og:type\" content=\"article\" \/>\n<meta property=\"og:title\" content=\"COMPOSICI\u00d3N CITRIC - Cuadros Sils\" \/>\n<meta property=\"og:description\" content=\"Colecci\u00f3n de l\u00e1minas con motivos abstractos, animales y patrones coloridos. Una opci\u00f3n ideal para decorar habitaciones infantiles con un estilo alegre y desenfadado.\" \/>\n<meta property=\"og:url\" content=\"https:\/\/cuadrossils.com\/es_mx\/producto\/composicion-citric\/\" \/>\n<meta property=\"og:site_name\" content=\"Cuadros Sils\" \/>\n<meta property=\"article:modified_time\" content=\"2026-02-16T13:48:27+00:00\" \/>\n<meta property=\"og:image\" content=\"https:\/\/cuadrossils.com\/wp-content\/uploads\/2026\/02\/Q4260.jpg\" \/>\n\t<meta property=\"og:image:width\" content=\"1182\" \/>\n\t<meta property=\"og:image:height\" content=\"827\" \/>\n\t<meta property=\"og:image:type\" content=\"image\/jpeg\" \/>\n<meta name=\"twitter:card\" content=\"summary_large_image\" \/>\n<meta name=\"twitter:label1\" content=\"Tiempo de lectura\" \/>\n\t<meta name=\"twitter:data1\" content=\"1 minuto\" \/>\n<script type=\"application\/ld+json\" class=\"yoast-schema-graph\">{\"@context\":\"https:\/\/schema.org\",\"@graph\":[{\"@type\":\"WebPage\",\"@id\":\"https:\/\/cuadrossils.com\/producto\/composicion-citric\/\",\"url\":\"https:\/\/cuadrossils.com\/producto\/composicion-citric\/\",\"name\":\"COMPOSICI\u00d3N CITRIC - Cuadros Sils\",\"isPartOf\":{\"@id\":\"https:\/\/cuadrossils.com\/#website\"},\"primaryImageOfPage\":{\"@id\":\"https:\/\/cuadrossils.com\/producto\/composicion-citric\/#primaryimage\"},\"image\":{\"@id\":\"https:\/\/cuadrossils.com\/producto\/composicion-citric\/#primaryimage\"},\"thumbnailUrl\":\"https:\/\/cuadrossils.com\/wp-content\/uploads\/2026\/02\/Q4260.jpg\",\"datePublished\":\"2026-02-16T10:43:26+00:00\",\"dateModified\":\"2026-02-16T13:48:27+00:00\",\"breadcrumb\":{\"@id\":\"https:\/\/cuadrossils.com\/producto\/composicion-citric\/#breadcrumb\"},\"inLanguage\":\"es\",\"potentialAction\":[{\"@type\":\"ReadAction\",\"target\":[\"https:\/\/cuadrossils.com\/producto\/composicion-citric\/\"]}]},{\"@type\":\"ImageObject\",\"inLanguage\":\"es\",\"@id\":\"https:\/\/cuadrossils.com\/producto\/composicion-citric\/#primaryimage\",\"url\":\"https:\/\/cuadrossils.com\/wp-content\/uploads\/2026\/02\/Q4260.jpg\",\"contentUrl\":\"https:\/\/cuadrossils.com\/wp-content\/uploads\/2026\/02\/Q4260.jpg\",\"width\":1182,\"height\":827,\"caption\":\"Decoraci\u00f3n de Pared Infantil con Arte Colorido\"},{\"@type\":\"BreadcrumbList\",\"@id\":\"https:\/\/cuadrossils.com\/producto\/composicion-citric\/#breadcrumb\",\"itemListElement\":[{\"@type\":\"ListItem\",\"position\":1,\"name\":\"Home\",\"item\":\"https:\/\/cuadrossils.com\/\"},{\"@type\":\"ListItem\",\"position\":2,\"name\":\"Products\",\"item\":\"https:\/\/cuadrossils.com\/shop\/\"},{\"@type\":\"ListItem\",\"position\":3,\"name\":\"COMPOSICI\u00d3N CITRIC\"}]},{\"@type\":\"WebSite\",\"@id\":\"https:\/\/cuadrossils.com\/#website\",\"url\":\"https:\/\/cuadrossils.com\/\",\"name\":\"Cuadros Sils\",\"description\":\"Cuadros Modernos Online\",\"publisher\":{\"@id\":\"https:\/\/cuadrossils.com\/#organization\"},\"potentialAction\":[{\"@type\":\"SearchAction\",\"target\":{\"@type\":\"EntryPoint\",\"urlTemplate\":\"https:\/\/cuadrossils.com\/?s={search_term_string}\"},\"query-input\":{\"@type\":\"PropertyValueSpecification\",\"valueRequired\":true,\"valueName\":\"search_term_string\"}}],\"inLanguage\":\"es\"},{\"@type\":\"Organization\",\"@id\":\"https:\/\/cuadrossils.com\/#organization\",\"name\":\"Cuadros Sils\",\"url\":\"https:\/\/cuadrossils.com\/\",\"logo\":{\"@type\":\"ImageObject\",\"inLanguage\":\"es\",\"@id\":\"https:\/\/cuadrossils.com\/#\/schema\/logo\/image\/\",\"url\":\"https:\/\/cuadrossils.com\/wp-content\/uploads\/2025\/11\/logotipo_cuadros_sils.png\",\"contentUrl\":\"https:\/\/cuadrossils.com\/wp-content\/uploads\/2025\/11\/logotipo_cuadros_sils.png\",\"width\":500,\"height\":122,\"caption\":\"Cuadros Sils\"},\"image\":{\"@id\":\"https:\/\/cuadrossils.com\/#\/schema\/logo\/image\/\"}}]}<\/script>\n<!-- \/ Yoast SEO plugin. -->","yoast_head_json":{"title":"COMPOSICI\u00d3N CITRIC - Cuadros Sils","robots":{"index":"index","follow":"follow","max-snippet":"max-snippet:-1","max-image-preview":"max-image-preview:large","max-video-preview":"max-video-preview:-1"},"canonical":"https:\/\/cuadrossils.com\/es_mx\/producto\/composicion-citric\/","og_locale":"es_MX","og_type":"article","og_title":"COMPOSICI\u00d3N CITRIC - Cuadros Sils","og_description":"Colecci\u00f3n de l\u00e1minas con motivos abstractos, animales y patrones coloridos. Una opci\u00f3n ideal para decorar habitaciones infantiles con un estilo alegre y desenfadado.","og_url":"https:\/\/cuadrossils.com\/es_mx\/producto\/composicion-citric\/","og_site_name":"Cuadros Sils","article_modified_time":"2026-02-16T13:48:27+00:00","og_image":[{"width":1182,"height":827,"url":"https:\/\/cuadrossils.com\/wp-content\/uploads\/2026\/02\/Q4260.jpg","type":"image\/jpeg"}],"twitter_card":"summary_large_image","twitter_misc":{"Tiempo de lectura":"1 minuto"},"schema":{"@context":"https:\/\/schema.org","@graph":[{"@type":"WebPage","@id":"https:\/\/cuadrossils.com\/producto\/composicion-citric\/","url":"https:\/\/cuadrossils.com\/producto\/composicion-citric\/","name":"COMPOSICI\u00d3N CITRIC - Cuadros Sils","isPartOf":{"@id":"https:\/\/cuadrossils.com\/#website"},"primaryImageOfPage":{"@id":"https:\/\/cuadrossils.com\/producto\/composicion-citric\/#primaryimage"},"image":{"@id":"https:\/\/cuadrossils.com\/producto\/composicion-citric\/#primaryimage"},"thumbnailUrl":"https:\/\/cuadrossils.com\/wp-content\/uploads\/2026\/02\/Q4260.jpg","datePublished":"2026-02-16T10:43:26+00:00","dateModified":"2026-02-16T13:48:27+00:00","breadcrumb":{"@id":"https:\/\/cuadrossils.com\/producto\/composicion-citric\/#breadcrumb"},"inLanguage":"es","potentialAction":[{"@type":"ReadAction","target":["https:\/\/cuadrossils.com\/producto\/composicion-citric\/"]}]},{"@type":"ImageObject","inLanguage":"es","@id":"https:\/\/cuadrossils.com\/producto\/composicion-citric\/#primaryimage","url":"https:\/\/cuadrossils.com\/wp-content\/uploads\/2026\/02\/Q4260.jpg","contentUrl":"https:\/\/cuadrossils.com\/wp-content\/uploads\/2026\/02\/Q4260.jpg","width":1182,"height":827,"caption":"Decoraci\u00f3n de Pared Infantil con Arte Colorido"},{"@type":"BreadcrumbList","@id":"https:\/\/cuadrossils.com\/producto\/composicion-citric\/#breadcrumb","itemListElement":[{"@type":"ListItem","position":1,"name":"Home","item":"https:\/\/cuadrossils.com\/"},{"@type":"ListItem","position":2,"name":"Products","item":"https:\/\/cuadrossils.com\/shop\/"},{"@type":"ListItem","position":3,"name":"COMPOSICI\u00d3N CITRIC"}]},{"@type":"WebSite","@id":"https:\/\/cuadrossils.com\/#website","url":"https:\/\/cuadrossils.com\/","name":"Cuadros Sils","description":"Cuadros Modernos Online","publisher":{"@id":"https:\/\/cuadrossils.com\/#organization"},"potentialAction":[{"@type":"SearchAction","target":{"@type":"EntryPoint","urlTemplate":"https:\/\/cuadrossils.com\/?s={search_term_string}"},"query-input":{"@type":"PropertyValueSpecification","valueRequired":true,"valueName":"search_term_string"}}],"inLanguage":"es"},{"@type":"Organization","@id":"https:\/\/cuadrossils.com\/#organization","name":"Cuadros Sils","url":"https:\/\/cuadrossils.com\/","logo":{"@type":"ImageObject","inLanguage":"es","@id":"https:\/\/cuadrossils.com\/#\/schema\/logo\/image\/","url":"https:\/\/cuadrossils.com\/wp-content\/uploads\/2025\/11\/logotipo_cuadros_sils.png","contentUrl":"https:\/\/cuadrossils.com\/wp-content\/uploads\/2025\/11\/logotipo_cuadros_sils.png","width":500,"height":122,"caption":"Cuadros Sils"},"image":{"@id":"https:\/\/cuadrossils.com\/#\/schema\/logo\/image\/"}}]}},"_links":{"self":[{"href":"https:\/\/cuadrossils.com\/es_mx\/wp-json\/wp\/v2\/product\/169627","targetHints":{"allow":["GET"]}}],"collection":[{"href":"https:\/\/cuadrossils.com\/es_mx\/wp-json\/wp\/v2\/product"}],"about":[{"href":"https:\/\/cuadrossils.com\/es_mx\/wp-json\/wp\/v2\/types\/product"}],"replies":[{"embeddable":true,"href":"https:\/\/cuadrossils.com\/es_mx\/wp-json\/wp\/v2\/comments?post=169627"}],"version-history":[{"count":1,"href":"https:\/\/cuadrossils.com\/es_mx\/wp-json\/wp\/v2\/product\/169627\/revisions"}],"predecessor-version":[{"id":169628,"href":"https:\/\/cuadrossils.com\/es_mx\/wp-json\/wp\/v2\/product\/169627\/revisions\/169628"}],"wp:featuredmedia":[{"embeddable":true,"href":"https:\/\/cuadrossils.com\/es_mx\/wp-json\/wp\/v2\/media\/168373"}],"wp:attachment":[{"href":"https:\/\/cuadrossils.com\/es_mx\/wp-json\/wp\/v2\/media?parent=169627"}],"wp:term":[{"taxonomy":"product_cat","embeddable":true,"href":"https:\/\/cuadrossils.com\/es_mx\/wp-json\/wp\/v2\/product_cat?post=169627"},{"taxonomy":"product_tag","embeddable":true,"href":"https:\/\/cuadrossils.com\/es_mx\/wp-json\/wp\/v2\/product_tag?post=169627"}],"curies":[{"name":"wp","href":"https:\/\/api.w.org\/{rel}","templated":true}]}}