{"id":78052,"date":"2025-02-16T17:16:24","date_gmt":"2025-02-16T17:16:24","guid":{"rendered":"https:\/\/cuadrossils.com\/producto\/callejero-milan-n\/"},"modified":"2025-04-25T09:36:27","modified_gmt":"2025-04-25T09:36:27","slug":"callejero-milan-n","status":"publish","type":"product","link":"https:\/\/cuadrossils.com\/es_mx\/producto\/callejero-milan-n\/","title":{"rendered":"CALLEJERO MILAN N"},"content":{"rendered":"<p>Mapa art\u00edstico de Mil\u00e1n en tonalidades monocrom\u00e1ticas, mostrando su trama urbana y monumentos. Perfecto para decoraci\u00f3n contempor\u00e1nea basada en ciudades.<\/p>","protected":false},"excerpt":{"rendered":"<p>Mapa art\u00edstico de Mil\u00e1n en tonalidades monocrom\u00e1ticas, mostrando su trama urbana y monumentos. Perfecto para decoraci\u00f3n contempor\u00e1nea basada en ciudades.<\/p>","protected":false},"featured_media":125307,"comment_status":"closed","ping_status":"closed","template":"","meta":{"_acf_changed":false},"product_cat":[347,344,348,288,17,249,255,281,284,285],"product_tag":[],"class_list":{"0":"post-78052","1":"product","2":"type-product","3":"status-publish","4":"has-post-thumbnail","6":"product_cat-mapas-y-ciudades","7":"product_cat-textos-y-frases","8":"product_cat-vintage","9":"product_cat-arte-grafico","10":"product_cat-q4attro","11":"product_cat-blanco-y-negro","12":"product_cat-diseno-grafico","13":"product_cat-venta","14":"product_cat-formato","15":"product_cat-vertical","16":"pa_tamano-q4attro-21x30","17":"pa_tamano-q4attro-28x40","18":"pa_tamano-q4attro-30x30","19":"pa_tamano-q4attro-42x60","20":"pa_tamano-q4attro-50x50","21":"pa_tamano-q4attro-50x70","22":"pa_tamano-q4attro-60x84","23":"pa_tamano-q4attro-70x100","25":"first","26":"instock","27":"shipping-taxable","28":"purchasable","29":"product-type-variable","30":"has-default-attributes"},"acf":[],"yoast_head":"<!-- This site is optimized with the Yoast SEO plugin v24.8.1 - https:\/\/yoast.com\/wordpress\/plugins\/seo\/ -->\n<title>CALLEJERO MILAN N - Cuadros Sils<\/title>\n<meta name=\"description\" content=\"Mapa art\u00edstico de Mil\u00e1n en tonalidades monocrom\u00e1ticas, mostrando su trama urbana y monumentos. Perfecto para decoraci\u00f3n contempor\u00e1nea basada en ciudades.\" \/>\n<meta name=\"robots\" content=\"index, follow, max-snippet:-1, max-image-preview:large, max-video-preview:-1\" \/>\n<link rel=\"canonical\" href=\"https:\/\/cuadrossils.com\/es_mx\/producto\/callejero-milan-n\/\" \/>\n<meta property=\"og:locale\" content=\"es_MX\" \/>\n<meta property=\"og:type\" content=\"article\" \/>\n<meta property=\"og:title\" content=\"CALLEJERO MILAN N - Cuadros Sils\" \/>\n<meta property=\"og:description\" content=\"Mapa art\u00edstico de Mil\u00e1n en tonalidades monocrom\u00e1ticas, mostrando su trama urbana y monumentos. Perfecto para decoraci\u00f3n contempor\u00e1nea basada en ciudades.\" \/>\n<meta property=\"og:url\" content=\"https:\/\/cuadrossils.com\/es_mx\/producto\/callejero-milan-n\/\" \/>\n<meta property=\"og:site_name\" content=\"Cuadros Sils\" \/>\n<meta property=\"article:modified_time\" content=\"2025-04-25T09:36:27+00:00\" \/>\n<meta property=\"og:image\" content=\"https:\/\/cuadrossils.com\/wp-content\/uploads\/2025\/02\/SQ281-2.jpg\" \/>\n\t<meta property=\"og:image:width\" content=\"827\" \/>\n\t<meta property=\"og:image:height\" content=\"1182\" \/>\n\t<meta property=\"og:image:type\" content=\"image\/jpeg\" \/>\n<meta name=\"twitter:card\" content=\"summary_large_image\" \/>\n<meta name=\"twitter:label1\" content=\"Tiempo de lectura\" \/>\n\t<meta name=\"twitter:data1\" content=\"1 minuto\" \/>\n<script type=\"application\/ld+json\" class=\"yoast-schema-graph\">{\"@context\":\"https:\/\/schema.org\",\"@graph\":[{\"@type\":\"WebPage\",\"@id\":\"https:\/\/cuadrossils.com\/producto\/callejero-milan-n\/\",\"url\":\"https:\/\/cuadrossils.com\/producto\/callejero-milan-n\/\",\"name\":\"CALLEJERO MILAN N - Cuadros Sils\",\"isPartOf\":{\"@id\":\"https:\/\/cuadrossils.com\/#website\"},\"primaryImageOfPage\":{\"@id\":\"https:\/\/cuadrossils.com\/producto\/callejero-milan-n\/#primaryimage\"},\"image\":{\"@id\":\"https:\/\/cuadrossils.com\/producto\/callejero-milan-n\/#primaryimage\"},\"thumbnailUrl\":\"https:\/\/cuadrossils.com\/wp-content\/uploads\/2025\/02\/SQ281-2.jpg\",\"datePublished\":\"2025-02-16T17:16:24+00:00\",\"dateModified\":\"2025-04-25T09:36:27+00:00\",\"description\":\"Mapa art\u00edstico de Mil\u00e1n en tonalidades monocrom\u00e1ticas, mostrando su trama urbana y monumentos. Perfecto para decoraci\u00f3n contempor\u00e1nea basada en ciudades.\",\"breadcrumb\":{\"@id\":\"https:\/\/cuadrossils.com\/producto\/callejero-milan-n\/#breadcrumb\"},\"inLanguage\":\"es\",\"potentialAction\":[{\"@type\":\"ReadAction\",\"target\":[\"https:\/\/cuadrossils.com\/producto\/callejero-milan-n\/\"]}]},{\"@type\":\"ImageObject\",\"inLanguage\":\"es\",\"@id\":\"https:\/\/cuadrossils.com\/producto\/callejero-milan-n\/#primaryimage\",\"url\":\"https:\/\/cuadrossils.com\/wp-content\/uploads\/2025\/02\/SQ281-2.jpg\",\"contentUrl\":\"https:\/\/cuadrossils.com\/wp-content\/uploads\/2025\/02\/SQ281-2.jpg\",\"width\":827,\"height\":1182,\"caption\":\"Mapa en blanco y negro de Mil\u00e1n\"},{\"@type\":\"BreadcrumbList\",\"@id\":\"https:\/\/cuadrossils.com\/producto\/callejero-milan-n\/#breadcrumb\",\"itemListElement\":[{\"@type\":\"ListItem\",\"position\":1,\"name\":\"Home\",\"item\":\"https:\/\/cuadrossils.com\/\"},{\"@type\":\"ListItem\",\"position\":2,\"name\":\"Products\",\"item\":\"https:\/\/cuadrossils.com\/shop\/\"},{\"@type\":\"ListItem\",\"position\":3,\"name\":\"CALLEJERO MILAN N\"}]},{\"@type\":\"WebSite\",\"@id\":\"https:\/\/cuadrossils.com\/#website\",\"url\":\"https:\/\/cuadrossils.com\/\",\"name\":\"Cuadros Sils\",\"description\":\"Cuadros Modernos Online\",\"publisher\":{\"@id\":\"https:\/\/cuadrossils.com\/#organization\"},\"potentialAction\":[{\"@type\":\"SearchAction\",\"target\":{\"@type\":\"EntryPoint\",\"urlTemplate\":\"https:\/\/cuadrossils.com\/?s={search_term_string}\"},\"query-input\":{\"@type\":\"PropertyValueSpecification\",\"valueRequired\":true,\"valueName\":\"search_term_string\"}}],\"inLanguage\":\"es\"},{\"@type\":\"Organization\",\"@id\":\"https:\/\/cuadrossils.com\/#organization\",\"name\":\"Cuadros Sils\",\"url\":\"https:\/\/cuadrossils.com\/\",\"logo\":{\"@type\":\"ImageObject\",\"inLanguage\":\"es\",\"@id\":\"https:\/\/cuadrossils.com\/#\/schema\/logo\/image\/\",\"url\":\"https:\/\/cuadrossils.com\/wp-content\/uploads\/2025\/11\/logotipo_cuadros_sils.png\",\"contentUrl\":\"https:\/\/cuadrossils.com\/wp-content\/uploads\/2025\/11\/logotipo_cuadros_sils.png\",\"width\":500,\"height\":122,\"caption\":\"Cuadros Sils\"},\"image\":{\"@id\":\"https:\/\/cuadrossils.com\/#\/schema\/logo\/image\/\"}}]}<\/script>\n<!-- \/ Yoast SEO plugin. -->","yoast_head_json":{"title":"CALLEJERO MILAN N - Cuadros Sils","description":"Mapa art\u00edstico de Mil\u00e1n en tonalidades monocrom\u00e1ticas, mostrando su trama urbana y monumentos. Perfecto para decoraci\u00f3n contempor\u00e1nea basada en ciudades.","robots":{"index":"index","follow":"follow","max-snippet":"max-snippet:-1","max-image-preview":"max-image-preview:large","max-video-preview":"max-video-preview:-1"},"canonical":"https:\/\/cuadrossils.com\/es_mx\/producto\/callejero-milan-n\/","og_locale":"es_MX","og_type":"article","og_title":"CALLEJERO MILAN N - Cuadros Sils","og_description":"Mapa art\u00edstico de Mil\u00e1n en tonalidades monocrom\u00e1ticas, mostrando su trama urbana y monumentos. Perfecto para decoraci\u00f3n contempor\u00e1nea basada en ciudades.","og_url":"https:\/\/cuadrossils.com\/es_mx\/producto\/callejero-milan-n\/","og_site_name":"Cuadros Sils","article_modified_time":"2025-04-25T09:36:27+00:00","og_image":[{"width":827,"height":1182,"url":"https:\/\/cuadrossils.com\/wp-content\/uploads\/2025\/02\/SQ281-2.jpg","type":"image\/jpeg"}],"twitter_card":"summary_large_image","twitter_misc":{"Tiempo de lectura":"1 minuto"},"schema":{"@context":"https:\/\/schema.org","@graph":[{"@type":"WebPage","@id":"https:\/\/cuadrossils.com\/producto\/callejero-milan-n\/","url":"https:\/\/cuadrossils.com\/producto\/callejero-milan-n\/","name":"CALLEJERO MILAN N - Cuadros Sils","isPartOf":{"@id":"https:\/\/cuadrossils.com\/#website"},"primaryImageOfPage":{"@id":"https:\/\/cuadrossils.com\/producto\/callejero-milan-n\/#primaryimage"},"image":{"@id":"https:\/\/cuadrossils.com\/producto\/callejero-milan-n\/#primaryimage"},"thumbnailUrl":"https:\/\/cuadrossils.com\/wp-content\/uploads\/2025\/02\/SQ281-2.jpg","datePublished":"2025-02-16T17:16:24+00:00","dateModified":"2025-04-25T09:36:27+00:00","description":"Mapa art\u00edstico de Mil\u00e1n en tonalidades monocrom\u00e1ticas, mostrando su trama urbana y monumentos. Perfecto para decoraci\u00f3n contempor\u00e1nea basada en ciudades.","breadcrumb":{"@id":"https:\/\/cuadrossils.com\/producto\/callejero-milan-n\/#breadcrumb"},"inLanguage":"es","potentialAction":[{"@type":"ReadAction","target":["https:\/\/cuadrossils.com\/producto\/callejero-milan-n\/"]}]},{"@type":"ImageObject","inLanguage":"es","@id":"https:\/\/cuadrossils.com\/producto\/callejero-milan-n\/#primaryimage","url":"https:\/\/cuadrossils.com\/wp-content\/uploads\/2025\/02\/SQ281-2.jpg","contentUrl":"https:\/\/cuadrossils.com\/wp-content\/uploads\/2025\/02\/SQ281-2.jpg","width":827,"height":1182,"caption":"Mapa en blanco y negro de Mil\u00e1n"},{"@type":"BreadcrumbList","@id":"https:\/\/cuadrossils.com\/producto\/callejero-milan-n\/#breadcrumb","itemListElement":[{"@type":"ListItem","position":1,"name":"Home","item":"https:\/\/cuadrossils.com\/"},{"@type":"ListItem","position":2,"name":"Products","item":"https:\/\/cuadrossils.com\/shop\/"},{"@type":"ListItem","position":3,"name":"CALLEJERO MILAN N"}]},{"@type":"WebSite","@id":"https:\/\/cuadrossils.com\/#website","url":"https:\/\/cuadrossils.com\/","name":"Cuadros Sils","description":"Cuadros Modernos Online","publisher":{"@id":"https:\/\/cuadrossils.com\/#organization"},"potentialAction":[{"@type":"SearchAction","target":{"@type":"EntryPoint","urlTemplate":"https:\/\/cuadrossils.com\/?s={search_term_string}"},"query-input":{"@type":"PropertyValueSpecification","valueRequired":true,"valueName":"search_term_string"}}],"inLanguage":"es"},{"@type":"Organization","@id":"https:\/\/cuadrossils.com\/#organization","name":"Cuadros Sils","url":"https:\/\/cuadrossils.com\/","logo":{"@type":"ImageObject","inLanguage":"es","@id":"https:\/\/cuadrossils.com\/#\/schema\/logo\/image\/","url":"https:\/\/cuadrossils.com\/wp-content\/uploads\/2025\/11\/logotipo_cuadros_sils.png","contentUrl":"https:\/\/cuadrossils.com\/wp-content\/uploads\/2025\/11\/logotipo_cuadros_sils.png","width":500,"height":122,"caption":"Cuadros Sils"},"image":{"@id":"https:\/\/cuadrossils.com\/#\/schema\/logo\/image\/"}}]}},"_links":{"self":[{"href":"https:\/\/cuadrossils.com\/es_mx\/wp-json\/wp\/v2\/product\/78052","targetHints":{"allow":["GET"]}}],"collection":[{"href":"https:\/\/cuadrossils.com\/es_mx\/wp-json\/wp\/v2\/product"}],"about":[{"href":"https:\/\/cuadrossils.com\/es_mx\/wp-json\/wp\/v2\/types\/product"}],"replies":[{"embeddable":true,"href":"https:\/\/cuadrossils.com\/es_mx\/wp-json\/wp\/v2\/comments?post=78052"}],"version-history":[{"count":1,"href":"https:\/\/cuadrossils.com\/es_mx\/wp-json\/wp\/v2\/product\/78052\/revisions"}],"predecessor-version":[{"id":78053,"href":"https:\/\/cuadrossils.com\/es_mx\/wp-json\/wp\/v2\/product\/78052\/revisions\/78053"}],"wp:featuredmedia":[{"embeddable":true,"href":"https:\/\/cuadrossils.com\/es_mx\/wp-json\/wp\/v2\/media\/125307"}],"wp:attachment":[{"href":"https:\/\/cuadrossils.com\/es_mx\/wp-json\/wp\/v2\/media?parent=78052"}],"wp:term":[{"taxonomy":"product_cat","embeddable":true,"href":"https:\/\/cuadrossils.com\/es_mx\/wp-json\/wp\/v2\/product_cat?post=78052"},{"taxonomy":"product_tag","embeddable":true,"href":"https:\/\/cuadrossils.com\/es_mx\/wp-json\/wp\/v2\/product_tag?post=78052"}],"curies":[{"name":"wp","href":"https:\/\/api.w.org\/{rel}","templated":true}]}}