{"id":85058,"date":"2025-02-17T13:18:28","date_gmt":"2025-02-17T13:18:28","guid":{"rendered":"https:\/\/cuadrossils.com\/producto\/greens-2\/"},"modified":"2025-04-23T10:45:18","modified_gmt":"2025-04-23T10:45:18","slug":"greens-2","status":"publish","type":"product","link":"https:\/\/cuadrossils.com\/es_mx\/producto\/greens-2\/","title":{"rendered":"GREENS 2"},"content":{"rendered":"<p>Expresi\u00f3n art\u00edstica que une verde, beige y negro en texturas din\u00e1micas, aportando vitalidad a interiores modernos.<\/p>","protected":false},"excerpt":{"rendered":"<p>Expresi\u00f3n art\u00edstica que une verde, beige y negro en texturas din\u00e1micas, aportando vitalidad a interiores modernos.<\/p>","protected":false},"featured_media":127230,"comment_status":"closed","ping_status":"closed","template":"","meta":{"_acf_changed":false},"product_cat":[343,348,288,265,241,23,255,252,245,281,284,286,285],"product_tag":[],"class_list":{"0":"post-85058","1":"product","2":"type-product","3":"status-publish","4":"has-post-thumbnail","6":"product_cat-ilustracion","7":"product_cat-vintage","8":"product_cat-arte-grafico","9":"product_cat-artic","10":"product_cat-abstracto","11":"product_cat-color","12":"product_cat-diseno-grafico","13":"product_cat-tierras-y-ocres","14":"product_cat-trazos-y-lineas","15":"product_cat-venta","16":"product_cat-formato","17":"product_cat-horizontal","18":"product_cat-vertical","19":"pa_tamano-artic-60x80","20":"pa_tamano-artic-70x100","22":"first","23":"instock","24":"shipping-taxable","25":"purchasable","26":"product-type-variable","27":"has-default-attributes"},"acf":[],"yoast_head":"<!-- This site is optimized with the Yoast SEO plugin v24.8.1 - https:\/\/yoast.com\/wordpress\/plugins\/seo\/ -->\n<title>GREENS 2 - Cuadros Sils<\/title>\n<meta name=\"description\" content=\"Expresi\u00f3n art\u00edstica que une verde, beige y negro en texturas din\u00e1micas, aportando vitalidad a interiores modernos.\" \/>\n<meta name=\"robots\" content=\"index, follow, max-snippet:-1, max-image-preview:large, max-video-preview:-1\" \/>\n<link rel=\"canonical\" href=\"https:\/\/cuadrossils.com\/es_mx\/producto\/greens-2\/\" \/>\n<meta property=\"og:locale\" content=\"es_MX\" \/>\n<meta property=\"og:type\" content=\"article\" \/>\n<meta property=\"og:title\" content=\"GREENS 2 - Cuadros Sils\" \/>\n<meta property=\"og:description\" content=\"Expresi\u00f3n art\u00edstica que une verde, beige y negro en texturas din\u00e1micas, aportando vitalidad a interiores modernos.\" \/>\n<meta property=\"og:url\" content=\"https:\/\/cuadrossils.com\/es_mx\/producto\/greens-2\/\" \/>\n<meta property=\"og:site_name\" content=\"Cuadros Sils\" \/>\n<meta property=\"article:modified_time\" content=\"2025-04-23T10:45:18+00:00\" \/>\n<meta property=\"og:image\" content=\"https:\/\/cuadrossils.com\/wp-content\/uploads\/2025\/02\/SQG048-716x1024.jpg\" \/>\n\t<meta property=\"og:image:width\" content=\"716\" \/>\n\t<meta property=\"og:image:height\" content=\"1024\" \/>\n\t<meta property=\"og:image:type\" content=\"image\/jpeg\" \/>\n<meta name=\"twitter:card\" content=\"summary_large_image\" \/>\n<meta name=\"twitter:label1\" content=\"Tiempo de lectura\" \/>\n\t<meta name=\"twitter:data1\" content=\"1 minuto\" \/>\n<script type=\"application\/ld+json\" class=\"yoast-schema-graph\">{\"@context\":\"https:\/\/schema.org\",\"@graph\":[{\"@type\":\"WebPage\",\"@id\":\"https:\/\/cuadrossils.com\/producto\/greens-2\/\",\"url\":\"https:\/\/cuadrossils.com\/producto\/greens-2\/\",\"name\":\"GREENS 2 - Cuadros Sils\",\"isPartOf\":{\"@id\":\"https:\/\/cuadrossils.com\/#website\"},\"primaryImageOfPage\":{\"@id\":\"https:\/\/cuadrossils.com\/producto\/greens-2\/#primaryimage\"},\"image\":{\"@id\":\"https:\/\/cuadrossils.com\/producto\/greens-2\/#primaryimage\"},\"thumbnailUrl\":\"https:\/\/cuadrossils.com\/wp-content\/uploads\/2025\/02\/SQG048.jpg\",\"datePublished\":\"2025-02-17T13:18:28+00:00\",\"dateModified\":\"2025-04-23T10:45:18+00:00\",\"description\":\"Expresi\u00f3n art\u00edstica que une verde, beige y negro en texturas din\u00e1micas, aportando vitalidad a interiores modernos.\",\"breadcrumb\":{\"@id\":\"https:\/\/cuadrossils.com\/producto\/greens-2\/#breadcrumb\"},\"inLanguage\":\"es\",\"potentialAction\":[{\"@type\":\"ReadAction\",\"target\":[\"https:\/\/cuadrossils.com\/producto\/greens-2\/\"]}]},{\"@type\":\"ImageObject\",\"inLanguage\":\"es\",\"@id\":\"https:\/\/cuadrossils.com\/producto\/greens-2\/#primaryimage\",\"url\":\"https:\/\/cuadrossils.com\/wp-content\/uploads\/2025\/02\/SQG048.jpg\",\"contentUrl\":\"https:\/\/cuadrossils.com\/wp-content\/uploads\/2025\/02\/SQG048.jpg\",\"width\":827,\"height\":1182,\"caption\":\"Impresi\u00f3n en verde intenso y estilo abstracto\"},{\"@type\":\"BreadcrumbList\",\"@id\":\"https:\/\/cuadrossils.com\/producto\/greens-2\/#breadcrumb\",\"itemListElement\":[{\"@type\":\"ListItem\",\"position\":1,\"name\":\"Home\",\"item\":\"https:\/\/cuadrossils.com\/\"},{\"@type\":\"ListItem\",\"position\":2,\"name\":\"Products\",\"item\":\"https:\/\/cuadrossils.com\/shop\/\"},{\"@type\":\"ListItem\",\"position\":3,\"name\":\"GREENS 2\"}]},{\"@type\":\"WebSite\",\"@id\":\"https:\/\/cuadrossils.com\/#website\",\"url\":\"https:\/\/cuadrossils.com\/\",\"name\":\"Cuadros Sils\",\"description\":\"Cuadros Modernos Online\",\"publisher\":{\"@id\":\"https:\/\/cuadrossils.com\/#organization\"},\"potentialAction\":[{\"@type\":\"SearchAction\",\"target\":{\"@type\":\"EntryPoint\",\"urlTemplate\":\"https:\/\/cuadrossils.com\/?s={search_term_string}\"},\"query-input\":{\"@type\":\"PropertyValueSpecification\",\"valueRequired\":true,\"valueName\":\"search_term_string\"}}],\"inLanguage\":\"es\"},{\"@type\":\"Organization\",\"@id\":\"https:\/\/cuadrossils.com\/#organization\",\"name\":\"Cuadros Sils\",\"url\":\"https:\/\/cuadrossils.com\/\",\"logo\":{\"@type\":\"ImageObject\",\"inLanguage\":\"es\",\"@id\":\"https:\/\/cuadrossils.com\/#\/schema\/logo\/image\/\",\"url\":\"https:\/\/cuadrossils.com\/wp-content\/uploads\/2025\/11\/logotipo_cuadros_sils.png\",\"contentUrl\":\"https:\/\/cuadrossils.com\/wp-content\/uploads\/2025\/11\/logotipo_cuadros_sils.png\",\"width\":500,\"height\":122,\"caption\":\"Cuadros Sils\"},\"image\":{\"@id\":\"https:\/\/cuadrossils.com\/#\/schema\/logo\/image\/\"}}]}<\/script>\n<!-- \/ Yoast SEO plugin. -->","yoast_head_json":{"title":"GREENS 2 - Cuadros Sils","description":"Expresi\u00f3n art\u00edstica que une verde, beige y negro en texturas din\u00e1micas, aportando vitalidad a interiores modernos.","robots":{"index":"index","follow":"follow","max-snippet":"max-snippet:-1","max-image-preview":"max-image-preview:large","max-video-preview":"max-video-preview:-1"},"canonical":"https:\/\/cuadrossils.com\/es_mx\/producto\/greens-2\/","og_locale":"es_MX","og_type":"article","og_title":"GREENS 2 - Cuadros Sils","og_description":"Expresi\u00f3n art\u00edstica que une verde, beige y negro en texturas din\u00e1micas, aportando vitalidad a interiores modernos.","og_url":"https:\/\/cuadrossils.com\/es_mx\/producto\/greens-2\/","og_site_name":"Cuadros Sils","article_modified_time":"2025-04-23T10:45:18+00:00","og_image":[{"width":716,"height":1024,"url":"https:\/\/cuadrossils.com\/wp-content\/uploads\/2025\/02\/SQG048-716x1024.jpg","type":"image\/jpeg"}],"twitter_card":"summary_large_image","twitter_misc":{"Tiempo de lectura":"1 minuto"},"schema":{"@context":"https:\/\/schema.org","@graph":[{"@type":"WebPage","@id":"https:\/\/cuadrossils.com\/producto\/greens-2\/","url":"https:\/\/cuadrossils.com\/producto\/greens-2\/","name":"GREENS 2 - Cuadros Sils","isPartOf":{"@id":"https:\/\/cuadrossils.com\/#website"},"primaryImageOfPage":{"@id":"https:\/\/cuadrossils.com\/producto\/greens-2\/#primaryimage"},"image":{"@id":"https:\/\/cuadrossils.com\/producto\/greens-2\/#primaryimage"},"thumbnailUrl":"https:\/\/cuadrossils.com\/wp-content\/uploads\/2025\/02\/SQG048.jpg","datePublished":"2025-02-17T13:18:28+00:00","dateModified":"2025-04-23T10:45:18+00:00","description":"Expresi\u00f3n art\u00edstica que une verde, beige y negro en texturas din\u00e1micas, aportando vitalidad a interiores modernos.","breadcrumb":{"@id":"https:\/\/cuadrossils.com\/producto\/greens-2\/#breadcrumb"},"inLanguage":"es","potentialAction":[{"@type":"ReadAction","target":["https:\/\/cuadrossils.com\/producto\/greens-2\/"]}]},{"@type":"ImageObject","inLanguage":"es","@id":"https:\/\/cuadrossils.com\/producto\/greens-2\/#primaryimage","url":"https:\/\/cuadrossils.com\/wp-content\/uploads\/2025\/02\/SQG048.jpg","contentUrl":"https:\/\/cuadrossils.com\/wp-content\/uploads\/2025\/02\/SQG048.jpg","width":827,"height":1182,"caption":"Impresi\u00f3n en verde intenso y estilo abstracto"},{"@type":"BreadcrumbList","@id":"https:\/\/cuadrossils.com\/producto\/greens-2\/#breadcrumb","itemListElement":[{"@type":"ListItem","position":1,"name":"Home","item":"https:\/\/cuadrossils.com\/"},{"@type":"ListItem","position":2,"name":"Products","item":"https:\/\/cuadrossils.com\/shop\/"},{"@type":"ListItem","position":3,"name":"GREENS 2"}]},{"@type":"WebSite","@id":"https:\/\/cuadrossils.com\/#website","url":"https:\/\/cuadrossils.com\/","name":"Cuadros Sils","description":"Cuadros Modernos Online","publisher":{"@id":"https:\/\/cuadrossils.com\/#organization"},"potentialAction":[{"@type":"SearchAction","target":{"@type":"EntryPoint","urlTemplate":"https:\/\/cuadrossils.com\/?s={search_term_string}"},"query-input":{"@type":"PropertyValueSpecification","valueRequired":true,"valueName":"search_term_string"}}],"inLanguage":"es"},{"@type":"Organization","@id":"https:\/\/cuadrossils.com\/#organization","name":"Cuadros Sils","url":"https:\/\/cuadrossils.com\/","logo":{"@type":"ImageObject","inLanguage":"es","@id":"https:\/\/cuadrossils.com\/#\/schema\/logo\/image\/","url":"https:\/\/cuadrossils.com\/wp-content\/uploads\/2025\/11\/logotipo_cuadros_sils.png","contentUrl":"https:\/\/cuadrossils.com\/wp-content\/uploads\/2025\/11\/logotipo_cuadros_sils.png","width":500,"height":122,"caption":"Cuadros Sils"},"image":{"@id":"https:\/\/cuadrossils.com\/#\/schema\/logo\/image\/"}}]}},"_links":{"self":[{"href":"https:\/\/cuadrossils.com\/es_mx\/wp-json\/wp\/v2\/product\/85058","targetHints":{"allow":["GET"]}}],"collection":[{"href":"https:\/\/cuadrossils.com\/es_mx\/wp-json\/wp\/v2\/product"}],"about":[{"href":"https:\/\/cuadrossils.com\/es_mx\/wp-json\/wp\/v2\/types\/product"}],"replies":[{"embeddable":true,"href":"https:\/\/cuadrossils.com\/es_mx\/wp-json\/wp\/v2\/comments?post=85058"}],"version-history":[{"count":1,"href":"https:\/\/cuadrossils.com\/es_mx\/wp-json\/wp\/v2\/product\/85058\/revisions"}],"predecessor-version":[{"id":85059,"href":"https:\/\/cuadrossils.com\/es_mx\/wp-json\/wp\/v2\/product\/85058\/revisions\/85059"}],"wp:featuredmedia":[{"embeddable":true,"href":"https:\/\/cuadrossils.com\/es_mx\/wp-json\/wp\/v2\/media\/127230"}],"wp:attachment":[{"href":"https:\/\/cuadrossils.com\/es_mx\/wp-json\/wp\/v2\/media?parent=85058"}],"wp:term":[{"taxonomy":"product_cat","embeddable":true,"href":"https:\/\/cuadrossils.com\/es_mx\/wp-json\/wp\/v2\/product_cat?post=85058"},{"taxonomy":"product_tag","embeddable":true,"href":"https:\/\/cuadrossils.com\/es_mx\/wp-json\/wp\/v2\/product_tag?post=85058"}],"curies":[{"name":"wp","href":"https:\/\/api.w.org\/{rel}","templated":true}]}}